{"id":4751,"date":"2023-11-11T14:34:02","date_gmt":"2023-11-11T13:34:02","guid":{"rendered":"https:\/\/vetomshop.hu\/termek\/vita-medal\/"},"modified":"2023-11-11T14:34:02","modified_gmt":"2023-11-11T13:34:02","slug":"vita-medal","status":"publish","type":"product","link":"https:\/\/vetomshop.hu\/mt\/product\/vita-medal\/","title":{"rendered":"Il-Medaljun tal-\u0126ajja"},"content":{"rendered":"<h4>Il-Medaljun tal-\u0126ajja<\/h4>\n<p><strong>Funzjoni prin\u010bipali:\u00a0<\/strong>Prodott supplimentari g\u0127all-prevenzjoni u t-trattament adjuvanti ta' disturbi gastro-intestinali, u biex jistimula l-pro\u010bess ta' rkupru wara dawn id-disturbi.<\/p>\n<p><strong>Deskrizzjoni qasira<\/strong><\/p>\n<p>Il-mudell spektrali rre\u0121istrat fuq il-Vita Health Pendant jaqbel mal-vibrazzjonijiet tal-organi, tat-tessuti u tas-sistemi tas-sistema di\u0121estiva. Jaqbel ma' dawk<br \/>\nvibrazzjonijiet ta' preparazzjonijiet anti-omotoxici, li g\u0127andhom effetti immunomodulatori, anti-infjammatorji u desensitizzanti (li jnaqqsu s-sensittivit\u00e0).<\/p>\n<p>Is-sistema di\u0121estiva hija s-somma ta' pro\u010bessi fi\u017ci\u010bi, kimi\u010bi u fi\u017cjolo\u0121i\u010bi permezz tag\u0127hom l-ikel ingessat ji\u0121i mqassam f'komposti kimi\u010bi sempli\u010bi li jistg\u0127u ji\u0121u assorbiti mill-\u010belloli.<\/p>\n<div class=\"su-spoiler su-spoiler-style-defoult su-spoiler-icon-caret su-spoiler-closed\" data-scroll-offset=\"0\" data-anchor-in-url=\"no\"><div class=\"su-spoiler-title\" tabindex=\"0\" role=\"button\"><span class=\"su-spoiler-icon\"><\/span>Kollha<\/div><div class=\"su-spoiler-content su-u-clearfix su-u-trim\">\nDawn il-pro\u010bessi ise\u0127\u0127u f'sekwenza spe\u010bifika fis-sistema di\u0121estiva (fil-kavit\u00e0 orali, fil-ger\u017cuma, fl-esofagu, fl-istonku, fl-imsaren \u017cg\u0127ar u kbar, bil-involviment tal-fwied, tal-vesi\u010bi tal-bili u tal-pancreas). Il-pro\u010bess ise\u0127\u0127 grazzi g\u0127al mekkani\u017cmi regolatorji f'diversi livelli. Dan il-pro\u010bess sekwenzjali, li jirri\u017culta fl-ikel jinqasam f'monomeri assorbibbli, jifforma l-essenza tal-funzjoni tas-sistema di\u0121estiva.<br \/>\n<\/div><\/div>","protected":false},"excerpt":{"rendered":"<p>Vita Med\u00e1l F\u0151 funkci\u00f3ja:\u00a0Kieg\u00e9sz\u00edt\u0151 eszk\u00f6z a az em\u00e9szt\u0151rendszeri betegs\u00e9gek megel\u0151z\u00e9s\u00e9re \u00e9s kieg\u00e9sz\u00edt\u0151 kezel\u00e9s\u00e9re, a betegs\u00e9gek ut\u00e1ni regener\u00e1ci\u00f3s folyamatok aktiv\u00e1l\u00e1s\u00e1ra. R\u00f6vid ismertet\u0151 A spektr\u00e1lis minta, mely a Vita Eg\u00e9szs\u00e9g Med\u00e1lon van r\u00f6gz\u00edtve, megfelel az em\u00e9szt\u0151rendszer szervei, sz\u00f6vetei \u00e9s szervei rezg\u00e9s\u00e9nek. Megfelel azoknak az antihomotoxikus k\u00e9sz\u00edtm\u00e9nyek rezg\u00e9s\u00e9nek, melyek immunmodul\u00e1l\u00f3, gyullad\u00e1scs\u00f6kkent\u0151, deszenzibiliz\u00e1l\u00f3 (\u00e9rz\u00e9kenys\u00e9get cs\u00f6kkent\u0151) hat\u00e1ssal b\u00edrnak. Az em\u00e9szt\u0151rendszer [&hellip;]<\/p>\n","protected":false},"featured_media":4750,"comment_status":"open","ping_status":"closed","template":"","meta":[],"product_brand":[],"product_cat":[33,32],"product_tag":[],"class_list":{"0":"post-4751","1":"product","2":"type-product","3":"status-publish","4":"has-post-thumbnail","6":"product_cat-egeszseg-medalok","7":"product_cat-triomed","9":"first","10":"instock","11":"taxable","12":"shipping-taxable","13":"purchasable","14":"product-type-simple"},"_links":{"self":[{"href":"https:\/\/vetomshop.hu\/mt\/wp-json\/wp\/v2\/product\/4751","targetHints":{"allow":["GET"]}}],"collection":[{"href":"https:\/\/vetomshop.hu\/mt\/wp-json\/wp\/v2\/product"}],"about":[{"href":"https:\/\/vetomshop.hu\/mt\/wp-json\/wp\/v2\/types\/product"}],"replies":[{"embeddable":true,"href":"https:\/\/vetomshop.hu\/mt\/wp-json\/wp\/v2\/comments?post=4751"}],"wp:featuredmedia":[{"embeddable":true,"href":"https:\/\/vetomshop.hu\/mt\/wp-json\/wp\/v2\/media\/4750"}],"wp:attachment":[{"href":"https:\/\/vetomshop.hu\/mt\/wp-json\/wp\/v2\/media?parent=4751"}],"wp:term":[{"taxonomy":"product_brand","embeddable":true,"href":"https:\/\/vetomshop.hu\/mt\/wp-json\/wp\/v2\/product_brand?post=4751"},{"taxonomy":"product_cat","embeddable":true,"href":"https:\/\/vetomshop.hu\/mt\/wp-json\/wp\/v2\/product_cat?post=4751"},{"taxonomy":"product_tag","embeddable":true,"href":"https:\/\/vetomshop.hu\/mt\/wp-json\/wp\/v2\/product_tag?post=4751"}],"curies":[{"name":"wp","href":"https:\/\/api.w.org\/{rel}","templated":true}]}}