{"id":4753,"date":"2023-11-11T14:34:02","date_gmt":"2023-11-11T13:34:02","guid":{"rendered":"https:\/\/vetomshop.hu\/termek\/zold-dio-medal\/"},"modified":"2023-11-11T14:34:02","modified_gmt":"2023-11-11T13:34:02","slug":"zold-dio-medal","status":"publish","type":"product","link":"https:\/\/vetomshop.hu\/mt\/product\/zold-dio-medal\/","title":{"rendered":"Pendant tal-\u0120ew\u017c A\u0127dar"},"content":{"rendered":"<h4>Nuces Virides \u2013 Pendenti ta\u017c-\u017bebbu\u0121a A\u0127dar<\/h4>\n<p>U\u017ci medi\u010binali tradizzjonali: toniku, stimolant, g\u0127ajnuna g\u0127ad-digesti\u017cjoni u detossifikant. G\u0127alhekk huwa rakkomandat g\u0127all-ri\u010bketi, disturbi limfati\u010bi, u tuberkulo\u017ci tal-pulmun u tal-g\u0127adam. G\u0127andu effett \u010barament vi\u017cibbli fuq is-sistema di\u0121estiva u l-muskoli. Jipproprizza d-demm, jistimula l-funzjoni tal-fwied u jtejjeb i\u010b-\u010birkolazzjoni tad-demm. Il-proprjetajiet antibijoti\u010bi tieg\u0127u ilu rikonoxxuti fil-medi\u010bina popolari.<\/p>\n<p>Fil-in\u0127awi rurali, kien jintu\u017ca anke biex jittratta disturbi tal-milsa. Huwa effettiv kontra d-dijabete g\u0127ax jirregola l-metaboli\u017cmu, inaqqas il-livelli tas-sukar fid-demm, jtaffi l-g\u0127atx, inaqqas il-frekwenza tal-awrina u jipprevjeni l-i\u017cvilupp ta' kumplikazzjonijiet. Il-weraq<br \/>\nG\u0127andhom effett astringenti u g\u0127alhekk jintu\u017caw biex jittrattaw dijarea \u0127afifa, gastrite u problemi di\u0121estivi. Huma wkoll effettivi biex iwaqqfu d-demmija u jtejbu \u010b-\u010birkolazzjoni fis-saqajn.<\/p>\n<div class=\"su-spoiler su-spoiler-style-defoult su-spoiler-icon-caret su-spoiler-closed\" data-scroll-offset=\"0\" data-anchor-in-url=\"no\"><div class=\"su-spoiler-title\" tabindex=\"0\" role=\"button\"><span class=\"su-spoiler-icon\"><\/span>Kollha<\/div><div class=\"su-spoiler-content su-u-clearfix su-u-trim\">\nDawk li u\u017cawha jirrapportaw ri\u017cultati e\u010b\u010bellenti fit-trattament tal-polipi fl-istonku u tan-nas.<\/p>\n<p>Intu\u017cat fil-medi\u010bina popolari minn \u017cminijiet antiki biex tikkura tumuri beninni u malinni.<br \/>\n<\/div><\/div>","protected":false},"excerpt":{"rendered":"<p>Nuces Virides \u2013 Z\u00f6ld Di\u00f3 Med\u00e1l Gy\u00f3gyn\u00f6v\u00e9nyk\u00e9nt val\u00f3 hagyom\u00e1nyos felhaszn\u00e1l\u00e1sa: toniz\u00e1l\u00f3, stimul\u00e1l\u00f3, em\u00e9szt\u00e9st el\u0151seg\u00edt\u0151 \u00e9s salaktalan\u00edt\u00f3. Ez\u00e9rt aj\u00e1nlj\u00e1k angolk\u00f3rra, nyirokrendszeri betegs\u00e9gekre, t\u00fcd\u0151-\u00e9s csont tbc-re. J\u00f3l megfigyelhet\u0151 hat\u00e1sa van az em\u00e9szt\u0151rendszerre \u00e9s az izomzatra. V\u00e9rtiszt\u00edt\u00f3, serkenti a m\u00e1j tev\u00e9kenys\u00e9g\u00e9t \u00e9s a v\u00e9rkering\u00e9st. Antibiotikus hat\u00e1sa r\u00e9g\u00f3ta ismert a n\u00e9pgy\u00f3gy\u00e1szatban. Vid\u00e9ken a l\u00e9pfen\u00e9t is k\u00far\u00e1lt\u00e1k vele. Cukorbetegs\u00e9gre az\u00e9rt [&hellip;]<\/p>\n","protected":false},"featured_media":4752,"comment_status":"open","ping_status":"closed","template":"","meta":[],"product_brand":[],"product_cat":[33,32],"product_tag":[],"class_list":{"0":"post-4753","1":"product","2":"type-product","3":"status-publish","4":"has-post-thumbnail","6":"product_cat-egeszseg-medalok","7":"product_cat-triomed","9":"first","10":"instock","11":"taxable","12":"shipping-taxable","13":"purchasable","14":"product-type-simple"},"_links":{"self":[{"href":"https:\/\/vetomshop.hu\/mt\/wp-json\/wp\/v2\/product\/4753","targetHints":{"allow":["GET"]}}],"collection":[{"href":"https:\/\/vetomshop.hu\/mt\/wp-json\/wp\/v2\/product"}],"about":[{"href":"https:\/\/vetomshop.hu\/mt\/wp-json\/wp\/v2\/types\/product"}],"replies":[{"embeddable":true,"href":"https:\/\/vetomshop.hu\/mt\/wp-json\/wp\/v2\/comments?post=4753"}],"wp:featuredmedia":[{"embeddable":true,"href":"https:\/\/vetomshop.hu\/mt\/wp-json\/wp\/v2\/media\/4752"}],"wp:attachment":[{"href":"https:\/\/vetomshop.hu\/mt\/wp-json\/wp\/v2\/media?parent=4753"}],"wp:term":[{"taxonomy":"product_brand","embeddable":true,"href":"https:\/\/vetomshop.hu\/mt\/wp-json\/wp\/v2\/product_brand?post=4753"},{"taxonomy":"product_cat","embeddable":true,"href":"https:\/\/vetomshop.hu\/mt\/wp-json\/wp\/v2\/product_cat?post=4753"},{"taxonomy":"product_tag","embeddable":true,"href":"https:\/\/vetomshop.hu\/mt\/wp-json\/wp\/v2\/product_tag?post=4753"}],"curies":[{"name":"wp","href":"https:\/\/api.w.org\/{rel}","templated":true}]}}