{"id":4755,"date":"2023-11-11T14:34:03","date_gmt":"2023-11-11T13:34:03","guid":{"rendered":"https:\/\/vetomshop.hu\/termek\/menedzser-kartya\/"},"modified":"2023-11-11T14:34:03","modified_gmt":"2023-11-11T13:34:03","slug":"menedzser-kartya","status":"publish","type":"product","link":"https:\/\/vetomshop.hu\/mt\/product\/menedzser-kartya\/","title":{"rendered":"Karta tal-Mani\u0121er"},"content":{"rendered":"<h4>G\u0127al xiex tintu\u017ca l-KARTA TAL-MANA\u0120ER?<\/h4>\n<p><strong>Karta tal-mani\u0121er<\/strong> \u2013 apparat g\u0127all-prevenzjoni u t-trattament tas-sindromu tal-g\u0127eja kronika u tax-xog\u0127ol e\u010b\u010bessiv, biex i\u017cid il-kapa\u010bit\u00e0 tax-xog\u0127ol, biex jattiva l-pro\u010bessi tar-ri\u0121enerazzjoni wara l-istress, u biex isa\u0127\u0127a\u0127 l-immunit\u00e0.<\/p>\n<p>Il-MANAGER CARD tappo\u0121\u0121ja l-pro\u010bessi kognittivi. Huwa mmirat biex jattiva l-pro\u010bessi tal-memorja, jippermetti l-memorizzazzjoni immedjata tal-informazzjoni me\u0127tie\u0121a, i\u017cid il-velo\u010bit\u00e0 tal-\u0127sieb, jirrestawra l-kors normali tal-pro\u010bessi fi\u017cjolo\u0121i\u010bi fi\u010b-\u010belloli u fit-tessuti tas-sistema nervu\u017ca \u010bentrali, u j\u017cid l-istabbilt\u00e0 tag\u0127hom kontra influwenzi esterni \u0127\u017ciena.<\/p>\n<p><strong>Effetti:<\/strong><\/p>\n<ul>\n<li>jappo\u0121\u0121ja \u010b-\u010birkolazzjoni tad-demm u l-pro\u010bessi metabol\u010bi fis-sistema nervu\u017ca \u010bentrali u jippromwovi r-restawr tal-funzjonijiet tas-sistema nervu\u017ca \u010bentrali;<\/li>\n<li>jippromwovi t-titjib tal-memorja, u jippermetti l-assorbiment ta' ammonti akbar ta' informazzjoni;<\/li>\n<li>jappo\u0121\u0121ja l-kon\u010bentrazzjoni,<\/li>\n<li>jnaqqas l-g\u0127eja waqt l-attivit\u00e0;<\/li>\n<li>jnaqqas it-tensjoni nervu\u017ca u emozzjonali waqt l-u\u017cu tal-kompjuter;<\/li>\n<li>tarmonizza l-attitudnijiet emozzjonali u psikolo\u0121i\u010bi;<\/li>\n<li>Ittejjeb l-intwizzjoni,<\/li>\n<li>Jg\u0127in jipprevjeni l-i\u017cvilupp ta' stress kroniku u g\u0127eja estrema.<\/li>\n<\/ul>\n<div class=\"su-spoiler su-spoiler-style-defoult su-spoiler-icon-caret su-spoiler-closed\" data-scroll-offset=\"0\" data-anchor-in-url=\"no\"><div class=\"su-spoiler-title\" tabindex=\"0\" role=\"button\"><span class=\"su-spoiler-icon\"><\/span>Kollha<\/div><div class=\"su-spoiler-content su-u-clearfix su-u-trim\">\n<strong>Bil-g\u0127ajnuna tieg\u0127u:<\/strong><\/p>\n<ul>\n<li>se jiffoka fuq l-affarijiet ewlenin,<\/li>\n<li>jippromwovi l-i\u017cvilupp ta' attitudni po\u017cittiva lejn il-\u0127ajja u d-determinazzjoni,<\/li>\n<li>jippromwovi s-su\u010b\u010bess u l-fokus fuq il-miri,<\/li>\n<li>Jippromwovi sens ta' kisba, kunfidenza personali u twemmin fis-su\u010b\u010bess tal-kisba tal-miri!<\/li>\n<\/ul>\n<\/div><\/div>","protected":false},"excerpt":{"rendered":"<p>Mire szolg\u00e1l a MENEDZSER K\u00c1RTYA? MENEDZSER K\u00c1RTYA \u2013 a kr\u00f3nikus f\u00e1rad\u00e9konys\u00e1g \u00e9s a t\u00falhajszolts\u00e1g szindr\u00f3m\u00e1ja megel\u0151z\u00e9s\u00e9re \u00e9s kezel\u00e9s\u00e9re, a munkab\u00edr\u00e1s n\u00f6vel\u00e9s\u00e9re, az \u00e1tv\u00e9szelt stressz-megterhel\u00e9seket k\u00f6vet\u0151 regener\u00e1ci\u00f3s folyamatok aktiviz\u00e1l\u00e1s\u00e1ra, az immunit\u00e1s n\u00f6vel\u00e9s\u00e9re szolg\u00e1l\u00f3 k\u00e9sz\u00fcl\u00e9k. A MENEDZSER K\u00c1RTYA m\u0171k\u00f6d\u00e9se a kognit\u00edv folyamatok m\u0171k\u00f6d\u00e9s\u00e9t t\u00e1mogatja. Az eml\u00e9kez\u00e9s folyamatainak aktiviz\u00e1l\u00e1s\u00e1ra, a sz\u00fcks\u00e9ges inform\u00e1ci\u00f3 azonnali memoriz\u00e1l\u00e1s\u00e1nak lehet\u0151s\u00e9g\u00e9re, a gondolkod\u00e1s sebess\u00e9g\u00e9nek [&hellip;]<\/p>\n","protected":false},"featured_media":4754,"comment_status":"open","ping_status":"closed","template":"","meta":[],"product_brand":[],"product_cat":[33,32],"product_tag":[],"class_list":{"0":"post-4755","1":"product","2":"type-product","3":"status-publish","4":"has-post-thumbnail","6":"product_cat-egeszseg-medalok","7":"product_cat-triomed","9":"first","10":"instock","11":"taxable","12":"shipping-taxable","13":"purchasable","14":"product-type-simple"},"_links":{"self":[{"href":"https:\/\/vetomshop.hu\/mt\/wp-json\/wp\/v2\/product\/4755","targetHints":{"allow":["GET"]}}],"collection":[{"href":"https:\/\/vetomshop.hu\/mt\/wp-json\/wp\/v2\/product"}],"about":[{"href":"https:\/\/vetomshop.hu\/mt\/wp-json\/wp\/v2\/types\/product"}],"replies":[{"embeddable":true,"href":"https:\/\/vetomshop.hu\/mt\/wp-json\/wp\/v2\/comments?post=4755"}],"wp:featuredmedia":[{"embeddable":true,"href":"https:\/\/vetomshop.hu\/mt\/wp-json\/wp\/v2\/media\/4754"}],"wp:attachment":[{"href":"https:\/\/vetomshop.hu\/mt\/wp-json\/wp\/v2\/media?parent=4755"}],"wp:term":[{"taxonomy":"product_brand","embeddable":true,"href":"https:\/\/vetomshop.hu\/mt\/wp-json\/wp\/v2\/product_brand?post=4755"},{"taxonomy":"product_cat","embeddable":true,"href":"https:\/\/vetomshop.hu\/mt\/wp-json\/wp\/v2\/product_cat?post=4755"},{"taxonomy":"product_tag","embeddable":true,"href":"https:\/\/vetomshop.hu\/mt\/wp-json\/wp\/v2\/product_tag?post=4755"}],"curies":[{"name":"wp","href":"https:\/\/api.w.org\/{rel}","templated":true}]}}