{"id":5820,"date":"2024-06-01T18:26:31","date_gmt":"2024-06-01T16:26:31","guid":{"rendered":"https:\/\/vetomshop.hu\/?post_type=product&#038;p=5820"},"modified":"2026-04-12T08:27:56","modified_gmt":"2026-04-12T06:27:56","slug":"vetom-1-1-probiotikum-por-500-g-etrend-kiegeszito","status":"publish","type":"product","link":"https:\/\/vetomshop.hu\/mt\/product\/vetom-1-1-probiotikum-por-500-g-etrend-kiegeszito\/","title":{"rendered":"Jien se ni\u017cra&#039;. <span style=\"color:red\">1.1<\/span> probijotiku <br>trab <span style=\"color:red\">500g<\/span> (suppliment tad-dieta)"},"content":{"rendered":"<p>L-effetti benefi\u010bi tieg\u0127u huma <strong>Ba\u010bil subtilis<\/strong> min\u0127abba l-azzjoni ta' batterji benefi\u010bi, li prin\u010bipalment jimmultiplikaw fl-intestinu kbir u jipprodu\u010bu: enzimi proteoliti\u010bi, amiloliti\u010bi, \u010belluloliti\u010bi; interferon \u03b1-2 minn leukociti umani; bacitracin mg, li jinibixxu t-tkabbir u l-i\u017cvilupp tal-mikroflora patogenika u kondizzjonalment patogenika; u sustanzi bijolo\u0121ikament attivi o\u0127ra.<\/p>\n<p>B\u0127ala ri\u017cultat, il-kompo\u017cizzjoni batterika tal-kontenut intestinali ti\u017cviluppa b'mod normali, tnaddaf il-\u0127itan intestinali mir-residwi mhux di\u0121eriti, li jikkontribwixxi g\u0127at-tne\u0127\u0127ija attiva tat-tossini mill-\u0121isem u g\u0127at-trasport ming\u0127ajr ostakli tan-nutrijenti biolo\u0121ikament attivi.<\/p>\n<p>Ta\u0127t l-influwenza ta' Vetom 1.1, il-metaboli\u017cmu, id-di\u0121estjoni u l-assorbiment tal-komponenti tal-ikel biolo\u0121ikament attivi fil-kanal gastro-intestinali ji\u0121u normalizzati.<\/p>\n<p>Prodott adattat g\u0127at-tfal li huwa \u0127elu b'mod delikat u jista' jittiekel wa\u0127du.<\/p>\n<p>Vetom 1.1 i\u017cid l-effika\u010bja tal-medi\u010bini u jnaqqas l-effetti sekondarji negattivi tag\u0127hom fuq il-\u0121isem tal-bniedem.<\/p>\n<p>Mhux medi\u010bina.<\/p>\n<p><strong>Effetti farmakolo\u0121i\u010bi<\/strong>immunomodulatori, antivirali, antiproliferattiv, battericida, fungicida, anti-klamidjali.<\/p>\n<h5>Proprjetajiet:<\/h5>\n<ul>\n<li>G\u0127andu attivit\u00e0 antagonista g\u0127olja kontra fungi u batterji patogeni\u010bi u kondizzjonalment patogeni\u010bi, u g\u0127andu proprjetajiet antivirali, proteolitici, amilolitici u \u010bellulolitici.<\/li>\n<li>jistimula fatturi \u010bellulari u umorali tal-immunit\u00e0<\/li>\n<li>\u017b\u017cid ir-re\u017cistenza mhux spe\u010bifika tal-\u0121isem<\/li>\n<li>Jistabbilizza r-re\u017cistenza g\u0127all-aller\u0121iji<\/li>\n<li>Jinormalizza l-metaboli\u017cmu<\/li>\n<\/ul>\n<p>\u2022 EBDA EFFETTI SECONDARJI<br \/>\n\u2022 EBDA RESTRIZZJONIJIET TA' ET\u00c0<br \/>\n\u2022 EBDA SOBRADO\u017bI<br \/>\n\u2022 Ma \u017cviluppax dipendenza<\/p>\n<h5>Qasam ta' applikazzjoni<\/h5>\n<p>Mikroorgani\u017cmi probjoti\u010bi huma rakkomandati g\u0127all-u\u017cu b\u0127ala addittivi tal-ikel biolo\u0121ikament attivi biex itejbu t-tratt gastro-intestinali u jer\u0121g\u0127u jistabbilixxu l-mikroflora intestinali.<\/p>\n<p><em><strong>Do\u017ca\u0121\u0121:<\/strong><\/em> Rrakkomandat g\u0127al 10 ijiem, 3-5 img\u0127aref \u017cg\u0127ar ta' trab kuljum qabel, waqt jew wara l-ikliet, wa\u0127du (jista' wkoll jittie\u0127ed ma' ilma jew \u0121us tal-frott). .<\/p>\n<p>Vetom 1.1 ma jikkaw\u017cax dipendenza.<\/p>\n<p>Huwa rakkomandat li ter\u0121a' tirrepeti t-trattament wara waqfa ta' \u0121img\u0127a jew \u0121img\u0127atejn, u huwa xieraq li minn \u017cmien g\u0127al \u017cmien tibdel g\u0127al prodott Vetom differenti. B'dan il-mod, nistg\u0127u nappo\u0121\u0121jaw il-\u0121isem kollu tag\u0127na u s-sistema intestinali.<\/p>\n<h5>Kontra-indikazzjonijiet<\/h5>\n<p>Iper-sensittivit\u00e0 g\u0127al kwalunkwe mill-ingredjenti fil-prodott.<\/p>\n<p>Vetom 1.1 m'g\u0127andux jittie\u0127ed fl-istess \u0127in ma' antibijoti\u010bi u preparazzjonijiet probijoti\u010bi o\u0127ra.<\/p>\n<h5>Istruzzjonijiet spe\u010bjali<\/h5>\n<p>Matul it-tqala u l-allattament, jista' jintu\u017ca biss wara li tikkonsulta tabib.<\/p>\n<p>Il-prodott ma jaffettwax il-kapa\u010bit\u00e0 li tmexxi karozza jew t\u0127addem magni potenzjalment perikolu\u017ci.<\/p>\n<h5>ippakkjar<\/h5>\n<p><strong>Fil-forma ta' trab, imballat f'\u0121arijiet tal-polimeru<\/strong><\/p>\n<h5><strong>Ingredjenti:<\/strong><\/h5>\n<p>L-addittiv biolo\u0121ikament attiv Vetom 1.1 jintu\u017ca b\u0127ala sors addizzjonali ta' mikroorgani\u017cmi probjoti\u010bi. Do\u017ca wa\u0127da tas-suppliment tad-dieta \u2013 5 g, li hija ,<\/p>\n<p>Jinkludi: estratt tal-qam\u0127 \u2013 2000 mg; amilopekta tal-patata \u2013 1500 mg; zokkor trab \u2013 1000 mg; kultura niexfa ta' mikroorgani\u017cmi probijoti\u010bi tal-varjet\u00e0 Bacillus subtilis B-10641 (DSM 24613), 1\u00d710\u2078 CFU\/g \u2013 500 mg. Vetom 1.1 jing\u0127ata oralment.<\/p>\n<p>Kontenut g\u0127al kull 100 g ta' prodott (valuri medji): xa\u0127am \u2013 massimu 0.1 g, proteini \u2013 massimu 1.0 g, karboidrati \u2013 minimu 98.9 g. Valur ener\u0121etiku \u2013 massimu 400 Kcal.<\/p>\n<h5>Kundizzjonijiet ta' \u0127a\u017cna<\/h5>\n<p>Jista' jin\u0127a\u017cen f'umdit\u00e0 relattiva ta' 75% u f'temperatura ta\u0127t 30\u00b0C.<\/p>\n<h5>Perjodu tal-garanzija<\/h5>\n<p>2 snin mid-data tal-manifattura. Ma tikkonsumax wara d-data ta' skadenza.<\/p>\n<p>Pi\u017c nett \u2013 500 g<\/p>\n<p>Pi\u017c gross \u2013 547 g<\/p>","protected":false},"excerpt":{"rendered":"<p>L-effetti benefi\u010bi tieg\u0127u huma <strong>Ba\u010bil subtilis<\/strong> min\u0127abba l-effett tal-batterji benefi\u010bi, li prin\u010bipalment jirriprodu\u010bu fl-intestinu kbir:<\/p>\n<ul class=\"vetom-list\">\n<li>enzimi proteolitici, amilolitici, cellulolitici;<\/li>\n<li>interferon a-2 lewko\u010biti umani;<\/li>\n<li>bacitracin mg, li jinibixxu t-tkabbir u l-i\u017cvilupp tal-mikroflora patogena u kondizzjonalment patogena;<\/li>\n<li>u sustanzi o\u0127ra biolo\u0121ikament attivi.<\/li>\n<\/ul>\n<p>B\u0127ala ri\u017cultat, il-kompo\u017cizzjoni batterika tal-kontenut intestinali ti\u017cviluppa b'mod normali, tnaddaf il-\u0127itan intestinali mir-residwi mhux di\u0121eriti, li jikkontribwixxi g\u0127at-tne\u0127\u0127ija attiva tat-tossini mill-\u0121isem u g\u0127at-trasport ming\u0127ajr ostakli tan-nutrijenti biolo\u0121ikament attivi.<\/p>\n<div class=\"plashka\">A <strong>Jien se ni\u017cra&#039;. <span style=\"color: red;\">1.1<\/span><\/strong> Ta\u0127t l-influwenza tieg\u0127u, il-metaboli\u017cmu, id-di\u0121estjoni u l-assorbiment tal-komponenti tal-ikel biolo\u0121ikament attivi fil-passa\u0121\u0121 gastro-intestinali jinnormalizzaw.<\/div>\n<p>Prodott adattat g\u0127at-tfal li huwa \u0127elu b'mod delikat u jista' jittiekel wa\u0127du.<\/p>\n<p>A <strong>Jien se ni\u017cra&#039;. <span style=\"color: red;\">1.1<\/span><\/strong> J\u017cid l-effettivit\u00e0 tal-medi\u010bini u jnaqqas l-effetti sekondarji negattivi tag\u0127hom fuq il-\u0121isem tal-bniedem.<\/p>\n<p>Mhux medi\u010bina.<\/p>\n<div class=\"plashka\"><strong>Effetti farmakolo\u0121i\u010bi<\/strong>immunomodulatori, antivirali, antiproliferattiv, battericida, fungicida, anti-klamidjali.<\/div>\n<h5>Proprjetajiet:<\/h5>\n<ul class=\"vetom-list\">\n<li>G\u0127andu attivit\u00e0 antagonista g\u0127olja kontra fungi u batterji patogeni\u010bi u kondizzjonalment patogeni\u010bi, u g\u0127andu proprjetajiet antivirali, proteolitici, amilolitici u \u010bellulolitici.<\/li>\n<li>jistimula fatturi \u010bellulari u umorali tal-immunit\u00e0<\/li>\n<li>\u017b\u017cid ir-re\u017cistenza mhux spe\u010bifika tal-\u0121isem<\/li>\n<li>Jistabbilizza r-re\u017cistenza g\u0127all-aller\u0121iji<\/li>\n<li>Jinormalizza l-metaboli\u017cmu<\/li>\n<\/ul>","protected":false},"featured_media":5821,"comment_status":"open","ping_status":"closed","template":"","meta":[],"product_brand":[],"product_cat":[22],"product_tag":[],"class_list":{"0":"post-5820","1":"product","2":"type-product","3":"status-publish","4":"has-post-thumbnail","6":"product_cat-vetom-probiotikumok","8":"first","9":"instock","10":"featured","11":"taxable","12":"shipping-taxable","13":"purchasable","14":"product-type-simple"},"_links":{"self":[{"href":"https:\/\/vetomshop.hu\/mt\/wp-json\/wp\/v2\/product\/5820","targetHints":{"allow":["GET"]}}],"collection":[{"href":"https:\/\/vetomshop.hu\/mt\/wp-json\/wp\/v2\/product"}],"about":[{"href":"https:\/\/vetomshop.hu\/mt\/wp-json\/wp\/v2\/types\/product"}],"replies":[{"embeddable":true,"href":"https:\/\/vetomshop.hu\/mt\/wp-json\/wp\/v2\/comments?post=5820"}],"wp:featuredmedia":[{"embeddable":true,"href":"https:\/\/vetomshop.hu\/mt\/wp-json\/wp\/v2\/media\/5821"}],"wp:attachment":[{"href":"https:\/\/vetomshop.hu\/mt\/wp-json\/wp\/v2\/media?parent=5820"}],"wp:term":[{"taxonomy":"product_brand","embeddable":true,"href":"https:\/\/vetomshop.hu\/mt\/wp-json\/wp\/v2\/product_brand?post=5820"},{"taxonomy":"product_cat","embeddable":true,"href":"https:\/\/vetomshop.hu\/mt\/wp-json\/wp\/v2\/product_cat?post=5820"},{"taxonomy":"product_tag","embeddable":true,"href":"https:\/\/vetomshop.hu\/mt\/wp-json\/wp\/v2\/product_tag?post=5820"}],"curies":[{"name":"wp","href":"https:\/\/api.w.org\/{rel}","templated":true}]}}