{"id":6957,"date":"2025-07-26T15:40:40","date_gmt":"2025-07-26T13:40:40","guid":{"rendered":"https:\/\/vetomshop.hu\/?post_type=product&#038;p=6957"},"modified":"2025-12-31T14:57:45","modified_gmt":"2025-12-31T13:57:45","slug":"bioseptin-probiotikus-kenocs-60-g","status":"publish","type":"product","link":"https:\/\/vetomshop.hu\/mt\/product\/bioseptin-probiotikus-kenocs-60-g\/","title":{"rendered":"Unguent probiotiku Bioseptin <span style=\"color:red\">60<\/span> g"},"content":{"rendered":"<p><span style=\"font-size: x-large;\"><b>Unguent probiotiku Bioseptin 60 g<\/b><\/span><\/p>\n<p><span style=\"font-size: x-large;\">Il-unguento Bioseptin g\u0127andu proprjetajiet antiseptiku, anti-infjammatorji u proteolitiku. Is-spori batterj\u010bi ta' Bacillus subtilis u Bacillus licheniformis li fih huma effettivi kontra firxa wiesg\u0127a ta' pato\u0121eni. Jiddistruggu l-batterji patogeni fuq il-wi\u010b\u010b tal-ferita, kemm jekk huma dipendenti fuq l-ossi\u0121nu jew anaerobi\u010bi, spe\u010bjalment il-batterji Gram-po\u017cittivi. Jg\u0127inu jiksru t-tessut mejjet u l-batterji \u0127\u017ciena, u b'hekk jipprevjenu infezzjoni ulterjuri u j\u0127affu l-fejqan tal-ferita. Il-pomata ma tikkaw\u017cax irritazzjoni u mhix mag\u0127rufa li tikkaw\u017ca reazzjonijiet aller\u0121i\u010bi.<\/span><\/p>\n<p><span style=\"font-size: x-large;\"><b>Kompo\u017cizzjoni u ippakkjar:<\/b><\/span><\/p>\n<p><span style=\"font-size: x-large;\">Il-ungu ment li fih is-spori ta\u017c-\u017cew\u0121 ceppi batterjani f'ba\u017ci agarose (b\u0127al \u0121el), kif ukoll alko\u0127ol etiliku. M'g\u0127andux l-ebda ingredjent modifikat \u0121enetikament. Kull gram ta' ungu fih mill-inqas miljun \u010bellula batterjana \u0127ajja.<\/span><\/p>\n<p>Diversi pajji\u017ci li jappartjenu g\u0127all-organizzazzjoni internazzjonali imponew b'mod kon\u0121unt embargo fuq prodotti kosmeti\u010bi, g\u0127alhekk il-pomata Bioseptin \u0121iet irre\u0121istrata fl-Ungerija b\u0127ala prodott medi\u010binali veterinarju. .<\/p>\n<p><span style=\"font-size: x-large;\"><b>Mod ta' applikazzjoni:<\/b><\/span><\/p>\n<p><span style=\"font-size: x-large;\">Aplika esternament, ixerred saff irqiq fuq i\u017c-\u017cona affettwata tal-\u0121ilda, 1\u20132 darbiet kuljum sakemm tkun fejjaqa. Mhux me\u0127tie\u0121 li tg\u0127atti l-ferita trattata b'bandaxx.<\/span><\/p>\n<p><span style=\"font-size: x-large;\"><b>Meta ma tu\u017cax:<\/b><\/span><\/p>\n<p><span style=\"font-size: x-large;\">\u00a0 \u00a0Jekk inti sensittiv g\u0127al kwalunkwe mill-ingredjenti f'dan il-prodott, mhux rakkomandat li tu\u017cah. Barra minn hekk, m'g\u0127andux jintu\u017ca flimkien ma' antibijoti\u010bi, sulfonamidi jew prodotti o\u0127ra bba\u017cati fuq batterji.<\/span><\/p>\n<p><span style=\"font-size: x-large;\"><b>Informazzjoni importanti:<\/b><\/span><\/p>\n<p><span style=\"font-size: x-large;\"><span style=\"color: #127622;\"><b>Applikazzjoni tal-ungwentu g\u0127all-bnedmin:<\/b><\/span><\/span><\/p>\n<p><span style=\"font-size: large;\">Aplika saff irqiq fuq i\u017c-\u017cona affettwata 1-2 darbiet kuljum sakemm il-ferita tkun fieqda.<\/span><\/p>\n<p><span style=\"font-size: large;\">Ma jistax ise\u0127\u0127 sovra-do\u017ca\u0121\u0121.<\/span><\/p>\n<p><span style=\"font-size: x-large;\"><span style=\"color: #127622;\"><b>Applikazzjoni tal-ungwentu fuq l-annimali:<\/b><\/span><\/span><\/p>\n<p><span style=\"font-size: x-large;\">Wara t-trattament, m'hemm l-ebda perjodu ta' stennija qabel il-la\u0127am jew prodotti o\u0127ra (b\u0127al bajd jew \u0127alib) jistg\u0127u jintu\u017caw b\u0127ala ikel \u2013 jistg\u0127u ji\u0121u kkonsumati immedjatament.<\/span><\/p>\n<p><span style=\"font-size: x-large;\"><b>Oqsma ta' applikazzjoni:<\/b><\/span><\/p>\n<p><span style=\"font-size: x-large;\">Jista' jintu\u017ca fuq spe\u010bi differenti ta' annimali \u2013 domesti\u010bi, ta' razzett, selva\u0121\u0121i u tal-\u0121ilda, kif ukoll fuq g\u0127asafar \u2013 biex jittratta \u0121rie\u0127i, infjammazzjonijiet tat-tessut infettat jew nekrotiku, \u0127ruq u infjammazzjonijiet tal-\u0121ilda.<\/span><\/p>\n<p><span style=\"font-size: x-large;\"><b>Effetti sekondarji:<\/b><\/span><\/p>\n<p><span style=\"font-size: x-large;\">Meta jintu\u017caw b'mod korrett, l-effetti sekondarji huma rari jew ma jse\u0127\u0127ux xejn.<\/span><\/p>\n<p><span style=\"font-size: x-large;\"><b>\u0126a\u017cna:<\/b><\/span><\/p>\n<p><span style=\"font-size: x-large;\">Il-ungwentu g\u0127andu jin\u0127a\u017cen f'post frisk (0\u201310 \u00b0C), niexef u skur, barra mill-portata tat-tfal u l-annimali. Matul it-trasport, jista' jin\u017camm f'20 \u00b0C g\u0127al sa \u0121img\u0127atejn. Jista' jintu\u017ca g\u0127al sentejn mid-data tal-manifattura.<\/span><\/p>","protected":false},"excerpt":{"rendered":"<p>A <strong>Ingwent Bioseptin<\/strong> g\u0127andu proprjetajiet antisept\u010bi, anti-infjammatorji u li jiddegradaw il-proteini. Il- <strong>Ba\u010bil subtilis<\/strong> u <strong>Bacillus licheniformis<\/strong> Is-spori batterj\u010bi huma effettivi kontra \u0127afna tipi ta' pato\u0121eni. J\u0127assru l-batterji pato\u0121eni\u010bi fuq il-wi\u010b\u010b tal-ferita, kemm jekk huma dipendenti fuq l-ossi\u0121nu jew anaerobi\u010bi, spe\u010bjalment il-batterji Gram-po\u017cittivi. Jg\u0127inu jiddisintegraw tessut mejjet u batterji ta' \u0127sara, u b'hekk jipprevjenu infezzjoni ulterjuri u j\u0127affu l-fejqan tal-feriti. Il-liniment ma jikkaw\u017cax irritazzjoni, u reazzjonijiet aller\u0121i\u010bi mhumiex tip\u010bi.<\/p>\n<div class=\"plashka\">\n<h5>Proprjetajiet u mekkani\u017cmu ta' azzjoni:<br \/>\nBioseptin \u2013 ungwentu b'kura tal-\u0121ilda, antiseptiku, anti-infjammatorju u proteolitiku.<\/h5>\n<\/div>","protected":false},"featured_media":6958,"comment_status":"open","ping_status":"closed","template":"","meta":[],"product_brand":[],"product_cat":[22],"product_tag":[],"class_list":{"0":"post-6957","1":"product","2":"type-product","3":"status-publish","4":"has-post-thumbnail","6":"product_cat-vetom-probiotikumok","8":"first","9":"outofstock","10":"taxable","11":"shipping-taxable","12":"purchasable","13":"product-type-simple"},"_links":{"self":[{"href":"https:\/\/vetomshop.hu\/mt\/wp-json\/wp\/v2\/product\/6957","targetHints":{"allow":["GET"]}}],"collection":[{"href":"https:\/\/vetomshop.hu\/mt\/wp-json\/wp\/v2\/product"}],"about":[{"href":"https:\/\/vetomshop.hu\/mt\/wp-json\/wp\/v2\/types\/product"}],"replies":[{"embeddable":true,"href":"https:\/\/vetomshop.hu\/mt\/wp-json\/wp\/v2\/comments?post=6957"}],"wp:featuredmedia":[{"embeddable":true,"href":"https:\/\/vetomshop.hu\/mt\/wp-json\/wp\/v2\/media\/6958"}],"wp:attachment":[{"href":"https:\/\/vetomshop.hu\/mt\/wp-json\/wp\/v2\/media?parent=6957"}],"wp:term":[{"taxonomy":"product_brand","embeddable":true,"href":"https:\/\/vetomshop.hu\/mt\/wp-json\/wp\/v2\/product_brand?post=6957"},{"taxonomy":"product_cat","embeddable":true,"href":"https:\/\/vetomshop.hu\/mt\/wp-json\/wp\/v2\/product_cat?post=6957"},{"taxonomy":"product_tag","embeddable":true,"href":"https:\/\/vetomshop.hu\/mt\/wp-json\/wp\/v2\/product_tag?post=6957"}],"curies":[{"name":"wp","href":"https:\/\/api.w.org\/{rel}","templated":true}]}}