{"id":7033,"date":"2025-08-19T14:24:55","date_gmt":"2025-08-19T12:24:55","guid":{"rendered":"https:\/\/vetomshop.hu\/?post_type=product&#038;p=7033"},"modified":"2025-10-21T17:32:52","modified_gmt":"2025-10-21T15:32:52","slug":"honey-vetom-biologiailag-aktiv-etrend-kiegeszito-60-ml","status":"publish","type":"product","link":"https:\/\/vetomshop.hu\/mt\/product\/honey-vetom-biologiailag-aktiv-etrend-kiegeszito-60-ml\/","title":{"rendered":"Honey Vetom \u2013 Suplement tad-dieta b'attivit\u00e0 bijolo\u0121ika <span style=\"color:red\">60<\/span> millilitru"},"content":{"rendered":"<p><span style=\"font-size: x-large;\"><b>Honey Vetom \u2013 Suplement tad-dieta biolo\u0121ikament attiv 60 g<\/b><\/span><\/p>\n<h5><strong>Ingredjenti (porzjoni wa\u0127da = 10 g):<\/strong><\/h5>\n<p>* G\u0127asel naturali: 8 g<\/p>\n<p>* Estratt tal-qam\u0127 fermentat (b'batterji Bacillus subtilis VKPM B-10641): 1 g (fih: 1\u00d710\u2076 CFU\/g batterji)<\/p>\n<h5><strong>Valur nutrizzjonali g\u0127al kull 10 g:<\/strong><\/h5>\n<ul class=\"vetom-list\">\n<li>\u00a0 * Xaxx: 0 g<\/li>\n<li>\u00a0 Karboidrati: 8 g<\/li>\n<li>\u00a0 Proteina: 0.08 g<\/li>\n<li>\u00a0 Ener\u0121ija: 31.4 kcal<\/li>\n<\/ul>\n<h5><strong>Deskrizzjoni:<\/strong><\/h5>\n<ul class=\"vetom-list\">\n<li>Sustanza \u0127oxna u omoge\u0121ea bba\u017cata fuq il-g\u0127asel<\/li>\n<li>Kulur: jista' jvarja minn abjad sa kannella skur<\/li>\n<li>Konsistenza: parzjalment jew kompletament kristallizzata<\/li>\n<li>Rie\u0127a: rie\u0127a \u0127elwa ta' g\u0127asel<\/li>\n<li>Tog\u0127ma: \u0127elwa, ming\u0127ajr tog\u0127ma barranija<\/li>\n<\/ul>\n<h5><strong>Ippakkjar:<\/strong><\/h5>\n<ul class=\"vetom-list\">\n<li>Tubu ta' 60 ml<\/li>\n<li>F'kaxxa tal-kartun, b'folja informattiva<\/li>\n<\/ul>\n<h5><strong>G\u0127aliex huwa rakkomandat?<\/strong><\/h5>\n<ul class=\"vetom-list\">\n<li>Imsejjes b'sustanzi bijolo\u0121ikament attivi minn mikroorgani\u017cmi probjoti\u010bi<\/li>\n<li>Jappo\u0121\u0121ja l-flora intestinali u l-funzjoni tas-sistema immunitarja<\/li>\n<li>Jservi wkoll b\u0127ala sors ta' fruttosi.<\/li>\n<\/ul>\n<h5><strong>Applikazzjoni u do\u017ca\u0121\u0121:<\/strong><\/h5>\n<p>Mhux medi\u010bina<\/p>\n<ul class=\"vetom-list\">\n<li>G\u0127al adulti: tliet darbiet kuljum, f'intervalli regolari, g\u0127al 10 ijiem<\/li>\n<li>Porzjoni wa\u0127da: 10 g (madwar 1 ku\u010b\u010barina)<\/li>\n<li>Jista' jittie\u0127ed indipendentement mill-ikliet (qabel, waqt jew wara)<\/li>\n<li>Rakkomandat li ter\u0121a' ssir kull tliet xhur.<\/li>\n<\/ul>\n<h5><strong>\u0126a\u017cna:<\/strong><\/h5>\n<div class=\"plashka\">\n<p>* F'post niexef u frisk* Protett mid-dawl tax-xemx<\/p>\n<p>* Massimu +20 \u00b0C<\/p>\n<p>Wara l-ftu\u0127: utli g\u0127al 12-il xahar<\/p>\n<p>Data ta' skadenza: 2 snin mid-data tal-manifattura<\/p>\n<\/div>\n<p><strong>Twissijiet:<\/strong><\/p>\n<p><strong>Mhux rakkomandat:<\/strong><\/p>\n<ul>\n<li>F'ka\u017c ta' sensittivit\u00e0 individwali jew aller\u0121ija<\/li>\n<li>Nisa tqal, ommijiet li qed i\u0121\u0121orrdu u tfal ta\u0127t l-18-il sena<\/li>\n<li>G\u0127ad-dijabeti\u010bi<\/li>\n<li>Fil-ka\u017c tal-kan\u010ber<\/li>\n<li>Tg\u0127addix id-do\u017ca rakkomandata kuljum!<\/li>\n<li>Konsulta lit-tabib tieg\u0127ek qabel l-u\u017cu.<\/li>\n<\/ul>\n<p>Kontenut ta' fruttosi (fil-do\u017ca ta' kuljum \/ 30 g):<\/p>\n<p>12 g fruttosi, li jista' jkun 68.61% tal-konsum rakkomandat kuljum (skont standards stabbiliti)<\/p>\n<p><strong>Informazzjoni dwar id-distribuzzjoni:<\/strong><\/p>\n<p><strong>Manifattur:<\/strong> OOO \u010aentru ta' Ri\u010berka NPF, Novosibirsk, ir-Russja<\/p>\n<p><strong>Distributur:<\/strong> Cemmedic Europe Ltd., Zichy\u00fajfalu, Ungerija<\/p>\n<p>+36305573846, vetomshop.hu@gmail.com<\/p>","protected":false},"excerpt":{"rendered":"<div class=\"plashka\">\n<h5><strong>Ingredjenti (porzjoni wa\u0127da = 10 g):<\/strong><\/h5>\n<p>\u2013 G\u0127asel naturali: 8 g<br \/>\n\u2013 Estratt tal-qam\u0127 fermentat (b'batterji Bacillus subtilis VKPM B-10641): 1 g (fih: 1\u00d710\u2076 CFU\/g batterji)<\/p>\n<\/div>\n<h5><strong>Deskrizzjoni:<\/strong><\/h5>\n<ul class=\"vetom-list\">\n<li>Sustanza \u0127oxna u omoge\u0121ea bba\u017cata fuq il-g\u0127asel<\/li>\n<li>Kulur: jista' jvarja minn abjad sa kannella skur<\/li>\n<li>Konsistenza: parzjalment jew kompletament kristallizzata<\/li>\n<li>Rie\u0127a: rie\u0127a \u0127elwa ta' g\u0127asel<\/li>\n<li>Tog\u0127ma: \u0127elwa, ming\u0127ajr tog\u0127ma barranija<\/li>\n<\/ul>\n<div class=\"plashka\">\n<h5><strong>G\u0127aliex huwa rakkomandat?<\/strong><\/h5>\n<ul class=\"vetom-list\">\n<li>Imsejjes b'sustanzi bijolo\u0121ikament attivi minn mikroorgani\u017cmi probjoti\u010bi<\/li>\n<li>Jappo\u0121\u0121ja l-flora intestinali u l-funzjoni tas-sistema immunitarja<\/li>\n<li>Jservi wkoll b\u0127ala sors ta' fruttosi.<\/li>\n<\/ul>\n<\/div>","protected":false},"featured_media":7034,"comment_status":"open","ping_status":"closed","template":"","meta":[],"product_brand":[],"product_cat":[37,22],"product_tag":[],"class_list":{"0":"post-7033","1":"product","2":"type-product","3":"status-publish","4":"has-post-thumbnail","6":"product_cat-mezpaszta","7":"product_cat-vetom-probiotikumok","9":"first","10":"outofstock","11":"taxable","12":"shipping-taxable","13":"purchasable","14":"product-type-simple"},"_links":{"self":[{"href":"https:\/\/vetomshop.hu\/mt\/wp-json\/wp\/v2\/product\/7033","targetHints":{"allow":["GET"]}}],"collection":[{"href":"https:\/\/vetomshop.hu\/mt\/wp-json\/wp\/v2\/product"}],"about":[{"href":"https:\/\/vetomshop.hu\/mt\/wp-json\/wp\/v2\/types\/product"}],"replies":[{"embeddable":true,"href":"https:\/\/vetomshop.hu\/mt\/wp-json\/wp\/v2\/comments?post=7033"}],"wp:featuredmedia":[{"embeddable":true,"href":"https:\/\/vetomshop.hu\/mt\/wp-json\/wp\/v2\/media\/7034"}],"wp:attachment":[{"href":"https:\/\/vetomshop.hu\/mt\/wp-json\/wp\/v2\/media?parent=7033"}],"wp:term":[{"taxonomy":"product_brand","embeddable":true,"href":"https:\/\/vetomshop.hu\/mt\/wp-json\/wp\/v2\/product_brand?post=7033"},{"taxonomy":"product_cat","embeddable":true,"href":"https:\/\/vetomshop.hu\/mt\/wp-json\/wp\/v2\/product_cat?post=7033"},{"taxonomy":"product_tag","embeddable":true,"href":"https:\/\/vetomshop.hu\/mt\/wp-json\/wp\/v2\/product_tag?post=7033"}],"curies":[{"name":"wp","href":"https:\/\/api.w.org\/{rel}","templated":true}]}}