{"id":7340,"date":"2026-01-20T11:12:33","date_gmt":"2026-01-20T10:12:33","guid":{"rendered":"https:\/\/vetomshop.hu\/?post_type=product&#038;p=7340"},"modified":"2026-03-02T20:22:06","modified_gmt":"2026-03-02T19:22:06","slug":"vektor-animals-1-2-vetom-1-2-probiotikum-por-formajaban-3-bakteriumtorzzsel-allatok-szamara-belflora-es-immunitas-10x50-g","status":"publish","type":"product","link":"https:\/\/vetomshop.hu\/mt\/product\/vektor-animals-1-2-vetom-1-2-probiotikum-por-formajaban-3-bakteriumtorzzsel-allatok-szamara-belflora-es-immunitas-10x50-g\/","title":{"rendered":"Vektor Animals 1.2 (Vetom 1.2) \u2013 Probijotiku f&#039;forma ta&#039; trab bi 3 razez batteri\u010bi g\u0127all-annimali (flora intestinali u immunit\u00e0) \u2013 <span style=\"color:red\">10 \u00d7 50g<\/span>"},"content":{"rendered":"<h3>Vector Animals 1.2 (Vetom 1.2) \u2013 probjotik b'ispetttru wiesa' (3 ceppi)<\/h3>\n<div class=\"plashka\">A <strong>Vettori Annimali <span style=\"color: red;\">1.2<\/span><\/strong> formula msa\u0127\u0127a li <strong>tliet tipi ta' ceppi batterj\u010bi attivi<\/strong> Fih. Preparazzjoni universali: adattata g\u0127al mammiferi, g\u0127asafar, \u0127ut, reptili u na\u0127liet biex tirrestawra r-re\u017cistenza naturali.<\/div>\n<h5>Ingredjenti attivi \u2013 Protezzjoni tripla<\/h5>\n<p>L-effika\u010bja tal-preparazzjoni ti\u0121i \u017cgurata mill-kombinazzjoni tal-istrainijiet batterjani li \u0121ejjin, mag\u0127\u017cula b'mod spe\u010bjali:<\/p>\n<ul class=\"vetom-list\">\n<li>Bacillus subtilis VKPM B\u201310641<\/li>\n<li>Bacillus amyloliquefaciens VKPM B\u201310642<\/li>\n<li>Bacillus amyloliquefaciens VKPM B\u201310643<\/li>\n<\/ul>\n<h5>G\u0127al min huwa rakkomandat? (Annimali fil-mira)<\/h5>\n<p>Il-prodott huwa uniku g\u0127ax jista' jintu\u017ca fuq kwa\u017ci l-ispe\u010bi kollha ta' annimali:<\/p>\n<ul class=\"vetom-list\">\n<li><strong>Annimali domesti\u010bi:<\/strong> Klieb, qtates (kull razza), rodituri (\u0127amsters, por\u010bini tal-Guinea, fenek, e\u010b\u010b.).<\/li>\n<li><strong>Annimali tal-biedja:<\/strong> Bhejjem, \u0127an\u017cir, nag\u0127a\u0121, mog\u0127\u017ciet, \u017cwiemel.<\/li>\n<li><strong>G\u0127asafar:<\/strong> G\u0127asafar ornamentali (pappagalli, kanarji) u ti\u0121ie\u0121.<\/li>\n<li><strong>Annimali spe\u010bjali:<\/strong> Rettili (tartaruni, lucerti, serpenti), anfibji u \u0127ut tal-aqwarju (dissoluti fl-ilma).<\/li>\n<li><strong>N\u0127aliet:<\/strong> Biex jitnaqqas il-mortalit\u00e0 kkaw\u017cata minn infezzjonijiet.<\/li>\n<\/ul>\n<h5>Meta g\u0127andu jintu\u017ca?<\/h5>\n<p>Il-preparazzjoni tista' ti\u0121i amministrata g\u0127al skopijiet profilatti\u010bi (preventivi) u terapewti\u010bi:<\/p>\n<ul class=\"vetom-list\">\n<li><strong>Wara kors ta' antibijoti\u010bi:<\/strong> G\u0127ar-restawr tal-flora intestinali u t-trattament tad-dibjo\u017ci.<\/li>\n<li><strong>F'sitwazzjonijiet stressanti:<\/strong> Matul il-bidliet tal-ikel, it-trasport jew l-istress li jirri\u017culta mill-biedja industrijali.<\/li>\n<li><strong>G\u0127at-tis\u0127i\u0127 tas-sistema immunitarja:<\/strong> B\u0127ala suppliment g\u0127all-va\u010b\u010binazzjonijiet g\u0127al rispons immunitarju aktar fit-tul.<\/li>\n<li><strong>Biex i\u017c\u017cid il-produzzjoni:<\/strong> G\u0127al ti\u0121ie\u0121, biex ti\u017cdied il-produzzjoni tal-bajd; g\u0127al annimali tal-biedja, biex jit\u0127e\u0121\u0121e\u0121 il-kisba ta' pi\u017c u t-tkabbir.<\/li>\n<li><strong>G\u0127all-prevenzjoni tal-marda:<\/strong> Per e\u017cempju, biex jitnaqqsu l-infezzjonijiet fin-na\u0127liet u l-infjammazzjoni wara t-twelid (endometrite, mastite) fil-baqar.<\/li>\n<\/ul>\n<h5>Istruzzjonijiet tad-do\u017ca\u0121\u0121<\/h5>\n<p>Il-pulver jista' jing\u0127ata individwalment (im\u0127allat fl-ilma\/fil-ikel) jew f'gruppi. <strong>Do\u017ca ba\u017cika: 50 mg\/kg pi\u017c \u0127aj.<\/strong> <\/p>\n<ul class=\"vetom-list\">\n<li><strong>Prevenzjoni (Trattament):<\/strong> Darba kuljum g\u0127al 15\u201320 ijiem. Tista' ter\u0121a' ssir kull kwart.<\/li>\n<li><strong>Terapija (f'ka\u017c ta' marda):<\/strong> Darba filg\u0127odu u darba filg\u0127axija (kull 8\u201310 sig\u0127at) sakemm is-sintomi jonqsu. F'ka\u017cijiet severi, erba' darbiet kuljum (kull 6 sig\u0127at).<\/li>\n<li><strong>Korezzjoni tal-immunodefi\u010bjenza:<\/strong> Darba jew darbtejn kuljum g\u0127al 5\u201310 ijiem.<\/li>\n<li><strong>Do\u017ca\u0121\u0121 gruppali:<\/strong> 15,000 porzjonijiet kull tunnellata ta' ikel jew ilma.<\/li>\n<\/ul>\n<p><em>Nota: Il-preparazzjoni ma tikkaw\u017cax abituazzjoni jew re\u017cistenza.<\/em><\/p>","protected":false},"excerpt":{"rendered":"<div class=\"plashka\">A <strong>Vettori Annimali <span style=\"color: red;\">1.2<\/span><\/strong> (Vetom 1.2) huwa probiotiku li fih tliet ceppi batterjani, li <strong>Ba\u010bil subtilis<\/strong> u <strong>Bacillus amyloliquefaciens<\/strong> jappo\u0121\u0121ja s-sa\u0127\u0127a tal-annimali bis-spori.<\/div>\n<h5>Benefi\u010b\u010bji ewlenin:<\/h5>\n<ul class=\"vetom-list\">\n<li><strong>Universali:<\/strong> Jista' jing\u0127ata lil klieb, qtates, annimali tal-biedja, u anke lil \u0127ut u lil na\u0127liet.<\/li>\n<li><strong>Effett triplu:<\/strong> It-tliet ceppi batterjolo\u0121i\u010bi differenti jipprovdu protezzjoni usa' kontra l-infezzjonijiet.<\/li>\n<li><strong>Effi\u010bjenza:<\/strong> \u017bieda fil-produttivit\u00e0, titjib fit-tkabbir u tnaqqis fil-b\u017conn ta' medi\u010bini.<\/li>\n<li><strong>Sigurt\u00e0:<\/strong> Ma ti\u017cviluppax re\u017cistenza, rakkomandata \u0127afna wara trattament b'antibijotiku.<\/li>\n<\/ul>","protected":false},"featured_media":7341,"comment_status":"open","ping_status":"closed","template":"","meta":[],"product_brand":[],"product_cat":[38,40],"product_tag":[],"class_list":{"0":"post-7340","1":"product","2":"type-product","3":"status-publish","4":"has-post-thumbnail","6":"product_cat-vektor-animals-vetom","7":"product_cat-vektor-animals-1-2","9":"first","10":"instock","11":"featured","12":"taxable","13":"shipping-taxable","14":"purchasable","15":"product-type-simple"},"_links":{"self":[{"href":"https:\/\/vetomshop.hu\/mt\/wp-json\/wp\/v2\/product\/7340","targetHints":{"allow":["GET"]}}],"collection":[{"href":"https:\/\/vetomshop.hu\/mt\/wp-json\/wp\/v2\/product"}],"about":[{"href":"https:\/\/vetomshop.hu\/mt\/wp-json\/wp\/v2\/types\/product"}],"replies":[{"embeddable":true,"href":"https:\/\/vetomshop.hu\/mt\/wp-json\/wp\/v2\/comments?post=7340"}],"wp:featuredmedia":[{"embeddable":true,"href":"https:\/\/vetomshop.hu\/mt\/wp-json\/wp\/v2\/media\/7341"}],"wp:attachment":[{"href":"https:\/\/vetomshop.hu\/mt\/wp-json\/wp\/v2\/media?parent=7340"}],"wp:term":[{"taxonomy":"product_brand","embeddable":true,"href":"https:\/\/vetomshop.hu\/mt\/wp-json\/wp\/v2\/product_brand?post=7340"},{"taxonomy":"product_cat","embeddable":true,"href":"https:\/\/vetomshop.hu\/mt\/wp-json\/wp\/v2\/product_cat?post=7340"},{"taxonomy":"product_tag","embeddable":true,"href":"https:\/\/vetomshop.hu\/mt\/wp-json\/wp\/v2\/product_tag?post=7340"}],"curies":[{"name":"wp","href":"https:\/\/api.w.org\/{rel}","templated":true}]}}