{"id":7358,"date":"2026-01-20T16:45:04","date_gmt":"2026-01-20T15:45:04","guid":{"rendered":"https:\/\/vetomshop.hu\/?post_type=product&#038;p=7358"},"modified":"2026-03-03T07:55:22","modified_gmt":"2026-03-03T06:55:22","slug":"vektor-animals-3-vetom-3-probiotikum-por-allatoknak-bacillus-amyloliquefaciens-1x50-g","status":"publish","type":"product","link":"https:\/\/vetomshop.hu\/mt\/product\/vektor-animals-3-vetom-3-probiotikum-por-allatoknak-bacillus-amyloliquefaciens-1x50-g\/","title":{"rendered":"Vector Animals 3 (Vetom 3) \u2013 trab probijotiku g\u0127all-annimali (Bacillus amyloliquefaciens) <span style=\"color:red\">1\u00d750g<\/span>"},"content":{"rendered":"<h3>Vector Animals 3 (Vetom 3) \u2013 Probijotiku b'ceppi batterjani spe\u010bjali<\/h3>\n<div class=\"plashka\">\n<p>Vetom 3 huwa probiotiku naturali ibba\u017cat fuq l-effetti ta' benefi\u010b\u010bju tal-cepp batteriku Bacillus amyloliquefaciens. Dan il-batterju prin\u010bipalment je\u017cer\u010bita l-effett tieg\u0127u fil-kolon, fejn jipprodu\u010bi enzimi u sustanzi attivi. Dawn huma:<\/p>\n<p>jissupprimi batterji u fungi ta' \u0127sara (patogeni\u010bi u patogeni\u010bi kondizzjonali),<br \/>\njg\u0127in fit-tne\u0127\u0127ija tal-materja mhux di\u0121erita mill-imsaren,<br \/>\njg\u0127in fl-assorbiment aktar fa\u010bli u a\u0127jar tan-nutrijenti,<br \/>\n* jippromwovi d-detossifikazzjoni tal-\u0121isem.<\/p>\n<p>Vetom 3 jg\u0127in jirrestawra l-bilan\u010b naturali tal-flora intestinali, itejjeb id-di\u0121estjoni u l-metaboli\u017cmu, u jikkontribwixxi g\u0127al u\u017cu aktar effi\u010bjenti tan-nutrijenti.<\/p>\n<h2>Vanta\u0121\u0121i:<\/h2>\n<p>G\u0127andu proprjetajiet antibatteri\u010bi u antifungali<br \/>\nPreparazzjoni antivirali, li tipprodu\u010bi enzimi u tappo\u0121\u0121ja d-di\u0121estjoni<br \/>\nJissa\u0127\u0127a\u0127 ir-risposti immunitarji \u010bellulari u umorali<br \/>\nJ\u017cid ir-re\u017cistenza tal-\u0121isem<br \/>\nJg\u0127in inaqqas ir-reazzjonijiet aller\u0121i\u010bi<br \/>\nJappo\u0121\u0121ja r-rinnovazzjoni \u010bellulari u jista' jipprevjeni l-i\u017cvilupp ta' \u010belloli kan\u010bero\u0121eni.<br \/>\nIttejjeb l-effetti ta' medi\u010bini o\u0127ra u jnaqqas l-effetti sekondarji tag\u0127hom<br \/>\nJipprote\u0121i l-\u0121isem fil-livell \u010bellulari, jg\u0127in jipprevjeni l-i\u017cvilupp tat-tumuri<\/p>\n<h2>U\u017cu su\u0121\u0121erit:<\/h2>\n<p><strong>Do\u017ca\u0121\u0121 rakkomandat:<\/strong><br \/>\n\u0126u kapsula wa\u0127da 2\u20133 darbiet kuljum g\u0127al 10 ijiem, qabel, waqt jew wara l-ikliet, ma' ammont \u017cg\u0127ir ta' likwidu (ilma, te' jew \u0121us tal-frott). I\u010b\u010bekkja r-reazzjonijiet tal-\u0121isem tieg\u0127ek waqt li qed tie\u0127u s-suppliment u, jekk me\u0127tie\u0121, \u017cid gradwalment id-do\u017ca g\u0127al 5\u201310 kapsuli kuljum.<\/p>\n<p>It-trattament jista' ji\u0121i ripetut fi kwalunkwe \u0127in wara waqfa ta' \u0121img\u0127a jew \u0121img\u0127atejn. Huwa rakkomandabbli li minn \u017cmien g\u0127al \u017cmien tibdel g\u0127al tip differenti ta' preparazzjoni Vetom sabiex tappo\u0121\u0121ja bis-s\u0127i\u0127 is-sa\u0127\u0127a tal-\u0121isem u s-sistema intestinali.<\/p>\n<h2>Karatteristi\u010bi ewlenin:<\/h2>\n<p>*L-ebda effetti sekondarji<br \/>\n*L-ebda restrizzjonijiet ta' et\u00e0<br \/>\nMa tistax tie\u0127u do\u017ca \u017cejda<br \/>\nMa ti\u017cviluppax dipendenza<\/p>\n<h2>Qasam ta' applikazzjoni:<\/h2>\n<p>Rakkomandat b\u0127ala suppliment dietetiku b'attivit\u00e0 bijolo\u0121ika biex ittejjeb il-kundizzjoni tal-istonku u tal-imsaren u jer\u0121a' jibni l-bilan\u010b tal-flora intestinali.<\/p>\n<h2>Kontra-indikazzjonijiet:<\/h2>\n<p>Il-prodott mhux rakkomandat jekk inti aller\u0121iku jew ipersensittiv g\u0127al kwalunkwe mill-ingredjenti tieg\u0127u.<\/p>\n<h2>Informazzjoni importanti:<\/h2>\n<p>Matul it-tqala u t-treddig\u0127, u\u017ca biss fuq parir mediku.<br \/>\nMa jaffettwax is-sewqan jew l-operazzjoni ta' magni perikolu\u017ci.<\/p>\n<h2>Imballar u kompo\u017cizzjoni:<\/h2>\n<p>10 kapsuli f'pakketti tal-blister, 5 pakketti f'kaxxa tal-kartun (50 kapsuli b'kollox)<br \/>\nPi\u017c nett: 0.1 kg<br \/>\n* Dimensjonijiet: 4.5 \u00d7 6.5 \u00d7 8 cm<\/p>\n<h2>Il-kontenut ta' kapsula wa\u0127da:<\/h2>\n<p>* Estratt tal-qam\u0127: 133 mg<br \/>\n* L-istarke tal-patata: 100 mg<br \/>\n* Sukro\u017cju (zokkor trab): 67 mg<br \/>\n* Bacillus amyloliquefaciens* kultura batterika (DSM 24613) \u2013 30 mg (1\u00d710\u2079 CFU\/g)<\/p>\n<p>Alternattiva ekwivalenti f'forma ta' g\u0127arg\u0127ar: Vetom 3.22 (10 ml)<\/p>\n<p>Pajji\u017c ta' ori\u0121ini: <strong>Russja<\/strong><\/p>\n<\/div>","protected":false},"excerpt":{"rendered":"<div class=\"plashka\">A <strong>Vettori Annimali <span style=\"color: red;\">3<\/span><\/strong> (Vetom 3) <strong>Bacillus amyloliquefaciens<\/strong> Probiotiku li fih spori li jg\u0127in i\u017comm is-sa\u0127\u0127a tad-digesti\u017cjoni u jsa\u0127\u0127a\u0127 is-sistema immunitarja.<\/div>\n<h5>Benefi\u010b\u010bji ewlenin:<\/h5>\n<ul class=\"vetom-list\">\n<li><strong>Protezzjoni tal-flora intestinali:<\/strong> Spe\u010bjalment effettiv wara trattamenti antibijoti\u010bi.<\/li>\n<li><strong>Spettro wiesa':<\/strong> Jista' jing\u0127ata lil kwalunkwe spe\u010bi ta' annimali, mill-\u0127ut sal-\u017cwiemel.<\/li>\n<li><strong>Ekonomiku:<\/strong> Ittejjeb l-u\u017cu tal-ikel u jnaqqas ir-riskju ta' marda.<\/li>\n<li><strong>Sikur:<\/strong> Kompletament naturali, ming\u0127ajr effetti sekondarji.<\/li>\n<\/ul>","protected":false},"featured_media":7359,"comment_status":"open","ping_status":"closed","template":"","meta":[],"product_brand":[],"product_cat":[38,41],"product_tag":[],"class_list":{"0":"post-7358","1":"product","2":"type-product","3":"status-publish","4":"has-post-thumbnail","6":"product_cat-vektor-animals-vetom","7":"product_cat-vektor-animals-3","9":"first","10":"instock","11":"featured","12":"taxable","13":"shipping-taxable","14":"purchasable","15":"product-type-simple"},"_links":{"self":[{"href":"https:\/\/vetomshop.hu\/mt\/wp-json\/wp\/v2\/product\/7358","targetHints":{"allow":["GET"]}}],"collection":[{"href":"https:\/\/vetomshop.hu\/mt\/wp-json\/wp\/v2\/product"}],"about":[{"href":"https:\/\/vetomshop.hu\/mt\/wp-json\/wp\/v2\/types\/product"}],"replies":[{"embeddable":true,"href":"https:\/\/vetomshop.hu\/mt\/wp-json\/wp\/v2\/comments?post=7358"}],"wp:featuredmedia":[{"embeddable":true,"href":"https:\/\/vetomshop.hu\/mt\/wp-json\/wp\/v2\/media\/7359"}],"wp:attachment":[{"href":"https:\/\/vetomshop.hu\/mt\/wp-json\/wp\/v2\/media?parent=7358"}],"wp:term":[{"taxonomy":"product_brand","embeddable":true,"href":"https:\/\/vetomshop.hu\/mt\/wp-json\/wp\/v2\/product_brand?post=7358"},{"taxonomy":"product_cat","embeddable":true,"href":"https:\/\/vetomshop.hu\/mt\/wp-json\/wp\/v2\/product_cat?post=7358"},{"taxonomy":"product_tag","embeddable":true,"href":"https:\/\/vetomshop.hu\/mt\/wp-json\/wp\/v2\/product_tag?post=7358"}],"curies":[{"name":"wp","href":"https:\/\/api.w.org\/{rel}","templated":true}]}}