{"id":7379,"date":"2026-01-20T17:30:45","date_gmt":"2026-01-20T16:30:45","guid":{"rendered":"https:\/\/vetomshop.hu\/?post_type=product&#038;p=7379"},"modified":"2026-04-27T03:16:23","modified_gmt":"2026-04-27T01:16:23","slug":"bioseptin-probiotikus-sebkezelo-kenocs-60-g","status":"publish","type":"product","link":"https:\/\/vetomshop.hu\/mt\/product\/bioseptin-probiotikus-sebkezelo-kenocs-60-g\/","title":{"rendered":"Bioseptin \u2013 Unguent probjotiku g\u0127at-trattament tal-feriti g\u0127all-annimali (Bacillus amyloliquefaciens) \u2013 <span style=\"color:red\">60 grammi<\/span>"},"content":{"rendered":"<h3>Bioseptin \u2013 Unguent probjotiku g\u0127at-trattament tal-feriti g\u0127all-annimali<\/h3>\n<div class=\"plashka\">A <strong>Bijoseptin<\/strong> Unguent probiotiku uniku ma\u0127sub g\u0127all-u\u017cu estern. \u0126aj <strong>Bacillus amyloliquefaciens<\/strong> Jinkludi batterji li b'mod naturali jnaddfu l-feriti, jipprevjenu l-infjammazzjoni u jiffurmaw saff protettiv bijolo\u0121iku fuq il-\u0121ilda mhedda.<\/div>\n<h5>Ingredjent attiv u mekkani\u017cmu ta' azzjoni<\/h5>\n<p>Il-mellqa fiha \u017cew\u0121 ceppi batterjolo\u0121i\u010bi industrijali spe\u010bjali (VKPM B-10642 u B-10643) li je\u017cer\u010bitaw l-effett tag\u0127hom meta ji\u0121u applikati fuq il-ferita:<\/p>\n<ul class=\"vetom-list\">\n<li><strong>Tindif tal-ferita (lisi):<\/strong> Jipprodu\u010bu enzimi proteolitici li jiddissolvu (jillisu) tessut mejjet u nekrotiku, u b'hekk jnaddfu l-ferita.<\/li>\n<li><strong>Formazzjoni tal-biofilm:<\/strong> Il-batterji jo\u0127olqu biofilm irqiq li jipprevjeni l-patogeni esterni milli jid\u0127lu fil-kavit\u00e0 tal-ferita (u b'hekk ine\u0127\u0127i l-b\u017conn ta' bendaggi).<\/li>\n<li><strong>Effett antiseptiku:<\/strong> Jinibixxu t-tkabbir tal-batterji li jiffurmaw pus u batterji pato\u0121eni\u010bi o\u0127ra.<\/li>\n<li><strong>Tnaqqis tal-infjammazzjoni:<\/strong> J\u0127affu r-ri\u0121enerazzjoni u jtaffu l-irritazzjoni fl-erja midruba.<\/li>\n<\/ul>\n<h5>Oqsma ta' applikazzjoni<\/h5>\n<p>Il-prodott jista' jintu\u017ca fuq kwalunkwe spe\u010bi ta' annimali (annimali domesti\u010bi, annimali tal-biedja, annimali selva\u0121\u0121i, g\u0127asafar):<\/p>\n<ul class=\"vetom-list\">\n<li>G\u0127al trattament ta' qatg\u0127at u \u0121rie\u0127i \u0127fief.<\/li>\n<li>G\u0127at-trattament tal-\u0127ruq.<\/li>\n<li>G\u0127all-infjammazzjonijiet tal-\u0121ilda (dermatite) u g\u0127al bidliet o\u0127ra fil-\u0121ilda.<\/li>\n<li>G\u0127al it-trattament ta' feriti ul\u010berati li ma jfejqux.<\/li>\n<\/ul>\n<h5>Istruzzjonijiet g\u0127all-u\u017cu<\/h5>\n<p>G\u0127all-u\u017cu estern biss!<\/p>\n<ul class=\"vetom-list\">\n<li><strong>Do\u017ca\u0121\u0121:<\/strong> Aplika saff irqiq fuq il-wi\u010b\u010b im\u0127assar darba jew darbtejn kuljum.<\/li>\n<li><strong>Durata:<\/strong> It-trattament g\u0127andu jkompli sakemm jintla\u0127aq irkupru s\u0127i\u0127.<\/li>\n<li><strong>Rilegatura:<\/strong> \u0120rie\u0127i trattati b'Bioseptin <strong>Ma hemmx b\u017conn ta' bendaggi<\/strong>, peress li l-biofilm li jifforma jipprote\u0121i l-in\u0127awi.<\/li>\n<\/ul>\n<h5>Sigurt\u00e0 u \u0127a\u017cna<\/h5>\n<ul class=\"vetom-list\">\n<li><strong>Sikur:<\/strong> Jista' jintu\u017ca wkoll fuq annimali tqal u li qed jallattaw. Ma hemm l-ebda effetti sekondarji mag\u0127rufa.<\/li>\n<li><strong>Kontra-indikazzjonijiet:<\/strong> Tin\u0127ux tu\u017cah fl-istess \u0127in ma' unguenti li fihom antibijoti\u010bi jew sulfonamidi.<\/li>\n<li><strong>\u0126a\u017cna:<\/strong> A\u0127\u017cen f'fri\u0121\u0121 (0\u201310 \u00b0C) ming\u0127ajr ma tifta\u0127. <strong>Ladarba jinfeta\u0127, jista' jintu\u017ca g\u0127al 15-il jum meta jin\u0127a\u017cen fit-temperatura tal-kamra.<\/strong><\/li>\n<\/ul>","protected":false},"excerpt":{"rendered":"<div class=\"plashka\">A <strong>Bijoseptin<\/strong> Ungwentu probijotiku b'flora ta' batterji \u0127ajjin jfejjaq \u0121rie\u0127i, \u0127ruq u infjammazzjonijiet tal-\u0121ilda. Alternattiva naturali g\u0127ad-di\u017cinfettanti tradizzjonali.<\/div>\n<h5>Benefi\u010b\u010bji ewlenin:<\/h5>\n<ul class=\"vetom-list\">\n<li><strong>Irkupru naturali tal-feriti:<\/strong> Jne\u0127\u0127i tessut mejjet u jer\u0121a' j\u0121edded il-\u0121ilda.<\/li>\n<li><strong>Gakka invi\u017cibbli:<\/strong> Jiffurma biofilm fuq il-ferita, g\u0127alhekk m'hemmx b\u017conn li tinbandax.<\/li>\n<li><strong>Universali:<\/strong> Sikur g\u0127al klieb, qtates, \u017cwiemel u annimali o\u0127ra.<\/li>\n<li><strong>\u0126elu:<\/strong> Ma jwe\u0121\u0121ag\u0127x u g\u0127andu proprjetajiet anti-infjammatorji.<\/li>\n<\/ul>","protected":false},"featured_media":7380,"comment_status":"open","ping_status":"closed","template":"","meta":[],"product_brand":[],"product_cat":[42,38],"product_tag":[],"class_list":{"0":"post-7379","1":"product","2":"type-product","3":"status-publish","4":"has-post-thumbnail","6":"product_cat-bioseptin-kenocs","7":"product_cat-vektor-animals-vetom","9":"first","10":"outofstock","11":"featured","12":"taxable","13":"shipping-taxable","14":"purchasable","15":"product-type-simple"},"_links":{"self":[{"href":"https:\/\/vetomshop.hu\/mt\/wp-json\/wp\/v2\/product\/7379","targetHints":{"allow":["GET"]}}],"collection":[{"href":"https:\/\/vetomshop.hu\/mt\/wp-json\/wp\/v2\/product"}],"about":[{"href":"https:\/\/vetomshop.hu\/mt\/wp-json\/wp\/v2\/types\/product"}],"replies":[{"embeddable":true,"href":"https:\/\/vetomshop.hu\/mt\/wp-json\/wp\/v2\/comments?post=7379"}],"wp:featuredmedia":[{"embeddable":true,"href":"https:\/\/vetomshop.hu\/mt\/wp-json\/wp\/v2\/media\/7380"}],"wp:attachment":[{"href":"https:\/\/vetomshop.hu\/mt\/wp-json\/wp\/v2\/media?parent=7379"}],"wp:term":[{"taxonomy":"product_brand","embeddable":true,"href":"https:\/\/vetomshop.hu\/mt\/wp-json\/wp\/v2\/product_brand?post=7379"},{"taxonomy":"product_cat","embeddable":true,"href":"https:\/\/vetomshop.hu\/mt\/wp-json\/wp\/v2\/product_cat?post=7379"},{"taxonomy":"product_tag","embeddable":true,"href":"https:\/\/vetomshop.hu\/mt\/wp-json\/wp\/v2\/product_tag?post=7379"}],"curies":[{"name":"wp","href":"https:\/\/api.w.org\/{rel}","templated":true}]}}