{"id":1019,"date":"2020-02-17T14:17:10","date_gmt":"2020-02-17T14:17:10","guid":{"rendered":"https:\/\/vetomshop.hu\/?page_id=1019"},"modified":"2024-05-23T10:56:21","modified_gmt":"2024-05-23T08:56:21","slug":"a-vetom-probiotikum-tortenete","status":"publish","type":"page","link":"https:\/\/vetomshop.hu\/nl\/a-vetom-probiotikum-tortenete\/","title":{"rendered":"De geschiedenis van Vetom probiotica"},"content":{"rendered":"<h3>A <em>Bacillus<\/em> Het onderzoek naar bacteri\u00ebn en de eerste \u201elevende\u201d preparaten op basis van bacteri\u00ebn dateert uit de jaren 1930.<\/h3>\n<p><img loading=\"lazy\" decoding=\"async\" class=\"wp-image-3790 alignleft\" src=\"https:\/\/vetomshop.hu\/wp-content\/uploads\/2023\/02\/bacterio.jpg\" alt=\"\" width=\"655\" height=\"326\" srcset=\"https:\/\/vetomshop.hu\/wp-content\/uploads\/2023\/02\/bacterio.jpg 1500w, https:\/\/vetomshop.hu\/wp-content\/uploads\/2023\/02\/bacterio-300x149.jpg 300w, https:\/\/vetomshop.hu\/wp-content\/uploads\/2023\/02\/bacterio-1024x509.jpg 1024w, https:\/\/vetomshop.hu\/wp-content\/uploads\/2023\/02\/bacterio-768x382.jpg 768w, https:\/\/vetomshop.hu\/wp-content\/uploads\/2023\/02\/bacterio-1320x656.jpg 1320w, https:\/\/vetomshop.hu\/wp-content\/uploads\/2023\/02\/bacterio-600x298.jpg 600w\" sizes=\"auto, (max-width: 655px) 100vw, 655px\" \/>In 1939 kregen de troepen van de Wermacht te maken met het dysenterieprobleem in Afrika. De ziekte trof de legers van beide partijen. De Arabieren roeiden de ziekte als eersten uit. Kamelenmest werd gebruikt als een effectief medicijn. De Duitsers weigerden kamelenmest te eten, maar ze ontdekten de uitstekende werking van dit middel. Het werkzame bestanddeel is\u00a0 <em>Bacillus subtilis<\/em> micro-organisme dat de ontwikkeling en voortplanting van dysenterieverwekkers kan onderdrukken. Op basis van deze bacterie cre\u00eberden Duitse wetenschappers een probiotisch preparaat dat vervolgens op grote schaal in het leger werd gebruikt om dysenterie te voorkomen. Na het uiteenvallen van Hitler's Duitsland werd de technologie om het probioticum te produceren overgenomen door de Amerikanen.<\/p>\n<h3>De Sovjet-Unie keek echter niet werkeloos toe.<\/h3>\n<p>Aan het einde van de Tweede Wereldoorlog werden grote troepenmachten gemobiliseerd om zich te verdedigen tegen moderne wapens, waaronder biologische wapens. In 1974 werd een enorme geheime organisatie - de Microbioprom - opgericht om voorbereidingen te ontwikkelen om mensen te beschermen tegen biogene rampen, waaronder biologische wapens. Het Microbioprom-systeem omvatte zowel de toen bestaande wetenschappelijke instituten als de nieuw opgerichte gespecialiseerde wetenschappelijke microbiologische centra en biofabrieken. Het belangrijkste instituut van Mikrobioprom was het bedrijf \u201eVektor\u201d, dat gevestigd was in het dorp Koltsovo bij Novosibirsk. De omvang van deze faciliteit is vandaag de dag nog steeds indrukwekkend. Parallel aan Vektor werden vijf andere instellingen gebouwd en ontwikkeld. Zo werd de Sovjet-Unie in relatief korte tijd wereldleider op het gebied van microbiologie.<\/p>\n<p><img loading=\"lazy\" decoding=\"async\" class=\"alignright wp-image-5499\" src=\"https:\/\/vetomshop.hu\/wp-content\/uploads\/2024\/04\/biotechnology.jpg\" alt=\"\" width=\"660\" height=\"369\" srcset=\"https:\/\/vetomshop.hu\/wp-content\/uploads\/2024\/04\/biotechnology.jpg 1000w, https:\/\/vetomshop.hu\/wp-content\/uploads\/2024\/04\/biotechnology-300x168.jpg 300w, https:\/\/vetomshop.hu\/wp-content\/uploads\/2024\/04\/biotechnology-768x429.jpg 768w, https:\/\/vetomshop.hu\/wp-content\/uploads\/2024\/04\/biotechnology-600x335.jpg 600w\" sizes=\"auto, (max-width: 660px) 100vw, 660px\" \/>In het bijzonder werd de \u201eVector\u201d in het begin van de jaren 1990 de eerste in de menselijke geschiedenis die met succes een kunstmatig levend object cre\u00eberde - een \u201eplasmide\u201e - dat menselijke leukocyt interferon-alfa-2 genereert, een essentieel eiwit van het immuunsysteem, dat met succes werd opgenomen in de \u00a0<em>Bacillus subtilis<\/em> in de microgolfcel. Het resultaat is een recombinante versie die ongeveer 70 antibiotica kan produceren, evenals een breed scala aan fermenten en interferonen. Deze stam is gesporuleerd, dringt zonder schade door het slijmvlies van maag en twaalfvingerige darm en wordt geactiveerd in de dikke darm.<\/p>\n<p>Dit probiotische preparaat, gebaseerd op het hierboven genoemde probioticum, heet \u201eSubalin\u201d. En wat er daarna gebeurde, weet iedereen. De Sovjet-Unie deed het verkeerde, de markthervormingen begonnen en de autoriteiten wilden geen Microbioprom. Maar de Amerikaanse overheid had wel \u201eVektor\u201d nodig. Drie jaar lang bestudeerden, controleerden en verzamelden buitenlandse experts gegevens in het \u201eVektor\u201d-gebied. Natuurlijk kon Subalin de markt niet penetreren. Om ervoor te zorgen dat ten minste een deel van het onderzoek van \u201eVektor\u201d niet verloren ging, is het grotendeels te danken aan zijn schepper, Lev Stepanovich Sanakhchiev - een van de scheppers van \u201eSubalin\u201d. Uit de afzonderlijke eenheden van Vektor cre\u00eberde Sanakhchiev een aantal priv\u00e9bedrijven die hebben geleerd om te overleven op de priv\u00e9-lijn. Ongeveer de helft van hen slaagde daarin.<\/p>\n<h3>Hiertoe behoort het Centraal Wetenschappelijk - \u201eOnderzoekscentrum\u201d, dat onder andere bekend staat om zijn microbiologie en genetica, met meer dan 50 geregistreerde uitvindingen van microbioloog en geneticus Alexander Ivanovich Lelyak.<\/h3>\n<p>Toevallig was dit bedrijf verantwoordelijk voor het onderwerp levende preparaten, hun verdere studie en de organisatie van hun creatie. In de afgelopen 20 jaar heeft het onderzoekscentrum, dat momenteel meer dan 200 specialisten in dienst heeft, een strategie ontwikkeld om zich aan te passen aan de huidige marktomstandigheden.<\/p>\n<p><img loading=\"lazy\" decoding=\"async\" class=\"wp-image-5500  alignleft\" src=\"https:\/\/vetomshop.hu\/wp-content\/uploads\/2024\/04\/probioticum.jpg\" alt=\"\" width=\"656\" height=\"378\" srcset=\"https:\/\/vetomshop.hu\/wp-content\/uploads\/2024\/04\/probioticum.jpg 1024w, https:\/\/vetomshop.hu\/wp-content\/uploads\/2024\/04\/probioticum-300x173.jpg 300w, https:\/\/vetomshop.hu\/wp-content\/uploads\/2024\/04\/probioticum-768x443.jpg 768w, https:\/\/vetomshop.hu\/wp-content\/uploads\/2024\/04\/probioticum-600x346.jpg 600w\" sizes=\"auto, (max-width: 656px) 100vw, 656px\" \/>Microben maken 90 procent uit van de biomassa op onze planeet, legt Alexander Ivanovich Lelyak uit. - We kunnen gerust zeggen dat de wereld waarin we leven eigenlijk van hen is. De meerderheid van de micro-organismen - menselijke, dierlijke en plantaardige infecties. Wijzelf bestaan voor 2-3 procent uit microben. Als we naar een willekeurig deel van ons lichaam kijken, zien we dat daar bepaalde micro-organismen voorkomen - elk deel van het lichaam heeft zijn eigen microbi\u00eble ecosysteem. Deze helpen het lichaam om zich te verdedigen tegen de schadelijke effecten van de omgeving. Als we dit schenden, worden we ziek. Maar in een optimaal geval, als al onze eigen microben bij ons blijven, zijn we in staat om onszelf te beschermen tegen alle infecties!<\/p>","protected":false},"excerpt":{"rendered":"<p>A Bacillus bakt\u00e9riumok ut\u00e1n t\u00f6rt\u00e9n\u0151 kutat\u00e1sok \u00e9s azok alapj\u00e1n l\u00e9trehozott els\u0151 \u201e\u00e9l\u0151\u201d k\u00e9sz\u00edtm\u00e9nyek az 1930-as \u00e9vekre tehet\u0151. 1939-ben a Wermacht seregei Afrik\u00e1ban tal\u00e1lkoztak a v\u00e9rhas probl\u00e9m\u00e1j\u00e1val. A megbeteged\u00e9s \u00e9rintette mindk\u00e9t f\u00e9l sereg\u00e9t. A bajt els\u0151nek az arabok sz\u00fcntett\u00e9k meg. Hat\u00e9kony gy\u00f3gy k\u00e9sz\u00edtm\u00e9nyk\u00e9nt a tev\u00e9k tr\u00e1gy\u00e1j\u00e1t alkalmazt\u00e1k. A n\u00e9metek a tevetr\u00e1gy\u00e1t nem voltak hajland\u00f3k fogyasztani, viszont [&hellip;]<\/p>\n","protected":false},"author":1,"featured_media":0,"parent":0,"menu_order":0,"comment_status":"closed","ping_status":"closed","template":"","meta":{"footnotes":""},"class_list":["post-1019","page","type-page","status-publish","hentry"],"_links":{"self":[{"href":"https:\/\/vetomshop.hu\/nl\/wp-json\/wp\/v2\/pages\/1019","targetHints":{"allow":["GET"]}}],"collection":[{"href":"https:\/\/vetomshop.hu\/nl\/wp-json\/wp\/v2\/pages"}],"about":[{"href":"https:\/\/vetomshop.hu\/nl\/wp-json\/wp\/v2\/types\/page"}],"author":[{"embeddable":true,"href":"https:\/\/vetomshop.hu\/nl\/wp-json\/wp\/v2\/users\/1"}],"replies":[{"embeddable":true,"href":"https:\/\/vetomshop.hu\/nl\/wp-json\/wp\/v2\/comments?post=1019"}],"version-history":[{"count":0,"href":"https:\/\/vetomshop.hu\/nl\/wp-json\/wp\/v2\/pages\/1019\/revisions"}],"wp:attachment":[{"href":"https:\/\/vetomshop.hu\/nl\/wp-json\/wp\/v2\/media?parent=1019"}],"curies":[{"name":"wp","href":"https:\/\/api.w.org\/{rel}","templated":true}]}}