{"id":1020,"date":"2020-02-17T14:15:30","date_gmt":"2020-02-17T14:15:30","guid":{"rendered":"https:\/\/vetomshop.hu\/?page_id=1020"},"modified":"2024-09-26T18:57:13","modified_gmt":"2024-09-26T16:57:13","slug":"gyakori-kerdesek","status":"publish","type":"page","link":"https:\/\/vetomshop.hu\/nl\/gyakori-kerdesek\/","title":{"rendered":"Veelgestelde vragen"},"content":{"rendered":"<div class=\"wpb-content-wrapper\">\n<div  data-mk-stretch-content=\"true\" class=\"wpb_row vc_row vc_row-fluid jupiter-donut- mk-fullwidth-false  attched-false     js-master-row  mk-grid\">\n\t\t\t\t\n<div class=\"vc_col-sm-12 wpb_column column_container  jupiter-donut- _ jupiter-donut-height-full\">\n\t\n<div data-style=\"accordion-style\" data-initialindex=\"0\" id=\"mk-accordion-2\" class=\"mk-accordion mobile-false fancy-style\">\n\t<div class=\"wpb_accordion_wrapper\">\n\t\t\n<div id=\"\"class=\"mk-accordion-single\">\n\n\t<div class=\"mk-accordion-tab\">\n\t\t<i><svg  class=\"mk-svg-icon\" data-name=\"mk-icon-medkit\" data-cacheid=\"icon-6a0714162cd4b\" xmlns=\"http:\/\/www.w3.org\/2000\/svg\" viewbox=\"0 0 1792 1792\"><path d=\"M1280 1120v-192q0-14-9-23t-23-9h-224v-224q0-14-9-23t-23-9h-192q-14 0-23 9t-9 23v224h-224q-14 0-23 9t-9 23v192q0 14 9 23t23 9h224v224q0 14 9 23t23 9h192q14 0 23-9t9-23v-224h224q14 0 23-9t9-23zm-640-736h512v-128h-512v128zm-384 0v1280h-32q-92 0-158-66t-66-158v-832q0-92 66-158t158-66h32zm1184 0v1280h-1088v-1280h160v-160q0-40 28-68t68-28h576q40 0 68 28t28 68v160h160zm352 224v832q0 92-66 158t-158 66h-32v-1280h32q92 0 158 66t66 158z\"\/><\/svg><\/i>\t\t<span>Wat is Vetom?<\/span>\n\t\t<svg  class=\"mk-svg-icon\" data-name=\"mk-icon-chevron-right\" data-cacheid=\"icon-6a0714162cf32\" style=\" height:13px; width: 9.2857142857143px; \"  xmlns=\"http:\/\/www.w3.org\/2000\/svg\" viewbox=\"0 0 1280 1792\"><path d=\"M1107 877l-742 742q-19 19-45 19t-45-19l-166-166q-19-19-19-45t19-45l531-531-531-531q-19-19-19-45t19-45l166-166q19-19 45-19t45 19l742 742q19 19 19 45t-19 45z\"\/><\/svg>\t<\/div>\n\n\t<div class=\"mk-accordion-pane\">\n\t\t\t<div class=\"vc_custom_1716651722549\">\n\n<div id=\"text-block-3\" class=\"mk-text-block  jupiter-donut-\">\n\n\t\n\t<p><span style=\"color: #a58904;\"><strong>VETOM<\/strong><\/span>\u00a0- een zeer krachtig probioticum dat de structuur van het darmslijmvlies en de microflora van de maag herstelt en behoudt.<\/p>\n<p><img loading=\"lazy\" decoding=\"async\" class=\"size-full wp-image-623 aligncenter\" src=\"https:\/\/vetomshop.hu\/wp-content\/uploads\/2024\/05\/vetom-laboratorium.jpg\" alt=\"\" width=\"1464\" height=\"560\" \/><\/p>\n<p><strong><span style=\"color: #a58904;\">Hoe bestrijdt Vetom virale en bacteri\u00eble infecties?<\/span><\/strong><\/p>\n<p>De werkzame stof in Vetom is Bacillus subtilis stam VKPM B 10641. Bacteri\u00ebn van deze soort onderdrukken specifiek de groei en ontwikkeling van de microflora buiten het maagdarmkanaal door direct antagonisme tegen infectieuze agentia en indirect door het immuunsysteem van het lichaam te optimaliseren via de productie van humaan leukocyten interferon \u03b1-2.<\/p>\n<p>Interferon - een eiwitmolecuul dat antivirale immuniteit biedt!<\/p>\n<p>Het belangrijkste werkingsmechanisme van interferon - onderdrukking van ontwikkeling en deling. Bij fysiologische doses reguleert deze actie de replicatie van virussen.<\/p>\n<p>Het gezonde lichaam reageert op de invasie van virussen door interferonen te produceren, die de daaropvolgende ontwikkeling van een infectie voorkomen.<\/p>\n<p><img loading=\"lazy\" decoding=\"async\" class=\"size-full wp-image-5647 aligncenter\" src=\"https:\/\/vetomshop.hu\/wp-content\/uploads\/2024\/05\/laborator.jpg\" alt=\"\" width=\"1000\" height=\"534\" srcset=\"https:\/\/vetomshop.hu\/wp-content\/uploads\/2024\/05\/laborator.jpg 1000w, https:\/\/vetomshop.hu\/wp-content\/uploads\/2024\/05\/laborator-300x160.jpg 300w, https:\/\/vetomshop.hu\/wp-content\/uploads\/2024\/05\/laborator-768x410.jpg 768w, https:\/\/vetomshop.hu\/wp-content\/uploads\/2024\/05\/laborator-600x320.jpg 600w\" sizes=\"auto, (max-width: 1000px) 100vw, 1000px\" \/>Omdat Vetom de productie van interferon stimuleert, wordt het ook gebruikt om virussen en infecties te bestrijden, waaronder het coronavirus:<\/p>\n<ul>\n<li>SARS (rhinovirus, coronavirusinfectie, griep- en parainfluenzavirussen);<\/li>\n<li>infectieziekten - verschillende vormen van herpetische laesies (virale keratoconjunctivitis en keratitis, keratouveitis, herpes genitalis, gordelroos);<\/li>\n<li>acute en chronische virale hepatitis (A, B, C, D (delta)).<\/li>\n<\/ul>\n\n\t<div class=\"clearboth\"><\/div>\n<\/div>\n\n\t<\/div>\n\n\t\t<div class=\"clearboth\"><\/div>\n\t<\/div>\n\n<\/div>\n\n<div id=\"\"class=\"mk-accordion-single\">\n\n\t<div class=\"mk-accordion-tab\">\n\t\t<i><svg  class=\"mk-svg-icon\" data-name=\"mk-icon-medkit\" data-cacheid=\"icon-6a0714162d5f0\" xmlns=\"http:\/\/www.w3.org\/2000\/svg\" viewbox=\"0 0 1792 1792\"><path d=\"M1280 1120v-192q0-14-9-23t-23-9h-224v-224q0-14-9-23t-23-9h-192q-14 0-23 9t-9 23v224h-224q-14 0-23 9t-9 23v192q0 14 9 23t23 9h224v224q0 14 9 23t23 9h192q14 0 23-9t9-23v-224h224q14 0 23-9t9-23zm-640-736h512v-128h-512v128zm-384 0v1280h-32q-92 0-158-66t-66-158v-832q0-92 66-158t158-66h32zm1184 0v1280h-1088v-1280h160v-160q0-40 28-68t68-28h576q40 0 68 28t28 68v160h160zm352 224v832q0 92-66 158t-158 66h-32v-1280h32q92 0 158 66t66 158z\"\/><\/svg><\/i>\t\t<span>Is Vetom geschikt voor kinderen?<\/span>\n\t\t<svg  class=\"mk-svg-icon\" data-name=\"mk-icon-chevron-right\" data-cacheid=\"icon-6a0714162d697\" style=\" height:13px; width: 9.2857142857143px; \"  xmlns=\"http:\/\/www.w3.org\/2000\/svg\" viewbox=\"0 0 1280 1792\"><path d=\"M1107 877l-742 742q-19 19-45 19t-45-19l-166-166q-19-19-19-45t19-45l531-531-531-531q-19-19-19-45t19-45l166-166q19-19 45-19t45 19l742 742q19 19 19 45t-19 45z\"\/><\/svg>\t<\/div>\n\n\t<div class=\"mk-accordion-pane\">\n\t\t\t<div class=\"vc_custom_1675849573805\">\n\n<div id=\"text-block-4\" class=\"mk-text-block  jupiter-donut-\">\n\n\t\n\t<p><img loading=\"lazy\" decoding=\"async\" class=\"size-full wp-image-612 aligncenter\" src=\"\/\/vetom-egeszsegshop.hu\/wp-content\/uploads\/2023\/02\/probio-dity.jpg\" alt=\"\" width=\"1105\" height=\"600\" \/><\/p>\n<p>Het probioticum heeft geen leeftijdsgrens, dus het kan door volwassenen en kinderen worden ingenomen.<\/p>\n<p>Je kunt de vloeibare vorm van probiotica gebruiken: 1-2 druppels 2-3 keer per dag, verdund in een beetje water. Bij voorkeur als kuur voor 10-14 dagen.<\/p>\n<p>Of het wordt gegeven als poeder, 1 g poeder per 10 kg gewicht van het kind, 2-3 keer per dag. Het poeder kan worden verdund in een kleine hoeveelheid vloeistof.<\/p>\n<p>Bij voorkeur een kuur van 10-14 dagen.<\/p>\n\n\t<div class=\"clearboth\"><\/div>\n<\/div>\n\n\t<\/div>\n\n\t\t<div class=\"clearboth\"><\/div>\n\t<\/div>\n\n<\/div>\n\n<div id=\"\"class=\"mk-accordion-single\">\n\n\t<div class=\"mk-accordion-tab\">\n\t\t<i><svg  class=\"mk-svg-icon\" data-name=\"mk-icon-medkit\" data-cacheid=\"icon-6a0714162d9d7\" xmlns=\"http:\/\/www.w3.org\/2000\/svg\" viewbox=\"0 0 1792 1792\"><path d=\"M1280 1120v-192q0-14-9-23t-23-9h-224v-224q0-14-9-23t-23-9h-192q-14 0-23 9t-9 23v224h-224q-14 0-23 9t-9 23v192q0 14 9 23t23 9h224v224q0 14 9 23t23 9h192q14 0 23-9t9-23v-224h224q14 0 23-9t9-23zm-640-736h512v-128h-512v128zm-384 0v1280h-32q-92 0-158-66t-66-158v-832q0-92 66-158t158-66h32zm1184 0v1280h-1088v-1280h160v-160q0-40 28-68t68-28h576q40 0 68 28t28 68v160h160zm352 224v832q0 92-66 158t-158 66h-32v-1280h32q92 0 158 66t66 158z\"\/><\/svg><\/i>\t\t<span>Hoe neem je Vetom-producten in?<\/span>\n\t\t<svg  class=\"mk-svg-icon\" data-name=\"mk-icon-chevron-right\" data-cacheid=\"icon-6a0714162da84\" style=\" height:13px; width: 9.2857142857143px; \"  xmlns=\"http:\/\/www.w3.org\/2000\/svg\" viewbox=\"0 0 1280 1792\"><path d=\"M1107 877l-742 742q-19 19-45 19t-45-19l-166-166q-19-19-19-45t19-45l531-531-531-531q-19-19-19-45t19-45l166-166q19-19 45-19t45 19l742 742q19 19 19 45t-19 45z\"\/><\/svg>\t<\/div>\n\n\t<div class=\"mk-accordion-pane\">\n\t\t\t<div class=\"vc_custom_1716651401497\">\n\n<div id=\"text-block-5\" class=\"mk-text-block  jupiter-donut-\">\n\n\t\n\t<p>Voor een maximaal effect neem je Vetom een uur voor de maaltijd in met een kleine hoeveelheid gewoon water. Het is raadzaam om alcohol en gekruid voedsel te vermijden tijdens de innameperiode. Bij het kiezen van de dosering en toedieningsfrequentie moet in gedachten worden gehouden dat het therapeutische effect niet direct afhangt van de hoeveelheid van het product die per keer wordt ingenomen, maar van de frequentie van toediening in een kuur - hoe vaker de dosis, hoe sterker het effect.<\/p>\n<p><img decoding=\"async\" class=\"alignnone size-full wp-image-5645\" src=\"https:\/\/vetomshop.hu\/wp-content\/uploads\/2024\/05\/gettyimages.jpg\" alt=\"\" width=\"100%\" srcset=\"https:\/\/vetomshop.hu\/wp-content\/uploads\/2024\/05\/gettyimages.jpg 1920w, https:\/\/vetomshop.hu\/wp-content\/uploads\/2024\/05\/gettyimages-300x171.jpg 300w, https:\/\/vetomshop.hu\/wp-content\/uploads\/2024\/05\/gettyimages-1024x585.jpg 1024w, https:\/\/vetomshop.hu\/wp-content\/uploads\/2024\/05\/gettyimages-768x438.jpg 768w, https:\/\/vetomshop.hu\/wp-content\/uploads\/2024\/05\/gettyimages-1536x877.jpg 1536w, https:\/\/vetomshop.hu\/wp-content\/uploads\/2024\/05\/gettyimages-1320x754.jpg 1320w, https:\/\/vetomshop.hu\/wp-content\/uploads\/2024\/05\/gettyimages-600x343.jpg 600w\" sizes=\"(max-width: 1920px) 100vw, 1920px\" \/><\/p>\n<p>E\u00e9n dosis moet ten minste 5 miljoen micro-organismen bevatten, bijvoorbeeld ten minste 5 g poeder (ongeveer 1 theelepel), 1 zakje of 1 capsule. Als je Vetom in vloeibare vorm inneemt, geldt 1 dosis = 1 druppel.<\/p>\n<p><span style=\"color: #a58904;\"><strong>Overdosering heeft geen negatieve effecten.<\/strong><\/span><\/p>\n<p>Preventieve dosering voor gezonde mensen om mogelijke ziekten te voorkomen<em>:\u00a0<\/em><\/p>\n<ul>\n<li>Neem de Vetom <span style=\"color: #ff0000;\">1.1<\/span>-et of veto <span style=\"color: #ff0000;\">1.23<\/span>-(je kiest je eigen formulering - de aanwezigheid van het actieve ingredi\u00ebnt is belangrijk - Bacillus subtilis VKPM B-10641 (DSM 24613) stam) gedurende 10-14 dagen, in meerdere doses van 7-10 keer per dag, met ongeveer gelijke tussenpozen.Je neemt het bijvoorbeeld 2 weken, neemt dan een pauze van 3 weken en herhaalt de behandeling opnieuw. .<\/li>\n<li>Herhaal de kuur minstens 2 keer per jaar, bij voorkeur in de periode voordat de kans op verkoudheid groter is.<\/li>\n<li>Aanbevolen voor Vetom <span style=\"color: #ff0000;\">1.1<\/span> capsule - druppelvorm Vetom <span style=\"color: #ff0000;\">1.23<\/span> gebruik tussen de kuren Vetom <span style=\"color: #ff0000;\">3<\/span>-bij en <span style=\"color: #ff0000;\">4<\/span>-(of ik neem <span style=\"color: #ff0000;\">2<\/span>-2-3 doses per dag gedurende 10-14 dagen.<\/li>\n<li>In plaats van Vetom poeder of capsules kun je een vloeibaar probioticum nemen, dat iedereen kan hebben: Vetom <span style=\"color: #ff0000;\">1.23<\/span> Vetom <span style=\"color: #ff0000;\">3.22<\/span>, Vetom <span style=\"color: #ff0000;\">4.24<\/span> of ik veto <span style=\"color: #ff0000;\">2.25<\/span>, Vetom <span style=\"color: #ff0000;\">2.26<\/span>.<\/li>\n<\/ul>\n<p>Als je echt een goede immuniteit hebt, dan 1 -2 kuren van 10-14 dagen Vetom <span style=\"color: #ff0000;\">1.1<\/span> Je zult geen speciale effecten merken na de behandeling.<\/p>\n<p><strong><span style=\"color: #a58904;\">Therapeutisch plukken:<\/span><\/strong><\/p>\n<ul>\n<li>Neem Vetom <span style=\"color: #ff0000;\">1.1<\/span> capsules of Vetom <span style=\"color: #ff0000;\">1.23<\/span> 10 druppels per dag (10 capsules - 10 druppels) gedurende 10-14 dagen. Dan min 14 dagen pauze. .<\/li>\n<li>Het innameprogramma moet na 1 tot 2 maanden worden herhaald. .<\/li>\n<li>De Vetom <span style=\"color: #ff0000;\">1.1<\/span> (Vetom <span style=\"color: #ff0000;\">1.23<\/span> ) tussen de behandelingen proberen Vetom <span style=\"color: #ff0000;\">3<\/span>-bij en <span style=\"color: #ff0000;\">4<\/span>-(of ik neem <span style=\"color: #ff0000;\">2<\/span>-) kan dagelijks gedurende 10-14 dagen geconsumeerd worden.<\/li>\n<li>Om je beter te laten voelen, Vetom <span style=\"color: #ff0000;\">1.1<\/span> het interval tussen behandelingen moet worden verhoogd tot 2-3 per jaar. De Vetom <span style=\"color: #ff0000;\">2<\/span> De frequentie van inname van 3 en 4 kan na verloop van tijd ook geleidelijk worden verlaagd van 10 naar 2-3 doses.<\/li>\n<\/ul>\n\n\t<div class=\"clearboth\"><\/div>\n<\/div>\n\n\t<\/div>\n\n\t\t<div class=\"clearboth\"><\/div>\n\t<\/div>\n\n<\/div>\n\n<div id=\"\"class=\"mk-accordion-single\">\n\n\t<div class=\"mk-accordion-tab\">\n\t\t<i><svg  class=\"mk-svg-icon\" data-name=\"mk-icon-medkit\" data-cacheid=\"icon-6a0714162de8a\" xmlns=\"http:\/\/www.w3.org\/2000\/svg\" viewbox=\"0 0 1792 1792\"><path d=\"M1280 1120v-192q0-14-9-23t-23-9h-224v-224q0-14-9-23t-23-9h-192q-14 0-23 9t-9 23v224h-224q-14 0-23 9t-9 23v192q0 14 9 23t23 9h224v224q0 14 9 23t23 9h192q14 0 23-9t9-23v-224h224q14 0 23-9t9-23zm-640-736h512v-128h-512v128zm-384 0v1280h-32q-92 0-158-66t-66-158v-832q0-92 66-158t158-66h32zm1184 0v1280h-1088v-1280h160v-160q0-40 28-68t68-28h576q40 0 68 28t28 68v160h160zm352 224v832q0 92-66 158t-158 66h-32v-1280h32q92 0 158 66t66 158z\"\/><\/svg><\/i>\t\t<span>Welke Vetom is de beste?<\/span>\n\t\t<svg  class=\"mk-svg-icon\" data-name=\"mk-icon-chevron-right\" data-cacheid=\"icon-6a0714162df25\" style=\" height:13px; width: 9.2857142857143px; \"  xmlns=\"http:\/\/www.w3.org\/2000\/svg\" viewbox=\"0 0 1280 1792\"><path d=\"M1107 877l-742 742q-19 19-45 19t-45-19l-166-166q-19-19-19-45t19-45l531-531-531-531q-19-19-19-45t19-45l166-166q19-19 45-19t45 19l742 742q19 19 19 45t-19 45z\"\/><\/svg>\t<\/div>\n\n\t<div class=\"mk-accordion-pane\">\n\t\t\t<div class=\"vc_custom_1727369822448\">\n\n<div id=\"text-block-6\" class=\"mk-text-block  jupiter-donut-\">\n\n\t\n\t<p><img decoding=\"async\" class=\"wp-image-621 aligncenter\" src=\"https:\/\/vetomshop.hu\/wp-content\/uploads\/2024\/05\/nutrigenomics.jpg\" alt=\"\" width=\"100%\" \/><\/p>\n<p>Het is onmogelijk om te bepalen welke van deze probiotica beter is. Ze worden voor bijna dezelfde ziekten gebruikt, maar elke Vetom heeft een ander effect.  Ze vullen elkaar aan.<\/p>\n<p>Het hangt allemaal af van de individuele kenmerken en conditie van het lichaam. De beste oplossing zou zijn om de volledige kuur van alle Vetom-producten te gebruiken.<\/p>\n<p>De 4 verschillende capsules vormen eigenlijk 1 groot geheel.<\/p>\n\n\t<div class=\"clearboth\"><\/div>\n<\/div>\n\n\t<\/div>\n\n\t\t<div class=\"clearboth\"><\/div>\n\t<\/div>\n\n<\/div>\n\n<div id=\"\"class=\"mk-accordion-single\">\n\n\t<div class=\"mk-accordion-tab\">\n\t\t<i><svg  class=\"mk-svg-icon\" data-name=\"mk-icon-medkit\" data-cacheid=\"icon-6a0714162e263\" xmlns=\"http:\/\/www.w3.org\/2000\/svg\" viewbox=\"0 0 1792 1792\"><path d=\"M1280 1120v-192q0-14-9-23t-23-9h-224v-224q0-14-9-23t-23-9h-192q-14 0-23 9t-9 23v224h-224q-14 0-23 9t-9 23v192q0 14 9 23t23 9h224v224q0 14 9 23t23 9h192q14 0 23-9t9-23v-224h224q14 0 23-9t9-23zm-640-736h512v-128h-512v128zm-384 0v1280h-32q-92 0-158-66t-66-158v-832q0-92 66-158t158-66h32zm1184 0v1280h-1088v-1280h160v-160q0-40 28-68t68-28h576q40 0 68 28t28 68v160h160zm352 224v832q0 92-66 158t-158 66h-32v-1280h32q92 0 158 66t66 158z\"\/><\/svg><\/i>\t\t<span>In welke verpakking is Vetom verkrijgbaar?<\/span>\n\t\t<svg  class=\"mk-svg-icon\" data-name=\"mk-icon-chevron-right\" data-cacheid=\"icon-6a0714162e2fe\" style=\" height:13px; width: 9.2857142857143px; \"  xmlns=\"http:\/\/www.w3.org\/2000\/svg\" viewbox=\"0 0 1280 1792\"><path d=\"M1107 877l-742 742q-19 19-45 19t-45-19l-166-166q-19-19-19-45t19-45l531-531-531-531q-19-19-19-45t19-45l166-166q19-19 45-19t45 19l742 742q19 19 19 45t-19 45z\"\/><\/svg>\t<\/div>\n\n\t<div class=\"mk-accordion-pane\">\n\t\t\t<div class=\"vc_custom_1716650901197\">\n\n<div id=\"text-block-7\" class=\"mk-text-block  jupiter-donut-\">\n\n\t\n\t<p><strong>In welke verpakking is Vetom verkrijgbaar?<\/strong><\/p>\n<p>Vetom is verkrijgbaar in drie doseringsvormen:<\/p>\n<ul>\n<li>Poeder 5, 500 g verpakking<\/li>\n<li>Capsules in verpakkingen van 50 korrels<\/li>\n<li>Vloeistof 10 ml<\/li>\n<\/ul>\n<p><img loading=\"lazy\" decoding=\"async\" class=\"wp-image-625 aligncenter\" src=\"https:\/\/vetomshop.hu\/wp-content\/uploads\/2024\/05\/biotech-deepdive.webp\" alt=\"\" width=\"869\" height=\"365\" \/><\/p>\n\n\t<div class=\"clearboth\"><\/div>\n<\/div>\n\n\t<\/div>\n\n\t\t<div class=\"clearboth\"><\/div>\n\t<\/div>\n\n<\/div>\n\n<div id=\"\"class=\"mk-accordion-single\">\n\n\t<div class=\"mk-accordion-tab\">\n\t\t<i><svg  class=\"mk-svg-icon\" data-name=\"mk-icon-medkit\" data-cacheid=\"icon-6a0714162e617\" xmlns=\"http:\/\/www.w3.org\/2000\/svg\" viewbox=\"0 0 1792 1792\"><path d=\"M1280 1120v-192q0-14-9-23t-23-9h-224v-224q0-14-9-23t-23-9h-192q-14 0-23 9t-9 23v224h-224q-14 0-23 9t-9 23v192q0 14 9 23t23 9h224v224q0 14 9 23t23 9h192q14 0 23-9t9-23v-224h224q14 0 23-9t9-23zm-640-736h512v-128h-512v128zm-384 0v1280h-32q-92 0-158-66t-66-158v-832q0-92 66-158t158-66h32zm1184 0v1280h-1088v-1280h160v-160q0-40 28-68t68-28h576q40 0 68 28t28 68v160h160zm352 224v832q0 92-66 158t-158 66h-32v-1280h32q92 0 158 66t66 158z\"\/><\/svg><\/i>\t\t<span>Waarin verschillen probiotica van zaden?<\/span>\n\t\t<svg  class=\"mk-svg-icon\" data-name=\"mk-icon-chevron-right\" data-cacheid=\"icon-6a0714162e6af\" style=\" height:13px; width: 9.2857142857143px; \"  xmlns=\"http:\/\/www.w3.org\/2000\/svg\" viewbox=\"0 0 1280 1792\"><path d=\"M1107 877l-742 742q-19 19-45 19t-45-19l-166-166q-19-19-19-45t19-45l531-531-531-531q-19-19-19-45t19-45l166-166q19-19 45-19t45 19l742 742q19 19 19 45t-19 45z\"\/><\/svg>\t<\/div>\n\n\t<div class=\"mk-accordion-pane\">\n\t\t\t<div class=\"vc_custom_1722780911439\">\n\n<div id=\"text-block-8\" class=\"mk-text-block  jupiter-donut-\">\n\n\t\n\t<h3><span style=\"color: #a58904;\">Vetom probiotica kunnen ook vari\u00ebren in hun bacteri\u00eble ingredi\u00ebnten en verpakking.<\/span><\/h3>\n<p><span style=\"color: #a58904;\"><strong>Het verschil in probiotische micro-organismen in Vetom-producten:<\/strong><\/span><\/p>\n<p>De legendarische VETOM Probiotica worden al meer dan 20 jaar geproduceerd, maar weinig mensen weten waarom de kuur uit 4 nummers bestaat en wat het verschil is.<\/p>\n<p><img loading=\"lazy\" decoding=\"async\" class=\"size-full wp-image-623 aligncenter\" src=\"https:\/\/vetomshop.hu\/wp-content\/uploads\/2024\/05\/tech-biotechnology.webp\" alt=\"\" width=\"1464\" height=\"560\" \/><\/p>\n<p>Dus daar proberen ze achter te komen.<\/p>\n<p>\u2713 EEN VETOM <span style=\"color: #ff0000;\">1<\/span> in capsule- en druppelvorm <span style=\"color: #ff0000;\">1.23<\/span> werkt als een bezem in het meest cysteuze deel van de dikke darm. Het stimuleert de productie van interferon.<\/p>\n<p>De organellen in de lymfeklieren van de dunne darm zijn vaak in een sluimerstand door stress, antibioticatherapie, omgevingsfactoren, enz.<\/p>\n<p>DE VETOM <span style=\"color: #ff0000;\">1.1<\/span> Bacteri\u00ebn hebben plasmiden in hun samenstelling die deze organellen wakker maken, waardoor we gedwongen worden ons eigen interferon te produceren in hoeveelheden die passen bij de huidige staat van het lichaam.<\/p>\n<p>\u2713 EEN VETOM <span style=\"color: #ff0000;\">2<\/span> in capsule- en druppelvorm <span style=\"color: #ff0000;\">2.25<\/span> of <span style=\"color: #ff0000;\">2.26<\/span> Het bevat 2 bacteriestammen, \u00e9\u00e9n die de dikke darm blijft desinfecteren en de andere die in de dunne darm werkt (en pogingen van pathogene flora om van de dikke darm naar de dunne darm te \u201eontsnappen\u201d elimineert).<\/p>\n<p>\u2713 EEN VETOM <span style=\"color: #ff0000;\">3<\/span> in capsule- en druppelvorm <span style=\"color: #ff0000;\">3.22<\/span>\u00a0 de \u201emeest agressieve\u201d, het reinigt de dikke darm.<\/p>\n<p>\u2713 EEN VETOM <span style=\"color: #ff0000;\">4<\/span> in capsule- en druppelvorm <span style=\"color: #ff0000;\">4.24<\/span> is de snelste en meest grondige, voltooit wat de eerste 3 VETOM's niet deden en fungeert als een \u201eherstel\u201d stam.<\/p>\n<p>Door alle VETOMs na elkaar toe te passen, worden de putrefactieve processen in de darmen ge\u00eblimineerd, omdat het een permanent effect heeft op de resterende pathogene flora.<\/p>\n<p>Door de alvleesklier en lever te ontlasten, stellen we het lichaam in staat om het systeem zelf te herstellen, de stofwisseling te verbeteren en de algehele immuniteit te ondersteunen.<\/p>\n<p>Proost!<\/p>\n<p>VETOM <span style=\"color: #ff0000;\">1.1<\/span> stof, Vetom <span style=\"color: #ff0000;\">1.1<\/span> capsule, Vetom <span style=\"color: #ff0000;\">1.23<\/span> druppel - bevat de bacteriestam Subtilis Bacilluis B-10641<\/p>\n<p>VETOM <span style=\"color: #ff0000;\">2<\/span>, Vetom <span style=\"color: #ff0000;\">2<\/span> capsule, Vetom <span style=\"color: #ff0000;\">2.25<\/span>\u00a0 druppel - Bacillus amyloliquefaciens stam B-10642 (Dsm 24614) en Bacillus amyloliquefaciens stam B-10643 (Dsm 24615)<\/p>\n<p>Vetom <span style=\"color: #ff0000;\">2.26<\/span>\u00a0 druppel bevat Bacillus Subtilis 10641 en Bacillus amylolique faciens 10643<\/p>\n<p>VETOM <span style=\"color: #ff0000;\">3<\/span>, Vetom <span style=\"color: #ff0000;\">3<\/span> capsule, Vetom <span style=\"color: #ff0000;\">3.22<\/span> druppel - Bacillus amyloliquefaciens stam B-10642 (Dsm 24614)<\/p>\n<p>VETOM <span style=\"color: #ff0000;\">4<\/span>, Vetom <span style=\"color: #ff0000;\">4<\/span> capsules of Vetom <span style=\"color: #ff0000;\">4.24<\/span> druppel - Bacillus amyloliquefaciens stam B-10643 (Dsm 24614)<\/p>\n<p>Verpakking van de producten: in plastic zakjes van 500 gr poeder, 50 capsules van 50 gr poeder, of in vloeibare vorm 10 ml.<\/p>\n<p>Voor pati\u00ebnten met kanker - zwaarlijvig, diabetespati\u00ebnten, pati\u00ebnten met zeer slechte spijsverteringsproblemen, wordt het aanbevolen om het te consumeren in de vorm van vloeistof. <span style=\"color: #ff0000;\">1.23<\/span>,Vetom <span style=\"color: #ff0000;\">2.26<\/span>, Vetom <span style=\"color: #ff0000;\">3.22<\/span>, Vetom <span style=\"color: #ff0000;\">4.24<\/span>)<\/p>\n<p>De Vetom <span style=\"color: #ff0000;\">1.23<\/span>, Vetom <span style=\"color: #ff0000;\">2.25<\/span>, Vetom <span style=\"color: #ff0000;\">2.26<\/span>, Vetom <span style=\"color: #ff0000;\">3.22<\/span>, Vetom <span style=\"color: #ff0000;\">4.24<\/span> preparaten hebben een identieke werking. Ze bevatten verschillende micro-organismen die in het darmkanaal werken en verschillende biologisch actieve stoffen afgeven aan de omliggende organen. Daardoor is hun totale effect op het menselijk lichaam verschillend. Om een maximaal positief effect te bereiken, wordt aanbevolen om alle Vetom-producten afwisselend te gebruiken, om het darmkanaal en pathogene systemen als geheel te zuiveren.<\/p>\n\n\t<div class=\"clearboth\"><\/div>\n<\/div>\n\n\t<\/div>\n\n\t\t<div class=\"clearboth\"><\/div>\n\t<\/div>\n\n<\/div>\n\t<\/div>\n<\/div>\n\n\n\t<div class=\"vc_custom_1675852632641\">\n\n<div id=\"text-block-9\" class=\"mk-text-block  jupiter-donut-\">\n\n\t\n\t<hr \/>\n<h3 style=\"padding-left: 40px;\"><span style=\"color: #9c810c;\"><strong>Je kunt VETOM probiotica bestellen op onze website<\/strong>:<\/span><\/h3>\n<p style=\"padding-left: 80px;\"><a href=\"https:\/\/vetomshop.hu\/nl\/\">Vetomshop.hu<\/a><\/p>\n<p style=\"padding-left: 80px;\"><a href=\"https:\/\/vetom-egeszsegshop.hu\" target=\"_blank\" rel=\"noopener noreferrer nofollow\">Vetomegeszsegshop.hu<\/a><\/p>\n<p style=\"padding-left: 80px;\"><a href=\"https:\/\/www.facebook.com\/Vetomshop.hu\" target=\"_blank\" rel=\"noopener noreferrer nofollow\">Facebook (Vetom-Hongarije)<\/a><\/p>\n<p style=\"padding-left: 40px;\">Emag<\/p>\n<hr \/>\n\n\t<div class=\"clearboth\"><\/div>\n<\/div>\n\n\t<\/div>\n<\/div>\n\t<\/div>\n\n<\/div>","protected":false},"excerpt":{"rendered":"Mi az a Vetom? VETOM\u00a0\u2014 egy nagyon er\u0151s probiotikum, amely helyre\u00e1ll\u00edtja \u00e9s meg\u0151rzi a b\u00e9lny\u00e1lkah\u00e1rtya szerkezet\u00e9t \u00e9s a gyomor mikrofl\u00f3r\u00e1j\u00e1t. Hogyan harcol a Vetom a v\u00edrusos \u00e9s bakteri\u00e1lis fert\u0151z\u00e9sekkel? A Vetom k\u00e9sz\u00edtm\u00e9ny hat\u00f3anyaga a Bacillus subtilis VKPM B 10641 t\u00f6rzs. Az ezen fajokhoz tartoz\u00f3 bakt\u00e9riumok kifejezetten elnyomj\u00e1k a gyomor-b\u00e9l traktuson k\u00edv\u00fcli mikrofl\u00f3ra n\u00f6veked\u00e9s\u00e9t \u00e9s fejl\u0151d\u00e9s\u00e9t [...]","protected":false},"author":1,"featured_media":0,"parent":0,"menu_order":0,"comment_status":"closed","ping_status":"closed","template":"","meta":{"footnotes":""},"class_list":["post-1020","page","type-page","status-publish","hentry"],"_links":{"self":[{"href":"https:\/\/vetomshop.hu\/nl\/wp-json\/wp\/v2\/pages\/1020","targetHints":{"allow":["GET"]}}],"collection":[{"href":"https:\/\/vetomshop.hu\/nl\/wp-json\/wp\/v2\/pages"}],"about":[{"href":"https:\/\/vetomshop.hu\/nl\/wp-json\/wp\/v2\/types\/page"}],"author":[{"embeddable":true,"href":"https:\/\/vetomshop.hu\/nl\/wp-json\/wp\/v2\/users\/1"}],"replies":[{"embeddable":true,"href":"https:\/\/vetomshop.hu\/nl\/wp-json\/wp\/v2\/comments?post=1020"}],"version-history":[{"count":0,"href":"https:\/\/vetomshop.hu\/nl\/wp-json\/wp\/v2\/pages\/1020\/revisions"}],"wp:attachment":[{"href":"https:\/\/vetomshop.hu\/nl\/wp-json\/wp\/v2\/media?parent=1020"}],"curies":[{"name":"wp","href":"https:\/\/api.w.org\/{rel}","templated":true}]}}