{"id":2622,"date":"2021-02-02T18:58:11","date_gmt":"2021-02-02T17:58:11","guid":{"rendered":"https:\/\/vetomshop.hu\/?page_id=2622"},"modified":"2025-08-19T17:22:02","modified_gmt":"2025-08-19T15:22:02","slug":"por-kiszereles","status":"publish","type":"page","link":"https:\/\/vetomshop.hu\/nl\/por-kiszereles\/","title":{"rendered":"Formulering poeder"},"content":{"rendered":"<div class=\"wpb-content-wrapper\">\n<div  data-mk-full-width=\"true\" data-mk-full-width-init=\"false\" data-mk-stretch-content=\"true\" class=\"wpb_row vc_row vc_row-fluid jupiter-donut- mk-fullwidth-true  attched-false    vc_custom_1712243783631  equal-columns js-master-row  mk-full-content-true\">\n\t\t\t\t\n<div class=\"vc_col-sm-12 wpb_column column_container  jupiter-donut- _ jupiter-donut-height-full\">\n\t<h2 style=\"font-size: 40px;color: #6d4500;text-align: center\" class=\"vc_custom_heading vc_do_custom_heading wpb_animate_when_almost_visible wpb_fadeInDown fadeInDown\" >Vetom \u2013 Por kiszerel\u00e9s<\/h2>\n\n<div class=\"wpb_row vc_inner vc_row vc_row-fluid jupiter-donut-   attched-false\">\n\t\t\t\t<div class=\"mk-grid\">\n\t\t\t<div class=\"wpb_column vc_column_container vc_col-sm-3\"><div class=\"vc_column-inner\"><div class=\"wpb_wrapper\"><\/div><\/div><\/div><div class=\"wpb_column vc_column_container vc_col-sm-6\"><div class=\"vc_column-inner\"><div class=\"wpb_wrapper\"><div class=\"woocommerce columns-2\"><ul class=\"products columns-2\">\n<li class=\"product type-product post-5820 status-publish first instock product_cat-vetom-probiotikumok has-post-thumbnail sale featured taxable shipping-taxable purchasable product-type-simple\">\n\t<div class=\"mk-product-warp\"><a href=\"https:\/\/vetomshop.hu\/nl\/product\/vetom-1-1-probiotikum-por-500-g-etrend-kiegeszito\/\" class=\"woocommerce-LoopProduct-link woocommerce-loop-product__link\">\t<div class=\"mk-product-thumbnail-warp\">\n\t<img loading=\"lazy\" decoding=\"async\" width=\"300\" height=\"300\" src=\"https:\/\/vetomshop.hu\/wp-content\/uploads\/2024\/06\/vetom_1_por-300x300.jpg\" class=\"attachment-woocommerce_thumbnail size-woocommerce_thumbnail\" alt=\"Vetom &lt;span style=&quot;color:red&quot;&gt;1.1&lt;\/span&gt; probiotikum &lt;br&gt;por &lt;span style=&quot;color:red&quot;&gt;500 g&lt;\/span&gt; (\u00e9trend-kieg\u00e9sz\u00edt\u0151)\" srcset=\"https:\/\/vetomshop.hu\/wp-content\/uploads\/2024\/06\/vetom_1_por-300x300.jpg 300w, https:\/\/vetomshop.hu\/wp-content\/uploads\/2024\/06\/vetom_1_por-150x150.jpg 150w, https:\/\/vetomshop.hu\/wp-content\/uploads\/2024\/06\/vetom_1_por-768x766.jpg 768w, https:\/\/vetomshop.hu\/wp-content\/uploads\/2024\/06\/vetom_1_por-600x598.jpg 600w, https:\/\/vetomshop.hu\/wp-content\/uploads\/2024\/06\/vetom_1_por-100x100.jpg 100w, https:\/\/vetomshop.hu\/wp-content\/uploads\/2024\/06\/vetom_1_por-266x266.jpg 266w, https:\/\/vetomshop.hu\/wp-content\/uploads\/2024\/06\/vetom_1_por-32x32.jpg 32w, https:\/\/vetomshop.hu\/wp-content\/uploads\/2024\/06\/vetom_1_por-60x60.jpg 60w, https:\/\/vetomshop.hu\/wp-content\/uploads\/2024\/06\/vetom_1_por-48x48.jpg 48w, https:\/\/vetomshop.hu\/wp-content\/uploads\/2024\/06\/vetom_1_por.jpg 907w\" sizes=\"auto, (max-width: 300px) 100vw, 300px\" itemprop=\"image\" \/>\t<\/div>\n\t\n\t<span class=\"onsale\" data-no-translation=\"\" data-trp-gettext=\"\">Aanbieding!<\/span>\n\t<div class=\"star-rating\" title=\"Rated 5.00 out of 5\"><span style=\"width:100%\"><\/span><\/div><h2 class=\"woocommerce-loop-product__title\">Vetom <span style=\"color:red\">1.1<\/span> probiotica <br>op <span style=\"color:red\">500 g<\/span> (voedingssupplement)<\/h2>\n\t<span class=\"price\"><del aria-hidden=\"true\"><span class=\"woocommerce-Price-amount amount\"><bdi>12 588&nbsp;<span class=\"woocommerce-Price-currencySymbol\">Ft<\/span><\/bdi><\/span><\/del> <span class=\"screen-reader-text\" data-no-translation=\"\" data-trp-gettext=\"\">Oorspronkelijke prijs was: 12 588&nbsp;&#070;&#116;.<\/span><ins aria-hidden=\"true\"><span class=\"woocommerce-Price-amount amount\"><bdi>11 588&nbsp;<span class=\"woocommerce-Price-currencySymbol\">Ft<\/span><\/bdi><\/span><\/ins><span class=\"screen-reader-text\" data-no-translation=\"\" data-trp-gettext=\"\">Huidige prijs is: 11 588&nbsp;&#070;&#116;.<\/span><\/span>\n<\/a><a rel=\"nofollow\" href=\"\/nl\/wp-json\/wp\/v2\/pages\/2622?add-to-cart=5820\" data-quantity=\"1\" data-product_id=\"5820\" data-product_sku=\"\" class=\"button product_type_simple add_to_cart_button ajax_add_to_cart\" aria-label=\"Toevoegen aan winkelwagen: \u201cVetom 1.1 probiotikum por 500 g (\u00e9trend-kieg\u00e9sz\u00edt\u0151)\u201c\" data-success_message=\"&#039;Vetom &lt;span style=&quot;color:red&quot;&gt;1.1&lt;\/span&gt; probiotikum &lt;br&gt;por &lt;span style=&quot;color:red&quot;&gt;500 g&lt;\/span&gt; (\u00e9trend-kieg\u00e9sz\u00edt\u0151)&#039; is toegevoegd aan je winkelwagen\" role=\"button\" data-no-translation-aria-label=\"\" data-no-translation-data-success_message=\"\"><svg  class=\"mk-svg-icon\" data-name=\"mk-moon-cart-plus\" data-cacheid=\"icon-69d22e6f003a1\" style=\" height:12px; width: 12px; \"  xmlns=\"http:\/\/www.w3.org\/2000\/svg\" viewbox=\"0 0 512 512\"><path d=\"M416 96h-272c-16.138 0-29.751 12.018-31.753 28.031l-28.496 227.969h-51.751c-17.673 0-32 14.327-32 32s14.327 32 32 32h80c16.138 0 29.751-12.017 31.753-28.031l28.496-227.969h219.613l57.369 200.791c4.854 16.993 22.567 26.832 39.56 21.978 16.993-4.855 26.833-22.567 21.978-39.56l-64-224c-3.925-13.737-16.482-23.209-30.769-23.209zm-288-80a48 48 2700 1 0 96 0 48 48 2700 1 0-96 0zm192 0a48 48 2700 1 0 96 0 48 48 2700 1 0-96 0zm64 240h-64v-64h-64v64h-64v64h64v64h64v-64h64z\" transform=\"scale(1 -1) translate(0 -480)\"\/><\/svg><span class=\"button-text\" data-no-translation=\"\" data-trp-gettext=\"\">Toevoegen aan winkelwagen<\/span><\/a><\/div><\/li>\n<li class=\"product type-product post-4392 status-publish last instock product_cat-vetom-probiotikumok has-post-thumbnail sale featured taxable shipping-taxable purchasable product-type-simple\">\n\t<div class=\"mk-product-warp\"><a href=\"https:\/\/vetomshop.hu\/nl\/product\/komarov-por-etrend-kiegeszito-40-tasak\/\" class=\"woocommerce-LoopProduct-link woocommerce-loop-product__link\">\t<div class=\"mk-product-thumbnail-warp\">\n\t<img loading=\"lazy\" decoding=\"async\" width=\"300\" height=\"300\" src=\"https:\/\/vetomshop.hu\/wp-content\/uploads\/2023\/08\/komarov-por-300x300.jpg\" class=\"attachment-woocommerce_thumbnail size-woocommerce_thumbnail\" alt=\"Probiotikum Komarov por &lt;span style=&quot;color: red&quot;&gt;40 tasak&lt;\/span&gt; (\u00e9trend-kieg\u00e9sz\u00edt\u0151 )\" srcset=\"https:\/\/vetomshop.hu\/wp-content\/uploads\/2023\/08\/komarov-por-300x300.jpg 300w, https:\/\/vetomshop.hu\/wp-content\/uploads\/2023\/08\/komarov-por-1024x1024.jpg 1024w, https:\/\/vetomshop.hu\/wp-content\/uploads\/2023\/08\/komarov-por-150x150.jpg 150w, https:\/\/vetomshop.hu\/wp-content\/uploads\/2023\/08\/komarov-por-768x768.jpg 768w, https:\/\/vetomshop.hu\/wp-content\/uploads\/2023\/08\/komarov-por-600x600.jpg 600w, https:\/\/vetomshop.hu\/wp-content\/uploads\/2023\/08\/komarov-por-100x100.jpg 100w, https:\/\/vetomshop.hu\/wp-content\/uploads\/2023\/08\/komarov-por-266x266.jpg 266w, https:\/\/vetomshop.hu\/wp-content\/uploads\/2023\/08\/komarov-por-32x32.jpg 32w, https:\/\/vetomshop.hu\/wp-content\/uploads\/2023\/08\/komarov-por-60x60.jpg 60w, https:\/\/vetomshop.hu\/wp-content\/uploads\/2023\/08\/komarov-por-48x48.jpg 48w, https:\/\/vetomshop.hu\/wp-content\/uploads\/2023\/08\/komarov-por.jpg 1080w\" sizes=\"auto, (max-width: 300px) 100vw, 300px\" itemprop=\"image\" \/><img loading=\"lazy\" decoding=\"async\" width=\"1200\" height=\"1394\" src=\"https:\/\/vetomshop.hu\/wp-content\/uploads\/2023\/08\/komorovporkep222.jpg\" class=\"mk-product-thumbnail-hover\" alt=\"\" srcset=\"https:\/\/vetomshop.hu\/wp-content\/uploads\/2023\/08\/komorovporkep222.jpg 1200w, https:\/\/vetomshop.hu\/wp-content\/uploads\/2023\/08\/komorovporkep222-258x300.jpg 258w, https:\/\/vetomshop.hu\/wp-content\/uploads\/2023\/08\/komorovporkep222-881x1024.jpg 881w, https:\/\/vetomshop.hu\/wp-content\/uploads\/2023\/08\/komorovporkep222-768x892.jpg 768w, https:\/\/vetomshop.hu\/wp-content\/uploads\/2023\/08\/komorovporkep222-600x697.jpg 600w\" sizes=\"auto, (max-width: 1200px) 100vw, 1200px\" itemprop=\"image\" \/>\t<\/div>\n\t\n\t<span class=\"onsale\" data-no-translation=\"\" data-trp-gettext=\"\">Aanbieding!<\/span>\n\t<div class=\"star-rating\" title=\"Rated 5.00 out of 5\"><span style=\"width:100%\"><\/span><\/div><h2 class=\"woocommerce-loop-product__title\">Probiotisch Komarov poeder <span style=\"color: red\">40 tassaq<\/span> (voedingssupplement )<\/h2>\n\t<span class=\"price\"><del aria-hidden=\"true\"><span class=\"woocommerce-Price-amount amount\"><bdi>16 488&nbsp;<span class=\"woocommerce-Price-currencySymbol\">Ft<\/span><\/bdi><\/span><\/del> <span class=\"screen-reader-text\" data-no-translation=\"\" data-trp-gettext=\"\">Oorspronkelijke prijs was: 16 488&nbsp;&#070;&#116;.<\/span><ins aria-hidden=\"true\"><span class=\"woocommerce-Price-amount amount\"><bdi>15 388&nbsp;<span class=\"woocommerce-Price-currencySymbol\">Ft<\/span><\/bdi><\/span><\/ins><span class=\"screen-reader-text\" data-no-translation=\"\" data-trp-gettext=\"\">Huidige prijs is: 15 388&nbsp;&#070;&#116;.<\/span><\/span>\n<\/a><a rel=\"nofollow\" href=\"\/nl\/wp-json\/wp\/v2\/pages\/2622?add-to-cart=4392\" data-quantity=\"1\" data-product_id=\"4392\" data-product_sku=\"\" class=\"button product_type_simple add_to_cart_button ajax_add_to_cart\" aria-label=\"Toevoegen aan winkelwagen: \u201cProbiotikum Komarov por 40 tasak (\u00e9trend-kieg\u00e9sz\u00edt\u0151 )\u201c\" data-success_message=\"&#039;Probiotikum Komarov por &lt;span style=&quot;color: red&quot;&gt;40 tasak&lt;\/span&gt; (\u00e9trend-kieg\u00e9sz\u00edt\u0151 )&#039; is toegevoegd aan je winkelwagen\" role=\"button\" data-no-translation-aria-label=\"\" data-no-translation-data-success_message=\"\"><svg  class=\"mk-svg-icon\" data-name=\"mk-moon-cart-plus\" data-cacheid=\"icon-69d22e6f04166\" style=\" height:12px; width: 12px; \"  xmlns=\"http:\/\/www.w3.org\/2000\/svg\" viewbox=\"0 0 512 512\"><path d=\"M416 96h-272c-16.138 0-29.751 12.018-31.753 28.031l-28.496 227.969h-51.751c-17.673 0-32 14.327-32 32s14.327 32 32 32h80c16.138 0 29.751-12.017 31.753-28.031l28.496-227.969h219.613l57.369 200.791c4.854 16.993 22.567 26.832 39.56 21.978 16.993-4.855 26.833-22.567 21.978-39.56l-64-224c-3.925-13.737-16.482-23.209-30.769-23.209zm-288-80a48 48 2700 1 0 96 0 48 48 2700 1 0-96 0zm192 0a48 48 2700 1 0 96 0 48 48 2700 1 0-96 0zm64 240h-64v-64h-64v64h-64v64h64v64h64v-64h64z\" transform=\"scale(1 -1) translate(0 -480)\"\/><\/svg><span class=\"button-text\" data-no-translation=\"\" data-trp-gettext=\"\">Toevoegen aan winkelwagen<\/span><\/a><\/div><\/li>\n<\/ul>\n<\/div><\/div><\/div><\/div><div class=\"wpb_column vc_column_container vc_col-sm-3\"><div class=\"vc_column-inner\"><div class=\"wpb_wrapper\"><\/div><\/div><\/div>\t\t\t<\/div>\n\t<\/div>\n\n\n<div class=\"wpb_row vc_inner vc_row vc_row-fluid jupiter-donut-   attched-false   vc_custom_1712248776043\">\n\t\t\t\t<div class=\"mk-grid\">\n\t\t\t<div class=\"disflex wpb_column vc_column_container vc_col-sm-1\/5\"><div class=\"vc_column-inner\"><div class=\"wpb_wrapper\">\n<div id=\"mk-button-2\" class=\"mk-button-container _ jupiter-donut-relative    jupiter-donut-block jupiter-donut-text-center button-size-big\">\n\n\t\n\t\t<a href=\"\/nl\/kapszulas-kiszereles\/\" target=\"_self\" class=\"mk-button js-smooth-scroll mk-button--dimension-double-outline mk-button--size-large mk-button--corner-full_rounded skin-light _ jupiter-donut-relative jupiter-donut-text-center jupiter-donut-font-weight-700 jupiter-donut-no-backface  jupiter-donut-letter-spacing-2 jupiter-donut-inline-block\"><span class=\"double-outline-inside\"><\/span><span class=\"mk-button--text\">Capsule verpakking<\/span><\/a>\n\n\t\n<\/div>\n<\/div><\/div><\/div><div class=\"wpb_column vc_column_container vc_col-sm-1\/5\"><div class=\"vc_column-inner\"><div class=\"wpb_wrapper\">\n<div id=\"mk-button-3\" class=\"mk-button-container _ jupiter-donut-relative    jupiter-donut-block jupiter-donut-text-center button-size-big\">\n\n\t\n\t\t<a href=\"\/nl\/cseppek\/\" target=\"_self\" class=\"mk-button js-smooth-scroll mk-button--dimension-double-outline mk-button--size-large mk-button--corner-full_rounded skin-light _ jupiter-donut-relative jupiter-donut-text-center jupiter-donut-font-weight-700 jupiter-donut-no-backface  jupiter-donut-letter-spacing-2 jupiter-donut-inline-block\"><span class=\"double-outline-inside\"><\/span><span class=\"mk-button--text\">Druppels<\/span><\/a>\n\n\t\n<\/div>\n<\/div><\/div><\/div><div class=\"wpb_column vc_column_container vc_col-sm-1\/5\"><div class=\"vc_column-inner\"><div class=\"wpb_wrapper\">\n<div id=\"mk-button-4\" class=\"mk-button-container _ jupiter-donut-relative    jupiter-donut-block jupiter-donut-text-center button-size-big\">\n\n\t\n\t\t<a href=\"\/nl\/pezsgotabletta\/\" target=\"_self\" class=\"mk-button js-smooth-scroll mk-button--dimension-double-outline mk-button--size-large mk-button--corner-full_rounded skin-light _ jupiter-donut-relative jupiter-donut-text-center jupiter-donut-font-weight-700 jupiter-donut-no-backface  jupiter-donut-letter-spacing-2 jupiter-donut-inline-block\"><span class=\"double-outline-inside\"><\/span><span class=\"mk-button--text\">Champagne tablet<\/span><\/a>\n\n\t\n<\/div>\n<\/div><\/div><\/div><div class=\"wpb_column vc_column_container vc_col-sm-1\/5\"><div class=\"vc_column-inner\"><div class=\"wpb_wrapper\">\n<div id=\"mk-button-5\" class=\"mk-button-container _ jupiter-donut-relative    jupiter-donut-block jupiter-donut-text-center button-size-big\">\n\n\t\n\t\t<a href=\"\/nl\/kenocsok\/\" target=\"_self\" class=\"mk-button js-smooth-scroll mk-button--dimension-double-outline mk-button--size-large mk-button--corner-full_rounded skin-light _ jupiter-donut-relative jupiter-donut-text-center jupiter-donut-font-weight-700 jupiter-donut-no-backface  jupiter-donut-letter-spacing-2 jupiter-donut-inline-block\"><span class=\"double-outline-inside\"><\/span><span class=\"mk-button--text\">Zalf \/ Cr\u00e8me<\/span><\/a>\n\n\t\n<\/div>\n<\/div><\/div><\/div><div class=\"wpb_column vc_column_container vc_col-sm-1\/5\"><div class=\"vc_column-inner\"><div class=\"wpb_wrapper\">\n<div id=\"mk-button-6\" class=\"mk-button-container _ jupiter-donut-relative    jupiter-donut-block jupiter-donut-text-center button-size-big\">\n\n\t\n\t\t<a href=\"\/nl\/vetom-mezpaszta\/\" target=\"_self\" class=\"mk-button js-smooth-scroll mk-button--dimension-double-outline mk-button--size-large mk-button--corner-full_rounded skin-light _ jupiter-donut-relative jupiter-donut-text-center jupiter-donut-font-weight-700 jupiter-donut-no-backface  jupiter-donut-letter-spacing-2 jupiter-donut-inline-block\"><span class=\"double-outline-inside\"><\/span><span class=\"mk-button--text\">Probiotische honingcr\u00e8me<\/span><\/a>\n\n\t\n<\/div>\n<\/div><\/div><\/div>\t\t\t<\/div>\n\t<\/div>\n<\/div>\n\t<\/div>\n<div class=\"vc_row-full-width vc_clearfix\"><\/div>\n<\/div>","protected":false},"excerpt":{"rendered":"Vetom \u2013 Por kiszerel\u00e9s Aanbieding! Vetom 1.1 probiotikum por 500 g (\u00e9trend-kieg\u00e9sz\u00edt\u0151) 12 588&nbsp;&#70;&#116; Oorspronkelijke prijs was: 12 588&nbsp;&#070;&#116;.11 588&nbsp;&#70;&#116;Huidige prijs is: 11 588&nbsp;&#070;&#116;. Toevoegen aan winkelwagen Aanbieding! Probiotikum Komarov por 40 tasak (\u00e9trend-kieg\u00e9sz\u00edt\u0151 ) 16 488&nbsp;&#70;&#116; Oorspronkelijke prijs was: 16 488&nbsp;&#070;&#116;.15 388&nbsp;&#70;&#116;Huidige prijs is: 15 388&nbsp;&#070;&#116;. <trp-gettext [...]","protected":false},"author":9,"featured_media":0,"parent":0,"menu_order":0,"comment_status":"closed","ping_status":"closed","template":"","meta":{"footnotes":""},"class_list":["post-2622","page","type-page","status-publish","hentry"],"_links":{"self":[{"href":"https:\/\/vetomshop.hu\/nl\/wp-json\/wp\/v2\/pages\/2622","targetHints":{"allow":["GET"]}}],"collection":[{"href":"https:\/\/vetomshop.hu\/nl\/wp-json\/wp\/v2\/pages"}],"about":[{"href":"https:\/\/vetomshop.hu\/nl\/wp-json\/wp\/v2\/types\/page"}],"author":[{"embeddable":true,"href":"https:\/\/vetomshop.hu\/nl\/wp-json\/wp\/v2\/users\/9"}],"replies":[{"embeddable":true,"href":"https:\/\/vetomshop.hu\/nl\/wp-json\/wp\/v2\/comments?post=2622"}],"version-history":[{"count":6,"href":"https:\/\/vetomshop.hu\/nl\/wp-json\/wp\/v2\/pages\/2622\/revisions"}],"predecessor-version":[{"id":7055,"href":"https:\/\/vetomshop.hu\/nl\/wp-json\/wp\/v2\/pages\/2622\/revisions\/7055"}],"wp:attachment":[{"href":"https:\/\/vetomshop.hu\/nl\/wp-json\/wp\/v2\/media?parent=2622"}],"curies":[{"name":"wp","href":"https:\/\/api.w.org\/{rel}","templated":true}]}}