{"id":389,"date":"2019-11-07T12:36:23","date_gmt":"2019-11-07T12:36:23","guid":{"rendered":"https:\/\/vetomshop.hu\/my-account\/"},"modified":"2024-03-06T15:55:51","modified_gmt":"2024-03-06T14:55:51","slug":"sajat-fiok","status":"publish","type":"page","link":"https:\/\/vetomshop.hu\/nl\/sajat-fiok\/","title":{"rendered":"Mijn account"},"content":{"rendered":"<div class=\"su-spoiler su-spoiler-style-fancy su-spoiler-icon-chevron su-spoiler-closed\" data-scroll-offset=\"0\" data-anchor-in-url=\"no\"><div class=\"su-spoiler-title\" tabindex=\"0\" role=\"button\"><span class=\"su-spoiler-icon\"><\/span> Levering en betaling<\/div><div class=\"su-spoiler-content su-u-clearfix su-u-trim\">\n<h2>Persoonlijk ontvangstbewijs<\/h2>\n<p style=\"padding-left: 40px;\">8112, Zichy\u00fajfalu, Kast\u00e9lykert 1<\/p>\n<p style=\"padding-left: 40px;\">Tijdstip voor persoonlijk afhalen: alleen op afspraak bij de volgende contactgegevens<\/p>\n<ul>\n<li style=\"list-style-type: none;\">\n<ul>\n<li><strong>Telefoon<\/strong>:\u00a0<a href=\"http:\/\/Tel:+36305573846\" target=\"_blank\" rel=\"noopener noreferrer nofollow\">+36305573846<\/a> Tam\u00e1s Pap<\/li>\n<li><strong>E-mail-1<\/strong>: i<a href=\"mailto:infoshop.vetom.magyarorszag@gmail.com\" target=\"_blank\" rel=\"noopener\">nfoshop.vetom.magyarorszag@<wbr \/>gmail.com<\/a><\/li>\n<li><strong>E-mail 2<\/strong>:\u00a0 <a href=\"mailto:vetomshop.hu@gmail.com\" target=\"_blank\" rel=\"noopener\">vetomshop.hu@gmail.com<\/a><\/li>\n<li>of bij onze partners in het hele land, waarvan je de contactgegevens op onze website vindt<\/li>\n<\/ul>\n<\/li>\n<\/ul>\n<h2><span style=\"color: #ff0000;\">Levering:<\/span><\/h2>\n<p>In onze winkel kun je kiezen uit de volgende leverings- en betalingsopties:<\/p>\n<p style=\"padding-left: 40px;\"><span style=\"color: #339966;\"><strong>GLS koeriersdienst<\/strong><\/span> en <span style=\"color: #339966;\"><strong>Foxpost pakketautomaat<\/strong><\/span><\/p>\n<p style=\"padding-left: 40px;\"><em><strong>30.000<\/strong> Gratis bezorging boven HUF bestelwaarde!<\/em><\/p>\n<h2><span style=\"color: #008000;\">Koeriersdienst GLS:<\/span><\/h2>\n<p>Voor GLS ParcelPoint bestellingen kunt u op sommige locaties contant en met creditcard betalen (informeer vooraf bij het ParcelPoint). <b>Als u levering aanvraagt bij een GLS ParcelService of GLS ParcelPoint, moet u het adres van de pakketautomaat invoeren in het veld Leveringsadres.<\/b><\/p>\n<ul>\n<li>Wanneer het pakket is verzonden, zal het GLS Courier systeem de ontvanger per e-mail informeren dat het pakket de volgende werkdag zal worden afgeleverd. De e-mail bevat het pakketnummer en het bedrag van het eventuele rembours. Op de ochtend van de dag van levering ontvangt de ontvanger een bericht met het telefoonnummer van de koerier, het telefoonnummer van de GLS Klantenservice en een venster van 3 uur waarin de levering wordt verwacht. In het geval van een mislukte afleverpoging wordt een e-mailbericht naar de ontvanger gestuurd.<\/li>\n<li><b>GLS ParcelSpot zoeken:<\/b> <a href=\"https:\/\/gls-group.com\/HU\/hu\/depo-csomagpont-kereses\" target=\"_blank\" rel=\"noopener noreferrer nofollow\">https:\/\/gls-group.com\/HU\/hu\/depo-csomagpont-kereses<\/a><br \/>\n<b>Levertijd:<\/b> 1-3 werkdagen<br \/>\n<b>Bezorgkosten:<\/b> 1590, - Ft,<br \/>\n<strong>Betaling:<\/strong> Vooruitbetaling (0,- Ft) of Postpaid, wat + 400,- Ft kost<\/li>\n<\/ul>\n<p>Deze prijzen gelden alleen voor leveringen binnen Hongarije. Als je je pakket naar het buitenland wilt verzenden, neem dan voor of na het plaatsen van je bestelling direct per e-mail contact met ons op om te informeren naar de verzendkosten.<\/p>\n<h2><span style=\"color: #008000;\">FOXPOST koeriersdienst:<\/span><\/h2>\n<p>Je kunt ook een Foxpost pakketautomaat in onze winkel aanvragen.<\/p>\n<p style=\"padding-left: 40px;\"><a href=\"https:\/\/foxpost.hu\/csomagautomatak\" target=\"_blank\" rel=\"noopener noreferrer nofollow\" data-saferedirecturl=\"https:\/\/www.google.com\/url?q=https:\/\/foxpost.hu\/csomagautomatak&amp;source=gmail&amp;ust=1709714712502000&amp;usg=AOvVaw1Y_RPFbUPlHU38HiM-T9Re\">https:\/\/foxpost.hu\/<wbr \/>kofferbak<\/a><\/p>\n<p><strong>Als je de levering aanvraagt bij een pakketautomaat van Foxpost, moet je het adres van de pakketautomaat invoeren in het veld Leveradres.<\/strong><\/p>\n<h3>Betaalmethoden:<\/h3>\n<p><strong>Levertijd:<\/strong> 1-3 werkdagen<br \/>\n<strong>Bezorgkosten:<\/strong> 1390, - Ft,<br \/>\n<strong>Betaling:<\/strong> Vooruitbetaling (0, - Ft) of Postpaid, wat +350, - Ft kost.<\/p>\n<h3>Betaalmethoden:<\/h3>\n<h4 style=\"padding-left: 40px;\">Vervolg<\/h4>\n<p>Als je kiest voor de betaalmethode onder rembours, dan wordt de betaling gedaan op het punt van ontvangst (koerier of postpunt\/pakketpunt). Deze betaalmethode brengt administratiekosten met zich mee, dus rekenen we 350 of 400 HUF extra per pakket bovenop de basisbezorgkosten. Als je contant betaalt, houd dan het exacte bedrag bij de hand, want de koerier heeft niet altijd voldoende wisselgeld.<\/p>\n<h4 style=\"padding-left: 40px;\">Bankoverschrijving vooraf<\/h4>\n<p>Als je ervoor kiest om vooraf per bankoverschrijving te betalen, sturen we je na een voorraadcontrole een factuur per e-mail met de benodigde gegevens voor de overschrijving en het definitieve exacte bedrag. Gelieve het aankoopbedrag binnen 72 uur na verzending van de factuur op onze bankrekening over te maken, anders wordt uw bestelling als ongeldig beschouwd. We willen je eraan herinneren om de overschrijving pas te starten nadat de factuur in je mailbox is aangekomen! De gegevens die nodig zijn voor de overschrijving staan op de factuur.<\/p>\n<h4 style=\"padding-left: 40px;\">Let ook op het volgende:<\/h4>\n<p>Je ontvangt per e-mail bericht over de verzending en verwachte aankomst van je pakket, dus controleer na het plaatsen van je bestelling regelmatig je postvak IN om misverstanden of ongemak te voorkomen. Als er iets mis is met je bestelling, neem dan contact met ons op via <a href=\"mailto:vetomshop.hu@gmail.com\" target=\"_blank\" rel=\"noopener\">vetomshop.hu@gmail.com<\/a> bij. Zorg er bij het plaatsen van je bestelling voor dat je je juiste naam, adres, e-mailadres en telefoonnummer opgeeft. De pakketbezorger is mogelijk niet bekend met de plaatselijke bijzonderheden, dus geef indien nodig aanvullende informatie om te helpen bij een succesvolle bezorging. Als de bezorging mislukt door jouw schuld, kunnen we het pakket alleen opnieuw bezorgen nadat je de bezorgkosten opnieuw hebt betaald. Het is belangrijk dat als het pakket zichtbaar beschadigd of open is, je het niet in ontvangst neemt en ons zo snel mogelijk op de hoogte stelt.<\/p>\n<\/div><\/div>\n<div class=\"woocommerce\"><\/div>","protected":false},"excerpt":{"rendered":"Sz\u00e1ll\u00edt\u00e1s \u00e9s fizet\u00e9s Szem\u00e9lyes \u00e1tv\u00e9tel 8112, Zichy\u00fajfalu, Kast\u00e9lykert 1 A szem\u00e9lyes \u00e1tv\u00e9tel ideje: kiz\u00e1r\u00f3lag el\u0151zetes egyeztet\u00e9ssel a k\u00f6vetkez\u0151 el\u00e9rhet\u0151s\u00e9geken Telefon:\u00a0+36305573846 Pap Tam\u00e1s Email-1: infoshop.vetom.magyarorszag@gmail.com Email-2:\u00a0 vetomshop.hu@gmail.com vagy orsz\u00e1gszerte a partnereinkt\u0151l, melyeknek el\u00e9rhet\u0151s\u00e9g\u00fck a weboldalunkon is megtal\u00e1lhat\u00f3 Kisz\u00e1ll\u00edt\u00e1s: \u00c1ruh\u00e1zunkban az al\u00e1bbi kisz\u00e1ll\u00edt\u00e1si \u00e9s fizet\u00e9si lehet\u0151s\u00e9gek k\u00f6z\u00fcl v\u00e1laszthat: GLS fut\u00e1rszolg\u00e1lat \u00e9s Foxpost csomagautomata 30.000 Forint rendel\u00e9si \u00e9rt\u00e9k [...]","protected":false},"author":1,"featured_media":0,"parent":0,"menu_order":0,"comment_status":"closed","ping_status":"closed","template":"","meta":{"footnotes":""},"class_list":["post-389","page","type-page","status-publish","hentry"],"_links":{"self":[{"href":"https:\/\/vetomshop.hu\/nl\/wp-json\/wp\/v2\/pages\/389","targetHints":{"allow":["GET"]}}],"collection":[{"href":"https:\/\/vetomshop.hu\/nl\/wp-json\/wp\/v2\/pages"}],"about":[{"href":"https:\/\/vetomshop.hu\/nl\/wp-json\/wp\/v2\/types\/page"}],"author":[{"embeddable":true,"href":"https:\/\/vetomshop.hu\/nl\/wp-json\/wp\/v2\/users\/1"}],"replies":[{"embeddable":true,"href":"https:\/\/vetomshop.hu\/nl\/wp-json\/wp\/v2\/comments?post=389"}],"version-history":[{"count":0,"href":"https:\/\/vetomshop.hu\/nl\/wp-json\/wp\/v2\/pages\/389\/revisions"}],"wp:attachment":[{"href":"https:\/\/vetomshop.hu\/nl\/wp-json\/wp\/v2\/media?parent=389"}],"curies":[{"name":"wp","href":"https:\/\/api.w.org\/{rel}","templated":true}]}}