{"id":6963,"date":"2025-07-26T15:55:19","date_gmt":"2025-07-26T13:55:19","guid":{"rendered":"https:\/\/vetomshop.hu\/?page_id=6963"},"modified":"2025-08-19T17:23:49","modified_gmt":"2025-08-19T15:23:49","slug":"kenocsok","status":"publish","type":"page","link":"https:\/\/vetomshop.hu\/nl\/kenocsok\/","title":{"rendered":"Glijmiddel"},"content":{"rendered":"<div class=\"wpb-content-wrapper\">\n<div  data-mk-full-width=\"true\" data-mk-full-width-init=\"false\" data-mk-stretch-content=\"true\" class=\"wpb_row vc_row vc_row-fluid jupiter-donut- mk-fullwidth-true  attched-false    vc_custom_1712243783631  equal-columns js-master-row  mk-full-content-true\">\n\t\t\t\t\n<div class=\"vc_col-sm-12 wpb_column column_container  jupiter-donut- _ jupiter-donut-height-full\">\n\t<h2 style=\"font-size: 40px;color: #6d4500;text-align: center\" class=\"vc_custom_heading vc_do_custom_heading wpb_animate_when_almost_visible wpb_fadeInDown fadeInDown\" >Vetom \u2013 Ken\u0151cs\u00f6k \/ Kr\u00e9mek<\/h2>\n\n<div class=\"wpb_row vc_inner vc_row vc_row-fluid jupiter-donut-   attched-false\">\n\t\t\t\t<div class=\"mk-grid\">\n\t\t\t<div class=\"wpb_column vc_column_container vc_col-sm-4\"><div class=\"vc_column-inner\"><div class=\"wpb_wrapper\"><\/div><\/div><\/div><div class=\"wpb_column vc_column_container vc_col-sm-4\"><div class=\"vc_column-inner\"><div class=\"wpb_wrapper\"><div class=\"woocommerce columns-1\"><ul class=\"products columns-1\">\n<li class=\"product type-product post-6957 status-publish first outofstock product_cat-vetom-probiotikumok has-post-thumbnail taxable shipping-taxable purchasable product-type-simple\">\n\t<div class=\"mk-product-warp\"><a href=\"https:\/\/vetomshop.hu\/nl\/product\/bioseptin-probiotikus-kenocs-60-g\/\" class=\"woocommerce-LoopProduct-link woocommerce-loop-product__link\">\t<div class=\"mk-product-thumbnail-warp\">\n\t<img loading=\"lazy\" decoding=\"async\" width=\"300\" height=\"300\" src=\"https:\/\/vetomshop.hu\/wp-content\/uploads\/2025\/07\/bios2-300x300.png\" class=\"attachment-woocommerce_thumbnail size-woocommerce_thumbnail\" alt=\"Bioseptin probiotikus ken\u0151cs &lt;span style=&quot;color:red&quot;&gt;60&lt;\/span&gt; g\" srcset=\"https:\/\/vetomshop.hu\/wp-content\/uploads\/2025\/07\/bios2-300x300.png 300w, https:\/\/vetomshop.hu\/wp-content\/uploads\/2025\/07\/bios2-150x150.png 150w, https:\/\/vetomshop.hu\/wp-content\/uploads\/2025\/07\/bios2-100x100.png 100w, https:\/\/vetomshop.hu\/wp-content\/uploads\/2025\/07\/bios2-266x266.png 266w, https:\/\/vetomshop.hu\/wp-content\/uploads\/2025\/07\/bios2-48x48.png 48w, https:\/\/vetomshop.hu\/wp-content\/uploads\/2025\/07\/bios2.png 600w\" sizes=\"auto, (max-width: 300px) 100vw, 300px\" itemprop=\"image\" \/><img loading=\"lazy\" decoding=\"async\" width=\"600\" height=\"600\" src=\"https:\/\/vetomshop.hu\/wp-content\/uploads\/2025\/07\/bios3.png\" class=\"mk-product-thumbnail-hover\" alt=\"\" srcset=\"https:\/\/vetomshop.hu\/wp-content\/uploads\/2025\/07\/bios3.png 600w, https:\/\/vetomshop.hu\/wp-content\/uploads\/2025\/07\/bios3-300x300.png 300w, https:\/\/vetomshop.hu\/wp-content\/uploads\/2025\/07\/bios3-150x150.png 150w, https:\/\/vetomshop.hu\/wp-content\/uploads\/2025\/07\/bios3-100x100.png 100w\" sizes=\"auto, (max-width: 600px) 100vw, 600px\" itemprop=\"image\" \/>\t<\/div>\n\t<h2 class=\"woocommerce-loop-product__title\">Bioseptin probiotische zalf <span style=\"color:red\">60<\/span> g<\/h2><span class=\"mk-out-of-stock\">Out of Stock<\/span>\n\t<span class=\"price\"><span class=\"woocommerce-Price-amount amount\"><bdi>2 990&nbsp;<span class=\"woocommerce-Price-currencySymbol\">Ft<\/span><\/bdi><\/span><\/span>\n<\/a><a rel=\"nofollow\" href=\"https:\/\/vetomshop.hu\/nl\/product\/bioseptin-probiotikus-kenocs-60-g\/\" data-quantity=\"1\" data-product_id=\"6957\" data-product_sku=\"\" class=\"button product_type_simple\" aria-label=\"Meer informatie over &#039;Bioseptin probiotikus ken\u0151cs 60 g&#039;\" data-success_message=\"\" data-no-translation-aria-label=\"\"><svg  class=\"mk-svg-icon\" data-name=\"mk-moon-search-3\" data-cacheid=\"icon-69f42b7510132\" style=\" height:12px; width: 12px; \"  xmlns=\"http:\/\/www.w3.org\/2000\/svg\" viewbox=\"0 0 512 512\"><path d=\"M496.131 435.698l-121.276-103.147c-12.537-11.283-25.945-16.463-36.776-15.963 28.628-33.534 45.921-77.039 45.921-124.588 0-106.039-85.961-192-192-192-106.038 0-192 85.961-192 192s85.961 192 192 192c47.549 0 91.054-17.293 124.588-45.922-.5 10.831 4.68 24.239 15.963 36.776l103.147 121.276c17.661 19.623 46.511 21.277 64.11 3.678s15.946-46.449-3.677-64.11zm-304.131-115.698c-70.692 0-128-57.308-128-128s57.308-128 128-128 128 57.308 128 128-57.307 128-128 128z\"\/><\/svg><span class=\"button-text\" data-no-translation=\"\" data-trp-gettext=\"\">Lees meer<\/span><\/a><\/div><\/li>\n<\/ul>\n<\/div><\/div><\/div><\/div><div class=\"wpb_column vc_column_container vc_col-sm-4\"><div class=\"vc_column-inner\"><div class=\"wpb_wrapper\"><\/div><\/div><\/div>\t\t\t<\/div>\n\t<\/div>\n\n\n<div class=\"wpb_row vc_inner vc_row vc_row-fluid jupiter-donut-   attched-false   vc_custom_1712248776043\">\n\t\t\t\t<div class=\"mk-grid\">\n\t\t\t<div class=\"disflex wpb_column vc_column_container vc_col-sm-1\/5\"><div class=\"vc_column-inner\"><div class=\"wpb_wrapper\">\n<div id=\"mk-button-2\" class=\"mk-button-container _ jupiter-donut-relative    jupiter-donut-block jupiter-donut-text-center button-size-big\">\n\n\t\n\t\t<a href=\"\/nl\/kapszulas-kiszereles\/\" target=\"_self\" class=\"mk-button js-smooth-scroll mk-button--dimension-double-outline mk-button--size-large mk-button--corner-full_rounded skin-light _ jupiter-donut-relative jupiter-donut-text-center jupiter-donut-font-weight-700 jupiter-donut-no-backface  jupiter-donut-letter-spacing-2 jupiter-donut-inline-block\"><span class=\"double-outline-inside\"><\/span><span class=\"mk-button--text\">Capsule verpakking<\/span><\/a>\n\n\t\n<\/div>\n<\/div><\/div><\/div><div class=\"wpb_column vc_column_container vc_col-sm-1\/5\"><div class=\"vc_column-inner\"><div class=\"wpb_wrapper\">\n<div id=\"mk-button-3\" class=\"mk-button-container _ jupiter-donut-relative    jupiter-donut-block jupiter-donut-text-center button-size-big\">\n\n\t\n\t\t<a href=\"\/nl\/cseppek\/\" target=\"_self\" class=\"mk-button js-smooth-scroll mk-button--dimension-double-outline mk-button--size-large mk-button--corner-full_rounded skin-light _ jupiter-donut-relative jupiter-donut-text-center jupiter-donut-font-weight-700 jupiter-donut-no-backface  jupiter-donut-letter-spacing-2 jupiter-donut-inline-block\"><span class=\"double-outline-inside\"><\/span><span class=\"mk-button--text\">Druppels<\/span><\/a>\n\n\t\n<\/div>\n<\/div><\/div><\/div><div class=\"wpb_column vc_column_container vc_col-sm-1\/5\"><div class=\"vc_column-inner\"><div class=\"wpb_wrapper\">\n<div id=\"mk-button-4\" class=\"mk-button-container _ jupiter-donut-relative    jupiter-donut-block jupiter-donut-text-center button-size-big\">\n\n\t\n\t\t<a href=\"\/nl\/por-kiszereles\/\" target=\"_self\" class=\"mk-button js-smooth-scroll mk-button--dimension-double-outline mk-button--size-large mk-button--corner-full_rounded skin-light _ jupiter-donut-relative jupiter-donut-text-center jupiter-donut-font-weight-700 jupiter-donut-no-backface  jupiter-donut-letter-spacing-2 jupiter-donut-inline-block\"><span class=\"double-outline-inside\"><\/span><span class=\"mk-button--text\">Formulering poeder<\/span><\/a>\n\n\t\n<\/div>\n<\/div><\/div><\/div><div class=\"wpb_column vc_column_container vc_col-sm-1\/5\"><div class=\"vc_column-inner\"><div class=\"wpb_wrapper\">\n<div id=\"mk-button-5\" class=\"mk-button-container _ jupiter-donut-relative    jupiter-donut-block jupiter-donut-text-center button-size-big\">\n\n\t\n\t\t<a href=\"\/nl\/pezsgotabletta\/\" target=\"_self\" class=\"mk-button js-smooth-scroll mk-button--dimension-double-outline mk-button--size-large mk-button--corner-full_rounded skin-light _ jupiter-donut-relative jupiter-donut-text-center jupiter-donut-font-weight-700 jupiter-donut-no-backface  jupiter-donut-letter-spacing-2 jupiter-donut-inline-block\"><span class=\"double-outline-inside\"><\/span><span class=\"mk-button--text\">Champagne tablet<\/span><\/a>\n\n\t\n<\/div>\n<\/div><\/div><\/div><div class=\"wpb_column vc_column_container vc_col-sm-1\/5\"><div class=\"vc_column-inner\"><div class=\"wpb_wrapper\">\n<div id=\"mk-button-6\" class=\"mk-button-container _ jupiter-donut-relative    jupiter-donut-block jupiter-donut-text-center button-size-big\">\n\n\t\n\t\t<a href=\"\/nl\/vetom-mezpaszta\/\" target=\"_self\" class=\"mk-button js-smooth-scroll mk-button--dimension-double-outline mk-button--size-large mk-button--corner-full_rounded skin-light _ jupiter-donut-relative jupiter-donut-text-center jupiter-donut-font-weight-700 jupiter-donut-no-backface  jupiter-donut-letter-spacing-2 jupiter-donut-inline-block\"><span class=\"double-outline-inside\"><\/span><span class=\"mk-button--text\">Probiotische honingcr\u00e8me<\/span><\/a>\n\n\t\n<\/div>\n<\/div><\/div><\/div>\t\t\t<\/div>\n\t<\/div>\n<\/div>\n\t<\/div>\n<div class=\"vc_row-full-width vc_clearfix\"><\/div>\n<\/div>","protected":false},"excerpt":{"rendered":"Vetom \u2013 Ken\u0151cs\u00f6k \/ Kr\u00e9mek Bioseptin probiotikus ken\u0151cs 60 gOut of Stock 2 990&nbsp;&#70;&#116; Lees meer Kapszul\u00e1s kiszerel\u00e9s Cseppek Por kiszerel\u00e9s Pezsg\u0151tabletta Probiotikus m\u00e9zkr\u00e9m","protected":false},"author":104,"featured_media":0,"parent":0,"menu_order":0,"comment_status":"closed","ping_status":"closed","template":"","meta":{"footnotes":""},"class_list":["post-6963","page","type-page","status-publish","hentry"],"_links":{"self":[{"href":"https:\/\/vetomshop.hu\/nl\/wp-json\/wp\/v2\/pages\/6963","targetHints":{"allow":["GET"]}}],"collection":[{"href":"https:\/\/vetomshop.hu\/nl\/wp-json\/wp\/v2\/pages"}],"about":[{"href":"https:\/\/vetomshop.hu\/nl\/wp-json\/wp\/v2\/types\/page"}],"author":[{"embeddable":true,"href":"https:\/\/vetomshop.hu\/nl\/wp-json\/wp\/v2\/users\/104"}],"replies":[{"embeddable":true,"href":"https:\/\/vetomshop.hu\/nl\/wp-json\/wp\/v2\/comments?post=6963"}],"version-history":[{"count":7,"href":"https:\/\/vetomshop.hu\/nl\/wp-json\/wp\/v2\/pages\/6963\/revisions"}],"predecessor-version":[{"id":7056,"href":"https:\/\/vetomshop.hu\/nl\/wp-json\/wp\/v2\/pages\/6963\/revisions\/7056"}],"wp:attachment":[{"href":"https:\/\/vetomshop.hu\/nl\/wp-json\/wp\/v2\/media?parent=6963"}],"curies":[{"name":"wp","href":"https:\/\/api.w.org\/{rel}","templated":true}]}}