{"id":4392,"date":"2023-08-06T13:27:56","date_gmt":"2023-08-06T11:27:56","guid":{"rendered":"https:\/\/vetomshop.hu\/?post_type=product&#038;p=4392"},"modified":"2026-04-12T08:28:06","modified_gmt":"2026-04-12T06:28:06","slug":"komarov-por-etrend-kiegeszito-40-tasak","status":"publish","type":"product","link":"https:\/\/vetomshop.hu\/nl\/product\/komarov-por-etrend-kiegeszito-40-tasak\/","title":{"rendered":"Probiotisch Komarov poeder <span style=\"color: red\">40 tassaq<\/span> (voedingssupplement )"},"content":{"rendered":"<h2><strong>Komarov poeder - 40 sachets (Voedingssupplement)<\/strong><\/h2>\n<p>Natuurlijk probioticum met vitaminen en spirulina - ter ondersteuning van de spijsvertering en het immuunsysteem<\/p>\n<p>Komarov poeder is een complex voedingssupplement met probiotica, voedingsvezels, vitaminen, mineralen en spirulina. De actieve ingredi\u00ebnten ondersteunen het evenwicht van de darmflora, de ontgifting, de stofwisseling en versterken het afweersysteem van het lichaam.<\/p>\n<p>&nbsp;<\/p>\n<h2><strong>Hoofdingredi\u00ebnten:<\/strong><\/h2>\n<p>*Bacillus subtilis VKPM V-10641 (DSM 24613) - nuttige darmbacteri\u00ebn<\/p>\n<p>*Spirulina (blauwgroene algen) - een natuurlijke bron van vitaminen en eiwitten<\/p>\n<p>*Tarwezemelen - een bron van voedingsvezels<\/p>\n<p>*Citroenzuur, natriumchloride - natuurlijke dragers<\/p>\n<p>&nbsp;<\/p>\n<h2><strong>Ook inbegrepen in het product:<\/strong><\/h2>\n<p>*Vitaminen: A, B1, B2, B6, B12, B5, B9, biotine<\/p>\n<p>*Mineralen:calcium, kalium, magnesium, fosfor, ijzer, zink, koper, mangaan, selenium, molybdeen<\/p>\n<p>*onverzadigde vetzuren: linolzuur, linoleenzuur, arachidonzuur<\/p>\n<p>&nbsp;<\/p>\n<h2><strong>Gunstige effecten:<\/strong><\/h2>\n<p>\u2705 Helpt de spijsvertering en een betere opname van voedingsstoffen<\/p>\n<p>Ondersteunt het evenwicht van de darmflora, heeft een ontgiftende werking<\/p>\n<p>\u2705 Versterkt het immuunsysteem, verhoogt de weerstand van het lichaam<\/p>\n<p>Normaliseert de stofwisseling<\/p>\n<p>\u2705 Helpt regeneratieprocessen en kan bijdragen aan de strijd tegen schadelijke cellen<\/p>\n<p>\u2705 Activeert de Krebscyclus (cellulaire energieproductie)<\/p>\n<p>Antibacteri\u00eble, antivirale, schimmelwerende eigenschappen<\/p>\n<p>&nbsp;<\/p>\n<h2><strong>Aanbevolen dosering:<\/strong><\/h2>\n<p>*Voor een gezond lichaam: min. 2-3 zakjes per dag gedurende 10-14 dagen Controleer de reacties van het lichaam tijdens het innemen en verhoog de dosis geleidelijk indien nodig.<\/p>\n<p>* Voor bepaalde ziekten: 7-10 zakjes per dag gedurende 10 dagen.<\/p>\n<p>* 1 portie = 1 zakje<\/p>\n<p>* Het poeder moet oraal worden ingenomen, aanbevolen bij of na de maaltijd. Het is handiger om het per lepel in te nemen, gemengd met yoghurt, zure room of kefir.<\/p>\n<p>&nbsp;<\/p>\n<h2><strong>Belangrijke informatie:<\/strong><\/h2>\n<p>*Geen bijwerkingen, geen overdosering, niet verslavend<\/p>\n<p>*Geen leeftijdsbeperkingen<\/p>\n<p>*Niet innemen met antibiotica of andere probiotica<\/p>\n<p>*Niet aanbevolen bij overgevoeligheid voor \u00e9\u00e9n van de ingredi\u00ebnten<\/p>\n<p>&nbsp;<\/p>\n<h2><strong>Doseren:<\/strong><\/h2>\n<p>40 zakjes van 2,5 g poeder, in gelamineerde verpakking<\/p>\n<p>Gewicht: 0,17 kg<\/p>\n<p>Afmetingen: 18 \u00d7 7 \u00d7 7 cm<\/p>\n<p>Plaats van herkomst: Rusland<\/p>\n<p>&nbsp;<\/p>\n<h2><strong>Opslag:<\/strong><\/h2>\n<p>Bewaren op een droge, koele plaats tussen 0-30 \u00b0C, met een maximale vochtigheid van 75%.<\/p>\n<p>Garantie: 4<strong> jaren vanaf productiedatum<\/strong>.<\/p>\n<p>Plaats van herkomst : <strong>Rusland<\/strong><\/p>","protected":false},"excerpt":{"rendered":"<h5>Bacilus subtilis stam VKPM V 10 641 (DSM 24613)<\/h5>\n<div class=\"plashka\"><strong>Levend materiaal:<\/strong> Tarwezemelen, natriumchloride, blauwgroene alg spirulina, citroenzuur.<br \/>\nPoeder verpakt in een gelamineerd papieren zakje van 2,5 g.<\/div>\n<h5>Toepassing:<\/h5>\n<p>Komarov poeder is een biologisch actieve stof die probiotische micro-organismen, voedingsvezels, vitaminen (<strong>A, B1, B2, B6, B12, B5, B9, biotine<\/strong>), macro- (calcium, magnesium, fosfor, kalium) en micronutri\u00ebnten (ijzer, mangaan, koper, zink, molybdeen, selenium), onverzadigde vetzuren (linolzuur, linoleenzuur, arachidonzuur).<\/p>\n<h6>Kenmerken:<\/h6>\n<ul class=\"vetom-list\">\n<li>Het heeft een hoge antagonistische activiteit tegen pathogene en voorwaardelijk pathogene schimmels en bacteri\u00ebn, antivirale, proteolytische, amy lytische en cellulolytische eigenschappen.<\/li>\n<li>stimuleert cellulaire en humorale factoren van immuniteit<\/li>\n<li>verhoogt de niet-specifieke weerstand van het lichaam<\/li>\n<li>stabiliseert de allergische weerstand<\/li>\n<li>normaliseert de stofwisseling<\/li>\n<li>stimuleert regeneratieprocessen, valt kankercellen en zieke cellen aan en vernietigt ze<\/li>\n<\/ul>","protected":false},"featured_media":5557,"comment_status":"open","ping_status":"closed","template":"","meta":[],"product_brand":[],"product_cat":[22],"product_tag":[],"class_list":{"0":"post-4392","1":"product","2":"type-product","3":"status-publish","4":"has-post-thumbnail","6":"product_cat-vetom-probiotikumok","8":"first","9":"instock","10":"featured","11":"taxable","12":"shipping-taxable","13":"purchasable","14":"product-type-simple"},"_links":{"self":[{"href":"https:\/\/vetomshop.hu\/nl\/wp-json\/wp\/v2\/product\/4392","targetHints":{"allow":["GET"]}}],"collection":[{"href":"https:\/\/vetomshop.hu\/nl\/wp-json\/wp\/v2\/product"}],"about":[{"href":"https:\/\/vetomshop.hu\/nl\/wp-json\/wp\/v2\/types\/product"}],"replies":[{"embeddable":true,"href":"https:\/\/vetomshop.hu\/nl\/wp-json\/wp\/v2\/comments?post=4392"}],"wp:featuredmedia":[{"embeddable":true,"href":"https:\/\/vetomshop.hu\/nl\/wp-json\/wp\/v2\/media\/5557"}],"wp:attachment":[{"href":"https:\/\/vetomshop.hu\/nl\/wp-json\/wp\/v2\/media?parent=4392"}],"wp:term":[{"taxonomy":"product_brand","embeddable":true,"href":"https:\/\/vetomshop.hu\/nl\/wp-json\/wp\/v2\/product_brand?post=4392"},{"taxonomy":"product_cat","embeddable":true,"href":"https:\/\/vetomshop.hu\/nl\/wp-json\/wp\/v2\/product_cat?post=4392"},{"taxonomy":"product_tag","embeddable":true,"href":"https:\/\/vetomshop.hu\/nl\/wp-json\/wp\/v2\/product_tag?post=4392"}],"curies":[{"name":"wp","href":"https:\/\/api.w.org\/{rel}","templated":true}]}}