{"id":4664,"date":"2023-11-11T14:33:45","date_gmt":"2023-11-11T13:33:45","guid":{"rendered":"https:\/\/vetomshop.hu\/termek\/aphrodita-medal\/"},"modified":"2023-11-11T14:33:45","modified_gmt":"2023-11-11T13:33:45","slug":"aphrodita-medal","status":"publish","type":"product","link":"https:\/\/vetomshop.hu\/nl\/product\/aphrodita-medal\/","title":{"rendered":"Aphrodite Hanger"},"content":{"rendered":"<p><strong>Aphrodite hanger<\/strong><\/p>\n<p>Dankzij de BioTrEM technologie is het nu mogelijk om een specifiek spectraal patroon te cre\u00ebren op een speciaal kristal. Wanneer willekeurige energiequanta - zelfs warmte - in contact komen met het oppervlak van het kristal, zendt de generator extreem zwakke signalen uit van het spectrale patroon dat erop is vastgelegd.<br \/>\nOndertussen interageert de elektromagnetische straling van de hanger met het levende organisme.<\/p>\n<div class=\"su-spoiler su-spoiler-style-defoult su-spoiler-icon-caret su-spoiler-closed\" data-scroll-offset=\"0\" data-anchor-in-url=\"no\"><div class=\"su-spoiler-title\" tabindex=\"0\" role=\"button\"><span class=\"su-spoiler-icon\"><\/span>Alle<\/div><div class=\"su-spoiler-content su-u-clearfix su-u-trim\">\n<p>De extreem zwakke tekenen van de APHRODITE hanger stimuleren de synthese van vrouwelijke feromonen, de speciale klieren van het vrouwelijk lichaam produceren intensiever feromonen, androstenol en copuline. Hoe meer feromonen een vrouw produceert, hoe seksueel aantrekkelijker ze is voor mannen. Androstenol zet aan tot communiceren en zorgt ervoor dat anderen je als jonger zien.<\/p>\n<p>Copuline is een vrouwelijk hormoon dat verantwoordelijk is voor seksuele aantrekkelijkheid.<\/p>\n<p>Bij gebruik van de APHRODITE hanger wordt de productie van vrouwelijke feromonen (androstenol en copuline) verhoogd:<\/p>\n<ul>\n<li>de aandacht van mannen trekken,<\/li>\n<li>sympathie opwekken,<\/li>\n<li>gemakkelijker te leren kennen,<\/li>\n<li>meer zakelijk succes behalen, meer zelfvertrouwen krijgen,<\/li>\n<li>cre\u00ebren ze voor hun partner \u201ede enige echte onweerstaanbare persoon\u201d.<\/li>\n<\/ul>\n<p>Androstenol versnelt de ontwikkeling van sympathie, wekt een gevoel van vriendschap op bij de gesprekspartner, cre\u00ebert romantische gevoelens, cre\u00ebert een aura van jeugd en opwinding, hoe oud je ook bent!<\/p>\n<\/div><\/div>","protected":false},"excerpt":{"rendered":"<p>Aphrodita med\u00e1l A BioTrEM-technol\u00f3gi\u00e1nak k\u00f6sz\u00f6nhet\u0151en lehets\u00e9gess\u00e9 v\u00e1lt l\u00e9trehozni a speci\u00e1lis krist\u00e1lyon egy adott term\u00e9szet\u0171 spektr\u00e1lis mint\u00e1t. Amikor tetsz\u0151leges energiakvantumok \u2013 ak\u00e1r h\u0151 &#8211; \u00e9rintkezik a krist\u00e1ly fel\u00fclet\u00e9vel, a gener\u00e1tor a rajta r\u00f6gz\u00edtett spektr\u00e1lis minta extr\u00e9m gyenge jeleit bocs\u00e1jtja ki. Ek\u00f6zben a med\u00e1l elektrom\u00e1gneses sug\u00e1rz\u00e1sa k\u00f6lcs\u00f6nhat\u00e1sba ker\u00fcl az \u00e9l\u0151 szervezettel.<\/p>","protected":false},"featured_media":4663,"comment_status":"open","ping_status":"closed","template":"","meta":[],"product_brand":[],"product_cat":[33,32],"product_tag":[],"class_list":{"0":"post-4664","1":"product","2":"type-product","3":"status-publish","4":"has-post-thumbnail","6":"product_cat-egeszseg-medalok","7":"product_cat-triomed","9":"first","10":"instock","11":"taxable","12":"shipping-taxable","13":"purchasable","14":"product-type-simple"},"_links":{"self":[{"href":"https:\/\/vetomshop.hu\/nl\/wp-json\/wp\/v2\/product\/4664","targetHints":{"allow":["GET"]}}],"collection":[{"href":"https:\/\/vetomshop.hu\/nl\/wp-json\/wp\/v2\/product"}],"about":[{"href":"https:\/\/vetomshop.hu\/nl\/wp-json\/wp\/v2\/types\/product"}],"replies":[{"embeddable":true,"href":"https:\/\/vetomshop.hu\/nl\/wp-json\/wp\/v2\/comments?post=4664"}],"wp:featuredmedia":[{"embeddable":true,"href":"https:\/\/vetomshop.hu\/nl\/wp-json\/wp\/v2\/media\/4663"}],"wp:attachment":[{"href":"https:\/\/vetomshop.hu\/nl\/wp-json\/wp\/v2\/media?parent=4664"}],"wp:term":[{"taxonomy":"product_brand","embeddable":true,"href":"https:\/\/vetomshop.hu\/nl\/wp-json\/wp\/v2\/product_brand?post=4664"},{"taxonomy":"product_cat","embeddable":true,"href":"https:\/\/vetomshop.hu\/nl\/wp-json\/wp\/v2\/product_cat?post=4664"},{"taxonomy":"product_tag","embeddable":true,"href":"https:\/\/vetomshop.hu\/nl\/wp-json\/wp\/v2\/product_tag?post=4664"}],"curies":[{"name":"wp","href":"https:\/\/api.w.org\/{rel}","templated":true}]}}