{"id":4666,"date":"2023-11-11T14:33:45","date_gmt":"2023-11-11T13:33:45","guid":{"rendered":"https:\/\/vetomshop.hu\/termek\/alfa-medal\/"},"modified":"2023-11-11T14:33:45","modified_gmt":"2023-11-11T13:33:45","slug":"alfa-medal","status":"publish","type":"product","link":"https:\/\/vetomshop.hu\/nl\/product\/alfa-medal\/","title":{"rendered":"Alfa-medaille"},"content":{"rendered":"<h4>ALFA Gezondheidsmedaille<\/h4>\n<p><strong>Belangrijkste functies:<\/strong><\/p>\n<p>Het is een aanvullend middel om het functioneren van de psychische en emotionele sfeer te normaliseren, het verbetert de stemming, motivatie en actiebereidheid en vermindert de negatieve effecten van psychische en emotionele stress.<\/p>\n<p><strong>Korte beschrijving:<\/strong><\/p>\n<p>Het informatiesignaal dat is opgenomen op het ALFA Gezondheidsmedaillon komt overeen met de elektromagnetische trilling van het centrum dat de psychische en emotionele sferen reguleert.<br \/>\nHet is algemeen bekend dat de emotionele toestand van een persoon, die afhangt van verschillende externe en interne factoren, wordt gereguleerd door het centrale zenuwstelsel.<\/p>\n<div class=\"su-spoiler su-spoiler-style-defoult su-spoiler-icon-caret su-spoiler-closed\" data-scroll-offset=\"0\" data-anchor-in-url=\"no\"><div class=\"su-spoiler-title\" tabindex=\"0\" role=\"button\"><span class=\"su-spoiler-icon\"><\/span>Alle<\/div><div class=\"su-spoiler-content su-u-clearfix su-u-trim\">\nDe eerste tekenen van stress zijn emotionele spanning, angsten, onrust en verhoogde prikkelbaarheid. Dit kan leiden tot slaapstoornissen, wat resulteert in vermoeidheid, algemene humeurigheid en verminderde cognitieve functies (geheugen, aandacht, denken).<\/p>\n<p>Langdurige psychologische en emotionele problemen hebben een negatieve invloed op de algemene conditie en het reactievermogen van het lichaam. Mensen die chronische psychologische en emotionele stress ervaren, lopen meer kans om verkouden te worden, terug te vallen op reeds bestaande chronische ziekten (ischemische hartaandoeningen, aandoeningen van de alvleesklier, blaasontsteking, pyelonefritis, adnexitis, prostatitis, enz.).<\/p>\n<p>Stressfactoren zijn de oorzaak van klassieke psychosomatische ziekten zoals hypertensie, bronchiale astma, maagzweren, duodenale zweren, allergische huidziekten (eczeem, neurodermitis) en andere, waaronder visuele en auditieve beperkingen.<\/p>\n<p><strong>Wanneer gebruik je de ALFA Gezondheidsmedaille?<\/strong><\/p>\n<p>Het apparaat heeft een positief effect op de functionele werking van het lichaam. Het kan worden gebruikt als een optimaliserend en corrigerend hulpmiddel in combinatie met andere methoden om ziekten te voorkomen en te behandelen:<\/p>\n<ul>\n<li>agitatie, neurasthenie, aanpassingsproblemen, gepaard met een disharmonische emotionele toestand,<\/li>\n<li>een functiestoornis van het zenuwstelsel, die gepaard gaat met mentale vermoeidheid, prikkelbaarheid, vertraging en verlies van denkkwaliteit,<\/li>\n<li>slapeloosheid veroorzaakt door paniekaanvallen,<\/li>\n<li>in de begin- en recidiefase van psychosomatische ziekten (bronchiale astma, gevoelig darmsyndroom - IBS, ischemische hartziekte, hypertensie, huid- en andere ziekten),<\/li>\n<li>symptomen van chronische psychologische en emotionele stress.<\/li>\n<\/ul>\n<p>Attentie, belangrijk!<\/p>\n<p>Raadpleeg een arts bij een duidelijk verminderd humeur, emotionele instabiliteit en prikkelbaarheid, aanhoudende slapeloosheid die niet overgaat. Gebruik naast de voorgeschreven behandeling ook de ALFA Health Medal om de effectiviteit van de behandeling en het herstelvermogen van het lichaam te versterken.<br \/>\n<\/div><\/div>","protected":false},"excerpt":{"rendered":"<p>ALFA Eg\u00e9szs\u00e9g Med\u00e1l F\u0151 funkci\u00f3i: Kieg\u00e9sz\u00edt\u0151 eszk\u00f6z a pszich\u00e9s \u00e9s \u00e9rzelmi szf\u00e9ra m\u0171k\u00f6d\u00e9s\u00e9nek normaliz\u00e1l\u00e1s\u00e1ra, hangulatjav\u00edt\u00f3, motiv\u00e1ci\u00f3 \u00e9s cselekv\u0151k\u00e9pess\u00e9g n\u00f6vel\u0151, cs\u00f6kkenti a pszich\u00e9s \u00e9s \u00e9rzelmi stressz \u00e1ldatlan hat\u00e1sait. R\u00f6vid ismertet\u0151: Az inform\u00e1ci\u00f3s jel, mely az ALFA Eg\u00e9szs\u00e9g Med\u00e1lra r\u00f6gz\u00edt\u00e9sre ker\u00fclt, megfelel a pszich\u00e9s \u00e9s \u00e9rzelmi szf\u00e9r\u00e1kat szab\u00e1lyoz\u00f3 k\u00f6zpont elektrom\u00e1gneses rezg\u00e9s\u00e9nek. K\u00f6ztudott, hogy az ember \u00e9rzelmi \u00e1llapota, [&hellip;]<\/p>\n","protected":false},"featured_media":4665,"comment_status":"open","ping_status":"closed","template":"","meta":[],"product_brand":[],"product_cat":[33,32],"product_tag":[],"class_list":{"0":"post-4666","1":"product","2":"type-product","3":"status-publish","4":"has-post-thumbnail","6":"product_cat-egeszseg-medalok","7":"product_cat-triomed","9":"first","10":"instock","11":"taxable","12":"shipping-taxable","13":"purchasable","14":"product-type-simple"},"_links":{"self":[{"href":"https:\/\/vetomshop.hu\/nl\/wp-json\/wp\/v2\/product\/4666","targetHints":{"allow":["GET"]}}],"collection":[{"href":"https:\/\/vetomshop.hu\/nl\/wp-json\/wp\/v2\/product"}],"about":[{"href":"https:\/\/vetomshop.hu\/nl\/wp-json\/wp\/v2\/types\/product"}],"replies":[{"embeddable":true,"href":"https:\/\/vetomshop.hu\/nl\/wp-json\/wp\/v2\/comments?post=4666"}],"wp:featuredmedia":[{"embeddable":true,"href":"https:\/\/vetomshop.hu\/nl\/wp-json\/wp\/v2\/media\/4665"}],"wp:attachment":[{"href":"https:\/\/vetomshop.hu\/nl\/wp-json\/wp\/v2\/media?parent=4666"}],"wp:term":[{"taxonomy":"product_brand","embeddable":true,"href":"https:\/\/vetomshop.hu\/nl\/wp-json\/wp\/v2\/product_brand?post=4666"},{"taxonomy":"product_cat","embeddable":true,"href":"https:\/\/vetomshop.hu\/nl\/wp-json\/wp\/v2\/product_cat?post=4666"},{"taxonomy":"product_tag","embeddable":true,"href":"https:\/\/vetomshop.hu\/nl\/wp-json\/wp\/v2\/product_tag?post=4666"}],"curies":[{"name":"wp","href":"https:\/\/api.w.org\/{rel}","templated":true}]}}