{"id":4670,"date":"2023-11-11T14:33:46","date_gmt":"2023-11-11T13:33:46","guid":{"rendered":"https:\/\/vetomshop.hu\/termek\/antivir-medal\/"},"modified":"2023-11-11T14:33:46","modified_gmt":"2023-11-11T13:33:46","slug":"antivir-medal","status":"publish","type":"product","link":"https:\/\/vetomshop.hu\/nl\/product\/antivir-medal\/","title":{"rendered":"Antivir medaille"},"content":{"rendered":"<h4>Antivir medaille<\/h4>\n<p>Influenza is een ziekte die wordt veroorzaakt door het influenzavirus, dat altijd wordt veroorzaakt door een type influenzavirus. Influenza A en B zijn de twee typen influenzavirussen die mensen in grote aantallen ziek kunnen maken. De A-virussen kunnen worden onderverdeeld in subtypes op basis van de eiwitten op hun oppervlak (hemagglutinine - H en neuraminidase - N), waarvan de H1N1- en H3N2-virussen sinds 1977 het meest voorkomen. B-virussen veroorzaken minder vaak ernstige ziekte. Influenzavirussen veranderen en muteren snel, waardoor nieuwe subtypes ontstaan. Bescherming tegen het ene subtype biedt weinig of geen bescherming tegen het andere, wat de seizoensgebonden epidemie\u00ebn verklaart die elk jaar voorkomen, meestal in de winter.<\/p>\n<div class=\"su-spoiler su-spoiler-style-defoult su-spoiler-icon-caret su-spoiler-closed\" data-scroll-offset=\"0\" data-anchor-in-url=\"no\"><div class=\"su-spoiler-title\" tabindex=\"0\" role=\"button\"><span class=\"su-spoiler-icon\"><\/span>Alle<\/div><div class=\"su-spoiler-content su-u-clearfix su-u-trim\">\n<p>De griepsymptomen lijken veel op die van een gewone verkoudheid, maar de ziekte is ernstiger. Het gaat meestal gepaard met hoge koorts, hoofdpijn, spierpijn, droge hoest, lusteloosheid en zwakte. Keelpijn komt zelden voor en slechts in 30-50% gevallen is er sprake van een loopneus en verstopte neus. Complicaties zijn vooral gevaarlijk bij jonge kinderen, ouderen en chronisch zieken.<\/p>\n<p>Daarom is het belangrijk om de weerstand van het lichaam te verhogen.<\/p>\n<p><strong>Voor wie is het geschikt?<\/strong><\/p>\n<ul>\n<li>Voor iedereen die zijn veerkracht wil verbeteren,<\/li>\n<li>die tot de risicogroep voor het griepvirus behoren,<\/li>\n<li>die veel over de wereld reizen of het openbaar vervoer gebruiken,<\/li>\n<li>Ze zijn constant in de gemeenschap en werken met mensen.<\/li>\n<\/ul>\n<p><strong>Attentie, belangrijk!<\/strong><\/p>\n<p>Raadpleeg een arts als u een infectie met het influenzavirus hebt, ziek bent, koorts hebt of als u zich onwel voelt. Gebruik de Triomed Antiviral Medal samen met de voorgeschreven behandeling.<br \/>\nKinderen jonger dan 6 jaar alleen gebruiken onder ouderlijk toezicht!<\/p>\n<\/div><\/div>","protected":false},"excerpt":{"rendered":"<p>Antivir Med\u00e1l Az influenza v\u00edrus okozta betegs\u00e9g, k\u00f3rokoz\u00f3ja mindig az influenza v\u00edrus valamelyik fajt\u00e1ja. Az influenza A \u00e9s B az a k\u00e9t t\u00edpusa az influenza v\u00edrusoknak, amely nagysz\u00e1mbanbeteg\u00edthet meg embereket. Az A v\u00edrusokat a fel\u00fclet\u00fck\u00f6n elhelyezked\u0151 feh\u00e9rj\u00e9k (a haemaglutinin -H \u00e9s a neuraminidase \u2013 N) alapj\u00e1n alt\u00edpusokra lehet bontani, ezek k\u00f6z\u00fcl 1977 \u00f3ta t\u00f6bbnyire a [&hellip;]<\/p>\n","protected":false},"featured_media":4669,"comment_status":"open","ping_status":"closed","template":"","meta":[],"product_brand":[],"product_cat":[33,32],"product_tag":[],"class_list":{"0":"post-4670","1":"product","2":"type-product","3":"status-publish","4":"has-post-thumbnail","6":"product_cat-egeszseg-medalok","7":"product_cat-triomed","9":"first","10":"instock","11":"taxable","12":"shipping-taxable","13":"purchasable","14":"product-type-simple"},"_links":{"self":[{"href":"https:\/\/vetomshop.hu\/nl\/wp-json\/wp\/v2\/product\/4670","targetHints":{"allow":["GET"]}}],"collection":[{"href":"https:\/\/vetomshop.hu\/nl\/wp-json\/wp\/v2\/product"}],"about":[{"href":"https:\/\/vetomshop.hu\/nl\/wp-json\/wp\/v2\/types\/product"}],"replies":[{"embeddable":true,"href":"https:\/\/vetomshop.hu\/nl\/wp-json\/wp\/v2\/comments?post=4670"}],"wp:featuredmedia":[{"embeddable":true,"href":"https:\/\/vetomshop.hu\/nl\/wp-json\/wp\/v2\/media\/4669"}],"wp:attachment":[{"href":"https:\/\/vetomshop.hu\/nl\/wp-json\/wp\/v2\/media?parent=4670"}],"wp:term":[{"taxonomy":"product_brand","embeddable":true,"href":"https:\/\/vetomshop.hu\/nl\/wp-json\/wp\/v2\/product_brand?post=4670"},{"taxonomy":"product_cat","embeddable":true,"href":"https:\/\/vetomshop.hu\/nl\/wp-json\/wp\/v2\/product_cat?post=4670"},{"taxonomy":"product_tag","embeddable":true,"href":"https:\/\/vetomshop.hu\/nl\/wp-json\/wp\/v2\/product_tag?post=4670"}],"curies":[{"name":"wp","href":"https:\/\/api.w.org\/{rel}","templated":true}]}}