{"id":4678,"date":"2023-11-11T14:33:47","date_gmt":"2023-11-11T13:33:47","guid":{"rendered":"https:\/\/vetomshop.hu\/termek\/breath-szello-medal\/"},"modified":"2025-04-12T11:52:17","modified_gmt":"2025-04-12T09:52:17","slug":"breath-szello-medal","status":"publish","type":"product","link":"https:\/\/vetomshop.hu\/nl\/product\/breath-szello-medal\/","title":{"rendered":"Adem\/Kracht Hanger"},"content":{"rendered":"<h4>Adem - Adem Gezondheidshanger<\/h4>\n<p><strong>Belangrijkste functie<\/strong><br \/>\nOndersteunen van de preventie en behandeling van ademhalingsziekten, versnellen van het herstelproces na ziekten en aanvullende behandeling van ademhalingsziekten.<\/p>\n<div class=\"su-spoiler su-spoiler-style-defoult su-spoiler-icon-caret su-spoiler-closed\" data-scroll-offset=\"0\" data-anchor-in-url=\"no\"><div class=\"su-spoiler-title\" tabindex=\"0\" role=\"button\"><span class=\"su-spoiler-icon\"><\/span>Alle<\/div><div class=\"su-spoiler-content su-u-clearfix su-u-trim\">\n<strong>Ondersteund door:<\/strong><\/p>\n<ul>\n<li>normaliseert de bloedsomloop, het immuunsysteem en het ademhalingsmetabolisme, waardoor ziekten worden voorkomen, - verbetert de gasuitwisseling,<\/li>\n<li>vermindert het risico op ontstekingsprocessen en verstopping van de luchtwegen,<\/li>\n<li>ondersteunt het loslaten van spasmodische processen in het ademhalingssysteem,<\/li>\n<li>ondersteunt het reinigingsproces,<\/li>\n<li>ondersteunt de preventie van pneumosclerose.<\/li>\n<\/ul>\n<\/div><\/div>","protected":false},"excerpt":{"rendered":"<p>Breath \u2013 Szell\u0151 Eg\u00e9szs\u00e9g Med\u00e1l F\u0151 funkci\u00f3 A l\u00e9g\u00fati betegs\u00e9gek megel\u0151z\u00e9s\u00e9nek \u00e9s kezel\u00e9s\u00e9nek t\u00e1mogat\u00e1sa, a betegs\u00e9gek ut\u00e1ni regener\u00e1ci\u00f3s folyamatok gyors\u00edt\u00e1sa, a l\u00e9g\u00fati betegs\u00e9gek kieg\u00e9sz\u00edt\u0151 kezel\u00e9se.<\/p>","protected":false},"featured_media":4677,"comment_status":"open","ping_status":"closed","template":"","meta":[],"product_brand":[],"product_cat":[33,32],"product_tag":[],"class_list":{"0":"post-4678","1":"product","2":"type-product","3":"status-publish","4":"has-post-thumbnail","6":"product_cat-egeszseg-medalok","7":"product_cat-triomed","9":"first","10":"instock","11":"taxable","12":"shipping-taxable","13":"purchasable","14":"product-type-simple"},"_links":{"self":[{"href":"https:\/\/vetomshop.hu\/nl\/wp-json\/wp\/v2\/product\/4678","targetHints":{"allow":["GET"]}}],"collection":[{"href":"https:\/\/vetomshop.hu\/nl\/wp-json\/wp\/v2\/product"}],"about":[{"href":"https:\/\/vetomshop.hu\/nl\/wp-json\/wp\/v2\/types\/product"}],"replies":[{"embeddable":true,"href":"https:\/\/vetomshop.hu\/nl\/wp-json\/wp\/v2\/comments?post=4678"}],"wp:featuredmedia":[{"embeddable":true,"href":"https:\/\/vetomshop.hu\/nl\/wp-json\/wp\/v2\/media\/4677"}],"wp:attachment":[{"href":"https:\/\/vetomshop.hu\/nl\/wp-json\/wp\/v2\/media?parent=4678"}],"wp:term":[{"taxonomy":"product_brand","embeddable":true,"href":"https:\/\/vetomshop.hu\/nl\/wp-json\/wp\/v2\/product_brand?post=4678"},{"taxonomy":"product_cat","embeddable":true,"href":"https:\/\/vetomshop.hu\/nl\/wp-json\/wp\/v2\/product_cat?post=4678"},{"taxonomy":"product_tag","embeddable":true,"href":"https:\/\/vetomshop.hu\/nl\/wp-json\/wp\/v2\/product_tag?post=4678"}],"curies":[{"name":"wp","href":"https:\/\/api.w.org\/{rel}","templated":true}]}}