{"id":4690,"date":"2023-11-11T14:33:49","date_gmt":"2023-11-11T13:33:49","guid":{"rendered":"https:\/\/vetomshop.hu\/termek\/elast-medal\/"},"modified":"2023-11-11T14:33:49","modified_gmt":"2023-11-11T13:33:49","slug":"elast-medal","status":"publish","type":"product","link":"https:\/\/vetomshop.hu\/nl\/product\/elast-medal\/","title":{"rendered":"Elast medaille"},"content":{"rendered":"<p>Complementair hulpmiddel voor de preventie en behandeling van bandaandoeningen, activering van regeneratieprocessen en complementaire behandeling van chronische bandaandoeningen.<\/p>\n<p>Het effect van de \u201eELAST\u201d Medal is gericht op het herstellen van normale stofwisselingsprocessen in de cellen en weefsels van de ligamenten, waardoor het verouderingsproces wordt vertraagd.<\/p>\n<p>Dit hulpmiddel heeft een positieve invloed op de toestand van lichaamsfuncties en kan in combinatie met andere methoden worden gebruikt als hulpmiddel voor optimalisatie en correctie:<\/p>\n<ul>\n<li>verhoogt de flexibiliteit van ligamenten en vergroot de amplitude van gewrichtsbeweging als reactie op leeftijdgerelateerde veranderingen<\/li>\n<li>vermindert de kans op letsel aan pezen en ligamenten<\/li>\n<li>verkorten van de genezingstijd na beschadiging van ligamenten (verstuikingen, scheuren)<\/li>\n<li>vertragen van leeftijdgerelateerde veranderingen in gewrichten<\/li>\n<li>versterking van de ligamenten van inwendige organen, om verzakking te voorkomen (baarmoeder, darmen, nieren, maag)<\/li>\n<\/ul>\n<div class=\"su-spoiler su-spoiler-style-defoult su-spoiler-icon-caret su-spoiler-closed\" data-scroll-offset=\"0\" data-anchor-in-url=\"no\"><div class=\"su-spoiler-title\" tabindex=\"0\" role=\"button\"><span class=\"su-spoiler-icon\"><\/span>Alle<\/div><div class=\"su-spoiler-content su-u-clearfix su-u-trim\">\n<strong>Effecten:<\/strong><\/p>\n<ul>\n<li>herstel van stofwisselingsprocessen in het bindweefsel van gewrichten en inwendige organen, waaronder contractuur bij Dupuytren (contractuur: verkorting van pezen en\/of spieren, krimpen waardoor vervorming en\/of beklemming optreedt)<\/li>\n<li>vertragen van \u201eleeftijdgerelateerde\u201d veranderingen in het bewegingsapparaat<\/li>\n<li>verbetert de flexibiliteit van spieren en ligamenten<\/li>\n<li>versnelt het herstel na verwondingen en chirurgische ingrepen en voorkomt de vorming van ruwe littekens.<\/li>\n<\/ul>\n<\/div><\/div>","protected":false},"excerpt":{"rendered":"<p>Kieg\u00e9sz\u00edt\u0151 eszk\u00f6z a ligamentum betegs\u00e9geinek megel\u0151z\u00e9s\u00e9re \u00e9s kezel\u00e9s\u00e9re, regener\u00e1ci\u00f3s folyamatok aktiv\u00e1l\u00e1s\u00e1ra \u00e9s a ligamentum kr\u00f3nikus betegs\u00e9geinek kieg\u00e9sz\u00edt\u0151 kezel\u00e9s\u00e9re. A &#8222;ELAST&#8221; Med\u00e1l hat\u00e1sa a norm\u00e1lis anyagcsere-folyamatok helyre\u00e1ll\u00edt\u00e1s\u00e1ra ir\u00e1nyul a ligamentumok sejtjeiben \u00e9s sz\u00f6veteiben, lass\u00edtva az \u00f6reged\u00e9si folyamatokat is. Ez az eszk\u00f6z pozit\u00edv hat\u00e1ssal van a testfunkci\u00f3k \u00e1llapot\u00e1ra, az optimaliz\u00e1l\u00e1s \u00e9s korrekci\u00f3 eszk\u00f6zek\u00e9nt haszn\u00e1lhat\u00f3 egy\u00e9b m\u00f3dszerekkel is [&hellip;]<\/p>\n","protected":false},"featured_media":4689,"comment_status":"open","ping_status":"closed","template":"","meta":[],"product_brand":[],"product_cat":[33,32],"product_tag":[],"class_list":{"0":"post-4690","1":"product","2":"type-product","3":"status-publish","4":"has-post-thumbnail","6":"product_cat-egeszseg-medalok","7":"product_cat-triomed","9":"first","10":"instock","11":"taxable","12":"shipping-taxable","13":"purchasable","14":"product-type-simple"},"_links":{"self":[{"href":"https:\/\/vetomshop.hu\/nl\/wp-json\/wp\/v2\/product\/4690","targetHints":{"allow":["GET"]}}],"collection":[{"href":"https:\/\/vetomshop.hu\/nl\/wp-json\/wp\/v2\/product"}],"about":[{"href":"https:\/\/vetomshop.hu\/nl\/wp-json\/wp\/v2\/types\/product"}],"replies":[{"embeddable":true,"href":"https:\/\/vetomshop.hu\/nl\/wp-json\/wp\/v2\/comments?post=4690"}],"wp:featuredmedia":[{"embeddable":true,"href":"https:\/\/vetomshop.hu\/nl\/wp-json\/wp\/v2\/media\/4689"}],"wp:attachment":[{"href":"https:\/\/vetomshop.hu\/nl\/wp-json\/wp\/v2\/media?parent=4690"}],"wp:term":[{"taxonomy":"product_brand","embeddable":true,"href":"https:\/\/vetomshop.hu\/nl\/wp-json\/wp\/v2\/product_brand?post=4690"},{"taxonomy":"product_cat","embeddable":true,"href":"https:\/\/vetomshop.hu\/nl\/wp-json\/wp\/v2\/product_cat?post=4690"},{"taxonomy":"product_tag","embeddable":true,"href":"https:\/\/vetomshop.hu\/nl\/wp-json\/wp\/v2\/product_tag?post=4690"}],"curies":[{"name":"wp","href":"https:\/\/api.w.org\/{rel}","templated":true}]}}