{"id":4704,"date":"2023-11-11T14:33:52","date_gmt":"2023-11-11T13:33:52","guid":{"rendered":"https:\/\/vetomshop.hu\/termek\/nefron-medal\/"},"modified":"2023-11-11T14:33:52","modified_gmt":"2023-11-11T13:33:52","slug":"nefron-medal","status":"publish","type":"product","link":"https:\/\/vetomshop.hu\/nl\/product\/nefron-medal\/","title":{"rendered":"Nefron medaille"},"content":{"rendered":"<h4>Nefron Gezondheidsmedaille<\/h4>\n<p><strong>Belangrijkste functie:<\/strong><\/p>\n<p>Ondersteunt de werking van de nieren en urinewegen, bevordert regulerende en regeneratieve processen.<\/p>\n<p><strong>Ondersteund door:<\/strong><\/p>\n<ul>\n<li>verbeterde bloedcirculatie en stofwisseling in de urinewegen.<\/li>\n<li>reabsorptie, filtratie, ionenregulatie, ontgifting, metabolische processen<\/li>\n<li>herstel en regeneratie van urineweefsels,<\/li>\n<li>Pijn verlichten, spasmen verlichten, ontstekingen verminderen,<\/li>\n<li>preventie van sclerotische laesies van de nier.<\/li>\n<\/ul>\n<p><strong>Wanneer kan de Nefron Health Pendant worden gebruikt?<\/strong><\/p>\n<p>Het apparaat heeft een positief effect op het functioneel functioneren van het lichaam, het kan worden gebruikt als een aanvullend apparaat voor het optimaliseren en corrigeren van het functioneel functioneren van het lichaam, voor de preventie en aanvullende behandeling van de volgende ziekten:<\/p>\n<ul>\n<li>acute en chronische ontstekingsziekten van de nieren, blaas en urinewegen,<\/li>\n<li>stofwisselingsstoornissen (waaronder niersteenziekte),<\/li>\n<li>systemische auto-immuunziekten die leiden tot nierschade,<\/li>\n<li>auto-immuunziekte van de nieren,<\/li>\n<li>toxische effecten op de nieren,<\/li>\n<li>sclerotische laesies in de nieren (nefrosclerose) als gevolg van diabetes, arteri\u00eble hypertensie, enz.<\/li>\n<\/ul>","protected":false},"excerpt":{"rendered":"<p>Nefron Eg\u00e9szs\u00e9g Med\u00e1l F\u0151 funkci\u00f3ja: A vese \u00e9s a h\u00fagyutak m\u0171k\u00f6d\u00e9s\u00e9nek t\u00e1mogat\u00e1sa, a szab\u00e1lyz\u00f3 \u00e9s regener\u00e1ci\u00f3s folyamatok el\u0151seg\u00edt\u00e9se. T\u00e1mogatja: a h\u00fagyutak v\u00e9rkering\u00e9s\u00e9nek javul\u00e1s\u00e1t \u00e9s anyagcser\u00e9j\u00e9t. a reabszorbci\u00f3t, a sz\u0171r\u00e9st, az ionszab\u00e1lyoz\u00e1st, a m\u00e9regtelen\u00edt\u00e9st, a metabolikus folyamatokat a h\u00fagyuti sz\u00f6vetek repar\u00e1ci\u00f3j\u00e1t \u00e9s regener\u00e1ci\u00f3j\u00e1t, a f\u00e1jdalomcsillap\u00edt\u00e1st, a g\u00f6rcsold\u00e1st, a gyullad\u00e1sok cs\u00f6kkent\u00e9s\u00e9t, a vese szklerotikus elv\u00e1ltoz\u00e1sainak megel\u0151z\u00e9s\u00e9t. Mikor [&hellip;]<\/p>\n","protected":false},"featured_media":4703,"comment_status":"open","ping_status":"closed","template":"","meta":[],"product_brand":[],"product_cat":[33,32],"product_tag":[],"class_list":{"0":"post-4704","1":"product","2":"type-product","3":"status-publish","4":"has-post-thumbnail","6":"product_cat-egeszseg-medalok","7":"product_cat-triomed","9":"first","10":"instock","11":"taxable","12":"shipping-taxable","13":"purchasable","14":"product-type-simple"},"_links":{"self":[{"href":"https:\/\/vetomshop.hu\/nl\/wp-json\/wp\/v2\/product\/4704","targetHints":{"allow":["GET"]}}],"collection":[{"href":"https:\/\/vetomshop.hu\/nl\/wp-json\/wp\/v2\/product"}],"about":[{"href":"https:\/\/vetomshop.hu\/nl\/wp-json\/wp\/v2\/types\/product"}],"replies":[{"embeddable":true,"href":"https:\/\/vetomshop.hu\/nl\/wp-json\/wp\/v2\/comments?post=4704"}],"wp:featuredmedia":[{"embeddable":true,"href":"https:\/\/vetomshop.hu\/nl\/wp-json\/wp\/v2\/media\/4703"}],"wp:attachment":[{"href":"https:\/\/vetomshop.hu\/nl\/wp-json\/wp\/v2\/media?parent=4704"}],"wp:term":[{"taxonomy":"product_brand","embeddable":true,"href":"https:\/\/vetomshop.hu\/nl\/wp-json\/wp\/v2\/product_brand?post=4704"},{"taxonomy":"product_cat","embeddable":true,"href":"https:\/\/vetomshop.hu\/nl\/wp-json\/wp\/v2\/product_cat?post=4704"},{"taxonomy":"product_tag","embeddable":true,"href":"https:\/\/vetomshop.hu\/nl\/wp-json\/wp\/v2\/product_tag?post=4704"}],"curies":[{"name":"wp","href":"https:\/\/api.w.org\/{rel}","templated":true}]}}