{"id":4710,"date":"2023-11-11T14:33:53","date_gmt":"2023-11-11T13:33:53","guid":{"rendered":"https:\/\/vetomshop.hu\/termek\/prunus-cerasus-meggy-medal\/"},"modified":"2023-11-11T14:33:53","modified_gmt":"2023-11-11T13:33:53","slug":"prunus-cerasus-meggy-medal","status":"publish","type":"product","link":"https:\/\/vetomshop.hu\/nl\/product\/prunus-cerasus-meggy-medal\/","title":{"rendered":"Prunus cerasus - Meggy Hanger"},"content":{"rendered":"<h4>Prunus cerasus - Meggy Medal-Streptococcus, Staphylococcus voor aanvullende behandeling van infecties<\/h4>\n<p>Streptococcus pyogenes, ook bekend als type A streptokok, is een zeer veel voorkomende bacterie: bijna niemand heeft ooit keelpijn gehad zonder deze meestal onschadelijke bacterie die zich in de keel nestelt. Maar dezelfde keelbacterie is ook de oorzaak van roodvonk, een kinderziekte met koorts en uitslag over het hele lichaam, door zijn gifstoffen die in de bloedbaan worden uitgescheiden. Langdurige onbehandelde streptokokkeninfecties kunnen zelfs leiden tot reumatische koorts, een ernstige ziekte die de gewrichten en het hart aantast.<\/p>\n<p>Staphylococcus aureus is een veel voorkomende bacterie die op bijna al onze huid voorkomt en is een van de veroorzakers van puistige acne en puisten. Hoewel deze huidlaesies in het beste geval als onaangenaam kunnen worden beschouwd, kunnen hardnekkige huidaandoeningen, vooral bij kinderen, zoals steenpuisten of abcessen op verschillende lichaamsdelen ernstige problemen veroorzaken, om nog maar te zwijgen van ernstige en mogelijk dodelijke infecties zoals longontsteking, meningitis, osteomyelitis of pericarditis. Stafylokokken, die meestal onze huid koloniseren, kunnen dit allemaal veroorzaken als ze de kans krijgen.<\/p>\n<div class=\"su-spoiler su-spoiler-style-defoult su-spoiler-icon-caret su-spoiler-closed\" data-scroll-offset=\"0\" data-anchor-in-url=\"no\"><div class=\"su-spoiler-title\" tabindex=\"0\" role=\"button\"><span class=\"su-spoiler-icon\"><\/span>Alle<\/div><div class=\"su-spoiler-content su-u-clearfix su-u-trim\">\n<h5>Wat kunnen alledaagse microben op de verkeerde plaats veroorzaken?<\/h5>\n<p>De les is dat een schijnbaar onschadelijke bacterie slechts relatief onschadelijk is totdat hij zich op een plaats bevindt waar hij niets te zoeken heeft: vooral in diepe weefsels en op een plek waar hij niet thuishoort.<br \/>\nin de bloedbaan. Als Streptococcen of stafylokokken bijvoorbeeld via een laesie in het onderhuidse weefsel terechtkomen, kunnen ze zich razendsnel en destructief verspreiden langs het bindweefsel dat spieren en zenuwen omhult. Een prik met een naald, een insectenbeet, een kneuzing kan al voldoende zijn om ze door de huid te krijgen - het hoeft niet catastrofaal te zijn, een nauwelijks zichtbaar wondje is al voldoende. Er is een verhoogd risico als de huid al beschadigd is - bijvoorbeeld na een operatie, een acute huiduitslag door een virusinfectie of als complicatie van diabetes - of als het immuunsysteem verzwakt is.<\/p>\n<h5>\u201eEet de vleesetende bacterie \u201dvlees\"?<\/h5>\n<p>\u201eVleesetende bacteri\u00ebn\u201d vormen geen angstaanjagende en exotische groep ziekteverwekkers: in de meeste gevallen zijn gewone microben, verkeerd geplaatst, de oorzaak van ernstige<br \/>\neen proces waarbij weefsel wordt vernietigd dat een directe bedreiging vormt voor het leven.<\/p>\n<h5>Hoe werkt het proces?<\/h5>\n<p>De \u201evleesetende infectie\u201d, formeel bekend als necrotiserende fasciitis (necrotiserende fasciitis), begint met weinig kenmerkende symptomen: zwelling, roodheid, pijn en mogelijk blaarvorming in het getroffen gebied. Aangezien het proces diepgeworteld is, is er tegen de tijd dat de paarsachtig verkleurde gebieden van de huid, de bloederige blaren, zijn gevormd, al sprake van massale vernietiging van de onderhuidse weke delen.<\/p>\n<\/div><\/div>","protected":false},"excerpt":{"rendered":"<p>Prunus cerasus \u2013 Meggy Med\u00e1l-Streptococcus, Staphylococcus fert\u0151z\u00e9sek kieg\u00e9sz\u00edt\u0151 kezel\u00e9s\u00e9re A Streptococcus pyogenes, m\u00e1s nev\u00e9n az A-t\u00edpus\u00fa sztreptokokkusz rendk\u00edv\u00fcl k\u00f6z\u00f6ns\u00e9ges bakt\u00e9rium: aligha akad, akinek ne okozott volna m\u00e9g torokf\u00e1j\u00e1st ez a garatban megteleped\u0151, jobb\u00e1ra \u00e1rtalmatlan k\u00f3rokoz\u00f3. \u00c1m ugyanez a toroklak\u00f3 bakt\u00e9rium &#8211; a v\u00e9r\u00e1ramba kiv\u00e1lasztott m\u00e9reganyagai r\u00e9v\u00e9n &#8211; a skarl\u00e1t, a l\u00e1zzal \u00e9s a teljes testet [&hellip;]<\/p>\n","protected":false},"featured_media":4709,"comment_status":"open","ping_status":"closed","template":"","meta":[],"product_brand":[],"product_cat":[33,32],"product_tag":[],"class_list":{"0":"post-4710","1":"product","2":"type-product","3":"status-publish","4":"has-post-thumbnail","6":"product_cat-egeszseg-medalok","7":"product_cat-triomed","9":"first","10":"instock","11":"taxable","12":"shipping-taxable","13":"purchasable","14":"product-type-simple"},"_links":{"self":[{"href":"https:\/\/vetomshop.hu\/nl\/wp-json\/wp\/v2\/product\/4710","targetHints":{"allow":["GET"]}}],"collection":[{"href":"https:\/\/vetomshop.hu\/nl\/wp-json\/wp\/v2\/product"}],"about":[{"href":"https:\/\/vetomshop.hu\/nl\/wp-json\/wp\/v2\/types\/product"}],"replies":[{"embeddable":true,"href":"https:\/\/vetomshop.hu\/nl\/wp-json\/wp\/v2\/comments?post=4710"}],"wp:featuredmedia":[{"embeddable":true,"href":"https:\/\/vetomshop.hu\/nl\/wp-json\/wp\/v2\/media\/4709"}],"wp:attachment":[{"href":"https:\/\/vetomshop.hu\/nl\/wp-json\/wp\/v2\/media?parent=4710"}],"wp:term":[{"taxonomy":"product_brand","embeddable":true,"href":"https:\/\/vetomshop.hu\/nl\/wp-json\/wp\/v2\/product_brand?post=4710"},{"taxonomy":"product_cat","embeddable":true,"href":"https:\/\/vetomshop.hu\/nl\/wp-json\/wp\/v2\/product_cat?post=4710"},{"taxonomy":"product_tag","embeddable":true,"href":"https:\/\/vetomshop.hu\/nl\/wp-json\/wp\/v2\/product_tag?post=4710"}],"curies":[{"name":"wp","href":"https:\/\/api.w.org\/{rel}","templated":true}]}}