{"id":4712,"date":"2023-11-11T14:33:54","date_gmt":"2023-11-11T13:33:54","guid":{"rendered":"https:\/\/vetomshop.hu\/termek\/biotrem-active\/"},"modified":"2023-11-11T14:33:54","modified_gmt":"2023-11-11T13:33:54","slug":"biotrem-active","status":"publish","type":"product","link":"https:\/\/vetomshop.hu\/nl\/product\/biotrem-active\/","title":{"rendered":"BioTrEM actief"},"content":{"rendered":"<p>\u0410 <strong>\u201eBioTrEM ACTIVE\u201d<\/strong> Het model 1 EMF-IK-therapieapparaat (hierna \"het apparaat\" genoemd) is een draagbaar fysiotherapeutisch en reflextherapeutisch apparaat dat bedoeld is voor de preventie van gewrichtsaandoeningen en de behandeling en revalidatie van pati\u00ebnten die lijden aan aandoeningen van het bewegingsapparaat door middel van de toepassing van elektromagnetische velden van lage intensiteit in het extreem hoge frequentiebereik op delen van het menselijke huidoppervlak.<\/p>\n<p>\u0410 apparaat kan worden gebruikt in complexe preventieve en curatieve programma's voor het herstel van normale fysiologische processen in de cellen en weefsels van het steun- en bewegingsorgaan systeem in het geval van ziekten van het steun- en bewegingsorgaan systeem, om pijn te verminderen en steun- en bewegingsfuncties te verbeteren.<\/p>\n<div class=\"su-spoiler su-spoiler-style-defoult su-spoiler-icon-caret su-spoiler-closed\" data-scroll-offset=\"0\" data-anchor-in-url=\"no\"><div class=\"su-spoiler-title\" tabindex=\"0\" role=\"button\"><span class=\"su-spoiler-icon\"><\/span>Alle<\/div><div class=\"su-spoiler-content su-u-clearfix su-u-trim\">\n<p>De effecten van het gebruik van het apparaat:<\/p>\n<ul>\n<li>Normaliseert de bloedsomloop, immuniteitsstatus en metabolische processen in de motorische organen\/organenstelsels, waardoor de ontwikkeling van ziekten hierin wordt voorkomen;<\/li>\n<li>Helpt de ondersteunings- en mobiliteitsfuncties te verbeteren;<\/li>\n<li>vermindert de manifestaties van ontsteking en stuwing in de bewegingsorganen;<\/li>\n<li>helpt de regeneratie- en herstelprocessen van de weefsels van het steun- en bewegingsorgaansysteem te versnellen;<\/li>\n<li>Helpt ontstekingen in gewrichten, gewrichtsmembranen en gewrichts\u201ezakken\u201d, spieren te elimineren,<\/li>\n<li>helpt vervorming en atrofie van botten, ligamenten en het musculo-articulaire complex te elimineren of te compenseren.<\/li>\n<\/ul>\n<\/div><\/div>","protected":false},"excerpt":{"rendered":"<p>\u0410 \u201eBioTrEM ACTIVE\u201d modell EMF-IK ter\u00e1pi\u00e1s k\u00e9sz\u00fcl\u00e9k (a tov\u00e1bbiakban k\u00e9sz\u00fcl\u00e9k) egy hordozhat\u00f3 fizikoter\u00e1pi\u00e1s \u00e9s reflexter\u00e1pi\u00e1s eszk\u00f6z, amelynek rendeltet\u00e9se az \u00edz\u00fcleti megbeteged\u00e9sek megel\u0151z\u00e9s\u00e9re, a t\u00e1maszt\u00e1s \u00e9s mozg\u00e1s szervrendszeri betegs\u00e9gekben szenved\u0151 p\u00e1ciensek kezel\u00e9se \u00e9s rehabilit\u00e1ci\u00f3ja az ember b\u0151rfel\u00fclet\u00e9nek r\u00e9szeire ir\u00e1nyul\u00f3 extr\u00e9m magas frekvenci\u00e1s tartom\u00e1nyban m\u0171k\u00f6d\u0151 alacsonyintenzit\u00e1s\u00fa elektrom\u00e1gneses r\u00e1hat\u00e1s r\u00e9v\u00e9n. \u0410 k\u00e9sz\u00fcl\u00e9k komplex megel\u0151z\u0151 \u00e9s gy\u00f3gyul\u00e1st el\u0151seg\u00edt\u0151 programokban [&hellip;]<\/p>\n","protected":false},"featured_media":4711,"comment_status":"open","ping_status":"closed","template":"","meta":[],"product_brand":[],"product_cat":[34,32],"product_tag":[],"class_list":{"0":"post-4712","1":"product","2":"type-product","3":"status-publish","4":"has-post-thumbnail","6":"product_cat-keszulekek","7":"product_cat-triomed","9":"first","10":"instock","11":"taxable","12":"shipping-taxable","13":"purchasable","14":"product-type-simple"},"_links":{"self":[{"href":"https:\/\/vetomshop.hu\/nl\/wp-json\/wp\/v2\/product\/4712","targetHints":{"allow":["GET"]}}],"collection":[{"href":"https:\/\/vetomshop.hu\/nl\/wp-json\/wp\/v2\/product"}],"about":[{"href":"https:\/\/vetomshop.hu\/nl\/wp-json\/wp\/v2\/types\/product"}],"replies":[{"embeddable":true,"href":"https:\/\/vetomshop.hu\/nl\/wp-json\/wp\/v2\/comments?post=4712"}],"wp:featuredmedia":[{"embeddable":true,"href":"https:\/\/vetomshop.hu\/nl\/wp-json\/wp\/v2\/media\/4711"}],"wp:attachment":[{"href":"https:\/\/vetomshop.hu\/nl\/wp-json\/wp\/v2\/media?parent=4712"}],"wp:term":[{"taxonomy":"product_brand","embeddable":true,"href":"https:\/\/vetomshop.hu\/nl\/wp-json\/wp\/v2\/product_brand?post=4712"},{"taxonomy":"product_cat","embeddable":true,"href":"https:\/\/vetomshop.hu\/nl\/wp-json\/wp\/v2\/product_cat?post=4712"},{"taxonomy":"product_tag","embeddable":true,"href":"https:\/\/vetomshop.hu\/nl\/wp-json\/wp\/v2\/product_tag?post=4712"}],"curies":[{"name":"wp","href":"https:\/\/api.w.org\/{rel}","templated":true}]}}