{"id":4714,"date":"2023-11-11T14:33:54","date_gmt":"2023-11-11T13:33:54","guid":{"rendered":"https:\/\/vetomshop.hu\/termek\/triomed-compact\/"},"modified":"2023-11-11T14:33:54","modified_gmt":"2023-11-11T13:33:54","slug":"triomed-compact","status":"publish","type":"product","link":"https:\/\/vetomshop.hu\/nl\/product\/triomed-compact\/","title":{"rendered":"Triomed compact"},"content":{"rendered":"<h4>Pijnverlichting, ontstekingsreductie, revalidatie, chiropractische zorg, eerste hulp, chronische ziekten, elektrosmog, stress, lichttherapie<\/h4>\n<p>Innovatiesysteem voor bescherming en herstel van de gezondheid <strong>Triomed compact.<\/strong><\/p>\n<p>We horen bijna dagelijks dat onze omgeving steeds agressiever is geworden.<\/p>\n<p>Chemicali\u00ebn in voedsel en water, luchtvervuiling en het steeds hogere levenstempo zetten ons lichaam zwaar onder druk. Ook beschavingsziekten, die het gevolg zijn van veranderende omgevingsfactoren en voedingsgewoonten, werkomstandigheden en stress, kunnen een bron van ernstige zorg zijn. Ze genezen is een grote uitdaging voor artsen, die vaak machteloos staan tegenover deze uitdaging. Vaak krijgen we na langdurig onderzoek een goed (of nogal slecht) klinkende Latijnse naam voor de diagnose en krijgen we het advies ermee te leven.<\/p>\n<p>Maar is het prettig om in zo'n ongelukkige toestand te leven, tientallen jaren tussen ziekte en dood? Hoeveel pijn, berusting, energie, geld, tijd, teleurstelling vergezellen de pati\u00ebnt onderweg? Hoeveel onvervulde plannen, doelen, carri\u00e8res, verlangens worden overboord gegooid omdat het vanaf dat moment alleen nog maar over de ziekte gaat?<\/p>\n<div class=\"su-spoiler su-spoiler-style-defoult su-spoiler-icon-caret su-spoiler-closed\" data-scroll-offset=\"0\" data-anchor-in-url=\"no\"><div class=\"su-spoiler-title\" tabindex=\"0\" role=\"button\"><span class=\"su-spoiler-icon\"><\/span>Alle<\/div><div class=\"su-spoiler-content su-u-clearfix su-u-trim\">\n<p>De vraag: kunnen we gezond zijn als we niet veranderen?<\/p>\n<p>Over de onderliggende oorzaken van ziekten en slechts gedeeltelijke oplossingen?<\/p>\n<p>Het antwoord is duidelijk NEE! Maak kennis met een complex systeem dat uniek is in zijn soort!<\/p>\n<p>Onze hulpmiddelen kunnen je ziektes behandelen, je levenskwaliteit verbeteren en je helpen je aan te passen aan een veranderende en steeds veranderende omgeving.<\/p>\n<p>Niet alleen in het geval van verschillende ziekten, pijnen, ontstekingen, auto-immuunprocessen, slecht humeur, kunnen we uitstekende resultaten bereiken, maar ook de onderliggende oorzaken elimineren! Dit alles wordt gedaan doordat het apparaat communiceert met je lichaam, elke impuls is een reactie op je huidige toestand.<\/p>\n<p>Biofeedback - radiofrequentiebereik.<\/p>\n<p>Systemische gezondheidsbescherming! Unieke aanpak!<\/p>\n<p>Met \u00e9\u00e9n druk op de knop:<\/p>\n<ul>\n<li>Verbeter je ecologische omgeving - millimetertherapie op het hele plein,<\/li>\n<li>Verbetert de kwaliteit van water en voedsel - herstelt de regelmatigheid van water en water in voedsel, waardoor schadelijke effecten worden verminderd.<\/li>\n<li>Het verlicht stress op het werk en elders en vergroot onze veerkracht.<\/li>\n<\/ul>\n<p>De volgende stap: pas het toe als remedie om je problemen op te lossen!<\/p>\n<p>Triomed Compact - de Pro!<\/p>\n<p><strong>Ervaring:<\/strong> Ik heb ook zeer goede ervaringen met Triomed en Compact. Toen we ziek werden, waren we in twee of drie dagen volledig genezen van zelfs de meest hardnekkige ziektekiemen zonder medicatie. Ik ben zwanger en op een van mijn echo's vond de dokter een cyste in de schedel van onze baby. Hij verzekerde me dat er niets aan de hand zou zijn en ik was helemaal gerustgesteld, wetende dat de cyste daar na een paar behandelingen volledig zou zijn verdwenen. Nou, dat was ook zo!!! Ik zou zeker geen rustige moeder zijn geweest als ik niet van het bestaan van deze apparaten had geweten. Ik ben zo blij dat ik deze apparaten heb gevonden voordat de baby geboren werd.<\/p>\n<p>Let op! Het apparaat is geen vervanging voor medische behandeling!<\/p>\n<p>Elke modus implementeert een specifiek programma<\/p>\n<p>DE TRIOMED COMPACT WERKT IN ACHT MODI.<\/p>\n<p>Elke modus implementeert een specifiek, uniek programma.<\/p>\n<\/div><\/div>","protected":false},"excerpt":{"rendered":"<p>F\u00e1jdalomcsillap\u00edt\u00e1s, gyullad\u00e1s cs\u00f6kkent\u00e9s, lugos\u00edt\u00e1s, rehabilit\u00e1ci\u00f3, oki kezel\u00e9s, els\u0151seg\u00e9ly, kr\u00f3nikus betegs\u00e9gek, elektroszmog, stressz, f\u00e9nyter\u00e1pia Az eg\u00e9szs\u00e9g v\u00e9delm\u00e9nek \u00e9s vissza\u00e1ll\u00edt\u00e1s\u00e1nak innov\u00e1ci\u00f3s rendszere \u2013 Triomed compact. Szinte naponta hallunk arr\u00f3l, hogy k\u00f6rnyezet\u00fcnk egyre agressz\u00edvebb\u00e9 v\u00e1lt. Az \u00e9lelmiszerekben \u00e9s a v\u00edzben tal\u00e1lhat\u00f3 vegyszerek, a leveg\u0151 szennyezetts\u00e9ge, az egyre gyorsabb \u00e9lettemp\u00f3 komoly kih\u00edv\u00e1sok el\u00e9 \u00e1ll\u00edtja szervezet\u00fcnket. Komoly aggodalomra adhatnak okot [&hellip;]<\/p>\n","protected":false},"featured_media":4713,"comment_status":"open","ping_status":"closed","template":"","meta":[],"product_brand":[],"product_cat":[34,32],"product_tag":[],"class_list":{"0":"post-4714","1":"product","2":"type-product","3":"status-publish","4":"has-post-thumbnail","6":"product_cat-keszulekek","7":"product_cat-triomed","9":"first","10":"instock","11":"taxable","12":"shipping-taxable","13":"purchasable","14":"product-type-simple"},"_links":{"self":[{"href":"https:\/\/vetomshop.hu\/nl\/wp-json\/wp\/v2\/product\/4714","targetHints":{"allow":["GET"]}}],"collection":[{"href":"https:\/\/vetomshop.hu\/nl\/wp-json\/wp\/v2\/product"}],"about":[{"href":"https:\/\/vetomshop.hu\/nl\/wp-json\/wp\/v2\/types\/product"}],"replies":[{"embeddable":true,"href":"https:\/\/vetomshop.hu\/nl\/wp-json\/wp\/v2\/comments?post=4714"}],"wp:featuredmedia":[{"embeddable":true,"href":"https:\/\/vetomshop.hu\/nl\/wp-json\/wp\/v2\/media\/4713"}],"wp:attachment":[{"href":"https:\/\/vetomshop.hu\/nl\/wp-json\/wp\/v2\/media?parent=4714"}],"wp:term":[{"taxonomy":"product_brand","embeddable":true,"href":"https:\/\/vetomshop.hu\/nl\/wp-json\/wp\/v2\/product_brand?post=4714"},{"taxonomy":"product_cat","embeddable":true,"href":"https:\/\/vetomshop.hu\/nl\/wp-json\/wp\/v2\/product_cat?post=4714"},{"taxonomy":"product_tag","embeddable":true,"href":"https:\/\/vetomshop.hu\/nl\/wp-json\/wp\/v2\/product_tag?post=4714"}],"curies":[{"name":"wp","href":"https:\/\/api.w.org\/{rel}","templated":true}]}}