{"id":4724,"date":"2023-11-11T14:33:57","date_gmt":"2023-11-11T13:33:57","guid":{"rendered":"https:\/\/vetomshop.hu\/termek\/gyulladascsokkento-jelado\/"},"modified":"2023-11-11T14:33:57","modified_gmt":"2023-11-11T13:33:57","slug":"gyulladascsokkento-jelado","status":"publish","type":"product","link":"https:\/\/vetomshop.hu\/nl\/product\/gyulladascsokkento-jelado\/","title":{"rendered":"Ontstekingsremmend baken"},"content":{"rendered":"<h4>Anti-inflammatoire radiator, nr. 26.<\/h4>\n<p>Bedrijfstijd: 13 minuten<\/p>\n<p><strong>Impact:<\/strong><\/p>\n<p>Het werkt in op het immuunsysteem, met een frequentie die overeenkomt met de frequentie van het lymfestelsel en sommige structuren van het autonome zenuwstelsel (perifere, segmentale, suprasegmentale ketens).<\/p>\n<ul>\n<li>Verbetert de lymfatische circulatie,<\/li>\n<li>de kwaliteit van lymfocyten,<\/li>\n<li>versnelt de eliminatie van toxische stoffen uit de intercellulaire vloeistof,<\/li>\n<li>versnelt wondgenezing, cel- en weefselregeneratie,<\/li>\n<li>helpt het lichaam te ontgiften,<\/li>\n<li>werkt tegen oedeem,<\/li>\n<li>pijnstillend effect,<\/li>\n<li>een immuunsysteemversterkend effect,<\/li>\n<li>ontstekingsremmend effect,<\/li>\n<li>voorkomt littekens,<\/li>\n<li>activeert de beenmergfunctie,<\/li>\n<li>verhoogt de weerstand van het lichaam,<\/li>\n<li>structuren water.<\/li>\n<\/ul>\n<div class=\"su-spoiler su-spoiler-style-defoult su-spoiler-icon-caret su-spoiler-closed\" data-scroll-offset=\"0\" data-anchor-in-url=\"no\"><div class=\"su-spoiler-title\" tabindex=\"0\" role=\"button\"><span class=\"su-spoiler-icon\"><\/span>Alle<\/div><div class=\"su-spoiler-content su-u-clearfix su-u-trim\">\n<p>Aanbevolen toepassingsgebieden: lymfatische oppervlaktezones, lymfeklierprojecties, wondoppervlakken, biologisch actieve plaatsen (BAT).<\/p>\n<p>Van toepassing op:<\/p>\n<ul>\n<li>het lichaam ontgiften<\/li>\n<li>het regeneratieproces na operaties of breuken versnellen<\/li>\n<li>normalisatie van het bloedbeeld na chemotherapie en radiotherapie<\/li>\n<li>in de revalidatiefase na ernstige ziekten en lichamelijke inspanning<\/li>\n<li>regulatie van het immuunsysteem bij acute en chronische ziekten<\/li>\n<li>vertraging van de lymfecirculatie door verschillende oorzaken (waaronder oedeem), ontstekingsprocessen<\/li>\n<li>in cosmetica: verbetering van de lymfatische circulatie van de huid<\/li>\n<li>eliminatie van intoxicatie door verschillende oorzaken (alcohol, verdovende middelen, voedsel, chemicali\u00ebn, ernstige ziekte)<\/li>\n<li>bij allergische reacties.<\/li>\n<\/ul>\n<\/div><\/div>","protected":false},"excerpt":{"rendered":"<p>Gyullad\u00e1scs\u00f6kkent\u0151 sug\u00e1rz\u00f3, 26. sz. M\u0171k\u00f6d\u00e9s\u00e9nek ideje: 13 perc Hat\u00e1sa: Hat az immunrendszerre, rezg\u00e9se megegyezik a nyirokrendszer frekvenci\u00e1j\u00e1val, valamint a vegetat\u00edv idegrendszer n\u00e9h\u00e1ny strukt\u00far\u00e1j\u00e1val (perif\u00e9ri\u00e1s, szegment\u00e1lis, szegmens feletti l\u00e1ncok). Jav\u00edtja a nyirokkering\u00e9st, a limfocit\u00e1k min\u0151s\u00e9g\u00e9t, gyors\u00edtja a toxikus anyagok ki\u00fcr\u00edt\u00e9s\u00e9t a sejtk\u00f6zti folyad\u00e9kb\u00f3l, gyors\u00edtja a sebek begy\u00f3gyul\u00e1s\u00e1t, a sejtek \u00e9s sz\u00f6vetek regener\u00e1l\u00f3d\u00e1s\u00e1t, el\u0151seg\u00edti a szervezet m\u00e9regtelen\u00edt\u00e9s\u00e9t, [&hellip;]<\/p>\n","protected":false},"featured_media":4723,"comment_status":"open","ping_status":"closed","template":"","meta":[],"product_brand":[],"product_cat":[35,32],"product_tag":[],"class_list":{"0":"post-4724","1":"product","2":"type-product","3":"status-publish","4":"has-post-thumbnail","6":"product_cat-csatlakoztathato-jeladok","7":"product_cat-triomed","9":"first","10":"instock","11":"taxable","12":"shipping-taxable","13":"purchasable","14":"product-type-simple"},"_links":{"self":[{"href":"https:\/\/vetomshop.hu\/nl\/wp-json\/wp\/v2\/product\/4724","targetHints":{"allow":["GET"]}}],"collection":[{"href":"https:\/\/vetomshop.hu\/nl\/wp-json\/wp\/v2\/product"}],"about":[{"href":"https:\/\/vetomshop.hu\/nl\/wp-json\/wp\/v2\/types\/product"}],"replies":[{"embeddable":true,"href":"https:\/\/vetomshop.hu\/nl\/wp-json\/wp\/v2\/comments?post=4724"}],"wp:featuredmedia":[{"embeddable":true,"href":"https:\/\/vetomshop.hu\/nl\/wp-json\/wp\/v2\/media\/4723"}],"wp:attachment":[{"href":"https:\/\/vetomshop.hu\/nl\/wp-json\/wp\/v2\/media?parent=4724"}],"wp:term":[{"taxonomy":"product_brand","embeddable":true,"href":"https:\/\/vetomshop.hu\/nl\/wp-json\/wp\/v2\/product_brand?post=4724"},{"taxonomy":"product_cat","embeddable":true,"href":"https:\/\/vetomshop.hu\/nl\/wp-json\/wp\/v2\/product_cat?post=4724"},{"taxonomy":"product_tag","embeddable":true,"href":"https:\/\/vetomshop.hu\/nl\/wp-json\/wp\/v2\/product_tag?post=4724"}],"curies":[{"name":"wp","href":"https:\/\/api.w.org\/{rel}","templated":true}]}}