{"id":4726,"date":"2023-11-11T14:33:58","date_gmt":"2023-11-11T13:33:58","guid":{"rendered":"https:\/\/vetomshop.hu\/termek\/infravoros-jelado\/"},"modified":"2023-11-11T14:33:58","modified_gmt":"2023-11-11T13:33:58","slug":"infravoros-jelado","status":"publish","type":"product","link":"https:\/\/vetomshop.hu\/nl\/product\/infravoros-jelado\/","title":{"rendered":"Infrarood baken"},"content":{"rendered":"<h4>Infraroodstraler IV<\/h4>\n<p>Infraroodstraling (IV-straling) - elektromagnetische straling, onderdeel van de zonnestralen. IV-stralen hebben ontstekingsremmende, krampstillende, verspreidende (absorptie) en pijnstillende effecten.<\/p>\n<p><strong>De voordelen van de Triomed Universal IV-radiator:<\/strong><\/p>\n<p>Dankzij nieuwe materialen en technologie\u00ebn zijn we erin geslaagd om een gepulseerde, gemoduleerde IV-stralingsbron met lage intensiteit te maken die in een specifiek programma werkt en die gebruikt kan worden om een energievormend effect uit te oefenen, voornamelijk op celniveau - en op het niveau van de bestanddelen van de cel.<\/p>\n<p>Het voorziet de cel van energie door resonantie, waardoor de stofwisselingsprocessen worden geactiveerd en het energieniveau wordt verhoogd in geval van zuurstoftekort.<br \/>\nDeze processen zijn niet alleen op zichzelf positief, maar helpen het lichaam ook om de therapie te millimeteren en verhogen in veel gevallen de effectiviteit ervan.<\/p>\n<p>Het gebruik van IV radiotherapie is ge\u00efndiceerd voor: chronische en postacute (preacute) niet-purulente inflammatoire interne orgaanziekten, slecht helende wonden en wonden veroorzaakt door trombose, pijnlijke aandoeningen van het perifere zenuwstelsel, postoperatieve behandeling van brandwonden en bevriezing, vegetatieve disfunctie, sympathalgie.<\/p>\n<p>Contra-indicaties voor het gebruik van IV radiotherapie: goedaardige of kwaadaardige gezwellen, actieve fase van tuberculose, stadium III hypertensie, bloedingen en graad IIIII circulatiestoornissen.<\/p>\n<div class=\"su-spoiler su-spoiler-style-defoult su-spoiler-icon-caret su-spoiler-closed\" data-scroll-offset=\"0\" data-anchor-in-url=\"no\"><div class=\"su-spoiler-title\" tabindex=\"0\" role=\"button\"><span class=\"su-spoiler-icon\"><\/span>Alle<\/div><div class=\"su-spoiler-content su-u-clearfix su-u-trim\"><strong>De belangrijkste klinische effecten van het Triomed Universal IV-bestralingstoestel:<\/strong><\/p>\n<ul>\n<li>verbetert de bloedsomloop,<\/li>\n<li>Normaliseert de microcirculatie,<\/li>\n<li>optimaliseert de activiteit van het zenuwstelsel, het hormoonstelsel en het immuunsysteem,<\/li>\n<li>helpt celregeneratie.<\/li>\n<\/ul>\n<p><strong>Hoe te gebruiken:<\/strong><\/p>\n<ul>\n<li>De infrarood lichtdiode wordt gebruikt om de punten en gebieden aan te wijzen die moeten worden voorbereid, of \u201eopgewarmd\u201d, voor de speciale millimeterbehandeling. De behandeling duurt 5 minuten per gebied.<\/li>\n<li>Het kan gebruikt worden om de absorptie van littekens te bevorderen gedurende 10 minuten per dag gedurende 2 weken.<\/li>\n<li>Voor de behandeling van chronische, trage ontstekingsziekten (in het brandpunt van de ziekte). De behandeling duurt 10 minuten, toegepast op het aangetaste orgaan, gedurende 2 weken.<\/li>\n<li>Bij diabetes type II om de insulinegevoeligheid te bevorderen en de insulineproductie te stimuleren. Behandel de projectie van de alvleesklier 5 minuten per dag gedurende 2 weken.<\/li>\n<li>Om de genezing van verschillende wonden en trofische wonden te bevorderen, wordt aanbevolen om het gebied rond de ogen en het brandpunt van de tumoren gedurende 5 minuten te behandelen gedurende 2 weken voor de millimetertherapie.<\/li>\n<\/ul>\n<\/div><\/div>","protected":false},"excerpt":{"rendered":"<p>Infrav\u00f6r\u00f6s sug\u00e1rz\u00f3 IV Az infrav\u00f6r\u00f6s sug\u00e1rz\u00e1s (IV-sug\u00e1rz\u00e1s) \u2013 elektrom\u00e1gneses sug\u00e1rz\u00e1s, a Nap sugarainak r\u00e9sze. Az IV-sugarak gyullad\u00e1scs\u00f6kkent\u0151, g\u00f6rcsold\u00f3, sz\u00e9toszlat\u00f3 (felsz\u00edv\u00f3d\u00e1st el\u0151seg\u00edt\u0151), f\u00e1jdalomcsillap\u00edt\u00f3 hat\u00e1ssal rendelkeznek. A Triomed Universal k\u00e9sz\u00fcl\u00e9k IV-sug\u00e1rz\u00f3j\u00e1nak el\u0151nyei: Az \u00faj anyagoknak \u00e9s technol\u00f3gi\u00e1knak k\u00f6sz\u00f6nhet\u0151en siker\u00fclt l\u00e9trehozni olyan speci\u00e1lis programban m\u0171k\u00f6d\u0151 alacsony intenzit\u00e1s\u00fa pulz\u00e1l\u00f3, modul\u00e1lt hat\u00e1s\u00fa IV-sug\u00e1rz\u00f3t, mely seg\u00edts\u00e9g\u00e9vel els\u0151sorban energoinform\u00e1ci\u00f3s hat\u00e1st tudunk gyakorolni [&hellip;]<\/p>\n","protected":false},"featured_media":4725,"comment_status":"open","ping_status":"closed","template":"","meta":[],"product_brand":[],"product_cat":[35,32],"product_tag":[],"class_list":{"0":"post-4726","1":"product","2":"type-product","3":"status-publish","4":"has-post-thumbnail","6":"product_cat-csatlakoztathato-jeladok","7":"product_cat-triomed","9":"first","10":"instock","11":"taxable","12":"shipping-taxable","13":"purchasable","14":"product-type-simple"},"_links":{"self":[{"href":"https:\/\/vetomshop.hu\/nl\/wp-json\/wp\/v2\/product\/4726","targetHints":{"allow":["GET"]}}],"collection":[{"href":"https:\/\/vetomshop.hu\/nl\/wp-json\/wp\/v2\/product"}],"about":[{"href":"https:\/\/vetomshop.hu\/nl\/wp-json\/wp\/v2\/types\/product"}],"replies":[{"embeddable":true,"href":"https:\/\/vetomshop.hu\/nl\/wp-json\/wp\/v2\/comments?post=4726"}],"wp:featuredmedia":[{"embeddable":true,"href":"https:\/\/vetomshop.hu\/nl\/wp-json\/wp\/v2\/media\/4725"}],"wp:attachment":[{"href":"https:\/\/vetomshop.hu\/nl\/wp-json\/wp\/v2\/media?parent=4726"}],"wp:term":[{"taxonomy":"product_brand","embeddable":true,"href":"https:\/\/vetomshop.hu\/nl\/wp-json\/wp\/v2\/product_brand?post=4726"},{"taxonomy":"product_cat","embeddable":true,"href":"https:\/\/vetomshop.hu\/nl\/wp-json\/wp\/v2\/product_cat?post=4726"},{"taxonomy":"product_tag","embeddable":true,"href":"https:\/\/vetomshop.hu\/nl\/wp-json\/wp\/v2\/product_tag?post=4726"}],"curies":[{"name":"wp","href":"https:\/\/api.w.org\/{rel}","templated":true}]}}