{"id":4730,"date":"2023-11-11T14:33:58","date_gmt":"2023-11-11T13:33:58","guid":{"rendered":"https:\/\/vetomshop.hu\/termek\/oxigenizalo-jelado\/"},"modified":"2023-11-11T14:33:58","modified_gmt":"2023-11-11T13:33:58","slug":"oxigenizalo-jelado","status":"publish","type":"product","link":"https:\/\/vetomshop.hu\/nl\/product\/oxigenizalo-jelado\/","title":{"rendered":"Zuurstofvormende zender"},"content":{"rendered":"<h4>Zuurstofemitter, nr. 11.<\/h4>\n<p><strong>Bedrijfstijd:<\/strong> 10 minuten.<\/p>\n<p>De golflengte komt overeen met de frequenties van de ademhalingsketen (hemoglobine in het bloed, mitochondri\u00ebn, fermenten), verbetert het zuurstoftransport en -gebruik, verhoogt de ATP-synthese, bevordert de cellulaire ademhaling in het weefsel. De lage frequentie komt overeen met de frequentie van het immuunsysteem.<\/p>\n<ul>\n<li>Verbetert de microcirculatie,<\/li>\n<li>Het heeft een immuunmodulerend effect,<\/li>\n<li>Het vermindert zuurstoftekort in weefsels, geeft weefsels zuurstof, heeft een disaggregerende werking (voorkomt het samenklonteren van erytrocyten en andere bloedcellen), vermindert bloedstolling,<\/li>\n<li>Het bevordert de genezing van wonden,<\/li>\n<li>Het helpt littekens te voorkomen,<\/li>\n<li>Het heeft een pijnstillend effect,<\/li>\n<li>Het helpt het lichaam te ontgiften,<\/li>\n<li>Krampstillend effect,<\/li>\n<li>Bevordert de bloedvorming, normaliseert het bloedbeeld,<\/li>\n<li>verbetert de microcirculatie,<\/li>\n<li>Het heeft een immuunmodulerend effect,<\/li>\n<li>Vermindert zuurstoftekort in weefsels, verrijkt weefsels met zuurstof,<\/li>\n<li>Het heeft een disaggregerende werking (voorkomt het samenklonteren van erytrocyten en andere bloedcellen), vermindert de bloedstolling,<\/li>\n<li>Het bevordert de genezing van wonden,<\/li>\n<li>Het helpt littekens te voorkomen,<\/li>\n<li>Het heeft een pijnstillend effect,<\/li>\n<li>Het helpt het lichaam te ontgiften,<\/li>\n<li>Krampstillend effect,<\/li>\n<li>Bevordert de bloedvorming, normaliseert het bloedbeeld,<\/li>\n<li>Het heeft een verjongend effect,<\/li>\n<li>Het structureert het water.<\/li>\n<\/ul>\n<div class=\"su-spoiler su-spoiler-style-defoult su-spoiler-icon-caret su-spoiler-closed\" data-scroll-offset=\"0\" data-anchor-in-url=\"no\"><div class=\"su-spoiler-title\" tabindex=\"0\" role=\"button\"><span class=\"su-spoiler-icon\"><\/span>Alle<\/div><div class=\"su-spoiler-content su-u-clearfix su-u-trim\">\n<p>Aanbevolen toepassingsgebied: zones met grote bloedvaten - aders, slagaders, biologisch actieve punten.<\/p>\n<p><strong>Van toepassing op:<\/strong><\/p>\n<ul>\n<li>om het immuunsysteem te normaliseren bij acute en chronische ziekten,<\/li>\n<li>verbeteren het algemene welzijn, uithoudingsvermogen, concentratie bij fysieke en mentale stress,<\/li>\n<li>preventie van hartaanvallen, beroertes,<\/li>\n<li>zorg na een infarct of beroerte,<\/li>\n<li>regeneratieprocessen versnellen,<\/li>\n<li>behandeling van wonden en postoperatieve littekens,<\/li>\n<li>fractuurbeheer,<\/li>\n<li>normalisatie van het bloedbeeld,<\/li>\n<li>na radiotherapie,<\/li>\n<li>revalidatie na ernstige ziekte en zwaar lichamelijk werk,<\/li>\n<li>het stimuleren van de cerebrale circulatie,2<\/li>\n<li>in cosmetica: helpt de huid om voedingsstoffen op te nemen,<\/li>\n<li>voor sporters: verhoogt het uithoudingsvermogen,<\/li>\n<li>helpt schoolkinderen en studenten om te leren,<\/li>\n<li>om de schadelijke effecten van computers tegen te gaan,<\/li>\n<li>bij de behandeling van stress en het chronisch vermoeidheidssyndroom,<\/li>\n<li>op het gebied van cosmetica om de conditie van de huid te verbeteren,<\/li>\n<li>behandeling of preventie van dierziekten<\/li>\n<\/ul>\n<\/div><\/div>","protected":false},"excerpt":{"rendered":"<p>Oxig\u00e9n sug\u00e1rz\u00f3, 11. sz. M\u0171k\u00f6d\u00e9si ideje: 10 perc. A hull\u00e1mhossz megfelel a l\u00e9gz\u00e9si l\u00e1nc frekvenci\u00e1inak (a v\u00e9r hemoglobinja, mitokondriumok, fermentumok), javul az oxig\u00e9n sz\u00e1ll\u00edt\u00e1sa \u00e9s hasznos\u00edt\u00e1sa, n\u00f6vekszik ATP-szint\u00e9zis, el\u0151seg\u00edti a sz\u00f6vetben a sejtek l\u00e9gz\u00e9s\u00e9t. Az alacsony frekvencia megfelel az immunrendszer frekvenci\u00e1j\u00e1nak. Jav\u00edtja a mikrokering\u00e9st, Immun-modul\u00e1ci\u00f3s hat\u00e1sa van, Cs\u00f6kkenti az oxig\u00e9nhi\u00e1nyt a sz\u00f6vetekben, oxig\u00e9nnel d\u00fas\u00edtja a [&hellip;]<\/p>\n","protected":false},"featured_media":4729,"comment_status":"open","ping_status":"closed","template":"","meta":[],"product_brand":[],"product_cat":[35,32],"product_tag":[],"class_list":{"0":"post-4730","1":"product","2":"type-product","3":"status-publish","4":"has-post-thumbnail","6":"product_cat-csatlakoztathato-jeladok","7":"product_cat-triomed","9":"first","10":"instock","11":"taxable","12":"shipping-taxable","13":"purchasable","14":"product-type-simple"},"_links":{"self":[{"href":"https:\/\/vetomshop.hu\/nl\/wp-json\/wp\/v2\/product\/4730","targetHints":{"allow":["GET"]}}],"collection":[{"href":"https:\/\/vetomshop.hu\/nl\/wp-json\/wp\/v2\/product"}],"about":[{"href":"https:\/\/vetomshop.hu\/nl\/wp-json\/wp\/v2\/types\/product"}],"replies":[{"embeddable":true,"href":"https:\/\/vetomshop.hu\/nl\/wp-json\/wp\/v2\/comments?post=4730"}],"wp:featuredmedia":[{"embeddable":true,"href":"https:\/\/vetomshop.hu\/nl\/wp-json\/wp\/v2\/media\/4729"}],"wp:attachment":[{"href":"https:\/\/vetomshop.hu\/nl\/wp-json\/wp\/v2\/media?parent=4730"}],"wp:term":[{"taxonomy":"product_brand","embeddable":true,"href":"https:\/\/vetomshop.hu\/nl\/wp-json\/wp\/v2\/product_brand?post=4730"},{"taxonomy":"product_cat","embeddable":true,"href":"https:\/\/vetomshop.hu\/nl\/wp-json\/wp\/v2\/product_cat?post=4730"},{"taxonomy":"product_tag","embeddable":true,"href":"https:\/\/vetomshop.hu\/nl\/wp-json\/wp\/v2\/product_tag?post=4730"}],"curies":[{"name":"wp","href":"https:\/\/api.w.org\/{rel}","templated":true}]}}