{"id":4732,"date":"2023-11-11T14:33:59","date_gmt":"2023-11-11T13:33:59","guid":{"rendered":"https:\/\/vetomshop.hu\/termek\/specialis-111-es-jelado\/"},"modified":"2024-07-31T10:25:20","modified_gmt":"2024-07-31T08:25:20","slug":"specialis-111-es-jelado","status":"publish","type":"product","link":"https:\/\/vetomshop.hu\/nl\/product\/specialis-111-es-jelado\/","title":{"rendered":"Speciaal 111 baken"},"content":{"rendered":"<h4>Speciale 111 informatie registrerende zender<\/h4>\n<p><strong>Bedrijfstijd van de emitter:<\/strong> 15 mp<\/p>\n<p>Het doel is om informatie (het elektromagnetische golfspectrum van een bepaald bereik) \u201eop te nemen\u201d en \u201eover te dragen\u201d aan een geselecteerde informatiedrager (bijv. water) of biologisch actieve zone om de functionele reserves te optimaliseren en het aanpassingsvermogen van het lichaam te vergroten, dat beschadigd kan zijn door milieuschade, ziekte of andere oorzaken.<\/p>\n<p>Om de informatie \u201eop te nemen\u201d, sluit je de 111e emitter aan op de Triomed, breng je deze dicht bij het object met het platte oppervlak en druk je op de \u201eStart\u201d-knop. Het aftellen begint - 15 seconden. Pas nadat de geprogrammeerde tijd is verstreken, verwijdert u de emitter van het object. Gedurende deze tijd wordt de objectinformatie \u201eopgeslagen\u201d op de emitter, die onveranderd blijft totdat de emitter wordt aangesloten op de voeding (totdat het apparaat wordt gestart).<\/p>\n<div class=\"su-spoiler su-spoiler-style-defoult su-spoiler-icon-caret su-spoiler-closed\" data-scroll-offset=\"0\" data-anchor-in-url=\"no\"><div class=\"su-spoiler-title\" tabindex=\"0\" role=\"button\"><span class=\"su-spoiler-icon\"><\/span>Alle<\/div><div class=\"su-spoiler-content su-u-clearfix su-u-trim\">\nOm de informatie naar het water \u201eover te dragen\u201d, moet je de emitter zo dicht mogelijk bij het water brengen (het glas mag niet dikker zijn dan 2 mm) en het wateroppervlak moet hoger zijn dan de bovenrand van de emitter. Het water moet schoon zijn en vrij van koolzuur en andere additieven. Drink onmiddellijk een paar slokjes van het bereide \u201einformatie\u201d-water - voordat je het in een andere houder doet of voor langere tijd bewaart.<\/p>\n<p>Als je het originele signaal lang wilt behouden om te voorkomen dat je per ongeluk verbinding maakt met de Triomed, markeer de zender dan met een onderscheidend teken.<br \/>\n<\/div><\/div>","protected":false},"excerpt":{"rendered":"<p>Speci\u00e1lis 111 sz. inform\u00e1ci\u00f3t r\u00f6gz\u00edt\u0151 sug\u00e1rz\u00f3 A sug\u00e1rz\u00f3 m\u0171k\u00f6d\u00e9si ideje: 15 mp Rendeltet\u00e9se: az inform\u00e1ci\u00f3 (az adott tartom\u00e1ny elektrom\u00e1gneses hull\u00e1mspektrum\u00e1nak) \u201er\u00f6gz\u00edt\u00e9se\u201d, valamint \u201e\u00e1tvitele\u201d a kiv\u00e1lasztott inform\u00e1ci\u00f3hordoz\u00f3ra (pl. v\u00edzre) vagy biol\u00f3giailag akt\u00edv z\u00f3n\u00e1ra a funkcion\u00e1lis tartal\u00e9kok optimaliz\u00e1ci\u00f3ja \u00e9s a szervezet adapt\u00e1ci\u00f3s lehet\u0151s\u00e9geinek n\u00f6vel\u00e9se c\u00e9lj\u00e1b\u00f3l, melyek a k\u00f6rnyezet k\u00e1ros hat\u00e1sai, betegs\u00e9g, vagy egy\u00e9b okok miatt s\u00e9r\u00fcltek. Az [&hellip;]<\/p>\n","protected":false},"featured_media":4731,"comment_status":"open","ping_status":"closed","template":"","meta":[],"product_brand":[],"product_cat":[35,32],"product_tag":[],"class_list":{"0":"post-4732","1":"product","2":"type-product","3":"status-publish","4":"has-post-thumbnail","6":"product_cat-csatlakoztathato-jeladok","7":"product_cat-triomed","9":"first","10":"instock","11":"taxable","12":"shipping-taxable","13":"purchasable","14":"product-type-simple"},"_links":{"self":[{"href":"https:\/\/vetomshop.hu\/nl\/wp-json\/wp\/v2\/product\/4732","targetHints":{"allow":["GET"]}}],"collection":[{"href":"https:\/\/vetomshop.hu\/nl\/wp-json\/wp\/v2\/product"}],"about":[{"href":"https:\/\/vetomshop.hu\/nl\/wp-json\/wp\/v2\/types\/product"}],"replies":[{"embeddable":true,"href":"https:\/\/vetomshop.hu\/nl\/wp-json\/wp\/v2\/comments?post=4732"}],"wp:featuredmedia":[{"embeddable":true,"href":"https:\/\/vetomshop.hu\/nl\/wp-json\/wp\/v2\/media\/4731"}],"wp:attachment":[{"href":"https:\/\/vetomshop.hu\/nl\/wp-json\/wp\/v2\/media?parent=4732"}],"wp:term":[{"taxonomy":"product_brand","embeddable":true,"href":"https:\/\/vetomshop.hu\/nl\/wp-json\/wp\/v2\/product_brand?post=4732"},{"taxonomy":"product_cat","embeddable":true,"href":"https:\/\/vetomshop.hu\/nl\/wp-json\/wp\/v2\/product_cat?post=4732"},{"taxonomy":"product_tag","embeddable":true,"href":"https:\/\/vetomshop.hu\/nl\/wp-json\/wp\/v2\/product_tag?post=4732"}],"curies":[{"name":"wp","href":"https:\/\/api.w.org\/{rel}","templated":true}]}}