{"id":4737,"date":"2023-11-11T14:33:59","date_gmt":"2023-11-11T13:33:59","guid":{"rendered":"https:\/\/vetomshop.hu\/termek\/trio-men-jelado\/"},"modified":"2023-11-11T14:33:59","modified_gmt":"2023-11-11T13:33:59","slug":"trio-men-jelado","status":"publish","type":"product","link":"https:\/\/vetomshop.hu\/nl\/product\/trio-men-jelado\/","title":{"rendered":"Trio-man baken"},"content":{"rendered":"<h4>Speciale Trio-man emitter<\/h4>\n<p>Voor mannen, nr. 23.<\/p>\n<p>Het is ge\u00efndiceerd voor: het optimaliseren van functionele reserves en het vermogen van het menselijk lichaam om zich aan te passen aan negatieve milieu-invloeden, levensstijl of ziekte.<br \/>\nCategorie werknemers: mannen.<\/p>\n<p><strong>Impact:<\/strong> algemeen geslachtsspecifiek versterkend effect (psychoemotioneel niveau, neurohumorale regulatie).<\/p>\n<p><strong>Werkingsmechanisme:<\/strong> Het programma (draaggolffrequentie, laagfrequente modulatie en amplitudeparameters) is speciaal ontworpen voor het mannelijk orgaan om het te ondersteunen bij gebruik in een systeem.<\/p>\n<p>Door Trio-men 23. stralingskuur te gebruiken, kunnen we de trofische en metabolische processen in weefsels en cellen normaliseren, hun structuur regenereren, de werking van het lichaam zowel systemisch als in zijn geheel verbeteren, de specifieke weerstand van het lichaam verhogen.<\/p>\n<p>De positieve resultaten zijn te danken aan bioresonantiefeedback van de cellen, het atomaire fysiologische systeem en het neurohumorale regulatiesysteem, en aan de activering van het aanpassingsmechanisme (algemeen aanpassingssyndroom).<\/p>\n<div class=\"su-spoiler su-spoiler-style-defoult su-spoiler-icon-caret su-spoiler-closed\" data-scroll-offset=\"0\" data-anchor-in-url=\"no\"><div class=\"su-spoiler-title\" tabindex=\"0\" role=\"button\"><span class=\"su-spoiler-icon\"><\/span>Alle<\/div><div class=\"su-spoiler-content su-u-clearfix su-u-trim\">\n<strong>Aanbevolen voor:<\/strong><\/p>\n<ol>\n<li>Voor verminderd werkvermogen en humeurigheid, psycho-emotionele instabiliteit, slapeloosheid als gevolg van chronische vermoeidheid.<\/li>\n<li>Prostaataandoeningen, mannelijke menopauze.<\/li>\n<li>Verkoudheid en griep.<\/li>\n<li>Algemene verzwakking van het immuunsysteem na een ernstige ziekte, voor revalidatie<\/li>\n<\/ol>\n<\/div><\/div>","protected":false},"excerpt":{"rendered":"<p>Speci\u00e1lis Trio-men sug\u00e1rz\u00f3 F\u00e9rfiak sz\u00e1m\u00e1ra, 23. sz. Javallott: a funkcion\u00e1lis tartal\u00e9kok \u00e9s az emberi szervezet adapt\u00e1ci\u00f3s lehet\u0151s\u00e9geinek optimiz\u00e1l\u00e1s\u00e1hoz, melyek a negat\u00edv k\u00f6rnyezeti hat\u00e1sok, \u00e9letm\u00f3d vagy betegs\u00e9g k\u00f6vetkezt\u00e9ben l\u00e9ptek fel. Az alkalmaz\u00f3k kateg\u00f3ri\u00e1ja: f\u00e9rfiak. Hat\u00e1sa: a nemi hovatartoz\u00e1st figyelembe vev\u0151 \u00e1ltal\u00e1nos er\u0151s\u00edt\u0151 hat\u00e1s (pszichoemocion\u00e1lis szint, neurohumor\u00e1lis regul\u00e1ci\u00f3). Hat\u00e1smechanizmus: A program (hordoz\u00f3 frekvencia, alacsony frekvenci\u00e1j\u00fa modul\u00e1ci\u00f3 \u00e9s [&hellip;]<\/p>\n","protected":false},"featured_media":4736,"comment_status":"open","ping_status":"closed","template":"","meta":[],"product_brand":[],"product_cat":[35,32],"product_tag":[],"class_list":{"0":"post-4737","1":"product","2":"type-product","3":"status-publish","4":"has-post-thumbnail","6":"product_cat-csatlakoztathato-jeladok","7":"product_cat-triomed","9":"first","10":"instock","11":"taxable","12":"shipping-taxable","13":"purchasable","14":"product-type-simple"},"_links":{"self":[{"href":"https:\/\/vetomshop.hu\/nl\/wp-json\/wp\/v2\/product\/4737","targetHints":{"allow":["GET"]}}],"collection":[{"href":"https:\/\/vetomshop.hu\/nl\/wp-json\/wp\/v2\/product"}],"about":[{"href":"https:\/\/vetomshop.hu\/nl\/wp-json\/wp\/v2\/types\/product"}],"replies":[{"embeddable":true,"href":"https:\/\/vetomshop.hu\/nl\/wp-json\/wp\/v2\/comments?post=4737"}],"wp:featuredmedia":[{"embeddable":true,"href":"https:\/\/vetomshop.hu\/nl\/wp-json\/wp\/v2\/media\/4736"}],"wp:attachment":[{"href":"https:\/\/vetomshop.hu\/nl\/wp-json\/wp\/v2\/media?parent=4737"}],"wp:term":[{"taxonomy":"product_brand","embeddable":true,"href":"https:\/\/vetomshop.hu\/nl\/wp-json\/wp\/v2\/product_brand?post=4737"},{"taxonomy":"product_cat","embeddable":true,"href":"https:\/\/vetomshop.hu\/nl\/wp-json\/wp\/v2\/product_cat?post=4737"},{"taxonomy":"product_tag","embeddable":true,"href":"https:\/\/vetomshop.hu\/nl\/wp-json\/wp\/v2\/product_tag?post=4737"}],"curies":[{"name":"wp","href":"https:\/\/api.w.org\/{rel}","templated":true}]}}