{"id":4739,"date":"2023-11-11T14:34:00","date_gmt":"2023-11-11T13:34:00","guid":{"rendered":"https:\/\/vetomshop.hu\/termek\/trio-women-jelado\/"},"modified":"2023-11-11T14:34:00","modified_gmt":"2023-11-11T13:34:00","slug":"trio-women-jelado","status":"publish","type":"product","link":"https:\/\/vetomshop.hu\/nl\/product\/trio-women-jelado\/","title":{"rendered":"Baken met drie vrouwen"},"content":{"rendered":"<h4>Speciale Trio-Vrouwenradiator<\/h4>\n<p>Voor vrouwen, nr. 8.<\/p>\n<p>Aanbevolen: om de functionele reserves en het aanpassingsvermogen van het menselijk lichaam als gevolg van negatieve milieu-invloeden, levensstijl of ziekte te optimaliseren.<\/p>\n<p><strong>Aanbevolen voor: <\/strong>voor meisjes, vrouwen.<\/p>\n<p><strong>Impact:<\/strong> algemeen gezondheidsbevorderend effect, rekening houdend met de kenmerken van het vrouwelijk organisme (psycho-emotionele sfeer, neurohumorale regulering).<\/p>\n<p><strong>Werkingsmechanisme:<\/strong> Het programma (draaggolffrequentie, laagfrequente modulatie en amplitudeparameters) is speciaal ontworpen om het vrouwelijk lichaam te helpen wanneer het in een systeem wordt gebruikt.<\/p>\n<p>De toepassing van radiotherapie in een behandelingskuur normaliseert de trofische en metabolische processen in cellen en weefsels, regenereert ze, heeft een algemeen harmoniserend effect op organen, orgaansystemen en het lichaam als geheel en verhoogt de aspecifieke weerstand van het lichaam. De positieve resultaten zijn enerzijds te danken aan de bioresonantiefeedback vanuit de cellen, het atoomfysiologische systeem en het neurogumorale regulatiesysteem en anderzijds aan de activering van het aanpassingsmechanisme (algemeen aanpassingssyndroom).<\/p>\n<div class=\"su-spoiler su-spoiler-style-defoult su-spoiler-icon-caret su-spoiler-closed\" data-scroll-offset=\"0\" data-anchor-in-url=\"no\"><div class=\"su-spoiler-title\" tabindex=\"0\" role=\"button\"><span class=\"su-spoiler-icon\"><\/span>Alle<\/div><div class=\"su-spoiler-content su-u-clearfix su-u-trim\">\n<p><strong>Aanbevolen voor:<\/strong><\/p>\n<ol>\n<li>Voor verminderd werkvermogen en humeurigheid, psycho-emotionele instabiliteit, slapeloosheid als gevolg van chronische vermoeidheid.<\/li>\n<li>Voor de behandeling en preventie van vrouwelijke genitale stoornissen en de onaangename symptomen die gepaard gaan met de menopauze, en om de vruchtbaarheid en seksuele gezondheid te versterken.<\/li>\n<li>Vaak bij verkoudheid.<\/li>\n<li>Aspecifieke preventie van griep en verkoudheid.<\/li>\n<li>Verzwakking van het immuunsysteem tijdens herstel of revalidatie na ziekte.<\/li>\n<\/ol>\n<\/div><\/div>","protected":false},"excerpt":{"rendered":"<p>Speci\u00e1lis Trio-Women sug\u00e1rz\u00f3 N\u0151k sz\u00e1m\u00e1ra, 8.sz. Javasolt: a funkcion\u00e1lis tartal\u00e9kok \u00e9s az emberi szervezet adapt\u00e1ci\u00f3s lehet\u0151s\u00e9geinek optimiz\u00e1l\u00e1s\u00e1hoz, melyek a negat\u00edv k\u00f6rnyezeti hat\u00e1sok, \u00e9letm\u00f3d vagy betegs\u00e9g k\u00f6vetkezt\u00e9ben l\u00e9ptek fel. Aj\u00e1nlott: l\u00e1nyok, n\u0151k sz\u00e1m\u00e1ra. Hat\u00e1sa: a n\u0151i szervezet jellemz\u0151it figyelembe vev\u0151 (pszicho-emocion\u00e1lis szf\u00e9ra, neurohumor\u00e1lis szab\u00e1lyoz\u00e1s) \u00e1ltal\u00e1nos eg\u00e9szs\u00e9gmeger\u0151s\u00edt\u0151 hat\u00e1s. Hat\u00e1smechanizmus: A program (hordoz\u00f3 frekvencia, alacsony frekvenci\u00e1j\u00fa modul\u00e1ci\u00f3 \u00e9s [&hellip;]<\/p>\n","protected":false},"featured_media":4738,"comment_status":"open","ping_status":"closed","template":"","meta":[],"product_brand":[],"product_cat":[35,32],"product_tag":[],"class_list":{"0":"post-4739","1":"product","2":"type-product","3":"status-publish","4":"has-post-thumbnail","6":"product_cat-csatlakoztathato-jeladok","7":"product_cat-triomed","9":"first","10":"instock","11":"taxable","12":"shipping-taxable","13":"purchasable","14":"product-type-simple"},"_links":{"self":[{"href":"https:\/\/vetomshop.hu\/nl\/wp-json\/wp\/v2\/product\/4739","targetHints":{"allow":["GET"]}}],"collection":[{"href":"https:\/\/vetomshop.hu\/nl\/wp-json\/wp\/v2\/product"}],"about":[{"href":"https:\/\/vetomshop.hu\/nl\/wp-json\/wp\/v2\/types\/product"}],"replies":[{"embeddable":true,"href":"https:\/\/vetomshop.hu\/nl\/wp-json\/wp\/v2\/comments?post=4739"}],"wp:featuredmedia":[{"embeddable":true,"href":"https:\/\/vetomshop.hu\/nl\/wp-json\/wp\/v2\/media\/4738"}],"wp:attachment":[{"href":"https:\/\/vetomshop.hu\/nl\/wp-json\/wp\/v2\/media?parent=4739"}],"wp:term":[{"taxonomy":"product_brand","embeddable":true,"href":"https:\/\/vetomshop.hu\/nl\/wp-json\/wp\/v2\/product_brand?post=4739"},{"taxonomy":"product_cat","embeddable":true,"href":"https:\/\/vetomshop.hu\/nl\/wp-json\/wp\/v2\/product_cat?post=4739"},{"taxonomy":"product_tag","embeddable":true,"href":"https:\/\/vetomshop.hu\/nl\/wp-json\/wp\/v2\/product_tag?post=4739"}],"curies":[{"name":"wp","href":"https:\/\/api.w.org\/{rel}","templated":true}]}}