{"id":4741,"date":"2023-11-11T14:34:00","date_gmt":"2023-11-11T13:34:00","guid":{"rendered":"https:\/\/vetomshop.hu\/termek\/sigma-medal\/"},"modified":"2023-11-11T14:34:00","modified_gmt":"2023-11-11T13:34:00","slug":"sigma-medal","status":"publish","type":"product","link":"https:\/\/vetomshop.hu\/nl\/product\/sigma-medal\/","title":{"rendered":"Sigma Medaille"},"content":{"rendered":"<p>A <strong>SIGMA Gezondheidsmedaille<\/strong> is om de normale fysiologische processen van de haarfollikels te herstellen, hun weerstand tegen schadelijke omgevingsfactoren en verhoogde stress te verhogen, de haargroeifase te verlengen en zo de algehele haardichtheid te verhogen.<\/p>\n<p><strong>Effecten:<\/strong><\/p>\n<ul>\n<li>Normaliseert de bloedsomloop, immuunstatus en stofwisseling in de haarzakjes, waardoor de ontwikkeling van atrofie wordt voorkomen;<\/li>\n<li>vermindert de ernst van ontstekingsprocessen in de huid en haarzakjes;<\/li>\n<li>helpt de stofwisselingsprocessen in de huid en het lichaam als geheel te normaliseren; voorkomt de ontwikkeling van alopecia areata (vlekkerig haarverlies).<\/li>\n<\/ul>\n<p>De SIGMA gezondheidshanger heeft een positief effect op de toestand van de lichaamsfuncties, kan worden gebruikt als een hulpmiddel voor optimalisatie en correctie in combinatie met andere behandelingen voor alopecia areata (haaruitval)<br \/>\nen andere preventiemethoden.<\/p>\n<div class=\"su-spoiler su-spoiler-style-defoult su-spoiler-icon-caret su-spoiler-closed\" data-scroll-offset=\"0\" data-anchor-in-url=\"no\"><div class=\"su-spoiler-title\" tabindex=\"0\" role=\"button\"><span class=\"su-spoiler-icon\"><\/span>Alle<\/div><div class=\"su-spoiler-content su-u-clearfix su-u-trim\">\n<p><strong>Soorten vlekkerige haaruitval:<\/strong><\/p>\n<p>Op basis van de mate van haaruitval wordt fragmentaire haaruitval onderverdeeld in de volgende types:<\/p>\n<ul>\n<li>Alopecia areata unilocularis: haar valt slechts op \u00e9\u00e9n plek uit<\/li>\n<li>Alopecia areata multilocularis: meerdere littekenvlekken<\/li>\n<li>Alopecia areata subtotalis: het haar valt bijna over de hele hoofdhuid uitp3<\/li>\n<li>Alopecia areata totalis: alle haren vallen uit van de hoofdhuid Alopecia areata universalis: haaruitval treft de hoofdhuid en het hele lichaam<\/li>\n<li>Ophiasis type: een specifieke vorm van alopecia areata, gekenmerkt door haar dat voornamelijk uitvalt aan de buitenkant van de hoofdhuid, meestal aan de achterkant van het hoofd, soms aan de achterkant van de hoofdhuid.<br \/>\nvan de slapen of het voorhoofd.<\/li>\n<\/ul>\n<p>Naast de hierboven genoemde types kan de SIGMA Medallion worden gebruikt bij haarverlies door chemotherapie, bestraling of endocriene stoornissen.<\/p>\n<\/div><\/div>","protected":false},"excerpt":{"rendered":"<p>A SIGMA Eg\u00e9szs\u00e9g Med\u00e1l feladata a sz\u0151rt\u00fcsz\u0151k norm\u00e1l fiziol\u00f3giai folyamatainak helyre\u00e1ll\u00edt\u00e1sa, a kedvez\u0151tlen k\u00f6rnyezeti t\u00e9nyez\u0151kkel \u00e9s a megn\u00f6vekedett stresszterhel\u00e9ssel szembeni ellen\u00e1ll\u00f3 k\u00e9pess\u00e9g\u00fck n\u00f6vel\u00e9se, a hajn\u00f6veked\u00e9s szakasz\u00e1nak meghosszabb\u00edt\u00e1sa, ez\u00e1ltal a teljes hajs\u0171r\u0171s\u00e9g n\u00f6vel\u00e9se. Hat\u00e1sok: normaliz\u00e1lja a v\u00e9rkering\u00e9st, az immun\u00e1llapotot \u00e9s az anyagcser\u00e9t a sz\u0151rt\u00fcsz\u0151kben, megel\u0151zve az atr\u00f3fia kialakul\u00e1s\u00e1t; cs\u00f6kkenti a b\u0151r \u00e9s a sz\u0151rt\u00fcsz\u0151k gyullad\u00e1sos folyamatainak [&hellip;]<\/p>\n","protected":false},"featured_media":4740,"comment_status":"open","ping_status":"closed","template":"","meta":[],"product_brand":[],"product_cat":[33,32],"product_tag":[],"class_list":{"0":"post-4741","1":"product","2":"type-product","3":"status-publish","4":"has-post-thumbnail","6":"product_cat-egeszseg-medalok","7":"product_cat-triomed","9":"first","10":"instock","11":"taxable","12":"shipping-taxable","13":"purchasable","14":"product-type-simple"},"_links":{"self":[{"href":"https:\/\/vetomshop.hu\/nl\/wp-json\/wp\/v2\/product\/4741","targetHints":{"allow":["GET"]}}],"collection":[{"href":"https:\/\/vetomshop.hu\/nl\/wp-json\/wp\/v2\/product"}],"about":[{"href":"https:\/\/vetomshop.hu\/nl\/wp-json\/wp\/v2\/types\/product"}],"replies":[{"embeddable":true,"href":"https:\/\/vetomshop.hu\/nl\/wp-json\/wp\/v2\/comments?post=4741"}],"wp:featuredmedia":[{"embeddable":true,"href":"https:\/\/vetomshop.hu\/nl\/wp-json\/wp\/v2\/media\/4740"}],"wp:attachment":[{"href":"https:\/\/vetomshop.hu\/nl\/wp-json\/wp\/v2\/media?parent=4741"}],"wp:term":[{"taxonomy":"product_brand","embeddable":true,"href":"https:\/\/vetomshop.hu\/nl\/wp-json\/wp\/v2\/product_brand?post=4741"},{"taxonomy":"product_cat","embeddable":true,"href":"https:\/\/vetomshop.hu\/nl\/wp-json\/wp\/v2\/product_cat?post=4741"},{"taxonomy":"product_tag","embeddable":true,"href":"https:\/\/vetomshop.hu\/nl\/wp-json\/wp\/v2\/product_tag?post=4741"}],"curies":[{"name":"wp","href":"https:\/\/api.w.org\/{rel}","templated":true}]}}