{"id":4745,"date":"2023-11-11T14:34:01","date_gmt":"2023-11-11T13:34:01","guid":{"rendered":"https:\/\/vetomshop.hu\/termek\/solo-medal\/"},"modified":"2023-11-11T14:34:01","modified_gmt":"2023-11-11T13:34:01","slug":"solo-medal","status":"publish","type":"product","link":"https:\/\/vetomshop.hu\/nl\/product\/solo-medal\/","title":{"rendered":"Solo hanger"},"content":{"rendered":"<h4>SOLO Gezondheidsmedaille<\/h4>\n<p><strong>Belangrijkste functies:<\/strong><\/p>\n<p>De Solo Medal is een aanvullend middel om de afweermechanismen van het lichaam te ondersteunen en het immuunsysteem te activeren.<\/p>\n<p>Het helpt vooral bij virale en bacteri\u00eble infecties.<\/p>\n<p><strong>Impact:<\/strong><\/p>\n<ul>\n<li>om het immuunsysteem te versterken en een verminderde reactie op allergenen te ondersteunen,<\/li>\n<li>ondersteuning van het herstel van virusziekten,<\/li>\n<li>ondersteuning van de verwijdering van giftige stoffen,<\/li>\n<li>ondersteunen de antibacteri\u00eble en antivirale werking.<\/li>\n<\/ul>\n<p><strong>Wanneer gebruiken?<\/strong><\/p>\n<div class=\"su-spoiler su-spoiler-style-defoult su-spoiler-icon-caret su-spoiler-closed\" data-scroll-offset=\"0\" data-anchor-in-url=\"no\"><div class=\"su-spoiler-title\" tabindex=\"0\" role=\"button\"><span class=\"su-spoiler-icon\"><\/span>Alle<\/div><div class=\"su-spoiler-content su-u-clearfix su-u-trim\">\nDe Solo hanger heeft een positief effect op het functioneel functioneren van het lichaam en kan worden gebruikt als een extra corrigerend en optimaliserend hulpmiddel bij de preventie en behandeling van de volgende ziekten:<\/p>\n<ul>\n<li>voor bacteri\u00eble en virale aandoeningen van de bovenste luchtwegen;<\/li>\n<li>bij ontstekingsziekten, gevallen van bacterieel-allergische aard, rhinitis, faryngitis, laryngitis, bronchitis;<\/li>\n<li>in de vroege stadia van auto-immuunziekten (bronchiale astma, astmatische bronchitis, reumato\u00efde artritis, pyelo- en glumerulonefritis - nefritis, auto-immuun schildklieraandoening, hartklepaandoening door reuma, endotheliale vaatziekte, streptokokken- en stafylokokkendermatitis).<\/li>\n<\/ul>\n<p>Belangrijke waarschuwing: raadpleeg een arts als u symptomen van aandoeningen van de bovenste en onderste luchtwegen krijgt. Gebruik Solo Medal als aanvulling op de door uw arts aanbevolen behandelmethoden om uw herstel te ondersteunen.<\/p>\n<\/div><\/div>","protected":false},"excerpt":{"rendered":"<p>SOLO Eg\u00e9szs\u00e9g Med\u00e1l F\u0151 funkci\u00f3i: A Solo Med\u00e1l kieg\u00e9sz\u00edt\u0151 eszk\u00f6z, mely a szervezet v\u00e9dekez\u0151 mechanizmusait \u00e9s az immunrendszer aktiv\u00e1l\u00e1s\u00e1t t\u00e1mogatja. V\u00edrusos \u00e9s bakteri\u00e1lis fert\u0151z\u00e9sek eset\u00e9n ny\u00fajtja a legnagyobb seg\u00edts\u00e9get. Hat\u00e1sa: immunrendszer er\u0151s\u00edt\u00e9s\u00e9nek t\u00e1mogat\u00e1sa, az allerg\u00e9nekre val\u00f3 cs\u00f6kkent reakci\u00f3 el\u00e9r\u00e9s\u00e9nek t\u00e1mogat\u00e1sa, a v\u00edrusos megbeteged\u00e9sek gy\u00f3gyul\u00e1s\u00e1nak t\u00e1mogat\u00e1sa, a toxikus anyagok kivezet\u00e9s\u00e9nek t\u00e1mogat\u00e1sa, antibakteri\u00e1lis \u00e9s v\u00edrus\u00f6l\u0151 hat\u00e1s t\u00e1mogat\u00e1sa. [&hellip;]<\/p>\n","protected":false},"featured_media":4744,"comment_status":"open","ping_status":"closed","template":"","meta":[],"product_brand":[],"product_cat":[33,32],"product_tag":[],"class_list":{"0":"post-4745","1":"product","2":"type-product","3":"status-publish","4":"has-post-thumbnail","6":"product_cat-egeszseg-medalok","7":"product_cat-triomed","9":"first","10":"instock","11":"taxable","12":"shipping-taxable","13":"purchasable","14":"product-type-simple"},"_links":{"self":[{"href":"https:\/\/vetomshop.hu\/nl\/wp-json\/wp\/v2\/product\/4745","targetHints":{"allow":["GET"]}}],"collection":[{"href":"https:\/\/vetomshop.hu\/nl\/wp-json\/wp\/v2\/product"}],"about":[{"href":"https:\/\/vetomshop.hu\/nl\/wp-json\/wp\/v2\/types\/product"}],"replies":[{"embeddable":true,"href":"https:\/\/vetomshop.hu\/nl\/wp-json\/wp\/v2\/comments?post=4745"}],"wp:featuredmedia":[{"embeddable":true,"href":"https:\/\/vetomshop.hu\/nl\/wp-json\/wp\/v2\/media\/4744"}],"wp:attachment":[{"href":"https:\/\/vetomshop.hu\/nl\/wp-json\/wp\/v2\/media?parent=4745"}],"wp:term":[{"taxonomy":"product_brand","embeddable":true,"href":"https:\/\/vetomshop.hu\/nl\/wp-json\/wp\/v2\/product_brand?post=4745"},{"taxonomy":"product_cat","embeddable":true,"href":"https:\/\/vetomshop.hu\/nl\/wp-json\/wp\/v2\/product_cat?post=4745"},{"taxonomy":"product_tag","embeddable":true,"href":"https:\/\/vetomshop.hu\/nl\/wp-json\/wp\/v2\/product_tag?post=4745"}],"curies":[{"name":"wp","href":"https:\/\/api.w.org\/{rel}","templated":true}]}}