{"id":4755,"date":"2023-11-11T14:34:03","date_gmt":"2023-11-11T13:34:03","guid":{"rendered":"https:\/\/vetomshop.hu\/termek\/menedzser-kartya\/"},"modified":"2023-11-11T14:34:03","modified_gmt":"2023-11-11T13:34:03","slug":"menedzser-kartya","status":"publish","type":"product","link":"https:\/\/vetomshop.hu\/nl\/product\/menedzser-kartya\/","title":{"rendered":"Manager Kaart"},"content":{"rendered":"<h4>Waar is de MENEDZSER CARD voor?<\/h4>\n<p><strong>MANAGER KAART<\/strong> - een apparaat voor de preventie en behandeling van chronische vermoeidheid en overspanningssyndroom, om de werkcapaciteit te verhogen, regeneratieprocessen te activeren na een stressvolle werkbelasting en de immuniteit te verhogen.<\/p>\n<p>De werking van de MENEDZSER CARD ondersteunt cognitieve processen. Het is gericht op het activeren van geheugenprocessen, waardoor noodzakelijke informatie onmiddellijk kan worden onthouden, de snelheid van denken wordt verhoogd, het normale verloop van fysiologische processen in de cellen en weefsels van het centrale zenuwstelsel wordt hersteld en hun stabiliteit tegen de schadelijke effecten van de buitenwereld wordt vergroot.<\/p>\n<p><strong>Effecten:<\/strong><\/p>\n<ul>\n<li>ondersteunt de bloedsomloop en stofwisselingsprocessen in het centrale zenuwstelsel en helpt de functies van het centrale zenuwstelsel te herstellen;<\/li>\n<li>helpt het geheugen te verbeteren, waardoor je meer informatie kunt opnemen;<\/li>\n<li>ondersteunt de concentratie,<\/li>\n<li>vermindert vermoeidheid tijdens activiteit;<\/li>\n<li>vermindert neuro-emotionele spanning tijdens computergebruik;<\/li>\n<li>harmoniseert de emotioneel-psychische houding;<\/li>\n<li>verbetert de intu\u00eftie,<\/li>\n<li>helpt de ontwikkeling van chronische stress en vermoeidheid te voorkomen.<\/li>\n<\/ul>\n<div class=\"su-spoiler su-spoiler-style-defoult su-spoiler-icon-caret su-spoiler-closed\" data-scroll-offset=\"0\" data-anchor-in-url=\"no\"><div class=\"su-spoiler-title\" tabindex=\"0\" role=\"button\"><span class=\"su-spoiler-icon\"><\/span>Alle<\/div><div class=\"su-spoiler-content su-u-clearfix su-u-trim\">\n<strong>Met de hulp van:<\/strong><\/p>\n<ul>\n<li>zal zich richten op de belangrijkste dingen,<\/li>\n<li>bevordert een positieve levenshouding en de ontwikkeling van vastberadenheid,<\/li>\n<li>helpt je te focussen op succes en doelgerichtheid,<\/li>\n<li>ondersteunt een gevoel van prestatie, zelfvertrouwen en geloof in het succes van het doel!<\/li>\n<\/ul>\n<\/div><\/div>","protected":false},"excerpt":{"rendered":"<p>Mire szolg\u00e1l a MENEDZSER K\u00c1RTYA? MENEDZSER K\u00c1RTYA \u2013 a kr\u00f3nikus f\u00e1rad\u00e9konys\u00e1g \u00e9s a t\u00falhajszolts\u00e1g szindr\u00f3m\u00e1ja megel\u0151z\u00e9s\u00e9re \u00e9s kezel\u00e9s\u00e9re, a munkab\u00edr\u00e1s n\u00f6vel\u00e9s\u00e9re, az \u00e1tv\u00e9szelt stressz-megterhel\u00e9seket k\u00f6vet\u0151 regener\u00e1ci\u00f3s folyamatok aktiviz\u00e1l\u00e1s\u00e1ra, az immunit\u00e1s n\u00f6vel\u00e9s\u00e9re szolg\u00e1l\u00f3 k\u00e9sz\u00fcl\u00e9k. A MENEDZSER K\u00c1RTYA m\u0171k\u00f6d\u00e9se a kognit\u00edv folyamatok m\u0171k\u00f6d\u00e9s\u00e9t t\u00e1mogatja. Az eml\u00e9kez\u00e9s folyamatainak aktiviz\u00e1l\u00e1s\u00e1ra, a sz\u00fcks\u00e9ges inform\u00e1ci\u00f3 azonnali memoriz\u00e1l\u00e1s\u00e1nak lehet\u0151s\u00e9g\u00e9re, a gondolkod\u00e1s sebess\u00e9g\u00e9nek [&hellip;]<\/p>\n","protected":false},"featured_media":4754,"comment_status":"open","ping_status":"closed","template":"","meta":[],"product_brand":[],"product_cat":[33,32],"product_tag":[],"class_list":{"0":"post-4755","1":"product","2":"type-product","3":"status-publish","4":"has-post-thumbnail","6":"product_cat-egeszseg-medalok","7":"product_cat-triomed","9":"first","10":"instock","11":"taxable","12":"shipping-taxable","13":"purchasable","14":"product-type-simple"},"_links":{"self":[{"href":"https:\/\/vetomshop.hu\/nl\/wp-json\/wp\/v2\/product\/4755","targetHints":{"allow":["GET"]}}],"collection":[{"href":"https:\/\/vetomshop.hu\/nl\/wp-json\/wp\/v2\/product"}],"about":[{"href":"https:\/\/vetomshop.hu\/nl\/wp-json\/wp\/v2\/types\/product"}],"replies":[{"embeddable":true,"href":"https:\/\/vetomshop.hu\/nl\/wp-json\/wp\/v2\/comments?post=4755"}],"wp:featuredmedia":[{"embeddable":true,"href":"https:\/\/vetomshop.hu\/nl\/wp-json\/wp\/v2\/media\/4754"}],"wp:attachment":[{"href":"https:\/\/vetomshop.hu\/nl\/wp-json\/wp\/v2\/media?parent=4755"}],"wp:term":[{"taxonomy":"product_brand","embeddable":true,"href":"https:\/\/vetomshop.hu\/nl\/wp-json\/wp\/v2\/product_brand?post=4755"},{"taxonomy":"product_cat","embeddable":true,"href":"https:\/\/vetomshop.hu\/nl\/wp-json\/wp\/v2\/product_cat?post=4755"},{"taxonomy":"product_tag","embeddable":true,"href":"https:\/\/vetomshop.hu\/nl\/wp-json\/wp\/v2\/product_tag?post=4755"}],"curies":[{"name":"wp","href":"https:\/\/api.w.org\/{rel}","templated":true}]}}