{"id":6957,"date":"2025-07-26T15:40:40","date_gmt":"2025-07-26T13:40:40","guid":{"rendered":"https:\/\/vetomshop.hu\/?post_type=product&#038;p=6957"},"modified":"2025-12-31T14:57:45","modified_gmt":"2025-12-31T13:57:45","slug":"bioseptin-probiotikus-kenocs-60-g","status":"publish","type":"product","link":"https:\/\/vetomshop.hu\/nl\/product\/bioseptin-probiotikus-kenocs-60-g\/","title":{"rendered":"Bioseptin probiotische zalf <span style=\"color:red\">60<\/span> g"},"content":{"rendered":"<p><span style=\"font-size: x-large;\"><b>Bioseptin Probiotische Zalf 60 g<\/b><\/span><\/p>\n<p><span style=\"font-size: x-large;\">Bioseptin zalf heeft antiseptische, ontstekingsremmende en eiwitafbrekende eigenschappen. Het bevat Bacillus subtilis en Bacillus licheniformis bacteriesporen die effectief zijn tegen een breed scala aan ziekteverwekkers. Ze vernietigen pathogene bacteri\u00ebn op het wondoppervlak, zowel in een zuurstofbehoevende als zuurstofvrije omgeving, vooral Gram-positieve types. Ze helpen om dood weefsel en schadelijke bacteri\u00ebn af te breken, waardoor herinfectie wordt voorkomen en de wondgenezing wordt versneld. De zalf veroorzaakt geen irritatie en er zijn geen allergische reacties.<\/span><\/p>\n<p><span style=\"font-size: x-large;\"><b>Samenstelling en presentatie:<\/b><\/span><\/p>\n<p><span style=\"font-size: x-large;\">De zalf bevat sporen van de twee bacteriestammen in een agar (gelachtige) basis en ethylalcohol. Het bevat geen genetisch gemodificeerde ingredi\u00ebnten. Elke gram zalf bevat ten minste \u00e9\u00e9n miljoen levende bacteriecellen.<\/span><\/p>\n<p>Verschillende landen van de internationale organisatie hebben gezamenlijk een handelsverbod (embargo) op cosmetische producten ingesteld, waardoor Bioseptin zalf in Hongarije is geregistreerd als diergeneesmiddel. .<\/p>\n<p><span style=\"font-size: x-large;\"><b>Hoe te gebruiken:<\/b><\/span><\/p>\n<p><span style=\"font-size: x-large;\">Het moet 1-2 keer per dag uitwendig worden aangebracht, dun uitgesmeerd over het beschadigde deel van de huid, totdat het genezen is. Het behandelde gebied hoeft niet te worden aangekleed.<\/span><\/p>\n<p><span style=\"font-size: x-large;\"><b>Wanneer niet gebruiken:<\/b><\/span><\/p>\n<p><span style=\"font-size: x-large;\">\u00a0 \u00a0Als je gevoelig bent voor \u00e9\u00e9n van de ingredi\u00ebnten van dit product, wordt het afgeraden. Het mag ook niet worden gebruikt in combinatie met antibiotica, sulfonamiden of andere preparaten op basis van bacteri\u00ebn.<\/span><\/p>\n<p><span style=\"font-size: x-large;\"><b>Belangrijke informatie:<\/b><\/span><\/p>\n<p><span style=\"font-size: x-large;\"><span style=\"color: #127622;\"><b>Bij mensen, het gebruik van zalf:<\/b><\/span><\/span><\/p>\n<p><span style=\"font-size: large;\">Breng 1-2 keer per dag een dunne laag aan op het getroffen gebied totdat de wond genezen is.<\/span><\/p>\n<p><span style=\"font-size: large;\">Overdosering is niet mogelijk.<\/span><\/p>\n<p><span style=\"font-size: x-large;\"><span style=\"color: #127622;\"><b>Voor dieren, het aanbrengen van zalf:<\/b><\/span><\/span><\/p>\n<p><span style=\"font-size: x-large;\">Zodra de dieren zijn behandeld, is er geen wachttijd meer voordat hun vlees of andere producten (bijv. eieren, melk) als voedsel kunnen worden gebruikt - ze kunnen dus onmiddellijk worden geconsumeerd.<\/span><\/p>\n<p><span style=\"font-size: x-large;\"><b>Gebruiksgebieden:<\/b><\/span><\/p>\n<p><span style=\"font-size: x-large;\">Het kan worden gebruikt om wonden, ge\u00efnfecteerd of dood weefsel, brandwonden en dermatitis te behandelen bij verschillende diersoorten - huisdieren, landbouwhuisdieren, wilde dieren, pelsdieren en pluimvee.<\/span><\/p>\n<p><span style=\"font-size: x-large;\"><b>Bijwerkingen:<\/b><\/span><\/p>\n<p><span style=\"font-size: x-large;\">Bij juist gebruik zijn bijwerkingen zeldzaam of onbestaand.<\/span><\/p>\n<p><span style=\"font-size: x-large;\"><b>Opslag :<\/b><\/span><\/p>\n<p><span style=\"font-size: x-large;\">De zalf moet worden bewaard op een koele (0-10 \u00b0C), droge, donkere plaats, buiten het bereik van kinderen en dieren. Tijdens transport mag de zalf maximaal 2 weken bij 20 \u00b0C blijven. Kan tot 2 jaar na de productiedatum worden gebruikt.<\/span><\/p>","protected":false},"excerpt":{"rendered":"<p>A <strong>Bioseptine zalf<\/strong> antiseptische, ontstekingsremmende en proteolytische eigenschappen. Het bevat <strong>Bacillus subtilis<\/strong> en <strong>Bacillus licheniformis<\/strong> bacteri\u00eble sporen zijn effectief tegen een groot aantal ziekteverwekkers. Ze doden ziekteverwekkende bacteri\u00ebn op het wondoppervlak, ongeacht of ze in een zuurstofintensieve of zuurstofloze omgeving leven, vooral de Gram-positieve types. Ze helpen om dood weefsel en schadelijke bacteri\u00ebn af te breken, waardoor herinfectie wordt voorkomen en de wondgenezing wordt versneld. De zalf veroorzaakt geen irritatie en er zijn geen allergische reacties.<\/p>\n<div class=\"plashka\">\n<h5>Eigenschappen en werkingsmechanisme:<br \/>\nBioseptin - zalf met huidverzorgende, antiseptische, ontstekingsremmende en proteolytische eigenschappen.<\/h5>\n<\/div>","protected":false},"featured_media":6958,"comment_status":"open","ping_status":"closed","template":"","meta":[],"product_brand":[],"product_cat":[22],"product_tag":[],"class_list":{"0":"post-6957","1":"product","2":"type-product","3":"status-publish","4":"has-post-thumbnail","6":"product_cat-vetom-probiotikumok","8":"first","9":"outofstock","10":"taxable","11":"shipping-taxable","12":"purchasable","13":"product-type-simple"},"_links":{"self":[{"href":"https:\/\/vetomshop.hu\/nl\/wp-json\/wp\/v2\/product\/6957","targetHints":{"allow":["GET"]}}],"collection":[{"href":"https:\/\/vetomshop.hu\/nl\/wp-json\/wp\/v2\/product"}],"about":[{"href":"https:\/\/vetomshop.hu\/nl\/wp-json\/wp\/v2\/types\/product"}],"replies":[{"embeddable":true,"href":"https:\/\/vetomshop.hu\/nl\/wp-json\/wp\/v2\/comments?post=6957"}],"wp:featuredmedia":[{"embeddable":true,"href":"https:\/\/vetomshop.hu\/nl\/wp-json\/wp\/v2\/media\/6958"}],"wp:attachment":[{"href":"https:\/\/vetomshop.hu\/nl\/wp-json\/wp\/v2\/media?parent=6957"}],"wp:term":[{"taxonomy":"product_brand","embeddable":true,"href":"https:\/\/vetomshop.hu\/nl\/wp-json\/wp\/v2\/product_brand?post=6957"},{"taxonomy":"product_cat","embeddable":true,"href":"https:\/\/vetomshop.hu\/nl\/wp-json\/wp\/v2\/product_cat?post=6957"},{"taxonomy":"product_tag","embeddable":true,"href":"https:\/\/vetomshop.hu\/nl\/wp-json\/wp\/v2\/product_tag?post=6957"}],"curies":[{"name":"wp","href":"https:\/\/api.w.org\/{rel}","templated":true}]}}