{"id":7358,"date":"2026-01-20T16:45:04","date_gmt":"2026-01-20T15:45:04","guid":{"rendered":"https:\/\/vetomshop.hu\/?post_type=product&#038;p=7358"},"modified":"2026-03-03T07:55:22","modified_gmt":"2026-03-03T06:55:22","slug":"vektor-animals-3-vetom-3-probiotikum-por-allatoknak-bacillus-amyloliquefaciens-1x50-g","status":"publish","type":"product","link":"https:\/\/vetomshop.hu\/nl\/product\/vektor-animals-3-vetom-3-probiotikum-por-allatoknak-bacillus-amyloliquefaciens-1x50-g\/","title":{"rendered":"Vektor Dieren 3 (Vetom 3) - Probiotisch poeder voor dieren (Bacillus amyloliquefaciens) <span style=\"color:red\">1\u00d750 g<\/span>"},"content":{"rendered":"<h3>Vektor Dieren 3 (Vetom 3) - Probioticum met speciale bacteriestam<\/h3>\n<div class=\"plashka\">\n<p>Vetom 3 is een natuurlijk probioticum gebaseerd op de heilzame werking van de bacteriestam Bacillus amyloliquefaciens. Deze bacterie werkt voornamelijk in de dikke darm, waar hij enzymen en werkzame stoffen produceert. Deze zijn:<\/p>\n<p>* onderdrukken schadelijke (pathogene en voorwaardelijk pathogene) bacteri\u00ebn en schimmels,<br \/>\n* helpen onverteerd materiaal uit het darmkanaal te verwijderen,<br \/>\n* ondersteunen een gemakkelijkere en betere opname van voedingsstoffen,<br \/>\n* helpen het lichaam te ontgiften.<\/p>\n<p>Vetom 3 helpt het natuurlijke evenwicht van de darmflora te herstellen, verbetert de spijsvertering en stofwisseling en draagt bij aan een effici\u00ebnter gebruik van voedingsstoffen.<\/p>\n<h2>Voordelen:<\/h2>\n<p>* Anti-bacteri\u00eble en anti-schimmel eigenschappen<br \/>\n* Antiviraal, enzymproducerend, spijsverteringsondersteuning<br \/>\n* Versterkt de cellulaire en humorale immuunrespons<br \/>\n* Verhoogt de weerstand van het lichaam<br \/>\n* Helpt allergische reacties te verminderen<br \/>\n* Ondersteunt celvernieuwing, kan de vorming van tumorcellen remmen<br \/>\n* Verbetert de werking van andere geneesmiddelen en vermindert hun bijwerkingen<br \/>\n* Beschermt het lichaam op cellulair niveau, helpt de ontwikkeling van tumoren voorkomen<\/p>\n<h2>Suggestie voor gebruik:<\/h2>\n<p><strong>Aanbevolen dosering:<\/strong><br \/>\n* 1 capsule 2-3 maal daags wordt aanbevolen gedurende 10 dagen, voor, tijdens of na de maaltijd, met een kleine hoeveelheid vloeistof (water, thee of sap). Controleer de reactie van het lichaam in de loop van de behandeling en verhoog de dosis geleidelijk indien nodig, tot 5-10 capsules per dag.<\/p>\n<p>*De behandeling kan op elk moment herhaald worden na een pauze van 1-2 weken. Het is raadzaam om af en toe af te wisselen met een ander type Vetom-product om de gezondheid van het lichaam en het darmkanaal volledig te ondersteunen.<\/p>\n<h2>Belangrijkste kenmerken:<\/h2>\n<p>*Geen bijwerkingen<br \/>\n*Geen leeftijdsbeperkingen<br \/>\n*Niet overdoseren<br \/>\n*Geen verslaving<\/p>\n<h2>Gebruiksgebied:<\/h2>\n<p>Het wordt aanbevolen als een biologisch actief voedingssupplement om de conditie van het maagdarmkanaal te verbeteren en het evenwicht van de darmflora te herstellen.<\/p>\n<h2>Contra-indicaties:<\/h2>\n<p>Het product wordt niet aanbevolen als je allergisch of overgevoelig bent voor \u00e9\u00e9n van de ingredi\u00ebnten.<\/p>\n<h2>Belangrijke informatie:<\/h2>\n<p>* Gebruik tijdens zwangerschap en borstvoeding alleen op medisch advies<br \/>\n* Heeft geen invloed op autorijden of het bedienen van gevaarlijke machines<\/p>\n<h2>Dosering en samenstelling:<\/h2>\n<p>* 10 capsules in blisterverpakkingen, 5 verpakkingen in een doos (50 capsules in totaal)<br \/>\n* Nettogewicht: 0,1 kg<br \/>\n* Afmetingen: 4,5 \u00d7 6,5 \u00d7 8 cm<\/p>\n<h2>Inhoud van een capsule:<\/h2>\n<p>* ma\u00efsextract: 133 mg<br \/>\n* Aardappelzetmeel: 100 mg<br \/>\n* sacharose (poedersuiker): 67 mg<br \/>\n* Bacillus amyloliquefaciens* bacteriecultuur (DSM 24613) - 30 mg (1\u00d710\u2079 CFU\/g)<\/p>\n<p>Alternatief equivalent in druppelvorm: Vetom 3,22 (10 ml)<\/p>\n<p>Land van herkomst: <strong>Rusland<\/strong><\/p>\n<\/div>","protected":false},"excerpt":{"rendered":"<div class=\"plashka\">A <strong>Vector Dieren <span style=\"color: red;\">3<\/span><\/strong> (Vetom 3) <strong>Bacillus amyloliquefaciens<\/strong> een probioticum dat sporen bevat die helpen een gezonde spijsvertering te behouden en het immuunsysteem te versterken.<\/div>\n<h5>Belangrijkste voordelen:<\/h5>\n<ul class=\"vetom-list\">\n<li><strong>Bescherming van de darmflora:<\/strong> Vooral effectief na antibioticakuren.<\/li>\n<li><strong>Een breed spectrum:<\/strong> Het kan aan elke diersoort worden gegeven, van vissen tot paarden.<\/li>\n<li><strong>Zuinig:<\/strong> Het verbetert de voerbenutting en vermindert het risico op ziekten.<\/li>\n<li><strong>Het is veilig:<\/strong> Helemaal natuurlijk, zonder bijwerkingen.<\/li>\n<\/ul>","protected":false},"featured_media":7359,"comment_status":"open","ping_status":"closed","template":"","meta":[],"product_brand":[],"product_cat":[38,41],"product_tag":[],"class_list":{"0":"post-7358","1":"product","2":"type-product","3":"status-publish","4":"has-post-thumbnail","6":"product_cat-vektor-animals-vetom","7":"product_cat-vektor-animals-3","9":"first","10":"instock","11":"featured","12":"taxable","13":"shipping-taxable","14":"purchasable","15":"product-type-simple"},"_links":{"self":[{"href":"https:\/\/vetomshop.hu\/nl\/wp-json\/wp\/v2\/product\/7358","targetHints":{"allow":["GET"]}}],"collection":[{"href":"https:\/\/vetomshop.hu\/nl\/wp-json\/wp\/v2\/product"}],"about":[{"href":"https:\/\/vetomshop.hu\/nl\/wp-json\/wp\/v2\/types\/product"}],"replies":[{"embeddable":true,"href":"https:\/\/vetomshop.hu\/nl\/wp-json\/wp\/v2\/comments?post=7358"}],"wp:featuredmedia":[{"embeddable":true,"href":"https:\/\/vetomshop.hu\/nl\/wp-json\/wp\/v2\/media\/7359"}],"wp:attachment":[{"href":"https:\/\/vetomshop.hu\/nl\/wp-json\/wp\/v2\/media?parent=7358"}],"wp:term":[{"taxonomy":"product_brand","embeddable":true,"href":"https:\/\/vetomshop.hu\/nl\/wp-json\/wp\/v2\/product_brand?post=7358"},{"taxonomy":"product_cat","embeddable":true,"href":"https:\/\/vetomshop.hu\/nl\/wp-json\/wp\/v2\/product_cat?post=7358"},{"taxonomy":"product_tag","embeddable":true,"href":"https:\/\/vetomshop.hu\/nl\/wp-json\/wp\/v2\/product_tag?post=7358"}],"curies":[{"name":"wp","href":"https:\/\/api.w.org\/{rel}","templated":true}]}}