{"id":5220,"date":"2024-03-06T12:36:43","date_gmt":"2024-03-06T11:36:43","guid":{"rendered":"https:\/\/vetomshop.hu\/?page_id=5220"},"modified":"2025-06-02T08:45:13","modified_gmt":"2025-06-02T06:45:13","slug":"szallitas-es-fizetes","status":"publish","type":"page","link":"https:\/\/vetomshop.hu\/pl\/szallitas-es-fizetes\/","title":{"rendered":"Dostawa paczek krajowych"},"content":{"rendered":"<p><img decoding=\"async\" class=\"wp-image-5799 alignright\" src=\"https:\/\/vetomshop.hu\/wp-content\/uploads\/2024\/06\/gerb.png\" alt=\"\" width=\"555\" srcset=\"https:\/\/vetomshop.hu\/wp-content\/uploads\/2024\/06\/gerb.png 1200w, https:\/\/vetomshop.hu\/wp-content\/uploads\/2024\/06\/gerb-300x219.png 300w, https:\/\/vetomshop.hu\/wp-content\/uploads\/2024\/06\/gerb-1024x748.png 1024w, https:\/\/vetomshop.hu\/wp-content\/uploads\/2024\/06\/gerb-768x561.png 768w, https:\/\/vetomshop.hu\/wp-content\/uploads\/2024\/06\/gerb-600x438.png 600w\" sizes=\"(max-width: 1200px) 100vw, 1200px\" \/><\/p>\n<h2>Odbi\u00f3r osobisty<\/h2>\n<p style=\"padding-left: 40px;\">8112, Zichy\u00fajfalu, Kast\u00e9lykert 1<\/p>\n<p style=\"padding-left: 40px;\">Czas odbioru osobistego: wy\u0142\u0105cznie po wcze\u015bniejszym uzgodnieniu pod nast\u0119puj\u0105cymi danymi kontaktowymi<\/p>\n<ul>\n<li style=\"list-style-type: none;\">\n<ul>\n<li><strong>Telefon<\/strong>:\u00a0<a href=\"http:\/\/Tel:+36305573846\" target=\"_blank\" rel=\"noopener noreferrer nofollow\">+36305573846<\/a> Tam\u00e1s Pap<\/li>\n<li><strong>Email 1<\/strong>: <a href=\"mailto:vetomshop.hu@gmail.com\" target=\"_blank\" rel=\"noopener\">vetomshop.hu@gmail.com<\/a><\/li>\n<li><strong>Email 2<\/strong>i<a href=\"mailto:infoshop.vetom.magyarorszag@gmail.com\" target=\"_blank\" rel=\"noopener\">nfoshop.vetom.magyarorszag@<wbr \/>gmail.com<\/a><\/li>\n<li>lub u naszych partner\u00f3w na terenie ca\u0142ego kraju, kt\u00f3rych lokalizacje mo\u017cna r\u00f3wnie\u017c znale\u017a\u0107 na naszej stronie internetowej<\/li>\n<\/ul>\n<\/li>\n<\/ul>\n<h2><span style=\"color: #ff0000;\">Dostawa<\/span><\/h2>\n<p>W naszym sklepie mo\u017cesz wybiera\u0107 spo\u015br\u00f3d nast\u0119puj\u0105cych opcji dostawy i p\u0142atno\u015bci:<\/p>\n<p style=\"padding-left: 40px;\"><span style=\"color: #339966;\"><strong>GLS kurier<\/strong><\/span> oraz <span style=\"color: #339966;\"><strong>Paczkomat Foxpost<\/strong><\/span><\/p>\n<p style=\"padding-left: 40px;\"><em><strong>40.000<\/strong> Dostawa jest darmowa przy zam\u00f3wieniach powy\u017cej forinta!<\/em><\/p>\n<h2><span style=\"color: #008000;\">Kurierska us\u0142uga GLS:<\/span><\/h2>\n<p><img decoding=\"async\" class=\"wp-image-5803 alignleft\" style=\"margin-top: -10px;\" src=\"https:\/\/vetomshop.hu\/wp-content\/uploads\/2024\/06\/gls-logo.png\" alt=\"\" width=\"350\" srcset=\"https:\/\/vetomshop.hu\/wp-content\/uploads\/2024\/06\/gls-logo.png 885w, https:\/\/vetomshop.hu\/wp-content\/uploads\/2024\/06\/gls-logo-300x80.png 300w, https:\/\/vetomshop.hu\/wp-content\/uploads\/2024\/06\/gls-logo-768x204.png 768w, https:\/\/vetomshop.hu\/wp-content\/uploads\/2024\/06\/gls-logo-600x159.png 600w\" sizes=\"(max-width: 885px) 100vw, 885px\" \/>W przypadku zam\u00f3wie\u0144 realizowanych do punkt\u00f3w GLS CsomagPont, w niekt\u00f3rych miejscach mo\u017cna zap\u0142aci\u0107 got\u00f3wk\u0105 i kart\u0105 bankow\u0105 (warto to wcze\u015bniej sprawdzi\u0107 w danym punkcie CsomagPont). <b>W przypadku \u017c\u0105dania dostawy do punktu GLS ParcelService lub GLS ParcelPoint, nale\u017cy poda\u0107 adres paczkomatu w polu adresu dostawy lub w komentarzu podczas sk\u0142adania zam\u00f3wienia.<\/b><\/p>\n<ul>\n<li>Po nadaniu paczki system GLS poinformuje odbiorc\u0119 mailowo o tym, \u017ce jego paczka zostanie dostarczona nast\u0119pnego dnia roboczego. E-mail b\u0119dzie zawiera\u0142 numer paczki i kwot\u0119 ewentualnego pobrania. Rano w dniu dostawy odbiorca otrzyma powiadomienie zawieraj\u0105ce numer telefonu kuriera, numer telefonu do Dzia\u0142u Obs\u0142ugi Klienta GLS oraz 3-godzinne okno czasowe spodziewanej dostawy. W przypadku nieudanej pr\u00f3by dor\u0119czenia, odbiorcy zostanie wys\u0142ane powiadomienie e-mail.<\/li>\n<li><b>Wyszukiwarka punkt\u00f3w odbioru GLS:<\/b> <span style=\"color: #ff0000;\"><a style=\"color: #ff0000;\" href=\"https:\/\/gls-group.eu\/HU\/hu\/csomagpont-kereses\" target=\"_blank\" rel=\"noopener noreferrer nofollow\" data-saferedirecturl=\"https:\/\/www.google.com\/url?q=https:\/\/gls-group.eu\/HU\/hu\/csomagpont-kereses&amp;source=gmail&amp;ust=1709714712502000&amp;usg=AOvVaw3hrSNVVmvMC6btceWutRDK\">https:\/\/gls-group.eu\/<wbr \/>PL\/pl\/package-point-search<\/a><\/span><br \/>\n<b>Czas dostawy:<\/b> 1\u20133 dni robocze<br \/>\n<b>Koszt wysy\u0142ki:<\/b> 1590, \u2013 Ft,<br \/>\n<strong>P\u0142atno\u015b\u0107:<\/strong> Z p\u0142atno\u015bci\u0105 z g\u00f3ry (0 z\u0142) lub za pobraniem, kt\u00f3rego koszt wynosi + 400 z\u0142<\/li>\n<\/ul>\n<p>Podane ceny dotycz\u0105 wy\u0142\u0105cznie dostawy na terenie W\u0119gier. Je\u015bli chcesz wys\u0142a\u0107 paczk\u0119 za granic\u0119, prosimy o zapytanie o koszt dostawy drog\u0105 mailow\u0105 przed lub bezpo\u015brednio po z\u0142o\u017ceniu zam\u00f3wienia.<\/p>\n<h2><span style=\"color: #008000;\">Us\u0142ugi kurierskie FOXPOST:<\/span><\/h2>\n<p><img decoding=\"async\" class=\"wp-image-5807 alignleft\" style=\"margin-top: -10px;\" src=\"https:\/\/vetomshop.hu\/wp-content\/uploads\/2024\/06\/foxpost-.png\" alt=\"\" width=\"350\" srcset=\"https:\/\/vetomshop.hu\/wp-content\/uploads\/2024\/06\/foxpost-.png 1267w, https:\/\/vetomshop.hu\/wp-content\/uploads\/2024\/06\/foxpost--300x151.png 300w, https:\/\/vetomshop.hu\/wp-content\/uploads\/2024\/06\/foxpost--1024x516.png 1024w, https:\/\/vetomshop.hu\/wp-content\/uploads\/2024\/06\/foxpost--768x387.png 768w, https:\/\/vetomshop.hu\/wp-content\/uploads\/2024\/06\/foxpost--600x302.png 600w\" sizes=\"(max-width: 1267px) 100vw, 1267px\" \/>W naszym sklepie mo\u017cesz r\u00f3wnie\u017c zam\u00f3wi\u0107 dostaw\u0119 do paczkomatu Foxpost.<\/p>\n<p style=\"padding-left: 40px;\"><span style=\"color: #ff0000;\"><a style=\"color: #ff0000;\" href=\"https:\/\/foxpost.hu\/csomagautomatak\" target=\"_blank\" rel=\"noopener noreferrer nofollow\" data-saferedirecturl=\"https:\/\/www.google.com\/url?q=https:\/\/foxpost.hu\/csomagautomatak&amp;source=gmail&amp;ust=1709714712502000&amp;usg=AOvVaw1Y_RPFbUPlHU38HiM-T9Re\">https:\/\/foxpost.hu\/<wbr \/>automaty paczkowe<\/a><\/span><\/p>\n<p><strong>W przypadku zam\u00f3wienia dostawy do paczkomatu Foxpost nale\u017cy poda\u0107 adres paczkomatu w polu adresu dostawy lub w komentarzu podczas sk\u0142adania zam\u00f3wienia.<\/strong><\/p>\n<h3>Metody p\u0142atno\u015bci:<\/h3>\n<p><strong>Czas dostawy:<\/strong> 1\u20133 dni robocze<br \/>\n<strong>Koszt wysy\u0142ki:<\/strong> 1390, \u2013 Ft,<br \/>\n<strong>P\u0142atno\u015b\u0107:<\/strong> Przedp\u0142at\u0105 (0, \u2013 z\u0142) lub p\u0142atno\u015bci\u0105 przy odbiorze, kt\u00f3ra kosztuje +350, \u2013 z\u0142<\/p>\n<h3>Metody p\u0142atno\u015bci:<\/h3>\n<h4 style=\"padding-left: 40px;\">Za pobraniem<\/h4>\n<p>W przypadku wyboru p\u0142atno\u015bci za pobraniem, wynagrodzenie za towar p\u0142acone jest przy odbiorze towaru w miejscu odbioru (przez kuriera lub w punkcie pocztowym\/paczkowym). Ta metoda p\u0142atno\u015bci wi\u0105\u017ce si\u0119 z kosztami obs\u0142ugi, dlatego opr\u00f3cz podstawowej op\u0142aty za wysy\u0142k\u0119 naliczamy dodatkowo 350 lub 400 forint\u00f3w za paczk\u0119. W przypadku p\u0142atno\u015bci got\u00f3wk\u0105, prosimy o przygotowanie dok\u0142adnej kwoty, poniewa\u017c kurier nie zawsze dysponuje odpowiedni\u0105 ilo\u015bci\u0105 drobnych.<\/p>\n<h4 style=\"padding-left: 40px;\">Przelew bankowy<\/h4>\n<p>W przypadku wyboru p\u0142atno\u015bci przelewem bankowym, po sprawdzeniu dost\u0119pno\u015bci towaru, wy\u015blemy w formie elektronicznej powiadomienie o fakturze (faktura), zawieraj\u0105ce dane niezb\u0119dne do dokonania przelewu oraz ostateczn\u0105, dok\u0142adn\u0105 kwot\u0119. Prosimy o dokonanie przelewu ceny zakupu na nasz rachunek bankowy w ci\u0105gu 72 godzin od wys\u0142ania faktury, w przeciwnym razie b\u0119dziemy zmuszeni uzna\u0107 Pa\u0144stwa zam\u00f3wienie za niewa\u017cne. Pragniemy zwr\u00f3ci\u0107 uwag\u0119, aby nie dokonywa\u0107 przelewu bankowego, dop\u00f3ki faktura nie znajdzie si\u0119 w Pa\u0144stwa skrzynce odbiorczej! Dane niezb\u0119dne do przelewu znajduj\u0105 si\u0119 na wystawionej fakturze.<\/p>\n<h4 style=\"padding-left: 40px;\">Nale\u017cy r\u00f3wnie\u017c pami\u0119ta\u0107 o nast\u0119puj\u0105cych kwestiach:<\/h4>\n<p>Otrzymaj\u0105 Pa\u0144stwo powiadomienie e-mail o wysy\u0142ce paczki i przewidywanym terminie jej dostarczenia, dlatego te\u017c, aby unikn\u0105\u0107 nieporozumie\u0144 i niedogodno\u015bci, prosimy o regularne sprawdzanie swojej skrzynki pocztowej po z\u0142o\u017ceniu zam\u00f3wienia. W przypadku stwierdzenia jakichkolwiek nieprawid\u0142owo\u015bci zwi\u0105zanych z zam\u00f3wieniem, prosimy o kontakt z nami pod adresem <a href=\"mailto:vetomshop.hu@gmail.com\" target=\"_blank\" rel=\"noopener\">vetomshop.hu@gmail.com<\/a> W tym. Przy sk\u0142adaniu zam\u00f3wienia prosimy o sprawdzenie, czy podano prawid\u0142owe imi\u0119 i nazwisko, adres, adres e-mail i numer telefonu. Kurier mo\u017ce nie zna\u0107 lokalnych specyfik, dlatego w razie potrzeby prosimy o podanie dodatkowych informacji u\u0142atwiaj\u0105cych skuteczne dor\u0119czenie. Je\u015bli dor\u0119czenie nie powiedzie si\u0119 z Pa\u0144stwa winy, paczka zostanie ponownie przekazana kurierowi dopiero po ponownym uiszczeniu op\u0142aty za dostaw\u0119. Prosimy o nieodbieranie paczki, je\u015bli jest ona widocznie uszkodzona lub otwarta, i jak najszybsze poinformowanie nas o tym.<\/p>\n<div class=\"logo-posta\"><img decoding=\"async\" class=\"alignnone size-full wp-image-5757\" src=\"https:\/\/vetomshop.hu\/wp-content\/uploads\/2024\/06\/gls_logo.jpg\" alt=\"\" width=\"197\" \/><br \/>\n<img decoding=\"async\" class=\"alignnone size-full wp-image-5758\" src=\"https:\/\/vetomshop.hu\/wp-content\/uploads\/2024\/06\/mpl_logo.jpg\" alt=\"\" width=\"197\" \/><br \/>\n<img decoding=\"async\" class=\"alignnone size-full wp-image-5760\" src=\"https:\/\/vetomshop.hu\/wp-content\/uploads\/2024\/06\/fox_logo.jpg\" alt=\"\" width=\"197\" \/><br \/>\n<img decoding=\"async\" class=\"alignnone size-full wp-image-5759\" src=\"https:\/\/vetomshop.hu\/wp-content\/uploads\/2024\/06\/packeta_logo.jpg\" alt=\"\" width=\"197\" \/><br \/>\n<img decoding=\"async\" class=\"alignnone size-full wp-image-5759\" src=\"https:\/\/vetomshop.hu\/wp-content\/uploads\/2025\/02\/fedex_logo.jpg\" alt=\"\" width=\"197\" \/><\/div>\n<div id=\"gtx-trans\" style=\"position: absolute; left: 39px; top: 1545.89px;\">\n<div class=\"gtx-trans-icon\"><\/div>\n<\/div>","protected":false},"excerpt":{"rendered":"<p>Szem\u00e9lyes \u00e1tv\u00e9tel 8112, Zichy\u00fajfalu, Kast\u00e9lykert 1 A szem\u00e9lyes \u00e1tv\u00e9tel ideje: kiz\u00e1r\u00f3lag el\u0151zetes egyeztet\u00e9ssel a k\u00f6vetkez\u0151 el\u00e9rhet\u0151s\u00e9geken Telefon:\u00a0+36305573846 Pap Tam\u00e1s Email 1: vetomshop.hu@gmail.com Email 2: infoshop.vetom.magyarorszag@gmail.com vagy orsz\u00e1gszerte a partnereinkt\u0151l, melyeknek el\u00e9rhet\u0151s\u00e9g\u00fck a weboldalunkon is megtal\u00e1lhat\u00f3 Kisz\u00e1ll\u00edt\u00e1s: \u00c1ruh\u00e1zunkban az al\u00e1bbi kisz\u00e1ll\u00edt\u00e1si \u00e9s fizet\u00e9si lehet\u0151s\u00e9gek k\u00f6z\u00fcl v\u00e1laszthat: GLS fut\u00e1rszolg\u00e1lat \u00e9s Foxpost csomagautomata 40.000 Forint rendel\u00e9si \u00e9rt\u00e9k felett [&hellip;]<\/p>\n","protected":false},"author":9,"featured_media":0,"parent":0,"menu_order":0,"comment_status":"closed","ping_status":"closed","template":"","meta":{"footnotes":""},"class_list":["post-5220","page","type-page","status-publish","hentry"],"_links":{"self":[{"href":"https:\/\/vetomshop.hu\/pl\/wp-json\/wp\/v2\/pages\/5220","targetHints":{"allow":["GET"]}}],"collection":[{"href":"https:\/\/vetomshop.hu\/pl\/wp-json\/wp\/v2\/pages"}],"about":[{"href":"https:\/\/vetomshop.hu\/pl\/wp-json\/wp\/v2\/types\/page"}],"author":[{"embeddable":true,"href":"https:\/\/vetomshop.hu\/pl\/wp-json\/wp\/v2\/users\/9"}],"replies":[{"embeddable":true,"href":"https:\/\/vetomshop.hu\/pl\/wp-json\/wp\/v2\/comments?post=5220"}],"version-history":[{"count":8,"href":"https:\/\/vetomshop.hu\/pl\/wp-json\/wp\/v2\/pages\/5220\/revisions"}],"predecessor-version":[{"id":6763,"href":"https:\/\/vetomshop.hu\/pl\/wp-json\/wp\/v2\/pages\/5220\/revisions\/6763"}],"wp:attachment":[{"href":"https:\/\/vetomshop.hu\/pl\/wp-json\/wp\/v2\/media?parent=5220"}],"curies":[{"name":"wp","href":"https:\/\/api.w.org\/{rel}","templated":true}]}}