{"id":6007,"date":"2024-09-08T14:07:02","date_gmt":"2024-09-08T12:07:02","guid":{"rendered":"https:\/\/vetomshop.hu\/?page_id=6007"},"modified":"2024-09-16T19:32:12","modified_gmt":"2024-09-16T17:32:12","slug":"akcios-ajanlat","status":"publish","type":"page","link":"https:\/\/vetomshop.hu\/pl\/akcios-ajanlat\/","title":{"rendered":"Oferta specjalna"},"content":{"rendered":"<div class=\"wpb-content-wrapper\">\n<div  data-mk-stretch-content=\"true\" class=\"wpb_row vc_row vc_row-fluid jupiter-donut- mk-fullwidth-false  attched-false     js-master-row  mk-grid\">\n\t\t\t\t\n<div class=\"vc_col-sm-12 wpb_column column_container  jupiter-donut- _ jupiter-donut-height-full\">\n\t\t<div class=\"vc_custom_1726507905827\">\n\n<div id=\"text-block-2\" class=\"mk-text-block  jupiter-donut-\">\n\n\t\n\t<h2 style=\"text-align: center; font-size: 1.2em;\"><strong>Dzie\u0144 dobry drodzy klienci!<\/strong><\/h2>\n<p><img loading=\"lazy\" decoding=\"async\" class=\"alignright wp-image-6014\" src=\"https:\/\/vetomshop.hu\/wp-content\/uploads\/2024\/09\/vetom_hands-op.png\" alt=\"\" width=\"447\" height=\"238\" srcset=\"https:\/\/vetomshop.hu\/wp-content\/uploads\/2024\/09\/vetom_hands-op.png 425w, https:\/\/vetomshop.hu\/wp-content\/uploads\/2024\/09\/vetom_hands-op-300x160.png 300w\" sizes=\"auto, (max-width: 447px) 100vw, 447px\" \/><\/p>\n<p style=\"font-size: 0.9em;\">Do\u015bwiadczenie u\u017cytkownika zwi\u0105zane z produktami sprzedawanymi na naszej stronie internetowej odgrywa wa\u017cn\u0105 rol\u0119 w podejmowaniu decyzji o zakupie online.<\/p>\n<p style=\"font-size: 0.9em;\">Recenzje i do\u015bwiadczenia z naszymi produktami pomagaj\u0105 w podj\u0119ciu decyzji potencjalnym klientom, kt\u00f3rzy w\u0105tpi\u0105 w jako\u015b\u0107 probiotyk\u00f3w Vetom i innych naszych produkt\u00f3w.<\/p>\n<p style=\"font-size: 0.9em;\">Tak wi\u0119c - razem z Tob\u0105 mo\u017cemy pom\u00f3c innym.<\/p>\n<p style=\"font-size: 0.9em; color: green;\">Z tego powodu wszystkie zam\u00f3wienia, produkty i koszty dostawy <strong>-10%-os<\/strong> rabat wa\u017cny przez 10 dni dla ka\u017cdego, kto od dzi\u015b udost\u0119pni recenzj\u0119 na naszej stronie internetowej <strong>2024.09.16<\/strong>.<\/p>\n<p style=\"font-size: 0.9em; color: green;\">Sprzedawcy jednak <strong>Vetom Partners<\/strong> nie mog\u0105 zosta\u0107 pomini\u0119te, wi\u0119c <strong>-5%<\/strong> oferujemy rabat od cen hurtowych.<\/p>\n<p style=\"font-size: 1em;\"><strong>Aby ubiega\u0107 si\u0119 o zni\u017ck\u0119, wykonaj poni\u017csze czynno\u015bci:<\/strong><\/p>\n<ol>\n<li>Na dole strony kliknij produkt Vetom, kt\u00f3ry ju\u017c kupi\u0142e\u015b (u nas lub w innym sklepie) i masz co\u015b do powiedzenia na jego temat: recenzje, referencje, do\u015bwiadczenia;<\/li>\n<li>Wejd\u017a na stron\u0119 produktu i zostaw opini\u0119 na temat jego cech, wydajno\u015bci, rekomendacji itp;<\/li>\n<li>Zam\u00f3w produkt z gamy Vetom i wpisz \u201cReview -10%\u201c w uwagach do zam\u00f3wienia.<br \/>\n<img loading=\"lazy\" decoding=\"async\" class=\"alignnone wp-image-6066\" src=\"https:\/\/vetomshop.hu\/wp-content\/uploads\/2024\/09\/00.png\" alt=\"\" width=\"894\" height=\"749\" srcset=\"https:\/\/vetomshop.hu\/wp-content\/uploads\/2024\/09\/00.png 1055w, https:\/\/vetomshop.hu\/wp-content\/uploads\/2024\/09\/00-300x251.png 300w, https:\/\/vetomshop.hu\/wp-content\/uploads\/2024\/09\/00-1024x858.png 1024w, https:\/\/vetomshop.hu\/wp-content\/uploads\/2024\/09\/00-768x644.png 768w, https:\/\/vetomshop.hu\/wp-content\/uploads\/2024\/09\/00-600x503.png 600w\" sizes=\"auto, (max-width: 894px) 100vw, 894px\" \/><\/li>\n<li>Podczas przetwarzania zam\u00f3wienia uwzgl\u0119dnimy rabat 10% na produkty zakupione u nas: zar\u00f3wno na zakupiony produkt, jak i na dostaw\u0119.<\/li>\n<\/ol>\n<p style=\"font-size: 0.9em;\">Promocja ko\u0144czy si\u0119 o godzinie 23:59 w dniu 26.09.2024 r. (adres, numer telefonu ani inne dane osobowe nie s\u0105 wymagane).<\/p>\n\n\t<div class=\"clearboth\"><\/div>\n<\/div>\n\n\t<\/div>\n<\/div>\n\t<\/div>\n\n<div  data-mk-stretch-content=\"true\" class=\"wpb_row vc_row vc_row-fluid jupiter-donut- mk-fullwidth-false  attched-false    vc_custom_1725805942210  js-master-row  mk-grid\">\n\t\t\t\t\n<div class=\"vc_col-sm-3 wpb_column column_container  jupiter-donut- _ jupiter-donut-height-full\">\n\t<div  class=\"mk-image mk-image-4 jupiter-donut-  mk-image-lazyload align-left rounded-frame inside-image\" style=\"margin-bottom:0px\"><div class=\"mk-image-container\" style=\"max-width: 300px;\"><div  class=\"mk-image-holder\" style=\"max-width: 300px;\"><div class=\"mk-image-inner\"><a href=\"https:\/\/vetomshop.hu\/pl\/produkt\/vetom1-1-etrend-kiegeszito\/\" target=\"_self\" class=\"mk-image-link\"><img loading=\"lazy\" decoding=\"async\" class=\"lightbox-false\" alt=\"vetom-1-1-kapsuly-50\" title=\"vetom-1-1-kapsuly-50\" width=\"300\" height=\"298\" src=\"https:\/\/vetomshop.hu\/wp-content\/uploads\/2016\/09\/vetom-1-1-kapsuly-50-300x298.jpg\" \/><\/a><\/div><\/div><div class=\"clearboth\"><\/div><\/div><\/div><\/div>\n\n<div class=\"vc_col-sm-3 wpb_column column_container  jupiter-donut- _ jupiter-donut-height-full\">\n\t<div  class=\"mk-image mk-image-6 jupiter-donut-  mk-image-lazyload align-left rounded-frame inside-image\" style=\"margin-bottom:0px\"><div class=\"mk-image-container\" style=\"max-width: 300px;\"><div  class=\"mk-image-holder\" style=\"max-width: 300px;\"><div class=\"mk-image-inner\"><a href=\"https:\/\/vetomshop.hu\/pl\/produkt\/vetom-2-etrend-kiegeszito\/\" target=\"_self\" class=\"mk-image-link\"><img loading=\"lazy\" decoding=\"async\" class=\"lightbox-false\" alt=\"vetom_caps_2\" title=\"vetom_caps_2\" width=\"300\" height=\"300\" src=\"https:\/\/vetomshop.hu\/wp-content\/uploads\/2019\/11\/vetom_caps_2-300x300.jpg\" \/><\/a><\/div><\/div><div class=\"clearboth\"><\/div><\/div><\/div><\/div>\n\n<div class=\"vc_col-sm-3 wpb_column column_container  jupiter-donut- _ jupiter-donut-height-full\">\n\t<div  class=\"mk-image mk-image-8 jupiter-donut-  mk-image-lazyload align-left rounded-frame inside-image\" style=\"margin-bottom:0px\"><div class=\"mk-image-container\" style=\"max-width: 300px;\"><div  class=\"mk-image-holder\" style=\"max-width: 300px;\"><div class=\"mk-image-inner\"><a href=\"https:\/\/vetomshop.hu\/pl\/produkt\/vetom-3-etrend-kiegeszito\/\" target=\"_self\" class=\"mk-image-link\"><img loading=\"lazy\" decoding=\"async\" class=\"lightbox-false\" alt=\"vetom_caps_3\" title=\"vetom_caps_3\" width=\"300\" height=\"300\" src=\"https:\/\/vetomshop.hu\/wp-content\/uploads\/2019\/11\/vetom_caps_3-300x300.jpg\" \/><\/a><\/div><\/div><div class=\"clearboth\"><\/div><\/div><\/div><\/div>\n\n<div class=\"vc_col-sm-3 wpb_column column_container  jupiter-donut- _ jupiter-donut-height-full\">\n\t<div  class=\"mk-image mk-image-10 jupiter-donut-  mk-image-lazyload align-left rounded-frame inside-image\" style=\"margin-bottom:0px\"><div class=\"mk-image-container\" style=\"max-width: 300px;\"><div  class=\"mk-image-holder\" style=\"max-width: 300px;\"><div class=\"mk-image-inner\"><a href=\"https:\/\/vetomshop.hu\/pl\/produkt\/vetom-4-etrend-kiegeszito\/\" target=\"_self\" class=\"mk-image-link\"><img loading=\"lazy\" decoding=\"async\" class=\"lightbox-false\" alt=\"Vetom 4 probiotikum kapszula 50 szem\" title=\"vetom caps 4\" width=\"300\" height=\"300\" src=\"https:\/\/vetomshop.hu\/wp-content\/uploads\/2019\/11\/vetom_caps_4-300x300.jpg\" \/><\/a><\/div><\/div><div class=\"clearboth\"><\/div><\/div><\/div><\/div>\n\t<\/div>\n\n<div  data-mk-stretch-content=\"true\" class=\"wpb_row vc_row vc_row-fluid jupiter-donut- mk-fullwidth-false  attched-false    vc_custom_1725805947363  js-master-row  mk-grid\">\n\t\t\t\t\n<div class=\"vc_col-sm-3 wpb_column column_container  jupiter-donut- _ jupiter-donut-height-full\">\n\t<div  class=\"mk-image mk-image-12 jupiter-donut-  mk-image-lazyload align-left rounded-frame inside-image\" style=\"margin-bottom:0px\"><div class=\"mk-image-container\" style=\"max-width: 300px;\"><div  class=\"mk-image-holder\" style=\"max-width: 300px;\"><div class=\"mk-image-inner\"><a href=\"https:\/\/vetomshop.hu\/pl\/produkt\/vetom-1-23-probiotikum-csepp\/\" target=\"_self\" class=\"mk-image-link\"><img loading=\"lazy\" decoding=\"async\" class=\"lightbox-false\" alt=\"1-2\" title=\"1-2\" width=\"300\" height=\"297\" src=\"https:\/\/vetomshop.hu\/wp-content\/uploads\/2019\/11\/1-2-300x297.jpg\" \/><\/a><\/div><\/div><div class=\"clearboth\"><\/div><\/div><\/div><\/div>\n\n<div class=\"vc_col-sm-3 wpb_column column_container  jupiter-donut- _ jupiter-donut-height-full\">\n\t<div  class=\"mk-image mk-image-14 jupiter-donut-  mk-image-lazyload align-left rounded-frame inside-image\" style=\"margin-bottom:0px\"><div class=\"mk-image-container\" style=\"max-width: 300px;\"><div  class=\"mk-image-holder\" style=\"max-width: 300px;\"><div class=\"mk-image-inner\"><a href=\"https:\/\/vetomshop.hu\/pl\/produkt\/vetom-2-25-probiotikum-10-ml-csepp\/\" target=\"_self\" class=\"mk-image-link\"><img loading=\"lazy\" decoding=\"async\" class=\"lightbox-false\" alt=\"2_25_drop\" title=\"2_25_drop\" width=\"300\" height=\"297\" src=\"https:\/\/vetomshop.hu\/wp-content\/uploads\/2020\/10\/2_25_drop-300x297.jpg\" \/><\/a><\/div><\/div><div class=\"clearboth\"><\/div><\/div><\/div><\/div>\n\n<div class=\"vc_col-sm-3 wpb_column column_container  jupiter-donut- _ jupiter-donut-height-full\">\n\t<div  class=\"mk-image mk-image-16 jupiter-donut-  mk-image-lazyload align-left rounded-frame inside-image\" style=\"margin-bottom:0px\"><div class=\"mk-image-container\" style=\"max-width: 300px;\"><div  class=\"mk-image-holder\" style=\"max-width: 300px;\"><div class=\"mk-image-inner\"><a href=\"https:\/\/vetomshop.hu\/pl\/produkt\/vetom-2-26-probiotikum-10-ml-csepp\/\" target=\"_self\" class=\"mk-image-link\"><img loading=\"lazy\" decoding=\"async\" class=\"lightbox-false\" alt=\"22-6\" title=\"22-6\" width=\"300\" height=\"297\" src=\"https:\/\/vetomshop.hu\/wp-content\/uploads\/2019\/11\/22-6-300x297.jpg\" \/><\/a><\/div><\/div><div class=\"clearboth\"><\/div><\/div><\/div><\/div>\n\n<div class=\"vc_col-sm-3 wpb_column column_container  jupiter-donut- _ jupiter-donut-height-full\">\n\t<div  class=\"mk-image mk-image-18 jupiter-donut-  mk-image-lazyload align-left rounded-frame inside-image\" style=\"margin-bottom:0px\"><div class=\"mk-image-container\" style=\"max-width: 300px;\"><div  class=\"mk-image-holder\" style=\"max-width: 300px;\"><div class=\"mk-image-inner\"><a href=\"https:\/\/vetomshop.hu\/pl\/produkt\/vetom-3-22-probiotikum-csepp\/\" target=\"_self\" class=\"mk-image-link\"><img loading=\"lazy\" decoding=\"async\" class=\"lightbox-false\" alt=\"3-2-2\" title=\"3-2-2\" width=\"300\" height=\"297\" src=\"https:\/\/vetomshop.hu\/wp-content\/uploads\/2019\/11\/3-2-2-300x297.jpg\" \/><\/a><\/div><\/div><div class=\"clearboth\"><\/div><\/div><\/div><\/div>\n\t<\/div>\n\n<div  data-mk-stretch-content=\"true\" class=\"wpb_row vc_row vc_row-fluid jupiter-donut- mk-fullwidth-false  attched-false    vc_custom_1725805954200  js-master-row  mk-grid\">\n\t\t\t\t\n<div class=\"vc_col-sm-3 wpb_column column_container  jupiter-donut- _ jupiter-donut-height-full\">\n\t<div  class=\"mk-image mk-image-20 jupiter-donut-  mk-image-lazyload align-left rounded-frame inside-image\" style=\"margin-bottom:0px\"><div class=\"mk-image-container\" style=\"max-width: 300px;\"><div  class=\"mk-image-holder\" style=\"max-width: 300px;\"><div class=\"mk-image-inner\"><a href=\"https:\/\/vetomshop.hu\/pl\/produkt\/vetom-4-24-probiotikum-csepp\/\" target=\"_self\" class=\"mk-image-link\"><img loading=\"lazy\" decoding=\"async\" class=\"lightbox-false\" alt=\"4.2\" title=\"4.2\" width=\"300\" height=\"297\" src=\"https:\/\/vetomshop.hu\/wp-content\/uploads\/2019\/11\/4.2-300x297.jpg\" \/><\/a><\/div><\/div><div class=\"clearboth\"><\/div><\/div><\/div><\/div>\n\n<div class=\"vc_col-sm-3 wpb_column column_container  jupiter-donut- _ jupiter-donut-height-full\">\n\t<div  class=\"mk-image mk-image-22 jupiter-donut-  mk-image-lazyload align-left rounded-frame inside-image\" style=\"margin-bottom:0px\"><div class=\"mk-image-container\" style=\"max-width: 300px;\"><div  class=\"mk-image-holder\" style=\"max-width: 300px;\"><div class=\"mk-image-inner\"><a href=\"https:\/\/vetomshop.hu\/pl\/produkt\/vetom-1-1-probiotikum-por-500-g-etrend-kiegeszito\/\" target=\"_self\" class=\"mk-image-link\"><img loading=\"lazy\" decoding=\"async\" class=\"lightbox-false\" alt=\"vetom_1_por\" title=\"vetom_1_por\" width=\"300\" height=\"300\" src=\"https:\/\/vetomshop.hu\/wp-content\/uploads\/2024\/06\/vetom_1_por-300x300.jpg\" \/><\/a><\/div><\/div><div class=\"clearboth\"><\/div><\/div><\/div><\/div>\n\n<div class=\"vc_col-sm-3 wpb_column column_container  jupiter-donut- _ jupiter-donut-height-full\">\n\t<div  class=\"mk-image mk-image-24 jupiter-donut-  mk-image-lazyload align-left rounded-frame inside-image\" style=\"margin-bottom:0px\"><div class=\"mk-image-container\" style=\"max-width: 300px;\"><div  class=\"mk-image-holder\" style=\"max-width: 300px;\"><div class=\"mk-image-inner\"><a href=\"https:\/\/vetomshop.hu\/pl\/produkt\/komarov-por-etrend-kiegeszito-40-tasak\/\" target=\"_self\" class=\"mk-image-link\"><img loading=\"lazy\" decoding=\"async\" class=\"lightbox-false\" alt=\"komarov-por\" title=\"komarov-por\" width=\"300\" height=\"300\" src=\"https:\/\/vetomshop.hu\/wp-content\/uploads\/2023\/08\/komarov-por-300x300.jpg\" \/><\/a><\/div><\/div><div class=\"clearboth\"><\/div><\/div><\/div><\/div>\n\n<div class=\"vc_col-sm-3 wpb_column column_container  jupiter-donut- _ jupiter-donut-height-full\">\n\t<div  class=\"mk-image mk-image-26 jupiter-donut-  mk-image-lazyload align-left rounded-frame inside-image\" style=\"margin-bottom:0px\"><div class=\"mk-image-container\" style=\"max-width: 300px;\"><div  class=\"mk-image-holder\" style=\"max-width: 300px;\"><div class=\"mk-image-inner\"><a href=\"https:\/\/vetomshop.hu\/pl\/produkt\/vetomgin-8-21\/\" target=\"_self\" class=\"mk-image-link\"><img loading=\"lazy\" decoding=\"async\" class=\"lightbox-false\" alt=\"vetomgin\" title=\"vetomgin\" width=\"300\" height=\"300\" src=\"https:\/\/vetomshop.hu\/wp-content\/uploads\/2020\/10\/vetomgin-300x300.jpg\" \/><\/a><\/div><\/div><div class=\"clearboth\"><\/div><\/div><\/div><\/div>\n\t<\/div>\n\n<div  data-mk-stretch-content=\"true\" class=\"wpb_row vc_row vc_row-fluid jupiter-donut- mk-fullwidth-false  attched-false    vc_custom_1725805341644  js-master-row  mk-grid\">\n\t\t\t\t\n<div class=\"vc_col-sm-12 wpb_column column_container  jupiter-donut- _ jupiter-donut-height-full\">\n\t\t<div class=\"vc_custom_1725805308003\">\n\n<div id=\"text-block-28\" class=\"mk-text-block  jupiter-donut-\">\n\n\t\n\t<p style=\"font-size: 1em;\"><strong>Z podzi\u0119kowaniami i pozdrowieniami Tam\u00e1s Pap, Dyrektor Zarz\u0105dzaj\u0105cy<\/strong><\/p>\n<p style=\"font-size: 1.1em;\"><a href=\"https:\/\/probiotikum-magyarorszag.hu\" target=\"_blank\" rel=\"noopener noreferrer nofollow\">Probiotyki na W\u0119grzech<\/a> \u00a0\u00a0 \u00a0\u00a0<a href=\"https:\/\/vetom-magyarorszag.hu\" target=\"_blank\" rel=\"noopener noreferrer nofollow\">Vetom W\u0119gry<\/a> \u00a0 \u00a0\u00a0 \u00a0<a href=\"https:\/\/vetomshop.hu\/pl\/\">Vetomshop<\/a>\u00a0 \u00a0 \u00a0 \u00a0<a href=\"https:\/\/www.facebook.com\/Vetomshop.hu\" target=\"_blank\" rel=\"noopener noreferrer nofollow\">Vetom Facebook<\/a><\/p>\n\n\t<div class=\"clearboth\"><\/div>\n<\/div>\n\n\t<\/div>\n<\/div>\n\t<\/div>\n\n<\/div>","protected":false},"excerpt":{"rendered":"Sz\u00e9p napot kedves v\u00e1s\u00e1rl\u00f3ink! A weboldalunkon \u00e9rt\u00e9kes\u00edtett term\u00e9kek felhaszn\u00e1l\u00f3i tapasztalatok fontos szerepet j\u00e1tszanak az online v\u00e1s\u00e1rl\u00e1si d\u00f6nt\u00e9sek meghozatal\u00e1ban. A term\u00e9kekkel kapcsolatos v\u00e9lem\u00e9nyek \u00e9s tapasztalatok seg\u00edtenek a potenci\u00e1lis v\u00e1s\u00e1rl\u00f3knak abban, hogy d\u00f6nt\u00e9st hozzanak a term\u00e9kekkel kapcsolatban, akik k\u00e9telkednek a Vetom probiotikum \u00e9s egy\u00e9b term\u00e9keink min\u0151s\u00e9g\u00e9ben. \u00cdgy, \u2013 \u00d6n\u00f6kkel egy\u00fctt seg\u00edthet\u00fcnk m\u00e1soknak. Ez\u00e9rt minden leadott rendel\u00e9sre, term\u00e9kre, [...]","protected":false},"author":104,"featured_media":0,"parent":0,"menu_order":0,"comment_status":"closed","ping_status":"closed","template":"","meta":{"footnotes":""},"class_list":["post-6007","page","type-page","status-publish","hentry"],"_links":{"self":[{"href":"https:\/\/vetomshop.hu\/pl\/wp-json\/wp\/v2\/pages\/6007","targetHints":{"allow":["GET"]}}],"collection":[{"href":"https:\/\/vetomshop.hu\/pl\/wp-json\/wp\/v2\/pages"}],"about":[{"href":"https:\/\/vetomshop.hu\/pl\/wp-json\/wp\/v2\/types\/page"}],"author":[{"embeddable":true,"href":"https:\/\/vetomshop.hu\/pl\/wp-json\/wp\/v2\/users\/104"}],"replies":[{"embeddable":true,"href":"https:\/\/vetomshop.hu\/pl\/wp-json\/wp\/v2\/comments?post=6007"}],"version-history":[{"count":0,"href":"https:\/\/vetomshop.hu\/pl\/wp-json\/wp\/v2\/pages\/6007\/revisions"}],"wp:attachment":[{"href":"https:\/\/vetomshop.hu\/pl\/wp-json\/wp\/v2\/media?parent=6007"}],"curies":[{"name":"wp","href":"https:\/\/api.w.org\/{rel}","templated":true}]}}