{"id":225,"date":"2016-09-02T11:41:41","date_gmt":"2016-09-02T09:41:41","guid":{"rendered":"https:\/\/demos.artbees.net\/jupiter\/herse\/?post_type=product&#038;p=225"},"modified":"2026-04-12T08:29:44","modified_gmt":"2026-04-12T06:29:44","slug":"vetom1-1-etrend-kiegeszito","status":"publish","type":"product","link":"https:\/\/vetomshop.hu\/pl\/produkt\/vetom1-1-etrend-kiegeszito\/","title":{"rendered":"Probiotyk Vetom <span style=\"color:red\">1.1<\/span><br> kapsu\u0142ka <span style=\"color:red\">50 ziaren<\/span> (suplement diety)"},"content":{"rendered":"<h2>Vetom 1.1 kapsu\u0142ki probiotyczne 50 ziaren (suplement diety)<\/h2>\n<p>Zasadniczo probiotyki VETOM mog\u0105 by\u0107 stosowane w przypadku ka\u017cdego rodzaju choroby, poniewa\u017c s\u0105 w stanie rozwi\u0105za\u0107 powa\u017cne problemy - przywracaj\u0105c mikroflor\u0119 i optymalizuj\u0105c aktywno\u015b\u0107 uk\u0142adu odporno\u015bciowego.<\/p>\n<p>Korzystne dzia\u0142anie Vetom 1.1 wynika z zawartych w nim bakterii *Bacillus subtilis*. Te po\u017cyteczne bakterie namna\u017caj\u0105 si\u0119 w jelicie grubym i wytwarzaj\u0105 r\u00f3\u017cne enzymy i substancje biologicznie czynne, kt\u00f3re:<\/p>\n<p>* hamuj\u0105 rozw\u00f3j szkodliwych bakterii i grzyb\u00f3w,<br \/>\n* pomagaj\u0105 rozk\u0142ada\u0107 bia\u0142ka, skrobi\u0119 i b\u0142onnik ro\u015blinny,<br \/>\n* wspomagaj\u0105 uk\u0142ad odporno\u015bciowy,<br \/>\n* pomagaj\u0105 w detoksykacji organizmu,<br \/>\n* promuj\u0105 lepsze wch\u0142anianie sk\u0142adnik\u00f3w od\u017cywczych.<\/p>\n<h2>Regularne stosowanie produktu:<\/h2>\n<p>* przywraca zdrow\u0105 r\u00f3wnowag\u0119 flory jelitowej,<br \/>\n* poprawia trawienie,<br \/>\n* \u0141agodzi objawy alergii,<br \/>\n* wspomaga regeneracj\u0119 organizmu i usuwanie chorych kom\u00f3rek,<br \/>\n* wzmacnia dzia\u0142anie innych lek\u00f3w, jednocze\u015bnie zmniejszaj\u0105c ich skutki uboczne.<br \/>\n* Chroni organizm na poziomie kom\u00f3rkowym, pomaga zapobiega\u0107 rozwojowi nowotwor\u00f3w.<\/p>\n<h2>Cechy:<\/h2>\n<p>* Antybakteryjny i przeciwgrzybiczy<br \/>\n* Przeciwwirusowe, wzmacniaj\u0105ce odporno\u015b\u0107, przeciwnowotworowe<br \/>\n* Brak efekt\u00f3w ubocznych<br \/>\n* Brak uzale\u017cnienia<br \/>\n* Nie do przedawkowania<\/p>\n<h2>Zastosowanie:<\/h2>\n<p>Vetom 1.1 jest zalecany w celu poprawy stanu przewodu pokarmowego i przywr\u00f3cenia r\u00f3wnowagi flory jelitowej.<\/p>\n<h2>Dawkowanie:<\/h2>\n<p>* Zaleca si\u0119 przyjmowanie 1 kapsu\u0142ki 2-3 razy dziennie przez 10 dni, przed, w trakcie lub po posi\u0142ku, popijaj\u0105c niewielk\u0105 ilo\u015bci\u0105 p\u0142ynu (wody, herbaty lub soku). W trakcie leczenia nale\u017cy monitorowa\u0107 reakcj\u0119 organizmu i w razie potrzeby stopniowo zwi\u0119ksza\u0107 dawk\u0119 do 5-10 kapsu\u0142ek dziennie.<\/p>\n<p>* Kuracj\u0119 mo\u017cna powt\u00f3rzy\u0107 w dowolnym momencie po 1-2 tygodniach przerwy. Czasami zaleca si\u0119 naprzemienne stosowanie z innymi rodzajami produkt\u00f3w Vetom w celu wsparcia ca\u0142ego organizmu.<\/p>\n<h2>Przeciwwskazania:<\/h2>\n<p>* Nadwra\u017cliwo\u015b\u0107 na kt\u00f3rykolwiek ze sk\u0142adnik\u00f3w<br \/>\n* Nie stosowa\u0107 razem z antybiotykami lub innymi probiotykami.<br \/>\n* Podczas ci\u0105\u017cy i karmienia piersi\u0105 tylko za zgod\u0105 lekarza<\/p>\n<h2>Inne informacje:<\/h2>\n<p>* Nie wp\u0142ywa na prowadzenie pojazd\u00f3w ani obs\u0142ug\u0119 niebezpiecznych maszyn.<br \/>\n* Przechowywanie: w suchym, ch\u0142odnym miejscu (maks. 30\u00b0C), niedost\u0119pnym dla dzieci.<br \/>\n* Gwarancja: 2 lata od daty produkcji<br \/>\n* Opakowanie: 10 kapsu\u0142ek w blistrze, 5 opakowa\u0144 w pude\u0142ku (\u0142\u0105cznie 50 kapsu\u0142ek)<\/p>\n<h2>Sk\u0142ad na kapsu\u0142k\u0119:<\/h2>\n<p>* ekstrakt z kukurydzy: 133 mg<br \/>\n* Skrobia ziemniaczana: 100 mg<br \/>\n* Cukier puder: 67 mg<br \/>\n* Szczep Bacillus subtilis: 0,03 mg<\/p>\n<p>Alternatywny odpowiednik w postaci kropli: Vetom 1.23 (10 ml)<\/p>\n<p>Miejsce pochodzenia: <strong>Rosja<\/strong><\/p>","protected":false},"excerpt":{"rendered":"<h5>Vetom <span style=\"color: red;\">1.1<\/span> Kapsu\u0142ki probiotyczne 50 ziaren (suplement diety)<\/h5>\n<p>Jego korzystne dzia\u0142anie wynika z dzia\u0142ania po\u017cytecznych bakterii Bacillus subtilis, kt\u00f3re s\u0105 produkowane g\u0142\u00f3wnie poprzez namna\u017canie si\u0119 w jelicie grubym:<\/p>\n<ul class=\"vetom-list\">\n<li>enzymy proteolityczne, amylolityczne, celulozolityczne;<\/li>\n<li>interferonu a-2 w ludzkich leukocytach;<\/li>\n<li>mg bacytracyny, kt\u00f3re hamuj\u0105 wzrost i rozw\u00f3j patogennej i potencjalnie patogennej mikroflory;<\/li>\n<li>i inne substancje biologicznie czynne.<\/li>\n<\/ul>\n<div class=\"plashka\">W konsekwencji sk\u0142ad bakteryjny tre\u015bci jelitowej przekszta\u0142ca si\u0119 w prawid\u0142ow\u0105 norm\u0119 rozwojow\u0105, \u015bciany jelit s\u0105 oczyszczane z niestrawionych resztek, co przyczynia si\u0119 do aktywnego usuwania toksyn z organizmu, niezak\u0142\u00f3conego transportu biologicznie aktywnych sk\u0142adnik\u00f3w od\u017cywczych.<\/div>\n<p>A <strong>Vetom <span style=\"color: red;\">1.1<\/span><\/strong> normalizuje metabolizm, trawienie i wch\u0142anianie biologicznie aktywnych sk\u0142adnik\u00f3w \u017cywno\u015bci w przewodzie pokarmowym.<\/p>\n<p>A <strong>Vetom <span style=\"color: red;\">1.1<\/span><\/strong> zwi\u0119ksza skuteczno\u015b\u0107 lek\u00f3w i zmniejsza ich negatywne skutki uboczne na organizm ludzki.<\/p>\n<div class=\"plashka\"><strong>Efekty farmakologiczne:<\/strong> immunomoduluj\u0105ce, przeciwnowotworowe, przeciwwirusowe, antyproliferacyjne, bakteriob\u00f3jcze, grzybob\u00f3jcze, przeciwchlamydialne.<\/div>\n<h5>Cechy:<\/h5>\n<ul class=\"vetom-list\">\n<li>Ma wysok\u0105 aktywno\u015b\u0107 antagonistyczn\u0105 wobec patogennych i warunkowo patogennych grzyb\u00f3w i bakterii, w\u0142a\u015bciwo\u015bci przeciwwirusowe, proteolityczne, amy lityczne, celulolityczne<\/li>\n<li>stymuluje kom\u00f3rkowe i humoralne czynniki odporno\u015bci<\/li>\n<li>zwi\u0119ksza niespecyficzn\u0105 odporno\u015b\u0107 organizmu<\/li>\n<li>stabilizuje odporno\u015b\u0107 alergiczn\u0105<\/li>\n<li>normalizuje metabolizm<\/li>\n<li>stymuluje procesy regeneracji, atakuj\u0105c i niszcz\u0105c kom\u00f3rki nowotworowe i chore<\/li>\n<\/ul>","protected":false},"featured_media":6597,"comment_status":"open","ping_status":"closed","template":"","meta":[],"product_brand":[],"product_cat":[22],"product_tag":[],"class_list":{"0":"post-225","1":"product","2":"type-product","3":"status-publish","4":"has-post-thumbnail","6":"product_cat-vetom-probiotikumok","8":"first","9":"instock","10":"featured","11":"taxable","12":"shipping-taxable","13":"purchasable","14":"product-type-simple"},"_links":{"self":[{"href":"https:\/\/vetomshop.hu\/pl\/wp-json\/wp\/v2\/product\/225","targetHints":{"allow":["GET"]}}],"collection":[{"href":"https:\/\/vetomshop.hu\/pl\/wp-json\/wp\/v2\/product"}],"about":[{"href":"https:\/\/vetomshop.hu\/pl\/wp-json\/wp\/v2\/types\/product"}],"replies":[{"embeddable":true,"href":"https:\/\/vetomshop.hu\/pl\/wp-json\/wp\/v2\/comments?post=225"}],"wp:featuredmedia":[{"embeddable":true,"href":"https:\/\/vetomshop.hu\/pl\/wp-json\/wp\/v2\/media\/6597"}],"wp:attachment":[{"href":"https:\/\/vetomshop.hu\/pl\/wp-json\/wp\/v2\/media?parent=225"}],"wp:term":[{"taxonomy":"product_brand","embeddable":true,"href":"https:\/\/vetomshop.hu\/pl\/wp-json\/wp\/v2\/product_brand?post=225"},{"taxonomy":"product_cat","embeddable":true,"href":"https:\/\/vetomshop.hu\/pl\/wp-json\/wp\/v2\/product_cat?post=225"},{"taxonomy":"product_tag","embeddable":true,"href":"https:\/\/vetomshop.hu\/pl\/wp-json\/wp\/v2\/product_tag?post=225"}],"curies":[{"name":"wp","href":"https:\/\/api.w.org\/{rel}","templated":true}]}}