{"id":2478,"date":"2020-10-20T18:54:23","date_gmt":"2020-10-20T16:54:23","guid":{"rendered":"https:\/\/vetomshop.hu\/?post_type=product&#038;p=2478"},"modified":"2026-04-12T08:28:28","modified_gmt":"2026-04-12T06:28:28","slug":"vetom-2-25-probiotikum-10-ml-csepp","status":"publish","type":"product","link":"https:\/\/vetomshop.hu\/pl\/produkt\/vetom-2-25-probiotikum-10-ml-csepp\/","title":{"rendered":"Probiotyk Vetom <span style=\"color: red\">2.25<\/span><br>spadek <span style=\"color: red\">10 ml<\/span> (suplement diety)"},"content":{"rendered":"<h3>Vetom 2.25 krople probiotyczne 10 ml (suplement diety)<\/h3>\n<p>Dwa szczepy Bacillus amyloliquefaciens (VKPM B-10642 i B-10643)<\/p>\n<p>Vetom 2.25 to oparty na naturalnych sk\u0142adnikach p\u0142ynny probiotyk opracowany w celu przywr\u00f3cenia flory jelitowej, wsparcia zdrowia uk\u0142adu trawiennego i wzmocnienia og\u00f3lnej obrony organizmu. Swoj\u0105 wyj\u0105tkow\u0105 skuteczno\u015b\u0107 zawdzi\u0119cza dw\u00f3m szczepom bakterii *Bacillus amyloliquefaciens*.<\/p>\n<h2>G\u0142\u00f3wne efekty i korzy\u015bci:<\/h2>\n<p>*Dzia\u0142anie przeciwbakteryjne, przeciwwirusowe, przeciwgrzybicze i przeciwchlamydialne<br \/>\n*Wspomaga funkcjonowanie jelita grubego i cienkiego, przywraca prawid\u0142ow\u0105 flor\u0119 jelitow\u0105<br \/>\n*Wspiera uk\u0142ad odporno\u015bciowy, zar\u00f3wno na poziomie kom\u00f3rkowym, jak i na poziomie og\u00f3lnej obrony.<br \/>\n* Normalizuje metabolizm, zw\u0142aszcza r\u00f3wnowag\u0119 wodno-soln\u0105.<br \/>\n*Dzia\u0142anie odtruwaj\u0105ce, pomaga wyeliminowa\u0107 procesy rozk\u0142adu w jelitach<br \/>\n* Zmniejsza nie\u015bwie\u017cy oddech i objawy pocenia si\u0119<br \/>\n*Stosowany jako suplement w r\u00f3\u017cnych schorzeniach, takich jak choroby w\u0105troby, zapalenie jelit, wrzody \u017co\u0142\u0105dka, przewlek\u0142e zapalenie w\u0105troby.<br \/>\n*Ludzki leukocyt wytwarza interferon, kt\u00f3ry chroni organizm przed infekcjami wirusowymi.<br \/>\n*Brak uzale\u017cnienia, przedawkowania lub skutk\u00f3w ubocznych<br \/>\n*Dla dzieci i doros\u0142ych<\/p>\n<h2>Kiedy zaleca si\u0119 jego stosowanie?<\/h2>\n<p>* po leczeniu antybiotykami, w celu regeneracji flory jelitowej<br \/>\n*Uzupe\u0142nienie terapii w przypadku raka<br \/>\n*Zaburzenia trawienia, biegunka, zaparcia, rozstr\u00f3j \u017co\u0142\u0105dka<br \/>\n*W stanach niedoboru odporno\u015bci<br \/>\n*W przypadku nieprzyjemnego zapachu cia\u0142a lub oddechu<br \/>\n*Dodatkowe leczenie kamieni nerkowych, chor\u00f3b w\u0105troby, problem\u00f3w \u017co\u0142\u0105dkowo-jelitowych<\/p>\n<h2>\nZalecenia dotycz\u0105ce dawkowania:<\/h2>\n<p>*Uzupe\u0142niaj\u0105co dla doros\u0142ych i dzieci: zaleca si\u0119 stosowanie 2 kropli przez kilka pierwszych dni, a nast\u0119pnie dawk\u0119 mo\u017cna stopniowo zwi\u0119ksza\u0107 do 4-6 kropli. Podczas stosowania nale\u017cy obserwowa\u0107 reakcje organizmu.<br \/>\n*W przypadku powszechnych chor\u00f3b: 10 kropli dziennie przez 10 dni<br \/>\n* Zabieg mo\u017cna powt\u00f3rzy\u0107 po 1-2 tygodniach<br \/>\n* Zaleca si\u0119 stosowanie na przemian z innymi produktami Vetom (np. Vetom 1, 3, 4 itp.).<\/p>\n<p>Wa\u017cne:<br \/>\nNie nale\u017cy go przyjmowa\u0107 z innymi doustnymi probiotykami lub antybiotykami, zw\u0142aszcza sulfanilamidem, \u015brodkami przeciwnowotworowymi.<\/p>\n<h2>Sk\u0142adniki:<\/h2>\n<p>* Sfermentowany ekstrakt z kukurydzy z nast\u0119puj\u0105cymi szczepami bakterii:<br \/>\n*Bacillus amyloliquefaciens* VKPM B-10642 (DSM 24614)<br \/>\n*Bacillus amyloliquefaciens* VKPM B-10643 (DSM 24615)<br \/>\n* Viveware<\/p>\n<h2>Opakowanie i wygl\u0105d:<\/h2>\n<p>* 10 ml p\u0142ynu w szklanej lub plastikowej butelce, zapakowanej w kartonowe pude\u0142ko<br \/>\n* Kolor: od jasno\u017c\u00f3\u0142tego do ciemnobr\u0105zowego<br \/>\n* Typowy zapach, czasami mo\u017ce wyst\u0105pi\u0107 niewielki osad (nie jest to wada jako\u015bciowa)<\/p>\n<p>*Waga: 0,02 kg<br \/>\n*Wymiary: 3 \u00d7 3 \u00d7 7 cm<br \/>\n*Miejsce zatrudnienia: <strong>Rosja<\/strong><\/p>\n<h2>Warunki przechowywania i transportu:<\/h2>\n<p>*Przechowywanie: 0-10 \u00b0C, maks. wilgotno\u015b\u0107 75%<br \/>\n*Mo\u017ce by\u0107 przechowywany w temperaturze 10-30 \u00b0C do 18 dni.<br \/>\n*Po demonta\u017cu: przechowywa\u0107 w lod\u00f3wce (0-10 \u00b0C)<\/p>","protected":false},"excerpt":{"rendered":"<h5>Sk\u0142ad:<\/h5>\n<p>Bacillus amyloliquefaciens, VKPM B-10642 <strong>(DSM 24614)<\/strong> i VKPM B- 10643 <strong>(DSM 24615)<\/strong> bakteryjnie fermentowany ekstrakt kukurydziany szczep\u00f3w Bacilus, no\u015bnik.<br \/>\n<strong>Jak wygl\u0105da produkt: <\/strong>A <strong>Vetom<\/strong> <span style=\"color: red; font-weight: 800;\">2.25<\/span> <strong>Krople probiotyczne<\/strong> ciecz o specyficznym zapachu, w kolorze od jasno\u017c\u00f3\u0142tego do ciemnobr\u0105zowego.<\/p>\n<p><strong>Rozpakowywanie:<\/strong>\u00a0 szklana lub plastikowa butelka w kartonie.<\/p>\n<div class=\"plashka\">A <strong>Vetom<\/strong> <span style=\"color: red; font-weight: 800;\">2.25<\/span> zwi\u0119ksza skuteczno\u015b\u0107 lek\u00f3w i zmniejsza ich negatywne skutki uboczne na organizm ludzki.<\/div>\n<h6>Cechy:<\/h6>\n<ul class=\"vetom-list\">\n<li>stymuluje kom\u00f3rkowe i humoralne czynniki odporno\u015bci<\/li>\n<li>zwi\u0119ksza niespecyficzn\u0105 odporno\u015b\u0107 organizmu<\/li>\n<li>stabilizuje odporno\u015b\u0107 alergiczn\u0105<\/li>\n<li>normalizuje metabolizm<\/li>\n<li>stymuluje procesy regeneracji, atakuje i niszczy kom\u00f3rki nowotworowe i chore<\/li>\n<\/ul>\n<div class=\"plashka\">Zmienia b\u0142on\u0119 i metabolizm szkieletu kom\u00f3rkowego, zapobiegaj\u0105c rozwojowi kom\u00f3rek nowotworowych.<\/div>","protected":false},"featured_media":6611,"comment_status":"open","ping_status":"closed","template":"","meta":[],"product_brand":[],"product_cat":[22],"product_tag":[],"class_list":{"0":"post-2478","1":"product","2":"type-product","3":"status-publish","4":"has-post-thumbnail","6":"product_cat-vetom-probiotikumok","8":"first","9":"instock","10":"featured","11":"taxable","12":"shipping-taxable","13":"purchasable","14":"product-type-simple"},"_links":{"self":[{"href":"https:\/\/vetomshop.hu\/pl\/wp-json\/wp\/v2\/product\/2478","targetHints":{"allow":["GET"]}}],"collection":[{"href":"https:\/\/vetomshop.hu\/pl\/wp-json\/wp\/v2\/product"}],"about":[{"href":"https:\/\/vetomshop.hu\/pl\/wp-json\/wp\/v2\/types\/product"}],"replies":[{"embeddable":true,"href":"https:\/\/vetomshop.hu\/pl\/wp-json\/wp\/v2\/comments?post=2478"}],"wp:featuredmedia":[{"embeddable":true,"href":"https:\/\/vetomshop.hu\/pl\/wp-json\/wp\/v2\/media\/6611"}],"wp:attachment":[{"href":"https:\/\/vetomshop.hu\/pl\/wp-json\/wp\/v2\/media?parent=2478"}],"wp:term":[{"taxonomy":"product_brand","embeddable":true,"href":"https:\/\/vetomshop.hu\/pl\/wp-json\/wp\/v2\/product_brand?post=2478"},{"taxonomy":"product_cat","embeddable":true,"href":"https:\/\/vetomshop.hu\/pl\/wp-json\/wp\/v2\/product_cat?post=2478"},{"taxonomy":"product_tag","embeddable":true,"href":"https:\/\/vetomshop.hu\/pl\/wp-json\/wp\/v2\/product_tag?post=2478"}],"curies":[{"name":"wp","href":"https:\/\/api.w.org\/{rel}","templated":true}]}}