{"id":2483,"date":"2020-10-20T19:35:14","date_gmt":"2020-10-20T17:35:14","guid":{"rendered":"https:\/\/vetomshop.hu\/?post_type=product&#038;p=2483"},"modified":"2026-04-12T08:28:16","modified_gmt":"2026-04-12T06:28:16","slug":"vetomgin-8-21","status":"publish","type":"product","link":"https:\/\/vetomshop.hu\/pl\/produkt\/vetomgin-8-21\/","title":{"rendered":"Probiotyk Vetomgin <span style=\"color:red\">8.21<\/span> tabletka szampana <span style=\"color:red\">15 sztuk<\/span> (suplement diety)"},"content":{"rendered":"<h2><strong>Vetomgin 8.21 probiotyczne tabletki musuj\u0105ce 15 (suplement diety)<\/strong><\/h2>\n<p><span style=\"color: #ff0000;\">Sk\u0142ad<\/span><\/p>\n<p>1 porcja (1 tabletka musuj\u0105ca) zawiera: dodatek: \u0415500 (w\u0119glan sodu) - 1200 \u00b5g \u0415330(baton cytrynowy) - 750 \u00b5g ; suszone kultury probiotyczne Bacillus subtilis, VKPM B - 10641(DSM 24613),Bacillus amyloliquefaciens, VKPM B - 10642(DSM 24614) , Bacillus amyloliquefaciens, VKPM B - 10643 (DSM 24615) 1\u0445106 KTJ\/g - 50 mg.<\/p>\n<p>Jego korzystne dzia\u0142anie wynika z w\u0142a\u015bciwo\u015bci sk\u0142adnik\u00f3w Vetomgin 8.21. Pod ich wp\u0142ywem w jelitach ka\u017cdego cz\u0142owieka tworzy si\u0119 specyficzna kompozycja drobnoustroj\u00f3w i aktywowany zostaje cykl Krebsa. Proces ten skutkuje optymalizacj\u0105 funkcjonowania system\u00f3w chroni\u0105cych organizm przed obcymi naje\u017ad\u017acami, w tym mikroorganizmami zaka\u017anymi, a tak\u017ce optymalizuje system regulacyjny organizmu, kt\u00f3ry zapewnia aktywny dop\u0142yw tlenu do kom\u00f3rek; tworzenie rezerw energii; aktywacj\u0119 syntezy cz\u0105steczek niezb\u0119dnych dla organizmu: aminokwas\u00f3w, w\u0119glowodan\u00f3w, kwas\u00f3w t\u0142uszczowych itp.<\/p>\n<p>Vetomgin 8.21 zwi\u0119ksza skuteczno\u015b\u0107 lek\u00f3w i zmniejsza ich negatywne skutki uboczne na organizm ludzki.<\/p>\n<h5>Cechy:<\/h5>\n<ul>\n<li>\u00a0BRAK EFEKT\u00d3W UBOCZNYCH<\/li>\n<li>\u00a0BRAK OGRANICZE\u0143 WIEKOWYCH<\/li>\n<li>BRAK PRZEDAWKOWANIA<\/li>\n<li>NIE UZALE\u017bNIA<\/li>\n<\/ul>\n<ul class=\"vetom-list\">\n<li>Ma wysok\u0105 aktywno\u015b\u0107 antagonistyczn\u0105 wobec patogennych i warunkowo patogennych grzyb\u00f3w i bakterii, w\u0142a\u015bciwo\u015bci przeciwwirusowe, proteolityczne, amy lityczne, celulolityczne<\/li>\n<li>stymuluje kom\u00f3rkowe i humoralne czynniki odporno\u015bci<\/li>\n<li>zwi\u0119ksza niespecyficzn\u0105 odporno\u015b\u0107 organizmu<\/li>\n<li>stabilizuje odporno\u015b\u0107 alergiczn\u0105<\/li>\n<li>normalizuje metabolizm<\/li>\n<li>stymuluje procesy regeneracji, atakuje i niszczy kom\u00f3rki nowotworowe i chore<\/li>\n<\/ul>\n<p><span style=\"color: #ff0000;\">Obszar u\u017cytkowania<\/span><br \/>\nMikroorganizmy probiotyczne s\u0105 uzupe\u0142niaj\u0105cym \u017ar\u00f3d\u0142em poprawiaj\u0105cym jako\u015b\u0107 \u017cycia.<br \/>\n<span style=\"color: #ff0000;\">Z\u0142\u00f3\u017c wniosek pod adresem<\/span><br \/>\nZalecane 3 tabletki musuj\u0105ce dziennie przez 10 dni w regularnych odst\u0119pach czasu.<br \/>\n1 tabletka rozpuszczona w szklance wody. .<br \/>\nTabletki nie nale\u017cy po\u0142yka\u0107, \u017cu\u0107 ani ssa\u0107.<br \/>\n<span style=\"color: #ff0000;\">Przeciwwskazania<\/span><br \/>\nNadwra\u017cliwo\u015b\u0107 na niekt\u00f3re sk\u0142adniki leku.<br \/>\nInstrukcje specjalne<br \/>\nStosowanie w okresie ci\u0105\u017cy i karmienia piersi\u0105 wy\u0142\u0105cznie po konsultacji z lekarzem. Preparat nie wp\u0142ywa na zdolno\u015b\u0107 prowadzenia pojazd\u00f3w ani obs\u0142ugiwania potencjalnie niebezpiecznych mechanizm\u00f3w.<br \/>\n<span style=\"color: #ff0000;\">Dozowanie<\/span><br \/>\n15 2-gramowych tabletek szampana, po 3 tabletki na tabletk\u0119, zapakowanych w kartonowe pude\u0142ko owini\u0119te papierem pergaminowym. Do\u0142\u0105czona instrukcja u\u017cycia.<br \/>\n<span style=\"color: #ff0000;\">Warunki przechowywania<\/span><br \/>\nMo\u017cna przechowywa\u0107 przy wilgotno\u015bci wzgl\u0119dnej 75 % poni\u017cej 30\u00b0C. Przechowywa\u0107 w miejscu niedost\u0119pnym dla dzieci.<br \/>\n<span style=\"color: #ff0000;\">Okres trwa\u0142o\u015bci<\/span><br \/>\n4 lata od daty produkcji. Nie spo\u017cywa\u0107 po up\u0142ywie daty wa\u017cno\u015bci.<br \/>\nVetomgin 8.21 nie jest lekiem.<\/p>\n<p><span style=\"color: #0000ff;\">Kupuj\u0119 probiotyki prosto z fabryki w najlepszej cenie, jako\u015b\u0107 premium.<\/span><\/p>\n<h3><strong><span style=\"color: #ff0000;\">Cemmedic Europe Kft \u201eOficjalny dystrybutor na W\u0119grzech\u201d!<\/span><\/strong><\/h3>","protected":false},"excerpt":{"rendered":"<h5>Sk\u0142ad<\/h5>\n<p>1 porcja (<strong>1 tabletka musuj\u0105ca<\/strong>) zawiera dodatek:<\/p>\n<ul>\n<li><strong>\u0415500<\/strong> (w\u0119glan sodu) - 1200 mg<\/li>\n<li><strong>\u0415330<\/strong> (baton cytrynowy) - 750 mg;<\/li>\n<li>suszone kultury probiotyczne <strong>Bacillus subtilis<\/strong>, VKPM B - 10641(DSM 24613),<\/li>\n<li><strong>Bacillus amyloliquefaciens<\/strong>, VKPM B - 10642 (DSM 24614),<\/li>\n<li><strong>Bacillus amyloliquefaciens<\/strong>, VKPM B - 10643 (DSM 24615) 1X106 KTJ\/g - 50 mg.<\/li>\n<\/ul>\n<p>Korzystny wp\u0142yw <strong>Vetomgin <span style=\"color:red\">8.21<\/span><\/strong> w\u0142a\u015bciwo\u015bci element\u00f3w sk\u0142adowych. Pod ich wp\u0142ywem w jelitach tworzy si\u0119 specyficzny dla danej osoby sk\u0142ad drobnoustroj\u00f3w i aktywowany jest cykl Krebsa. Proces ten skutkuje optymalizacj\u0105 system\u00f3w chroni\u0105cych organizm przed obcymi naje\u017ad\u017acami, w tym mikroorganizmami zaka\u017anymi, i optymalizuje system regulacyjny organizmu, kt\u00f3ry zapewnia aktywne dostarczanie tlenu do kom\u00f3rek; tworzenie rezerw energii; aktywacj\u0119 syntezy cz\u0105steczek niezb\u0119dnych dla organizmu: aminokwas\u00f3w, w\u0119glowodan\u00f3w, kwas\u00f3w t\u0142uszczowych itp.<\/p>\n<div class=\"plashka\">A <strong>Vetomgin <span style=\"color:red\">8.21<\/span><\/strong> zwi\u0119ksza skuteczno\u015b\u0107 lek\u00f3w i zmniejsza ich negatywne skutki uboczne na organizm ludzki.<\/div>\n<h6>Cechy:<\/h6>\n<ul class=\"vetom-list\">\n<li>Ma wysok\u0105 aktywno\u015b\u0107 antagonistyczn\u0105 wobec patogennych i warunkowo patogennych grzyb\u00f3w i bakterii, w\u0142a\u015bciwo\u015bci przeciwwirusowe, proteolityczne, amy lityczne, celulolityczne<\/li>\n<li>stymuluje kom\u00f3rkowe i humoralne czynniki odporno\u015bci<\/li>\n<li>zwi\u0119ksza niespecyficzn\u0105 odporno\u015b\u0107 organizmu<\/li>\n<li>stabilizuje odporno\u015b\u0107 alergiczn\u0105<\/li>\n<li>normalizuje metabolizm<\/li>\n<li>stymuluje procesy regeneracji, atakuj\u0105c i niszcz\u0105c kom\u00f3rki nowotworowe i chore<\/li>\n<\/ul>\n<div class=\"plashka\"><strong>Obszar u\u017cytkowania<\/strong><br \/>\nMikroorganizmy probiotyczne s\u0105 uzupe\u0142niaj\u0105cym \u017ar\u00f3d\u0142em poprawiaj\u0105cym jako\u015b\u0107 \u017cycia.<\/div>","protected":false},"featured_media":5558,"comment_status":"open","ping_status":"closed","template":"","meta":[],"product_brand":[],"product_cat":[22],"product_tag":[],"class_list":{"0":"post-2483","1":"product","2":"type-product","3":"status-publish","4":"has-post-thumbnail","6":"product_cat-vetom-probiotikumok","8":"first","9":"instock","10":"featured","11":"taxable","12":"shipping-taxable","13":"purchasable","14":"product-type-simple"},"_links":{"self":[{"href":"https:\/\/vetomshop.hu\/pl\/wp-json\/wp\/v2\/product\/2483","targetHints":{"allow":["GET"]}}],"collection":[{"href":"https:\/\/vetomshop.hu\/pl\/wp-json\/wp\/v2\/product"}],"about":[{"href":"https:\/\/vetomshop.hu\/pl\/wp-json\/wp\/v2\/types\/product"}],"replies":[{"embeddable":true,"href":"https:\/\/vetomshop.hu\/pl\/wp-json\/wp\/v2\/comments?post=2483"}],"wp:featuredmedia":[{"embeddable":true,"href":"https:\/\/vetomshop.hu\/pl\/wp-json\/wp\/v2\/media\/5558"}],"wp:attachment":[{"href":"https:\/\/vetomshop.hu\/pl\/wp-json\/wp\/v2\/media?parent=2483"}],"wp:term":[{"taxonomy":"product_brand","embeddable":true,"href":"https:\/\/vetomshop.hu\/pl\/wp-json\/wp\/v2\/product_brand?post=2483"},{"taxonomy":"product_cat","embeddable":true,"href":"https:\/\/vetomshop.hu\/pl\/wp-json\/wp\/v2\/product_cat?post=2483"},{"taxonomy":"product_tag","embeddable":true,"href":"https:\/\/vetomshop.hu\/pl\/wp-json\/wp\/v2\/product_tag?post=2483"}],"curies":[{"name":"wp","href":"https:\/\/api.w.org\/{rel}","templated":true}]}}