{"id":2689,"date":"2021-05-05T20:51:33","date_gmt":"2021-05-05T18:51:33","guid":{"rendered":"https:\/\/vetomshop.hu\/?post_type=product&#038;p=2689"},"modified":"2023-11-14T15:25:34","modified_gmt":"2023-11-14T14:25:34","slug":"enterosgel-akcios-csomag-2db","status":"publish","type":"product","link":"https:\/\/vetomshop.hu\/pl\/produkt\/enterosgel-akcios-csomag-2db\/","title":{"rendered":"Pakiet specjalny Enterosgel (2 sztuki)"},"content":{"rendered":"<p><strong>Enterosgel<\/strong> Usuwa substancje szkodliwe dla organizmu, ale nie wch\u0142ania sk\u0142adnik\u00f3w korzystnych dla organizmu. Produkt dezynfekuj\u0105cy, ochronny, odtruwaj\u0105cy. Jest to substancja organiczna o w\u0142a\u015bciwo\u015bciach fizycznych i chemicznych podobnych do w\u0119gla, a zatem jest korzystna dla organizmu.<\/p>\n<p>Pomaga odtru\u0107, a nawet wyeliminowa\u0107 wirusy, bakterie, grzyby i paso\u017cyty, kt\u00f3rych pozosta\u0142o\u015bci czaj\u0105 si\u0119 i powoduj\u0105 objawy, kt\u00f3re mog\u0105 by\u0107 bardzo trudne do znalezienia.<\/p>\n<p>\u0141atwy w u\u017cyciu, mo\u017ce by\u0107 mieszany z wod\u0105 lub innymi p\u0142ynami \/ 1-2 dl\/<br \/>\nDoro\u015bli: jedna \u0142y\u017cka sto\u0142owa \/15 gr\/ 3 razy dziennie, p\u00f3\u0142torej do dw\u00f3ch godzin przed lub po posi\u0142ku.<br \/>\nDla dzieci \u0142y\u017ceczka \/5-10 gr\/ 1-3 razy dziennie.<br \/>\nZalecane stosowanie: 7-14 dni.<\/p>","protected":false},"excerpt":{"rendered":"<p><strong>Enterosgel<\/strong> Usuwa substancje szkodliwe dla organizmu, ale nie wch\u0142ania sk\u0142adnik\u00f3w korzystnych dla organizmu. Produkt dezynfekuj\u0105cy, ochronny, odtruwaj\u0105cy. Jest to substancja organiczna o w\u0142a\u015bciwo\u015bciach fizycznych i chemicznych podobnych do w\u0119gla, a zatem jest korzystna dla organizmu.<\/p>\n<p>Pomaga odtru\u0107, a nawet wyeliminowa\u0107 wirusy, bakterie, grzyby i paso\u017cyty, kt\u00f3rych pozosta\u0142o\u015bci czaj\u0105 si\u0119 i powoduj\u0105 objawy, kt\u00f3re mog\u0105 by\u0107 bardzo trudne do znalezienia.<\/p>","protected":false},"featured_media":2690,"comment_status":"open","ping_status":"closed","template":"","meta":[],"product_brand":[],"product_cat":[28],"product_tag":[36],"class_list":{"0":"post-2689","1":"product","2":"type-product","3":"status-publish","4":"has-post-thumbnail","6":"product_cat-enterosgel","7":"product_tag-black-friday","9":"first","10":"instock","11":"sale","12":"taxable","13":"shipping-taxable","14":"purchasable","15":"product-type-simple"},"_links":{"self":[{"href":"https:\/\/vetomshop.hu\/pl\/wp-json\/wp\/v2\/product\/2689","targetHints":{"allow":["GET"]}}],"collection":[{"href":"https:\/\/vetomshop.hu\/pl\/wp-json\/wp\/v2\/product"}],"about":[{"href":"https:\/\/vetomshop.hu\/pl\/wp-json\/wp\/v2\/types\/product"}],"replies":[{"embeddable":true,"href":"https:\/\/vetomshop.hu\/pl\/wp-json\/wp\/v2\/comments?post=2689"}],"wp:featuredmedia":[{"embeddable":true,"href":"https:\/\/vetomshop.hu\/pl\/wp-json\/wp\/v2\/media\/2690"}],"wp:attachment":[{"href":"https:\/\/vetomshop.hu\/pl\/wp-json\/wp\/v2\/media?parent=2689"}],"wp:term":[{"taxonomy":"product_brand","embeddable":true,"href":"https:\/\/vetomshop.hu\/pl\/wp-json\/wp\/v2\/product_brand?post=2689"},{"taxonomy":"product_cat","embeddable":true,"href":"https:\/\/vetomshop.hu\/pl\/wp-json\/wp\/v2\/product_cat?post=2689"},{"taxonomy":"product_tag","embeddable":true,"href":"https:\/\/vetomshop.hu\/pl\/wp-json\/wp\/v2\/product_tag?post=2689"}],"curies":[{"name":"wp","href":"https:\/\/api.w.org\/{rel}","templated":true}]}}