{"id":4392,"date":"2023-08-06T13:27:56","date_gmt":"2023-08-06T11:27:56","guid":{"rendered":"https:\/\/vetomshop.hu\/?post_type=product&#038;p=4392"},"modified":"2026-04-12T08:28:06","modified_gmt":"2026-04-12T06:28:06","slug":"komarov-por-etrend-kiegeszito-40-tasak","status":"publish","type":"product","link":"https:\/\/vetomshop.hu\/pl\/produkt\/komarov-por-etrend-kiegeszito-40-tasak\/","title":{"rendered":"Probiotyk Komarov w proszku <span style=\"color: red\">40 tassaq<\/span> (suplement diety)"},"content":{"rendered":"<h2><strong>Komarov proszek - 40 saszetek (Suplement diety)<\/strong><\/h2>\n<p>Naturalny probiotyk z witaminami i spirulin\u0105 - wspomagaj\u0105cy uk\u0142ad trawienny i odporno\u015bciowy<\/p>\n<p>Proszek Komarov to z\u0142o\u017cony suplement diety zawieraj\u0105cy probiotyki, b\u0142onnik pokarmowy, witaminy, minera\u0142y i spirulin\u0119. Jego aktywne sk\u0142adniki wspieraj\u0105 r\u00f3wnowag\u0119 flory jelitowej, detoksykacj\u0119, metabolizm i wzmacniaj\u0105 mechanizmy obronne organizmu.<\/p>\n<p>&nbsp;<\/p>\n<h2><strong>G\u0142\u00f3wne sk\u0142adniki:<\/strong><\/h2>\n<p>*Bacillus subtilis VKPM V-10641 (DSM 24613) - po\u017cyteczne bakterie jelitowe<\/p>\n<p>*Spirulina (niebiesko-zielone algi) - naturalne \u017ar\u00f3d\u0142o witamin i bia\u0142ka<\/p>\n<p>*Otr\u0119by pszenne - \u017ar\u00f3d\u0142o b\u0142onnika pokarmowego<\/p>\n<p>*Kwas cytrynowy, chlorek sodu - naturalne no\u015bniki<\/p>\n<p>&nbsp;<\/p>\n<h2><strong>Produkt zawiera r\u00f3wnie\u017c:<\/strong><\/h2>\n<p>*Witaminy: A, B1, B2, B6, B12, B5, B9, biotyna<\/p>\n<p>*Minera\u0142y: wap\u0144, potas, magnez, fosfor, \u017celazo, cynk, mied\u017a, mangan, selen, molibden.<\/p>\n<p>*nienasycone kwasy t\u0142uszczowe: kwas linolowy, kwas linolenowy, kwas arachidonowy<\/p>\n<p>&nbsp;<\/p>\n<h2><strong>Korzystne efekty:<\/strong><\/h2>\n<p>Wspomaga trawienie i lepsze wch\u0142anianie sk\u0142adnik\u00f3w od\u017cywczych<\/p>\n<p>Wspomaga r\u00f3wnowag\u0119 flory jelitowej, dzia\u0142a detoksykuj\u0105co.<\/p>\n<p>Wzmacnia uk\u0142ad odporno\u015bciowy, zwi\u0119ksza odporno\u015b\u0107 organizmu<\/p>\n<p>Normalizuje metabolizm<\/p>\n<p>Wspomaga procesy regeneracyjne i mo\u017ce przyczynia\u0107 si\u0119 do zwalczania szkodliwych kom\u00f3rek.<\/p>\n<p>Aktywuje cykl Krebsa (produkcja energii kom\u00f3rkowej)<\/p>\n<p>W\u0142a\u015bciwo\u015bci przeciwbakteryjne, przeciwwirusowe i przeciwgrzybicze<\/p>\n<p>&nbsp;<\/p>\n<h2><strong>Zalecenia dotycz\u0105ce dawkowania:<\/strong><\/h2>\n<p>*Dla zdrowego organizmu: min. 2-3 saszetki dziennie przez 10-14 dni Monitorowa\u0107 reakcje organizmu podczas przyjmowania i w razie potrzeby stopniowo zwi\u0119ksza\u0107 dawk\u0119.<\/p>\n<p>* W przypadku niekt\u00f3rych chor\u00f3b: 7-10 saszetek dziennie przez 10 dni.<\/p>\n<p>* 1 porcja = 1 saszetka<\/p>\n<p>* Proszek nale\u017cy przyjmowa\u0107 doustnie, zalecany z posi\u0142kami lub po posi\u0142kach. Wygodniej jest przyjmowa\u0107 go \u0142y\u017ceczk\u0105 wymieszan\u0105 z jogurtem, kwa\u015bn\u0105 \u015bmietan\u0105 lub kefirem.<\/p>\n<p>&nbsp;<\/p>\n<h2><strong>Wa\u017cne informacje:<\/strong><\/h2>\n<p>*Brak skutk\u00f3w ubocznych, brak przedawkowania, nie uzale\u017cnia<\/p>\n<p>*Brak ogranicze\u0144 wiekowych<\/p>\n<p>*Nie nale\u017cy przyjmowa\u0107 razem z antybiotykami lub innymi probiotykami.<\/p>\n<p>*Nie zaleca si\u0119 stosowania w przypadku nadwra\u017cliwo\u015bci na kt\u00f3rykolwiek ze sk\u0142adnik\u00f3w.<\/p>\n<p>&nbsp;<\/p>\n<h2><strong>Dozowanie:<\/strong><\/h2>\n<p>40 saszetek po 2,5 g proszku, w laminowanym opakowaniu<\/p>\n<p>Waga: 0,17 kg<\/p>\n<p>Rozmiar: 18 \u00d7 7 \u00d7 7 cm<\/p>\n<p>Miejsce pochodzenia: Rosja<\/p>\n<p>&nbsp;<\/p>\n<h2><strong>Przechowywanie:<\/strong><\/h2>\n<p>Przechowywa\u0107 w suchym, ch\u0142odnym miejscu w temperaturze 0-30\u00b0C, przy maksymalnej wilgotno\u015bci 75%.<\/p>\n<p>Gwarancja: 4<strong> lat od daty produkcji<\/strong>.<\/p>\n<p>Miejsce pochodzenia : <strong>Rosja<\/strong><\/p>","protected":false},"excerpt":{"rendered":"<h5>Bacilus subtilis szczep VKPM V 10 641 (DSM 24613)<\/h5>\n<div class=\"plashka\"><strong>\u017bywy materia\u0142:<\/strong> otr\u0119by pszenne, chlorek sodu, niebiesko-zielona alga spirulina, kwas cytrynowy.<br \/>\nProszek pakowany w laminowan\u0105 saszetk\u0119 papierow\u0105 2,5 g.<\/div>\n<h5>Zastosowanie:<\/h5>\n<p>Proszek Komarov jest biologicznie aktywn\u0105 substancj\u0105 zawieraj\u0105c\u0105 probiotyczne mikroorganizmy, b\u0142onnik pokarmowy, witaminy (<strong>A, B1, B2, B6, B12, B5, B9, biotyna<\/strong>), makro- (wap\u0144, magnez, fosfor, potas) i mikrosk\u0142adniki od\u017cywcze (\u017celazo, mangan, mied\u017a, cynk, molibden, selen), nienasycone kwasy t\u0142uszczowe (kwas linolowy, kwas linolenowy, kwas arachidonowy).<\/p>\n<h6>Cechy:<\/h6>\n<ul class=\"vetom-list\">\n<li>Ma wysok\u0105 aktywno\u015b\u0107 antagonistyczn\u0105 wobec patogennych i warunkowo patogennych grzyb\u00f3w i bakterii, w\u0142a\u015bciwo\u015bci przeciwwirusowe, proteolityczne, amy lityczne, celulolityczne<\/li>\n<li>stymuluje kom\u00f3rkowe i humoralne czynniki odporno\u015bci<\/li>\n<li>zwi\u0119ksza niespecyficzn\u0105 odporno\u015b\u0107 organizmu<\/li>\n<li>stabilizuje odporno\u015b\u0107 alergiczn\u0105<\/li>\n<li>normalizuje metabolizm<\/li>\n<li>stymuluje procesy regeneracji, atakuje i niszczy kom\u00f3rki nowotworowe i chore<\/li>\n<\/ul>","protected":false},"featured_media":5557,"comment_status":"open","ping_status":"closed","template":"","meta":[],"product_brand":[],"product_cat":[22],"product_tag":[],"class_list":{"0":"post-4392","1":"product","2":"type-product","3":"status-publish","4":"has-post-thumbnail","6":"product_cat-vetom-probiotikumok","8":"first","9":"instock","10":"featured","11":"taxable","12":"shipping-taxable","13":"purchasable","14":"product-type-simple"},"_links":{"self":[{"href":"https:\/\/vetomshop.hu\/pl\/wp-json\/wp\/v2\/product\/4392","targetHints":{"allow":["GET"]}}],"collection":[{"href":"https:\/\/vetomshop.hu\/pl\/wp-json\/wp\/v2\/product"}],"about":[{"href":"https:\/\/vetomshop.hu\/pl\/wp-json\/wp\/v2\/types\/product"}],"replies":[{"embeddable":true,"href":"https:\/\/vetomshop.hu\/pl\/wp-json\/wp\/v2\/comments?post=4392"}],"wp:featuredmedia":[{"embeddable":true,"href":"https:\/\/vetomshop.hu\/pl\/wp-json\/wp\/v2\/media\/5557"}],"wp:attachment":[{"href":"https:\/\/vetomshop.hu\/pl\/wp-json\/wp\/v2\/media?parent=4392"}],"wp:term":[{"taxonomy":"product_brand","embeddable":true,"href":"https:\/\/vetomshop.hu\/pl\/wp-json\/wp\/v2\/product_brand?post=4392"},{"taxonomy":"product_cat","embeddable":true,"href":"https:\/\/vetomshop.hu\/pl\/wp-json\/wp\/v2\/product_cat?post=4392"},{"taxonomy":"product_tag","embeddable":true,"href":"https:\/\/vetomshop.hu\/pl\/wp-json\/wp\/v2\/product_tag?post=4392"}],"curies":[{"name":"wp","href":"https:\/\/api.w.org\/{rel}","templated":true}]}}