{"id":443,"date":"2019-11-12T14:57:08","date_gmt":"2019-11-12T13:57:08","guid":{"rendered":"https:\/\/vetomshop.hu\/?post_type=product&#038;p=443"},"modified":"2026-04-12T08:29:34","modified_gmt":"2026-04-12T06:29:34","slug":"vetom-2-etrend-kiegeszito","status":"publish","type":"product","link":"https:\/\/vetomshop.hu\/pl\/produkt\/vetom-2-etrend-kiegeszito\/","title":{"rendered":"Probiotyk Vetom <span style=\"color:red\">2<\/span><br> kapsu\u0142ka <span style=\"color:red\">50 ziaren<\/span> (suplement diety)"},"content":{"rendered":"<h2>Vetom 2 kapsu\u0142ki probiotyczne 50 ziaren (suplement diety)<\/h2>\n<p>Dwa g\u0142\u00f3wne sk\u0142adniki aktywne Vetom to dobroczynne szczepy bakterii *Bacillus amyloliquefaciens*, kt\u00f3re dzia\u0142aj\u0105 g\u0142\u00f3wnie w jelicie grubym, gdzie namna\u017caj\u0105 si\u0119, wytwarzaj\u0105c r\u00f3\u017cne enzymy (enzymy rozk\u0142adaj\u0105ce bia\u0142ka, skrobi\u0119 i b\u0142onnik) oraz zwi\u0105zki czynne:<\/p>\n<p>* T\u0142umi\u0105 szkodliwe bakterie i grzyby,<br \/>\n* oczyszczaj\u0105 \u015bciany jelit z niestrawionych resztek,<br \/>\n* wspomagaj\u0105 lepsze wch\u0142anianie sk\u0142adnik\u00f3w od\u017cywczych,<br \/>\n* pomagaj\u0105 w detoksykacji organizmu.<\/p>\n<p>Regularne stosowanie Vetom 2 pomaga przywr\u00f3ci\u0107 zdrow\u0105 r\u00f3wnowag\u0119 flory jelitowej, stymuluje trawienie i poprawia funkcje odporno\u015bciowe. Probiotyk wspiera procesy regeneracyjne, wspomaga odnow\u0119 kom\u00f3rek, a nawet mo\u017ce zapobiega\u0107 rozwojowi kom\u00f3rek nowotworowych.<\/p>\n<p>Wzmacnia r\u00f3wnie\u017c dzia\u0142anie lek\u00f3w, jednocze\u015bnie zmniejszaj\u0105c ich skutki uboczne.<\/p>\n<h2>Zalety:<\/h2>\n<p>* Silne dzia\u0142anie przeciwbakteryjne i przeciwgrzybicze<br \/>\n* Przeciwwirusowy, trawienny, wzmacniaj\u0105cy odporno\u015b\u0107<br \/>\n* Ochrona kom\u00f3rek i zapobieganie nowotworom<br \/>\n* Normalizuje metabolizm<br \/>\n* Wzmacnia odporno\u015b\u0107 na alergie<br \/>\n* Regeneruje organizm na poziomie kom\u00f3rkowym<br \/>\n* Nie powoduje skutk\u00f3w ubocznych, przedawkowania ani uzale\u017cnienia.<br \/>\n* Chroni organizm na poziomie kom\u00f3rkowym, pomaga zapobiega\u0107 rozwojowi nowotwor\u00f3w.<\/p>\n<h2>Sugerowane u\u017cycie:<\/h2>\n<p>Vetom 2 jest zalecany w celu przywr\u00f3cenia r\u00f3wnowagi flory jelitowej, wsparcia zdrowia jelit i zwi\u0119kszenia odporno\u015bci.<\/p>\n<h2>Dawkowanie:<\/h2>\n<p>* Zaleca si\u0119 przyjmowanie 1 kapsu\u0142ki 2-3 razy dziennie przez 10 dni, przed, w trakcie lub po posi\u0142ku, popijaj\u0105c niewielk\u0105 ilo\u015bci\u0105 p\u0142ynu (wody, herbaty lub soku). W trakcie leczenia nale\u017cy monitorowa\u0107 reakcj\u0119 organizmu i w razie potrzeby stopniowo zwi\u0119ksza\u0107 dawk\u0119 do 5-10 kapsu\u0142ek dziennie.<\/p>\n<p>* Kuracj\u0119 mo\u017cna powt\u00f3rzy\u0107 po 1-2 tygodniach przerwy. Od czasu do czasu zaleca si\u0119 zmian\u0119 na inny numerowany produkt Vetom w celu og\u00f3lnego wsparcia organizmu.<\/p>\n<h2>Przeciwwskazania:<\/h2>\n<p>* Nie zaleca si\u0119 stosowania w przypadku nadwra\u017cliwo\u015bci na kt\u00f3rykolwiek ze sk\u0142adnik\u00f3w.<br \/>\n* Stosowanie w okresie ci\u0105\u017cy i karmienia piersi\u0105 wy\u0142\u0105cznie po konsultacji z lekarzem.<br \/>\n* Nie wp\u0142ywa na prowadzenie pojazd\u00f3w ani obs\u0142ug\u0119 niebezpiecznych maszyn.<\/p>\n<h2>Dawkowanie i sk\u0142adniki:<\/h2>\n<p>* 10 kapsu\u0142ek w blistrze, 5 opakowa\u0144 w kartonie (\u0142\u0105cznie 50 kapsu\u0142ek)<br \/>\n* Zawarto\u015b\u0107 1 kapsu\u0142ki:<\/p>\n<p>* ekstrakt z kukurydzy - 133 mg<br \/>\n* Skrobia ziemniaczana - 100 mg<br \/>\n* sacharoza (cukier puder) - 67 mg<br \/>\n* Kultura bakterii Bacillus amyloliquefaciens (DSM 24614) i szczepy DSM 24615 - 30 mg (1\u00d710\u2079 CFU\/g)<\/p>\n<h2>Wi\u0119cej informacji:<\/h2>\n<p>* Waga netto: 0,1 kg<br \/>\n* Rozmiar: 4,5 \u00d7 6,5 \u00d7 8 cm<br \/>\n* Kraj pochodzenia: Rosja<br \/>\n* Przechowywanie: w ch\u0142odnym, suchym miejscu (maks. 30\u00b0C), niedost\u0119pnym dla dzieci.<br \/>\n* Okres trwa\u0142o\u015bci: 2 lata od daty produkcji<\/p>\n<p>Alternatywny odpowiednik w postaci kropli: Vetom 2.25 (10 ml)<\/p>\n<p>Miejsce pochodzenia : <strong>Rosja<\/strong><\/p>","protected":false},"excerpt":{"rendered":"<h5><strong>Vetom <span style=\"color: red;\">2<\/span><\/strong> Kapsu\u0142ki probiotyczne 50 ziaren (suplement diety)<\/h5>\n<div class=\"plashka\">\n<p>A <strong>Vetom <span style=\"color: red;\">2<\/span><\/strong> normalizuje metabolizm, trawienie i wch\u0142anianie biologicznie aktywnych sk\u0142adnik\u00f3w \u017cywno\u015bci w przewodzie pokarmowym.<\/p>\n<p>A <strong>Vetom <span style=\"color: red;\">2<\/span><\/strong> Probiotyki zwi\u0119kszaj\u0105 skuteczno\u015b\u0107 lek\u00f3w i zmniejszaj\u0105 ich negatywne skutki uboczne dla organizmu cz\u0142owieka.<\/p>\n<\/div>\n<p>Korzystny wp\u0142yw na <strong>Bacillus amyloliquefaciens<\/strong> kt\u00f3re s\u0105 produkowane g\u0142\u00f3wnie przez namna\u017canie si\u0119 w jelicie grubym:<\/p>\n<ul class=\"vetom-list\">\n<li>enzymy proteolityczne, amylolityczne, celulozolityczne,<\/li>\n<li>substancja biologicznie czynna, kt\u00f3ra hamuje wzrost i rozw\u00f3j patogennej i potencjalnie patogennej mikroflory.<\/li>\n<\/ul>\n<p>W konsekwencji sk\u0142ad bakteryjny tre\u015bci jelitowej przekszta\u0142ca si\u0119 w prawid\u0142ow\u0105 norm\u0119 rozwojow\u0105, \u015bciany jelit s\u0105 oczyszczane z niestrawionych resztek, co przyczynia si\u0119 do aktywnego usuwania toksyn z organizmu, niezak\u0142\u00f3conego transportu biologicznie aktywnych sk\u0142adnik\u00f3w od\u017cywczych.<\/p>","protected":false},"featured_media":6598,"comment_status":"open","ping_status":"closed","template":"","meta":[],"product_brand":[],"product_cat":[22],"product_tag":[],"class_list":{"0":"post-443","1":"product","2":"type-product","3":"status-publish","4":"has-post-thumbnail","6":"product_cat-vetom-probiotikumok","8":"first","9":"instock","10":"featured","11":"taxable","12":"shipping-taxable","13":"purchasable","14":"product-type-simple"},"_links":{"self":[{"href":"https:\/\/vetomshop.hu\/pl\/wp-json\/wp\/v2\/product\/443","targetHints":{"allow":["GET"]}}],"collection":[{"href":"https:\/\/vetomshop.hu\/pl\/wp-json\/wp\/v2\/product"}],"about":[{"href":"https:\/\/vetomshop.hu\/pl\/wp-json\/wp\/v2\/types\/product"}],"replies":[{"embeddable":true,"href":"https:\/\/vetomshop.hu\/pl\/wp-json\/wp\/v2\/comments?post=443"}],"wp:featuredmedia":[{"embeddable":true,"href":"https:\/\/vetomshop.hu\/pl\/wp-json\/wp\/v2\/media\/6598"}],"wp:attachment":[{"href":"https:\/\/vetomshop.hu\/pl\/wp-json\/wp\/v2\/media?parent=443"}],"wp:term":[{"taxonomy":"product_brand","embeddable":true,"href":"https:\/\/vetomshop.hu\/pl\/wp-json\/wp\/v2\/product_brand?post=443"},{"taxonomy":"product_cat","embeddable":true,"href":"https:\/\/vetomshop.hu\/pl\/wp-json\/wp\/v2\/product_cat?post=443"},{"taxonomy":"product_tag","embeddable":true,"href":"https:\/\/vetomshop.hu\/pl\/wp-json\/wp\/v2\/product_tag?post=443"}],"curies":[{"name":"wp","href":"https:\/\/api.w.org\/{rel}","templated":true}]}}