{"id":447,"date":"2019-11-12T15:10:57","date_gmt":"2019-11-12T14:10:57","guid":{"rendered":"https:\/\/vetomshop.hu\/?post_type=product&#038;p=447"},"modified":"2026-04-12T08:29:15","modified_gmt":"2026-04-12T06:29:15","slug":"vetom-4-etrend-kiegeszito","status":"publish","type":"product","link":"https:\/\/vetomshop.hu\/pl\/produkt\/vetom-4-etrend-kiegeszito\/","title":{"rendered":"Probiotyk Vetom <span style=\"color:red\">4<\/span><br> kapsu\u0142ka <span style=\"color:red\">50 ziaren<\/span> (suplement diety)"},"content":{"rendered":"<p>Vetom 4 kapsu\u0142ki probiotyczne 50 ziaren (suplement diety z Bacillus amyloliquefaciens)<\/p>\n<p>Jego korzystne dzia\u0142anie wynika z dzia\u0142ania Bacillus amyloliquefaciens, kt\u00f3re, g\u0142\u00f3wnie poprzez namna\u017canie si\u0119 w jelicie cienkim, wytwarzaj\u0105: enzymy proteolityczne, amylolityczne, celulolityczne, substancje biologicznie czynne, kt\u00f3re hamuj\u0105 wzrost i rozw\u00f3j patogennej i potencjalnie patogennej mikroflory. W rezultacie sk\u0142ad bakteryjny tre\u015bci jelitowej przekszta\u0142ca si\u0119 w odpowiedni\u0105 norm\u0119 rozwojow\u0105, \u015bciany jelit s\u0105 oczyszczane z niestrawionych resztek, co przyczynia si\u0119 do aktywnego usuwania toksyn z organizmu, niezak\u0142\u00f3conego transportu biologicznie aktywnych sk\u0142adnik\u00f3w od\u017cywczych.<br \/>\nPod wp\u0142ywem Vetom 4 normalizuje si\u0119 metabolizm, trawienie i wch\u0142anianie biologicznie aktywnych sk\u0142adnik\u00f3w \u017cywno\u015bci w przewodzie pokarmowym.<br \/>\nVetom 1.1 zwi\u0119ksza skuteczno\u015b\u0107 lek\u00f3w i zmniejsza ich negatywne skutki uboczne na organizm ludzki.<br \/>\nZalecane dawkowanie: 1 kapsu\u0142ka (2*3) dziennie przez 10 dni, przyjmowana z posi\u0142kiem lub po posi\u0142ku, z niewielk\u0105 ilo\u015bci\u0105 wody, soku lub herbaty.<br \/>\nVetom 4 nie uzale\u017cnia.<br \/>\nZaleca si\u0119 powt\u00f3rzenie kuracji po 1-2 tygodniowej przerwie i zaleca si\u0119 zmian\u0119 na inny numerowany produkt Vetom w odst\u0119pach czasu. .<br \/>\nW ten spos\u00f3b mo\u017cemy wspiera\u0107 ca\u0142e nasze cia\u0142o, a tak\u017ce przew\u00f3d pokarmowy. .<br \/>\nCechy:<br \/>\n- Ma wysok\u0105 aktywno\u015b\u0107 antagonistyczn\u0105 wobec patogennych i warunkowo patogennych grzyb\u00f3w i bakterii, w\u0142a\u015bciwo\u015bci przeciwwirusowe, proteolityczne, amy lityczne, celulolityczne<br \/>\n- stymuluje kom\u00f3rkowe i humoralne czynniki odporno\u015bci<br \/>\n- zwi\u0119ksza niespecyficzn\u0105 odporno\u015b\u0107 organizmu<br \/>\n- stabilizuje odporno\u015b\u0107 alergiczn\u0105<br \/>\n- normalizuje metabolizm<br \/>\n- stymuluje procesy regeneracji, atakuje i niszczy kom\u00f3rki nowotworowe i chore<br \/>\nZmienia b\u0142on\u0119 i metabolizm szkieletu kom\u00f3rkowego, zapobiegaj\u0105c rozwojowi kom\u00f3rek nowotworowych.<\/p>\n<p>- BRAK EFEKT\u00d3W UBOCZNYCH<br \/>\n- BRAK OGRANICZE\u0143 WIEKOWYCH<br \/>\n- BRAK PRZEDAWKOWANIA<br \/>\n- NIE UZALE\u017bNIA<\/p>\n<p>Obszar u\u017cytkowania<br \/>\nStosowanie probiotycznych mikroorganizm\u00f3w jako biologicznie aktywnego dodatku do \u017cywno\u015bci jest zalecane w celu naprawy przewodu pokarmowego i przywr\u00f3cenia mikroflory jelitowej.<\/p>\n<p>Przeciwwskazania<br \/>\nNadwra\u017cliwo\u015b\u0107 na niekt\u00f3re sk\u0142adniki produktu.<\/p>\n<p>Instrukcje specjalne<br \/>\nStosowanie w okresie ci\u0105\u017cy i karmienia piersi\u0105 wy\u0142\u0105cznie po konsultacji lekarskiej. Preparat nie wp\u0142ywa na zdolno\u015b\u0107 prowadzenia pojazd\u00f3w ani obs\u0142ugiwania potencjalnie niebezpiecznych mechanizm\u00f3w.<br \/>\nDozowanie<br \/>\n10 kapsu\u0142ek 0,33 g w pojedynczych blistrach, 5 blistr\u00f3w w kartonie. Plastikowe pude\u0142ko, masa netto: 500 g. Zapakowane w tektur\u0119 falist\u0105, masa netto: 5 g, 50 kapsu\u0142ek w tekturowym pude\u0142ku.<br \/>\nWarunki przechowywania<br \/>\nMo\u017cna przechowywa\u0107 przy wilgotno\u015bci wzgl\u0119dnej 75 % poni\u017cej 30\u00b0C. Przechowywa\u0107 w miejscu niedost\u0119pnym dla dzieci.<br \/>\nOkres trwa\u0142o\u015bci<br \/>\n2 lata od daty produkcji. Nie spo\u017cywa\u0107 po up\u0142ywie daty wa\u017cno\u015bci.<br \/>\nSk\u0142ad<br \/>\n1 kapsu\u0142ka zawiera: ekstrakt z kukurydzy - 133 mg; skrobia ziemniaczana - 100 mg; sacharoza (cukier puder) - 67 mg: suszony probiotyk Bacillus amyloliquefaciens VKPM B - 10643 kultura szczepu bakteryjnego (DSM 24615), 1\u00d7109 KTJ\/g - 30 mg jednostka tworz\u0105ca koloni\u0119.<br \/>\nKupuj\u0119 probiotyki prosto z fabryki w najlepszej cenie, jako\u015b\u0107 premium.<br \/>\n\u201eCemmedic Europe Kft\u201d Oficjalny dystrybutor probiotyk\u00f3w Vetom na W\u0119grzech!<\/p>","protected":false},"excerpt":{"rendered":"<h5><strong>Vetom <span style=\"color:red\">4<\/span><\/strong> kapsu\u0142ki probiotyczne 50 ziaren (suplement diety <strong>Bacillus amyloliquefaciens<\/strong> bakterie)<\/h5>\n<div class=\"plashka\">\n<p>A <strong>Vetom <span style=\"color:red\">4<\/span><\/strong> normalizuje metabolizm, trawienie i wch\u0142anianie biologicznie aktywnych sk\u0142adnik\u00f3w \u017cywno\u015bci w przewodzie pokarmowym.<\/p>\n<p>A <strong>Vetom <span style=\"color:red\">4<\/span><\/strong> zwi\u0119ksza skuteczno\u015b\u0107 lek\u00f3w i zmniejsza ich negatywne skutki uboczne na organizm ludzki.<\/p>\n<\/div>\n<p>Korzystny wp\u0142yw <strong>Bacillus amyloliquefaciens<\/strong> kt\u00f3re s\u0105 produkowane g\u0142\u00f3wnie przez namna\u017canie si\u0119 w jelicie cienkim:<\/p>\n<ul class=\"vetom-list\">\n<li>enzymy proteolityczne, amylolityczne, celulozolityczne,<\/li>\n<li>substancje biologicznie czynne, kt\u00f3re hamuj\u0105 wzrost i rozw\u00f3j patogennej i potencjalnie patogennej mikroflory.<\/li>\n<\/ul>\n<p>W konsekwencji sk\u0142ad bakteryjny tre\u015bci jelitowej przekszta\u0142ca si\u0119 w prawid\u0142ow\u0105 norm\u0119 rozwojow\u0105, \u015bciany jelit s\u0105 oczyszczane z niestrawionych resztek, co przyczynia si\u0119 do aktywnego usuwania toksyn z organizmu, niezak\u0142\u00f3conego transportu biologicznie aktywnych sk\u0142adnik\u00f3w od\u017cywczych.<\/p>\n<p><strong>Dawkowanie:<\/strong> Zaleca si\u0119 przyjmowanie 1 kapsu\u0142ki (2*3) dziennie przez 10 dni z posi\u0142kami lub po posi\u0142kach, popijaj\u0105c niewielk\u0105 ilo\u015bci\u0105 wody, soku lub herbaty.<\/p>\n<div class=\"plashka\">Zaleca si\u0119 powt\u00f3rzenie kuracji po 1-2 tygodniach przerwy i przej\u015bcie na inny numerowany produkt Vetom w odst\u0119pach czasu. W ten spos\u00f3b mo\u017cemy wspiera\u0107 ca\u0142y nasz organizm i uk\u0142ad jelitowy w r\u00f3wnym stopniu.<\/div>\n<p>A <strong>Vetom <span style=\"color:red\">4<\/span><\/strong> nie uzale\u017cnia.<\/p>","protected":false},"featured_media":6596,"comment_status":"open","ping_status":"closed","template":"","meta":[],"product_brand":[],"product_cat":[22],"product_tag":[],"class_list":{"0":"post-447","1":"product","2":"type-product","3":"status-publish","4":"has-post-thumbnail","6":"product_cat-vetom-probiotikumok","8":"first","9":"instock","10":"featured","11":"taxable","12":"shipping-taxable","13":"purchasable","14":"product-type-simple"},"_links":{"self":[{"href":"https:\/\/vetomshop.hu\/pl\/wp-json\/wp\/v2\/product\/447","targetHints":{"allow":["GET"]}}],"collection":[{"href":"https:\/\/vetomshop.hu\/pl\/wp-json\/wp\/v2\/product"}],"about":[{"href":"https:\/\/vetomshop.hu\/pl\/wp-json\/wp\/v2\/types\/product"}],"replies":[{"embeddable":true,"href":"https:\/\/vetomshop.hu\/pl\/wp-json\/wp\/v2\/comments?post=447"}],"wp:featuredmedia":[{"embeddable":true,"href":"https:\/\/vetomshop.hu\/pl\/wp-json\/wp\/v2\/media\/6596"}],"wp:attachment":[{"href":"https:\/\/vetomshop.hu\/pl\/wp-json\/wp\/v2\/media?parent=447"}],"wp:term":[{"taxonomy":"product_brand","embeddable":true,"href":"https:\/\/vetomshop.hu\/pl\/wp-json\/wp\/v2\/product_brand?post=447"},{"taxonomy":"product_cat","embeddable":true,"href":"https:\/\/vetomshop.hu\/pl\/wp-json\/wp\/v2\/product_cat?post=447"},{"taxonomy":"product_tag","embeddable":true,"href":"https:\/\/vetomshop.hu\/pl\/wp-json\/wp\/v2\/product_tag?post=447"}],"curies":[{"name":"wp","href":"https:\/\/api.w.org\/{rel}","templated":true}]}}