{"id":449,"date":"2019-11-12T15:17:02","date_gmt":"2019-11-12T14:17:02","guid":{"rendered":"https:\/\/vetomshop.hu\/?post_type=product&#038;p=449"},"modified":"2026-04-12T08:29:02","modified_gmt":"2026-04-12T06:29:02","slug":"vetom-1-23-probiotikum-csepp","status":"publish","type":"product","link":"https:\/\/vetomshop.hu\/pl\/produkt\/vetom-1-23-probiotikum-csepp\/","title":{"rendered":"Probiotyk Vetom <span style=\"color: red\">1.23<\/span><br>spadek <span style=\"color: red\">10 ml<\/span> (suplement diety)"},"content":{"rendered":"<h3>Vetom Probiotic 1.23 krople 10 ml (suplement diety)<\/h3>\n<p><strong>Bacillus subtilis z korzystnymi szczepami bakterii<\/strong><\/p>\n<p>Vetom 1.23 to p\u0142ynny probiotyk oparty na korzystnym dzia\u0142aniu Bacillus subtilis VKPM V 10641, szczepu bakterii, kt\u00f3ry dzia\u0142a g\u0142\u00f3wnie w jelicie grubym, gdzie aktywnie namna\u017ca si\u0119 i wytwarza szereg enzym\u00f3w trawiennych i substancji biologicznie czynnych.<\/p>\n<p>&nbsp;<\/p>\n<h2><strong>To s\u0105 materia\u0142y:<\/strong><\/h2>\n<p>* hamuj\u0105 rozw\u00f3j szkodliwych bakterii i grzyb\u00f3w,<\/p>\n<p>* pomagaj\u0105 oczy\u015bci\u0107 \u015bciany jelit z niestrawionych resztek,<\/p>\n<p>* wspomagaj\u0105 usuwanie toksyn,<\/p>\n<p>* promuj\u0105 skuteczne wch\u0142anianie sk\u0142adnik\u00f3w od\u017cywczych, witamin i minera\u0142\u00f3w.<\/p>\n<p>&nbsp;<\/p>\n<p>Vetom 1.23 poprawia r\u00f3wnowag\u0119 kwasowo-zasadow\u0105 uk\u0142adu pokarmowego i optymalizuje metabolizm \u017celaza, wapnia, bia\u0142ek, t\u0142uszcz\u00f3w, w\u0119glowodan\u00f3w i innych sk\u0142adnik\u00f3w od\u017cywczych. Pozwala to na naturalne wzmocnienie i regeneracj\u0119 organizmu.<\/p>\n<p>&nbsp;<\/p>\n<h2><strong>Kluczowe korzy\u015bci:<\/strong><\/h2>\n<p>* Dzia\u0142anie przeciwbakteryjne i przeciwgrzybicze<\/p>\n<p>* W\u0142a\u015bciwo\u015bci przeciwwirusowe<\/p>\n<p>* Wzmacnianie odporno\u015bci, ochrona kom\u00f3rkowa<\/p>\n<p>* Wspomaga regeneracj\u0119 kom\u00f3rek<\/p>\n<p>* Hamuje powstawanie nieprawid\u0142owych kom\u00f3rek, w tym kom\u00f3rek nowotworowych<\/p>\n<p>* Nie powoduje skutk\u00f3w ubocznych, uzale\u017cnienia ani przedawkowania<\/p>\n<p>* Bezpieczny w u\u017cyciu w ka\u017cdym wieku<\/p>\n<p>&nbsp;<\/p>\n<p>&nbsp;<\/p>\n<h2><strong>Dawkowanie i spos\u00f3b podawania:<\/strong><\/h2>\n<p>*Do stosowania doustnego<\/p>\n<p>*Uzupe\u0142niaj\u0105co dla doros\u0142ych i dzieci: zaleca si\u0119 stosowanie 2 kropli przez kilka pierwszych dni, a nast\u0119pnie dawk\u0119 mo\u017cna stopniowo zwi\u0119ksza\u0107 do 4-6 kropli. Podczas stosowania nale\u017cy obserwowa\u0107 reakcje organizmu.<\/p>\n<p>*W przypadku powszechnych chor\u00f3b: 10 kropli dziennie przez 10 dni<\/p>\n<p>*Powt\u00f3rne leczenie: zalecane po 1-2 tygodniach przerwy<\/p>\n<p>*Sugeruje si\u0119, aby od czasu do czasu zamienia\u0107 je z innymi produktami Vetom w celu uzyskania szerszego wsparcia dla organizacji.<\/p>\n<p>&nbsp;<\/p>\n<h2><strong>Kiedy zaleca si\u0119 jego stosowanie?<\/strong><\/h2>\n<p>* po leczeniu antybiotykami, w celu regeneracji flory jelitowej<\/p>\n<p>*Uzupe\u0142nienie terapii w przypadku raka<\/p>\n<p>*Zaburzenia trawienia, biegunka, zaparcia, rozstr\u00f3j \u017co\u0142\u0105dka<\/p>\n<p>*W stanach niedoboru odporno\u015bci<\/p>\n<p>*W przypadku nieprzyjemnego zapachu cia\u0142a lub oddechu<\/p>\n<p>*Dodatkowe leczenie kamieni nerkowych, chor\u00f3b w\u0105troby, problem\u00f3w \u017co\u0142\u0105dkowo-jelitowych<\/p>\n<p>Uwaga:<\/p>\n<p>Nie stosowa\u0107 z doustnymi antybiotykami lub innymi probiotykami. Mo\u017cna \u0142\u0105czy\u0107 z antybiotykami stosowanymi miejscowo.<\/p>\n<p>&nbsp;<\/p>\n<h2><strong>Wa\u017cne:<\/strong><\/h2>\n<p>Nie nale\u017cy go przyjmowa\u0107 z innymi doustnymi probiotykami lub antybiotykami, zw\u0142aszcza sulfanilamidem, \u015brodkami przeciwnowotworowymi.<\/p>\n<p>&nbsp;<\/p>\n<h2><strong>Sk\u0142adniki:<\/strong><\/h2>\n<p>* Ekstrakt z kukurydzy fermentowany szczepem *Bacillus subtilis* (VKPM V 10641 \/ DSM 24613)<\/p>\n<p>* Chlorek sodu<\/p>\n<p>* Viveware<\/p>\n<p><strong>\u00a0<\/strong><\/p>\n<h2><strong>Dozowanie:<\/strong><\/h2>\n<p>* 10 ml szklana lub plastikowa butelka z zakraplaczem<\/p>\n<p>* Mo\u017ce zawiera\u0107 naturalny osad, co nie stanowi wady jako\u015bciowej.<\/p>\n<p>&nbsp;<\/p>\n<h2><strong>K\u00fcllem:<\/strong><\/h2>\n<p>Jasno\u017c\u00f3\u0142tobr\u0105zowa ciecz o charakterystycznym zapachu<\/p>\n<p>*Waga: 0,02 kg<\/p>\n<p>*Wymiary: 3 \u00d7 3 \u00d7 7 cm<\/p>\n<p>*Zaopatrzenie: Rosja<\/p>\n<p>&nbsp;<\/p>\n<h2>Informacje o przechowywaniu:<\/h2>\n<p>*Przechowywanie: 0-10 \u00b0C przy wilgotno\u015bci wzgl\u0119dnej do 75%<\/p>\n<p>*Transport i tymczasowe przechowywanie: 10-30 \u00b0C przez maks. 18 dni<\/p>\n<p>*Po demonta\u017cu: przechowywa\u0107 w lod\u00f3wce (0-10 \u00b0C)<\/p>","protected":false},"excerpt":{"rendered":"<h5>Z\u0142\u00f3\u017c wniosek pod adresem<\/h5>\n<p>A <strong>Vetom 1.23<\/strong> stosowany jako dodatkowe \u017ar\u00f3d\u0142o probiotycznych mikroorganizm\u00f3w w celu poprawy zdrowia ludzkiego organizmu. Silny efekt dzia\u0142ania <strong>Bacillus subtilis<\/strong> kt\u00f3ry jest produkowany g\u0142\u00f3wnie przez jelito grube:<\/p>\n<ul class=\"vetom-list\">\n<li>enzymy proteolityczne, amylolityczne, celulolityczne;<\/li>\n<li>interferon a-2 ludzkich bia\u0142ych krwinek;<\/li>\n<li>bacytracyna i inne substancje biologicznie czynne zapobiegaj\u0105ce znacznemu wzrostowi patogennej lub wzgl\u0119dnie patogennej mikroflory.<\/li>\n<\/ul>\n<p>W wyniku tego procesu populacja bakterii w przewodzie pokarmowym ulega przekszta\u0142ceniu, a\u017c stanie si\u0119 identyczna z norm\u0105 ewolucyjn\u0105, \u015bciany jelit s\u0105 oczyszczane z niestrawnych resztek pokarmowych, co u\u0142atwia aktywn\u0105 eliminacj\u0119 substancji toksycznych z organizmu i niezak\u0142\u00f3cony transport substancji biologicznie czynnych i sk\u0142adnik\u00f3w od\u017cywczych.<\/p>\n<div class=\"plashka\">A <strong>Vetom 1.23<\/strong> normalizuje trawienie, wch\u0142anianie i metabolizm \u017celaza, wapnia, t\u0142uszcz\u00f3w, bia\u0142ek, w\u0119glowodan\u00f3w, tr\u00f3jgliceryd\u00f3w, aminokwas\u00f3w, dipeptyd\u00f3w, soli \u017c\u00f3\u0142ciowych, normalizuje kwa\u015bne \u015brodowisko przewodu pokarmowego. Stosowanie Vetom 1.23 pomaga organizmowi zachowa\u0107 zdrowie.<\/div>\n<p>A <strong>Vetom 1.23<\/strong> zwi\u0119ksza skuteczno\u015b\u0107 lek\u00f3w i zmniejsza ich negatywne skutki uboczne na organizm ludzki.<\/p>\n<h6>Cechy:<\/h6>\n<ul class=\"vetom-list\">\n<li>Ma wysok\u0105 aktywno\u015b\u0107 antagonistyczn\u0105 wobec patogennych i warunkowo patogennych grzyb\u00f3w i bakterii, w\u0142a\u015bciwo\u015bci przeciwwirusowe, proteolityczne, amy lityczne, celulolityczne<\/li>\n<li>stymuluje kom\u00f3rkowe i humoralne czynniki odporno\u015bci<\/li>\n<li>zwi\u0119ksza niespecyficzn\u0105 odporno\u015b\u0107 organizmu<\/li>\n<li>stabilizuje odporno\u015b\u0107 alergiczn\u0105<\/li>\n<li>normalizuje metabolizm<\/li>\n<li>stymuluje procesy regeneracji, atakuje i niszczy kom\u00f3rki nowotworowe i chore<\/li>\n<\/ul>\n<div class=\"plashka\">Zmienia b\u0142on\u0119 i metabolizm szkieletu kom\u00f3rkowego, zapobiegaj\u0105c rozwojowi kom\u00f3rek nowotworowych.<\/div>","protected":false},"featured_media":6615,"comment_status":"open","ping_status":"closed","template":"","meta":[],"product_brand":[],"product_cat":[22],"product_tag":[],"class_list":{"0":"post-449","1":"product","2":"type-product","3":"status-publish","4":"has-post-thumbnail","6":"product_cat-vetom-probiotikumok","8":"first","9":"instock","10":"featured","11":"taxable","12":"shipping-taxable","13":"purchasable","14":"product-type-simple"},"_links":{"self":[{"href":"https:\/\/vetomshop.hu\/pl\/wp-json\/wp\/v2\/product\/449","targetHints":{"allow":["GET"]}}],"collection":[{"href":"https:\/\/vetomshop.hu\/pl\/wp-json\/wp\/v2\/product"}],"about":[{"href":"https:\/\/vetomshop.hu\/pl\/wp-json\/wp\/v2\/types\/product"}],"replies":[{"embeddable":true,"href":"https:\/\/vetomshop.hu\/pl\/wp-json\/wp\/v2\/comments?post=449"}],"wp:featuredmedia":[{"embeddable":true,"href":"https:\/\/vetomshop.hu\/pl\/wp-json\/wp\/v2\/media\/6615"}],"wp:attachment":[{"href":"https:\/\/vetomshop.hu\/pl\/wp-json\/wp\/v2\/media?parent=449"}],"wp:term":[{"taxonomy":"product_brand","embeddable":true,"href":"https:\/\/vetomshop.hu\/pl\/wp-json\/wp\/v2\/product_brand?post=449"},{"taxonomy":"product_cat","embeddable":true,"href":"https:\/\/vetomshop.hu\/pl\/wp-json\/wp\/v2\/product_cat?post=449"},{"taxonomy":"product_tag","embeddable":true,"href":"https:\/\/vetomshop.hu\/pl\/wp-json\/wp\/v2\/product_tag?post=449"}],"curies":[{"name":"wp","href":"https:\/\/api.w.org\/{rel}","templated":true}]}}