{"id":453,"date":"2019-11-12T15:33:21","date_gmt":"2019-11-12T14:33:21","guid":{"rendered":"https:\/\/vetomshop.hu\/?post_type=product&#038;p=453"},"modified":"2026-04-12T08:28:47","modified_gmt":"2026-04-12T06:28:47","slug":"vetom-3-22-probiotikum-csepp","status":"publish","type":"product","link":"https:\/\/vetomshop.hu\/pl\/produkt\/vetom-3-22-probiotikum-csepp\/","title":{"rendered":"Probiotyk Vetom <span style=\"color: red\">3.22<\/span><br>spadek <span style=\"color: red\">10 ml<\/span> (suplement diety)"},"content":{"rendered":"<h3>Vetom 3.22 krople probiotyczne (suplement diety)<\/h3>\n<p>Vetom 4 to naturalny probiotyk oparty na korzystnym dzia\u0142aniu *Bacillus amyloliquefaciens*, bakterii, kt\u00f3ra namna\u017ca si\u0119 g\u0142\u00f3wnie w *jelicie grubym i cienkim*, gdzie wytwarza r\u00f3\u017cne enzymy (bia\u0142kowe, skrobiowe i rozk\u0142adaj\u0105ce w\u0142\u00f3kno) oraz substancje biologicznie czynne.<\/p>\n<h2>S\u0105 to:<\/h2>\n<p>* hamuj\u0105 rozw\u00f3j szkodliwych bakterii i grzyb\u00f3w,<br \/>\n* Pomagaj\u0105 oczy\u015bci\u0107 \u015bcian\u0119 jelita z niestrawionego materia\u0142u,<br \/>\n* wspomagaj\u0105 wch\u0142anianie sk\u0142adnik\u00f3w od\u017cywczych,<br \/>\n* pomagaj\u0105 w detoksykacji organizmu.<\/p>\n<p>Regularne stosowanie Vetom 4 przyczynia si\u0119 do zdrowej flory jelitowej, poprawia trawienie i pomaga organizmowi wykorzystywa\u0107 sk\u0142adniki od\u017cywcze i energi\u0119.<\/p>\n<h2>Vetom 4<\/h2>\n<p>* Wspomaga naturaln\u0105 r\u00f3wnowag\u0119 przewodu pokarmowego<br \/>\n* Normalizuje trawienie i metabolizm<br \/>\n* Poprawia funkcjonowanie uk\u0142adu odporno\u015bciowego<br \/>\n* Zmniejsza skutki uboczne lek\u00f3w<br \/>\n* Chroni organizm na poziomie kom\u00f3rkowym, pomaga zapobiega\u0107 rozwojowi nowotwor\u00f3w.<\/p>\n<h2>Zalety:<\/h2>\n<p>* Dzia\u0142anie przeciwbakteryjne i przeciwgrzybicze<br \/>\n* Przeciwwirusowe i wzmacniaj\u0105ce odporno\u015b\u0107<br \/>\n* Wspomaga trawienie dzi\u0119ki w\u0142a\u015bciwo\u015bciom enzymatycznym<br \/>\n* Wspomaga regeneracj\u0119 kom\u00f3rek<br \/>\n* Hamuje powstawanie i proliferacj\u0119 chorych i nowotworowych kom\u00f3rek<br \/>\n*Brak uzale\u017cnienia, przedawkowania lub skutk\u00f3w ubocznych<br \/>\n*Dotyczy wszystkich os\u00f3b doros\u0142ych (powy\u017cej 14 lat)<\/p>\n<h2>Obszar zastosowa\u0144:<\/h2>\n<p>Zalecany jest jako biologicznie aktywny suplement diety wspomagaj\u0105cy funkcjonowanie przewodu pokarmowego i odbudowuj\u0105cy flor\u0119 jelitow\u0105.<\/p>\n<h2>Dawkowanie:<\/h2>\n<p>* Zaleca si\u0119 przyjmowanie 1 kapsu\u0142ki 2-3 razy dziennie przez 10 dni, przed, w trakcie lub po posi\u0142ku, popijaj\u0105c niewielk\u0105 ilo\u015bci\u0105 p\u0142ynu (wody, herbaty lub soku). W trakcie leczenia nale\u017cy monitorowa\u0107 reakcj\u0119 organizmu i w razie potrzeby stopniowo zwi\u0119ksza\u0107 dawk\u0119 do 5-10 kapsu\u0142ek dziennie.<\/p>\n<p>* Kuracj\u0119 mo\u017cna powt\u00f3rzy\u0107 w dowolnym momencie po 1-2 tygodniach przerwy. Czasami zaleca si\u0119 naprzemienne stosowanie z innymi rodzajami produkt\u00f3w Vetom w celu wsparcia ca\u0142ego organizmu.<\/p>\n<h2>Propozycja:<\/h2>\n<p>Kuracj\u0119 nale\u017cy powt\u00f3rzy\u0107 po 1-2 tygodniach przerwy. Od czasu do czasu wskazane jest przej\u015bcie na inny rodzaj produktu Vetom w celu zapewnienia szerokiego wsparcia dla organizmu.<\/p>\n<h2>Wa\u017cne informacje:<\/h2>\n<p>*Przeciwwskazania: nadwra\u017cliwo\u015b\u0107 na niekt\u00f3re sk\u0142adniki<br \/>\n*Ci\u0105\u017ca\/karmienie piersi\u0105: tylko po konsultacji lekarskiej<br \/>\n*Nie ma wp\u0142ywu na prowadzenie pojazd\u00f3w ani korzystanie z niebezpiecznych maszyn.<\/p>\n<h2>Inne informacje:<\/h2>\n<p>* Nie wp\u0142ywa na prowadzenie pojazd\u00f3w ani obs\u0142ug\u0119 niebezpiecznych maszyn.<br \/>\n* Przechowywanie: w suchym, ch\u0142odnym miejscu (maks. 30\u00b0C), niedost\u0119pnym dla dzieci.<br \/>\n* Gwarancja: 2 lata od daty produkcji<br \/>\n* Opakowanie: 10 kapsu\u0142ek w blistrze, 5 opakowa\u0144 w pude\u0142ku (\u0142\u0105cznie 50 kapsu\u0142ek)<\/p>\n<h2>Warunki przechowywania:<\/h2>\n<p>* Ch\u0142odne, suche miejsce (maks. 30 \u00b0C, maks. wilgotno\u015b\u0107 75%)<br \/>\n* Przechowywa\u0107 w miejscu niedost\u0119pnym dla dzieci<br \/>\n*Okres gwarancji:** 2 lata od daty produkcji<br \/>\nKraj pochodzenia: Rosja<\/p>\n<h2>Zawarto\u015b\u0107 jednej kapsu\u0142ki:<\/h2>\n<p>* ekstrakt z kukurydzy - 133 mg<br \/>\n* Skrobia ziemniaczana - 100 mg<br \/>\n* sacharoza (cukier puder) - 67 mg<br \/>\n**Bacillus amyloliquefaciens VKPM B-10643** probiotyczny szczep bakterii (DSM 24615) - 30 mg (1\u00d710\u2079 CFU\/g)<\/p>\n<p>Alternatywny odpowiednik w postaci kropli: Vetom 4.24 (10 ml)<\/p>\n<p>Miejsce pochodzenia : <strong>Rosja<\/strong><\/p>","protected":false},"excerpt":{"rendered":"<h5>Z\u0142\u00f3\u017c wniosek pod adresem<\/h5>\n<p>Od <strong>Vetom<\/strong> <span style=\"color: red; font-weight: 800;\">3.22<\/span> stosowany jako dodatkowe \u017ar\u00f3d\u0142o probiotycznych mikroorganizm\u00f3w w celu poprawy zdrowia ludzkiego organizmu. Silny efekt dzia\u0142ania <strong>Bacillus myloliquefaciens<\/strong>, kt\u00f3ry rozmna\u017ca si\u0119 g\u0142\u00f3wnie w okr\u0119\u017cnicy i wytwarza enzymy proteolityczne, amylolityczne, celulolityczne i inne substancje biologicznie czynne.<\/p>\n<div class=\"plashka\">W wyniku tego procesu populacja bakterii w przewodzie pokarmowym ulega przekszta\u0142ceniu, a\u017c stanie si\u0119 identyczna z norm\u0105 ewolucyjn\u0105, \u015bciany jelit s\u0105 oczyszczane z niestrawnych resztek pokarmowych, co u\u0142atwia aktywn\u0105 eliminacj\u0119 substancji toksycznych z organizmu i niezak\u0142\u00f3cony transport substancji biologicznie czynnych i sk\u0142adnik\u00f3w od\u017cywczych.<\/div>\n<p>A <strong>Vetom<\/strong> <span style=\"color: red; font-weight: 800;\">3.22<\/span> zwi\u0119ksza skuteczno\u015b\u0107 lek\u00f3w i zmniejsza ich negatywne skutki uboczne na organizm ludzki.<\/p>\n<h6>Cechy:<\/h6>\n<ul class=\"vetom-list\">\n<li>Ma wysok\u0105 aktywno\u015b\u0107 antagonistyczn\u0105 wobec patogennych i warunkowo patogennych grzyb\u00f3w i bakterii, w\u0142a\u015bciwo\u015bci przeciwwirusowe, proteolityczne, amy lityczne, celulolityczne<\/li>\n<li>stymuluje kom\u00f3rkowe i humoralne czynniki odporno\u015bci<\/li>\n<li>zwi\u0119ksza niespecyficzn\u0105 odporno\u015b\u0107 organizmu<\/li>\n<li>stabilizuje odporno\u015b\u0107 alergiczn\u0105<\/li>\n<li>normalizuje metabolizm<\/li>\n<li>stymuluje procesy regeneracji, atakuj\u0105c i niszcz\u0105c kom\u00f3rki nowotworowe i chore<\/li>\n<\/ul>\n<div class=\"plashka\">A <strong>Vetom<\/strong> <span style=\"color: red; font-weight: 800;\">3.22<\/span> normalizuje trawienie, wch\u0142anianie i metabolizm \u017celaza, wapnia, t\u0142uszcz\u00f3w, bia\u0142ek, w\u0119glowodan\u00f3w, tr\u00f3jgliceryd\u00f3w, aminokwas\u00f3w, dipeptyd\u00f3w, soli \u017c\u00f3\u0142ciowych i normalizuje kwa\u015bne \u015brodowisko przewodu pokarmowego.<\/div>","protected":false},"featured_media":6613,"comment_status":"open","ping_status":"closed","template":"","meta":[],"product_brand":[],"product_cat":[22],"product_tag":[],"class_list":{"0":"post-453","1":"product","2":"type-product","3":"status-publish","4":"has-post-thumbnail","6":"product_cat-vetom-probiotikumok","8":"first","9":"instock","10":"featured","11":"taxable","12":"shipping-taxable","13":"purchasable","14":"product-type-simple"},"_links":{"self":[{"href":"https:\/\/vetomshop.hu\/pl\/wp-json\/wp\/v2\/product\/453","targetHints":{"allow":["GET"]}}],"collection":[{"href":"https:\/\/vetomshop.hu\/pl\/wp-json\/wp\/v2\/product"}],"about":[{"href":"https:\/\/vetomshop.hu\/pl\/wp-json\/wp\/v2\/types\/product"}],"replies":[{"embeddable":true,"href":"https:\/\/vetomshop.hu\/pl\/wp-json\/wp\/v2\/comments?post=453"}],"wp:featuredmedia":[{"embeddable":true,"href":"https:\/\/vetomshop.hu\/pl\/wp-json\/wp\/v2\/media\/6613"}],"wp:attachment":[{"href":"https:\/\/vetomshop.hu\/pl\/wp-json\/wp\/v2\/media?parent=453"}],"wp:term":[{"taxonomy":"product_brand","embeddable":true,"href":"https:\/\/vetomshop.hu\/pl\/wp-json\/wp\/v2\/product_brand?post=453"},{"taxonomy":"product_cat","embeddable":true,"href":"https:\/\/vetomshop.hu\/pl\/wp-json\/wp\/v2\/product_cat?post=453"},{"taxonomy":"product_tag","embeddable":true,"href":"https:\/\/vetomshop.hu\/pl\/wp-json\/wp\/v2\/product_tag?post=453"}],"curies":[{"name":"wp","href":"https:\/\/api.w.org\/{rel}","templated":true}]}}