{"id":455,"date":"2019-11-12T15:37:52","date_gmt":"2019-11-12T14:37:52","guid":{"rendered":"https:\/\/vetomshop.hu\/?post_type=product&#038;p=455"},"modified":"2026-04-12T08:28:38","modified_gmt":"2026-04-12T06:28:38","slug":"vetom-4-24-probiotikum-csepp","status":"publish","type":"product","link":"https:\/\/vetomshop.hu\/pl\/produkt\/vetom-4-24-probiotikum-csepp\/","title":{"rendered":"Probiotyk Vetom <span style=\"color: red\">4.24<\/span><br>spadek <span style=\"color: red\">10 ml<\/span> (suplement diety)"},"content":{"rendered":"<h3>Vetom 4.24 krople probiotyczne 10 ml (suplement diety)<\/h3>\n<p>Ze szczepem Bacillus amyloliquefaciens VKPM B-10643 (DSM 24615)<\/p>\n<p>Vetom 4.24 to zaawansowany, naturalny probiotyk, kt\u00f3ry wspiera r\u00f3wnowag\u0119 flory jelitowej, poprawia trawienie i wzmacnia uk\u0142ad odporno\u015bciowy. G\u0142\u00f3wnym sk\u0142adnikiem aktywnym jest bakteria *Bacillus amyloliquefaciens*, kt\u00f3ra jest korzystna g\u0142\u00f3wnie w jelicie cienkim.<\/p>\n<h2>W jaki spos\u00f3b to pomaga?<\/h2>\n<p>* Wspomaga rozw\u00f3j zdrowej flory jelitowej<br \/>\n* Wspomaga wch\u0142anianie sk\u0142adnik\u00f3w od\u017cywczych (np. \u017celaza, wapnia, bia\u0142ek, t\u0142uszcz\u00f3w, w\u0119glowodan\u00f3w).<br \/>\n* Pomaga **wydala\u0107 toksyny z organizmu<br \/>\n* Wzmacnia uk\u0142ad odporno\u015bciowy, dzia\u0142a przeciwwirusowo, przeciwbakteryjnie i przeciwgrzybiczo.<br \/>\n* Wspomaga regeneracj\u0119 kom\u00f3rek, mo\u017ce zmniejsza\u0107 proliferacj\u0119 szkodliwych kom\u00f3rek<br \/>\n* Stabilizuje metabolizm i r\u00f3wnowag\u0119 kwasow\u0105 uk\u0142adu trawiennego.<br \/>\n* Poprawia dzia\u0142anie innych lek\u00f3w, zmniejszaj\u0105c ich skutki uboczne<\/p>\n<h2>Korzy\u015bci:<\/h2>\n<p>Wolny od efekt\u00f3w ubocznych<br \/>\nMo\u017ce by\u0107 u\u017cywany w ka\u017cdym wieku<br \/>\nNie powoduje przyzwyczajenia<br \/>\nPrzedawkowanie nie jest mo\u017cliwe<\/p>\n<h2>Zalecenia dotycz\u0105ce dawkowania:<\/h2>\n<p>*Uzupe\u0142niaj\u0105co dla doros\u0142ych i dzieci: zaleca si\u0119 stosowanie 2 kropli przez kilka pierwszych dni, a nast\u0119pnie dawk\u0119 mo\u017cna stopniowo zwi\u0119ksza\u0107 do 4-6 kropli. Podczas stosowania nale\u017cy obserwowa\u0107 reakcje organizmu.<br \/>\n*W przypadku powszechnych chor\u00f3b: 10 kropli dziennie przez 10 dni<br \/>\n* Zabieg mo\u017cna powt\u00f3rzy\u0107 po 1-2 tygodniach<br \/>\n* Zaleca si\u0119 stosowanie naprzemiennie z innymi rodzajami produkt\u00f3w Vetom (np. Vetom 1.23, 2.25, 3.22) w celu zapewnienia pe\u0142nego wsparcia jelitowego.<\/p>\n<h2>\nWa\u017cne:<\/h2>\n<p>Nie nale\u017cy go przyjmowa\u0107 z innymi doustnymi probiotykami lub antybiotykami, zw\u0142aszcza sulfanilamidem, \u015brodkami przeciwnowotworowymi.<\/p>\n<h2>Sk\u0142adniki:<\/h2>\n<p>* Ekstrakt ze sfermentowanej kukurydzy Bacillus amyloliquefaciens (VKPM B-10643 \/ DSM 24615)<br \/>\n* Chlorek sodu<br \/>\n* Viveware<\/p>\n<h2>Dozowanie:<\/h2>\n<p>* 10 ml szklana lub plastikowa butelka z zakraplaczem<br \/>\n* Mo\u017ce zawiera\u0107 naturalny osad, co nie stanowi wady jako\u015bciowej.<\/p>\n<h2>K\u00fcllem:<\/h2>\n<p>Jasno\u017c\u00f3\u0142tobr\u0105zowa ciecz o charakterystycznym zapachu<\/p>\n<p>*Waga: 0,02 kg<br \/>\n*Wymiary: 3 \u00d7 3 \u00d7 7 cm<br \/>\n*Zaopatrzenie: Rosja<\/p>\n<h2>Informacje o przechowywaniu:<\/h2>\n<p>*Przechowywanie: 0-10 \u00b0C przy wilgotno\u015bci wzgl\u0119dnej do 75%<br \/>\n*Przechowywanie i tymczasowe przechowywanie: 10-30 \u00b0C<br \/>\n*Po demonta\u017cu: przechowywa\u0107 w lod\u00f3wce (0-10 \u00b0C)<\/p>","protected":false},"excerpt":{"rendered":"<h5>Z\u0142\u00f3\u017c wniosek pod adresem<\/h5>\n<p>A <strong>Vetom<\/strong> <span style=\"color: red; font-weight: 800;\">4.24<\/span> stosowany jako dodatkowe \u017ar\u00f3d\u0142o probiotycznych mikroorganizm\u00f3w w celu poprawy zdrowia ludzkiego organizmu. Silny efekt dzia\u0142ania <strong>Bacillus myloliquefaciens<\/strong>, kt\u00f3ry wytwarza enzymy proteolityczne, amylolityczne, celulolityczne i inne substancje biologicznie czynne, g\u0142\u00f3wnie poprzez namna\u017canie si\u0119 w jelicie cienkim.<\/p>\n<div class=\"plashka\">W wyniku tego procesu populacja bakterii w przewodzie pokarmowym ulega przekszta\u0142ceniu, a\u017c stanie si\u0119 identyczna z norm\u0105 ewolucyjn\u0105, \u015bciany jelit s\u0105 oczyszczane z niestrawnych resztek pokarmowych, co u\u0142atwia aktywn\u0105 eliminacj\u0119 substancji toksycznych z organizmu i niezak\u0142\u00f3cony transport substancji biologicznie czynnych i sk\u0142adnik\u00f3w od\u017cywczych.<\/div>\n<p>A <strong>Vetom<\/strong> <span style=\"color: red; font-weight: 800;\">4.24<\/span> normalizuje trawienie, wch\u0142anianie i metabolizm \u017celaza, wapnia, t\u0142uszcz\u00f3w, bia\u0142ek, w\u0119glowodan\u00f3w, tr\u00f3jgliceryd\u00f3w, aminokwas\u00f3w, dipeptyd\u00f3w, soli \u017c\u00f3\u0142ciowych i normalizuje kwa\u015bne \u015brodowisko przewodu pokarmowego.<\/p>\n<div class=\"plashka\">A <strong>Vetom<\/strong> <span style=\"color: red; font-weight: 800;\">4.24<\/span> pomaga organizmowi zachowa\u0107 zdrowie.<\/div>\n<p>A <strong>Vetom<\/strong> <span style=\"color: red; font-weight: 800;\">4.24<\/span> zwi\u0119ksza skuteczno\u015b\u0107 lek\u00f3w i zmniejsza ich negatywne skutki uboczne na organizm ludzki.<\/p>\n<h6>Cechy:<\/h6>\n<ul class=\"vetom-list\">\n<li>Ma wysok\u0105 aktywno\u015b\u0107 antagonistyczn\u0105 wobec patogennych i warunkowo patogennych grzyb\u00f3w i bakterii, w\u0142a\u015bciwo\u015bci przeciwwirusowe, proteolityczne, amy lityczne, celulolityczne<\/li>\n<li>stymuluje kom\u00f3rkowe i humoralne czynniki odporno\u015bci<\/li>\n<li>zwi\u0119ksza niespecyficzn\u0105 odporno\u015b\u0107 organizmu<\/li>\n<li>stabilizuje odporno\u015b\u0107 alergiczn\u0105<\/li>\n<li>normalizuje metabolizm<\/li>\n<li>stymuluje procesy regeneracji, atakuj\u0105c i niszcz\u0105c kom\u00f3rki nowotworowe i chore<\/li>\n<\/ul>","protected":false},"featured_media":6614,"comment_status":"open","ping_status":"closed","template":"","meta":[],"product_brand":[],"product_cat":[22],"product_tag":[],"class_list":{"0":"post-455","1":"product","2":"type-product","3":"status-publish","4":"has-post-thumbnail","6":"product_cat-vetom-probiotikumok","8":"first","9":"instock","10":"featured","11":"taxable","12":"shipping-taxable","13":"purchasable","14":"product-type-simple"},"_links":{"self":[{"href":"https:\/\/vetomshop.hu\/pl\/wp-json\/wp\/v2\/product\/455","targetHints":{"allow":["GET"]}}],"collection":[{"href":"https:\/\/vetomshop.hu\/pl\/wp-json\/wp\/v2\/product"}],"about":[{"href":"https:\/\/vetomshop.hu\/pl\/wp-json\/wp\/v2\/types\/product"}],"replies":[{"embeddable":true,"href":"https:\/\/vetomshop.hu\/pl\/wp-json\/wp\/v2\/comments?post=455"}],"wp:featuredmedia":[{"embeddable":true,"href":"https:\/\/vetomshop.hu\/pl\/wp-json\/wp\/v2\/media\/6614"}],"wp:attachment":[{"href":"https:\/\/vetomshop.hu\/pl\/wp-json\/wp\/v2\/media?parent=455"}],"wp:term":[{"taxonomy":"product_brand","embeddable":true,"href":"https:\/\/vetomshop.hu\/pl\/wp-json\/wp\/v2\/product_brand?post=455"},{"taxonomy":"product_cat","embeddable":true,"href":"https:\/\/vetomshop.hu\/pl\/wp-json\/wp\/v2\/product_cat?post=455"},{"taxonomy":"product_tag","embeddable":true,"href":"https:\/\/vetomshop.hu\/pl\/wp-json\/wp\/v2\/product_tag?post=455"}],"curies":[{"name":"wp","href":"https:\/\/api.w.org\/{rel}","templated":true}]}}