{"id":4666,"date":"2023-11-11T14:33:45","date_gmt":"2023-11-11T13:33:45","guid":{"rendered":"https:\/\/vetomshop.hu\/termek\/alfa-medal\/"},"modified":"2023-11-11T14:33:45","modified_gmt":"2023-11-11T13:33:45","slug":"alfa-medal","status":"publish","type":"product","link":"https:\/\/vetomshop.hu\/pl\/produkt\/alfa-medal\/","title":{"rendered":"Medal Alpha"},"content":{"rendered":"<h4>Medal Zdrowia ALFA<\/h4>\n<p><strong>G\u0142\u00f3wne funkcje:<\/strong><\/p>\n<p>Jest komplementarnym narz\u0119dziem normalizuj\u0105cym funkcjonowanie sfery psychicznej i emocjonalnej, poprawia nastr\u00f3j, motywacj\u0119 i zdolno\u015b\u0107 do dzia\u0142ania, zmniejsza negatywne skutki stresu psychicznego i emocjonalnego.<\/p>\n<p><strong>Kr\u00f3tki opis:<\/strong><\/p>\n<p>Sygna\u0142 informacyjny zapisany na Medalionie Zdrowia ALFA odpowiada elektromagnetycznym wibracjom o\u015brodka reguluj\u0105cego sfer\u0119 psychiczn\u0105 i emocjonaln\u0105.<br \/>\nPowszechnie wiadomo, \u017ce stan emocjonalny danej osoby, kt\u00f3ry zale\u017cy od kilku czynnik\u00f3w zewn\u0119trznych i wewn\u0119trznych, jest regulowany przez centralny uk\u0142ad nerwowy.<\/p>\n<div class=\"su-spoiler su-spoiler-style-defoult su-spoiler-icon-caret su-spoiler-closed\" data-scroll-offset=\"0\" data-anchor-in-url=\"no\"><div class=\"su-spoiler-title\" tabindex=\"0\" role=\"button\"><span class=\"su-spoiler-icon\"><\/span>Wszystkie<\/div><div class=\"su-spoiler-content su-u-clearfix su-u-trim\">\nPierwsze oznaki stresu obejmuj\u0105 napi\u0119cie emocjonalne, l\u0119ki, niepok\u00f3j, pobudzenie i zwi\u0119kszon\u0105 dra\u017cliwo\u015b\u0107. Mo\u017ce to prowadzi\u0107 do zaburze\u0144 snu, powoduj\u0105c zm\u0119czenie, og\u00f3lne z\u0142e samopoczucie i zaburzenia funkcji poznawczych (pami\u0119\u0107, uwaga, my\u015blenie).<\/p>\n<p>D\u0142ugotrwa\u0142e zaburzenia psychologiczne i emocjonalne maj\u0105 negatywny wp\u0142yw na og\u00f3ln\u0105 kondycj\u0119 i reaktywno\u015b\u0107 organizmu. Osoby do\u015bwiadczaj\u0105ce przewlek\u0142ego stresu psychologicznego i emocjonalnego s\u0105 bardziej nara\u017cone na przezi\u0119bienia, nawroty istniej\u0105cych wcze\u015bniej chor\u00f3b przewlek\u0142ych (choroba niedokrwienna serca, choroby trzustki, zapalenie p\u0119cherza moczowego, odmiedniczkowe zapalenie nerek, zapalenie przydatk\u00f3w, zapalenie gruczo\u0142u krokowego itp.).<\/p>\n<p>Czynniki stresowe s\u0105 przyczyn\u0105 klasycznych chor\u00f3b psychosomatycznych, takich jak nadci\u015bnienie t\u0119tnicze, astma oskrzelowa, wrzody \u017co\u0142\u0105dka, wrzody dwunastnicy, alergiczne choroby sk\u00f3ry (egzema, neurodermit) i inne, w tym zaburzenia wzroku i s\u0142uchu.<\/p>\n<p><strong>Kiedy u\u017cywa\u0107 Medalu Zdrowia ALFA?<\/strong><\/p>\n<p>Urz\u0105dzenie ma pozytywny wp\u0142yw na funkcjonalne funkcjonowanie organizmu. Mo\u017ce by\u0107 stosowane jako urz\u0105dzenie optymalizuj\u0105ce i koryguj\u0105ce w po\u0142\u0105czeniu z innymi metodami zapobiegania i leczenia chor\u00f3b:<\/p>\n<ul>\n<li>pobudzenie, neurastenia, problemy adaptacyjne, kt\u00f3rym towarzyszy dysharmonijny stan emocjonalny,<\/li>\n<li>funkcjonalne zaburzenie uk\u0142adu nerwowego, kt\u00f3remu towarzyszy zm\u0119czenie psychiczne, dra\u017cliwo\u015b\u0107, spowolnienie i utrata jako\u015bci my\u015blenia,<\/li>\n<li>bezsenno\u015b\u0107 spowodowana atakami paniki,<\/li>\n<li>w pocz\u0105tkowych i nawrotowych fazach chor\u00f3b psychosomatycznych (astma oskrzelowa, zesp\u00f3\u0142 jelita wra\u017cliwego - IBS, choroba niedokrwienna serca, nadci\u015bnienie t\u0119tnicze, choroby sk\u00f3ry i inne),<\/li>\n<li>objawy przewlek\u0142ego stresu psychologicznego i emocjonalnego.<\/li>\n<\/ul>\n<p>Uwaga, wa\u017cne!<\/p>\n<p>Skonsultuj si\u0119 z lekarzem, je\u015bli masz wyra\u017any spadek nastroju, niestabilno\u015b\u0107 emocjonaln\u0105 i dra\u017cliwo\u015b\u0107, uporczyw\u0105 bezsenno\u015b\u0107, kt\u00f3ra nie ust\u0119puje. Opr\u00f3cz przepisanego leczenia nale\u017cy r\u00f3wnolegle stosowa\u0107 ALFA Health Medal, aby wzmocni\u0107 skuteczno\u015b\u0107 leczenia i zdolno\u015bci rehabilitacyjne organizmu.<br \/>\n<\/div><\/div>","protected":false},"excerpt":{"rendered":"<p>ALFA Eg\u00e9szs\u00e9g Med\u00e1l F\u0151 funkci\u00f3i: Kieg\u00e9sz\u00edt\u0151 eszk\u00f6z a pszich\u00e9s \u00e9s \u00e9rzelmi szf\u00e9ra m\u0171k\u00f6d\u00e9s\u00e9nek normaliz\u00e1l\u00e1s\u00e1ra, hangulatjav\u00edt\u00f3, motiv\u00e1ci\u00f3 \u00e9s cselekv\u0151k\u00e9pess\u00e9g n\u00f6vel\u0151, cs\u00f6kkenti a pszich\u00e9s \u00e9s \u00e9rzelmi stressz \u00e1ldatlan hat\u00e1sait. R\u00f6vid ismertet\u0151: Az inform\u00e1ci\u00f3s jel, mely az ALFA Eg\u00e9szs\u00e9g Med\u00e1lra r\u00f6gz\u00edt\u00e9sre ker\u00fclt, megfelel a pszich\u00e9s \u00e9s \u00e9rzelmi szf\u00e9r\u00e1kat szab\u00e1lyoz\u00f3 k\u00f6zpont elektrom\u00e1gneses rezg\u00e9s\u00e9nek. K\u00f6ztudott, hogy az ember \u00e9rzelmi \u00e1llapota, [&hellip;]<\/p>\n","protected":false},"featured_media":4665,"comment_status":"open","ping_status":"closed","template":"","meta":[],"product_brand":[],"product_cat":[33,32],"product_tag":[],"class_list":{"0":"post-4666","1":"product","2":"type-product","3":"status-publish","4":"has-post-thumbnail","6":"product_cat-egeszseg-medalok","7":"product_cat-triomed","9":"first","10":"instock","11":"taxable","12":"shipping-taxable","13":"purchasable","14":"product-type-simple"},"_links":{"self":[{"href":"https:\/\/vetomshop.hu\/pl\/wp-json\/wp\/v2\/product\/4666","targetHints":{"allow":["GET"]}}],"collection":[{"href":"https:\/\/vetomshop.hu\/pl\/wp-json\/wp\/v2\/product"}],"about":[{"href":"https:\/\/vetomshop.hu\/pl\/wp-json\/wp\/v2\/types\/product"}],"replies":[{"embeddable":true,"href":"https:\/\/vetomshop.hu\/pl\/wp-json\/wp\/v2\/comments?post=4666"}],"wp:featuredmedia":[{"embeddable":true,"href":"https:\/\/vetomshop.hu\/pl\/wp-json\/wp\/v2\/media\/4665"}],"wp:attachment":[{"href":"https:\/\/vetomshop.hu\/pl\/wp-json\/wp\/v2\/media?parent=4666"}],"wp:term":[{"taxonomy":"product_brand","embeddable":true,"href":"https:\/\/vetomshop.hu\/pl\/wp-json\/wp\/v2\/product_brand?post=4666"},{"taxonomy":"product_cat","embeddable":true,"href":"https:\/\/vetomshop.hu\/pl\/wp-json\/wp\/v2\/product_cat?post=4666"},{"taxonomy":"product_tag","embeddable":true,"href":"https:\/\/vetomshop.hu\/pl\/wp-json\/wp\/v2\/product_tag?post=4666"}],"curies":[{"name":"wp","href":"https:\/\/api.w.org\/{rel}","templated":true}]}}