{"id":4668,"date":"2023-11-11T14:33:46","date_gmt":"2023-11-11T13:33:46","guid":{"rendered":"https:\/\/vetomshop.hu\/termek\/ambrozia-medal\/"},"modified":"2023-11-11T14:33:46","modified_gmt":"2023-11-11T13:33:46","slug":"ambrozia-medal","status":"publish","type":"product","link":"https:\/\/vetomshop.hu\/pl\/produkt\/ambrozia-medal\/","title":{"rendered":"Medal Ambrosia"},"content":{"rendered":"<h4>Medal Ambrosia<\/h4>\n<p>Ambrozja pio\u0142un lub po prostu ambrozja (Ambrosia artemisiifolia), b\u0142\u0119dnie nazywana dzikimi konopiami, to gatunek chwastu z rodziny astrowatych (Asteraceae), w plemieniu Helianthinae. Ka\u017cdego roku wyst\u0119puje w ogromnych ilo\u015bciach na w\u0119gierskich polach uprawnych i innych zak\u0142\u00f3conych obszarach.<\/p>\n<p>Jest to jeden z naszych najbardziej znanych i kontrowersyjnych chwast\u00f3w: niekt\u00f3rzy ludzie uznaj\u0105 go tylko ze wzgl\u0119du na jego z\u0142e, alergizuj\u0105ce w\u0142a\u015bciwo\u015bci, a inni czcz\u0105 go jako ro\u015blin\u0119 lecznicz\u0105, spo\u017cywaj\u0105c go regularnie.<\/p>\n<div class=\"su-spoiler su-spoiler-style-defoult su-spoiler-icon-caret su-spoiler-closed\" data-scroll-offset=\"0\" data-anchor-in-url=\"no\"><div class=\"su-spoiler-title\" tabindex=\"0\" role=\"button\"><span class=\"su-spoiler-icon\"><\/span>Wszystkie<\/div><div class=\"su-spoiler-content su-u-clearfix su-u-trim\">\nDlaczego ta ro\u015blina wywo\u0142uje objawy alergii u niekt\u00f3rych os\u00f3b? Jedno jest pewne: rolnicy nigdy nie mieli alergii na py\u0142ki ani alergii na ambrozj\u0119. By\u0107 mo\u017ce na jednoznaczn\u0105 odpowied\u017a b\u0119dziemy musieli poczeka\u0107 dziesi\u0119ciolecia, ale nieprzyjemne objawy alergii mog\u0105 powraca\u0107 rok w rok i dobrze by\u0142oby znale\u017a\u0107 na nie rozwi\u0105zanie. Dop\u00f3ki nie poznamy odpowiedzi na te pytania, pami\u0119tajmy o postulacie naturopatii: wylecz ugryzienie psa sier\u015bci\u0105 psa, czyli wylecz si\u0119 z tego, co ci dolega. Ambrosia Medallion posiada spektrum elektromagnetyczne \u017cywej ambrozji przechwycone przy u\u017cyciu specjalnej technologii BioTrEm.<br \/>\n<\/div><\/div>","protected":false},"excerpt":{"rendered":"<p>Ambr\u00f3zia Med\u00e1l Az \u00fcr\u00f6mlevel\u0171 parlagf\u0171, vagy egyszer\u0171en parlagf\u0171 (Ambrosia artemisiifolia), t\u00e9vesen vadkender a f\u00e9szkesek (Asteraceae) csal\u00e1dj\u00e1ba tartozik, annak Helianthinae tribusz\u00e1ba tartoz\u00f3 gyomn\u00f6v\u00e9nyfaj. A parlagf\u0171 Magyarorsz\u00e1g sz\u00e1nt\u00f3f\u00f6ldjein \u00e9s egy\u00e9b bolygatott ter\u00fcletein \u00e9vr\u0151l \u00e9vre \u00f3ri\u00e1si sz\u00e1mban jelenik meg. Egyik legismertebb \u00e9s legellentmond\u00e1sosabb meg\u00edt\u00e9l\u00e9s\u0171 gyomn\u00f6v\u00e9ny\u00fcnk: vannak, akik kiz\u00e1r\u00f3lag rossz, allergiz\u00e1l\u00f3 tulajdons\u00e1gait ismerik el, \u00e9s vannak, akik gy\u00f3gyn\u00f6v\u00e9nyk\u00e9nt tisztelik, [&hellip;]<\/p>\n","protected":false},"featured_media":4667,"comment_status":"open","ping_status":"closed","template":"","meta":[],"product_brand":[],"product_cat":[33,32],"product_tag":[],"class_list":{"0":"post-4668","1":"product","2":"type-product","3":"status-publish","4":"has-post-thumbnail","6":"product_cat-egeszseg-medalok","7":"product_cat-triomed","9":"first","10":"instock","11":"taxable","12":"shipping-taxable","13":"purchasable","14":"product-type-simple"},"_links":{"self":[{"href":"https:\/\/vetomshop.hu\/pl\/wp-json\/wp\/v2\/product\/4668","targetHints":{"allow":["GET"]}}],"collection":[{"href":"https:\/\/vetomshop.hu\/pl\/wp-json\/wp\/v2\/product"}],"about":[{"href":"https:\/\/vetomshop.hu\/pl\/wp-json\/wp\/v2\/types\/product"}],"replies":[{"embeddable":true,"href":"https:\/\/vetomshop.hu\/pl\/wp-json\/wp\/v2\/comments?post=4668"}],"wp:featuredmedia":[{"embeddable":true,"href":"https:\/\/vetomshop.hu\/pl\/wp-json\/wp\/v2\/media\/4667"}],"wp:attachment":[{"href":"https:\/\/vetomshop.hu\/pl\/wp-json\/wp\/v2\/media?parent=4668"}],"wp:term":[{"taxonomy":"product_brand","embeddable":true,"href":"https:\/\/vetomshop.hu\/pl\/wp-json\/wp\/v2\/product_brand?post=4668"},{"taxonomy":"product_cat","embeddable":true,"href":"https:\/\/vetomshop.hu\/pl\/wp-json\/wp\/v2\/product_cat?post=4668"},{"taxonomy":"product_tag","embeddable":true,"href":"https:\/\/vetomshop.hu\/pl\/wp-json\/wp\/v2\/product_tag?post=4668"}],"curies":[{"name":"wp","href":"https:\/\/api.w.org\/{rel}","templated":true}]}}