{"id":4670,"date":"2023-11-11T14:33:46","date_gmt":"2023-11-11T13:33:46","guid":{"rendered":"https:\/\/vetomshop.hu\/termek\/antivir-medal\/"},"modified":"2023-11-11T14:33:46","modified_gmt":"2023-11-11T13:33:46","slug":"antivir-medal","status":"publish","type":"product","link":"https:\/\/vetomshop.hu\/pl\/produkt\/antivir-medal\/","title":{"rendered":"Antivir Medal"},"content":{"rendered":"<h4>Antivir Medal<\/h4>\n<p>Grypa jest chorob\u0105 wywo\u0142ywan\u0105 przez wirusa grypy, kt\u00f3ry zawsze jest wywo\u0142ywany przez jeden z typ\u00f3w wirusa grypy. Wirusy grypy typu A i B to dwa typy wirus\u00f3w grypy, kt\u00f3re mog\u0105 powodowa\u0107 zachorowania u du\u017cej liczby os\u00f3b. Wirusy typu A mo\u017cna podzieli\u0107 na podtypy na podstawie bia\u0142ek na ich powierzchni (hemaglutynina - H i neuraminidaza - N), z kt\u00f3rych wirusy H1N1 i H3N2 s\u0105 najbardziej rozpowszechnione od 1977 roku. Wirusy typu B rzadziej wywo\u0142uj\u0105 powa\u017cne choroby. Wirusy grypy szybko si\u0119 zmieniaj\u0105 i mutuj\u0105, daj\u0105c pocz\u0105tek nowym podtypom. Ochrona przed jednym podtypem zapewnia niewielk\u0105 lub \u017cadn\u0105 ochron\u0119 przed drugim, co wyja\u015bnia sezonowe epidemie, kt\u00f3re wyst\u0119puj\u0105 ka\u017cdego roku, zwykle zim\u0105.<\/p>\n<div class=\"su-spoiler su-spoiler-style-defoult su-spoiler-icon-caret su-spoiler-closed\" data-scroll-offset=\"0\" data-anchor-in-url=\"no\"><div class=\"su-spoiler-title\" tabindex=\"0\" role=\"button\"><span class=\"su-spoiler-icon\"><\/span>Wszystkie<\/div><div class=\"su-spoiler-content su-u-clearfix su-u-trim\">\n<p>Objawy grypy s\u0105 podobne do objaw\u00f3w przezi\u0119bienia, ale choroba ma ci\u0119\u017cszy przebieg. Zwykle wi\u0105\u017ce si\u0119 z wysok\u0105 gor\u0105czk\u0105, b\u00f3lem g\u0142owy, b\u00f3lem mi\u0119\u015bni, suchym kaszlem, letargiem i os\u0142abieniem. B\u00f3l gard\u0142a jest rzadki i tylko w 30-50% przypadkach wyst\u0119puje katar, przekrwienie b\u0142ony \u015bluzowej nosa. Powik\u0142ania s\u0105 szczeg\u00f3lnie niebezpieczne u ma\u0142ych dzieci, os\u00f3b starszych i przewlekle chorych.<\/p>\n<p>Dlatego tak wa\u017cne jest zwi\u0119kszenie odporno\u015bci organizmu.<\/p>\n<p><strong>Dla kogo jest zalecany?<\/strong><\/p>\n<ul>\n<li>Dla wszystkich, kt\u00f3rzy chc\u0105 poprawi\u0107 swoj\u0105 odporno\u015b\u0107,<\/li>\n<li>kt\u00f3rzy znajduj\u0105 si\u0119 w grupie ryzyka zaka\u017cenia wirusem grypy,<\/li>\n<li>kt\u00f3rzy du\u017co podr\u00f3\u017cuj\u0105 po \u015bwiecie lub korzystaj\u0105 z transportu publicznego,<\/li>\n<li>Nieustannie przebywaj\u0105 w spo\u0142eczno\u015bci, pracuj\u0105c z lud\u017ami.<\/li>\n<\/ul>\n<p><strong>Uwaga, wa\u017cne!<\/strong><\/p>\n<p>W przypadku zaka\u017cenia wirusem grypy, choroby, gor\u0105czki lub z\u0142ego samopoczucia nale\u017cy zasi\u0119gn\u0105\u0107 porady lekarza. Triomed Antiviral Medal nale\u017cy stosowa\u0107 razem z przepisanym leczeniem.<br \/>\nDzieci poni\u017cej 6 roku \u017cycia powinny korzysta\u0107 z urz\u0105dzenia wy\u0142\u0105cznie pod nadzorem rodzic\u00f3w!<\/p>\n<\/div><\/div>","protected":false},"excerpt":{"rendered":"<p>Antivir Med\u00e1l Az influenza v\u00edrus okozta betegs\u00e9g, k\u00f3rokoz\u00f3ja mindig az influenza v\u00edrus valamelyik fajt\u00e1ja. Az influenza A \u00e9s B az a k\u00e9t t\u00edpusa az influenza v\u00edrusoknak, amely nagysz\u00e1mbanbeteg\u00edthet meg embereket. Az A v\u00edrusokat a fel\u00fclet\u00fck\u00f6n elhelyezked\u0151 feh\u00e9rj\u00e9k (a haemaglutinin -H \u00e9s a neuraminidase \u2013 N) alapj\u00e1n alt\u00edpusokra lehet bontani, ezek k\u00f6z\u00fcl 1977 \u00f3ta t\u00f6bbnyire a [&hellip;]<\/p>\n","protected":false},"featured_media":4669,"comment_status":"open","ping_status":"closed","template":"","meta":[],"product_brand":[],"product_cat":[33,32],"product_tag":[],"class_list":{"0":"post-4670","1":"product","2":"type-product","3":"status-publish","4":"has-post-thumbnail","6":"product_cat-egeszseg-medalok","7":"product_cat-triomed","9":"first","10":"instock","11":"taxable","12":"shipping-taxable","13":"purchasable","14":"product-type-simple"},"_links":{"self":[{"href":"https:\/\/vetomshop.hu\/pl\/wp-json\/wp\/v2\/product\/4670","targetHints":{"allow":["GET"]}}],"collection":[{"href":"https:\/\/vetomshop.hu\/pl\/wp-json\/wp\/v2\/product"}],"about":[{"href":"https:\/\/vetomshop.hu\/pl\/wp-json\/wp\/v2\/types\/product"}],"replies":[{"embeddable":true,"href":"https:\/\/vetomshop.hu\/pl\/wp-json\/wp\/v2\/comments?post=4670"}],"wp:featuredmedia":[{"embeddable":true,"href":"https:\/\/vetomshop.hu\/pl\/wp-json\/wp\/v2\/media\/4669"}],"wp:attachment":[{"href":"https:\/\/vetomshop.hu\/pl\/wp-json\/wp\/v2\/media?parent=4670"}],"wp:term":[{"taxonomy":"product_brand","embeddable":true,"href":"https:\/\/vetomshop.hu\/pl\/wp-json\/wp\/v2\/product_brand?post=4670"},{"taxonomy":"product_cat","embeddable":true,"href":"https:\/\/vetomshop.hu\/pl\/wp-json\/wp\/v2\/product_cat?post=4670"},{"taxonomy":"product_tag","embeddable":true,"href":"https:\/\/vetomshop.hu\/pl\/wp-json\/wp\/v2\/product_tag?post=4670"}],"curies":[{"name":"wp","href":"https:\/\/api.w.org\/{rel}","templated":true}]}}